{"id":985,"date":"2022-05-24T08:13:56","date_gmt":"2022-05-24T06:13:56","guid":{"rendered":"https:\/\/mattressfactory.hu\/termek\/cashmere-hd\/"},"modified":"2022-07-19T13:42:44","modified_gmt":"2022-07-19T11:42:44","slug":"cashmere-hd-mattress","status":"publish","type":"product","link":"https:\/\/mattressfactory.hu\/en\/termek\/cashmere-hd-mattress\/","title":{"rendered":"Cashmere HD"},"content":{"rendered":"<p>CASHMERE HD is a premium product within the Best Dream mattresses line designated for those who need the comfort provided by the Memory HD foam and HR cold foam. This mattress perfectly adapts to the body shape, allowing resting in a natural and relaxed position, which means better blood circulation, less frequent turning around, and better sleep quality. The distribution of the body weight across the bed area is equal. The most important role of this mattress is to adapt to the body, not the opposite. When you sleep on the CASHMERE HD mattress, your spine, hands, and legs rest in a natural position, releasing muscles and nerves and creating a comfortable and relaxed position for perfect sleep.<\/p>\n<p>&nbsp;<\/p>\n<p><img loading=\"lazy\" decoding=\"async\" class=\"alignnone wp-image-74\" src=\"https:\/\/mattressfactory.hu\/wp-content\/uploads\/2022\/05\/cashmere_metszet_szamozott-1024x301-1.png\" alt=\"cashmere hd\" width=\"400\" height=\"118\" srcset=\"https:\/\/mattressfactory.hu\/wp-content\/uploads\/2022\/05\/cashmere_metszet_szamozott-1024x301-1.png 1024w, https:\/\/mattressfactory.hu\/wp-content\/uploads\/2022\/05\/cashmere_metszet_szamozott-1024x301-1-300x88.png 300w, https:\/\/mattressfactory.hu\/wp-content\/uploads\/2022\/05\/cashmere_metszet_szamozott-1024x301-1-600x176.png 600w, https:\/\/mattressfactory.hu\/wp-content\/uploads\/2022\/05\/cashmere_metszet_szamozott-1024x301-1-768x226.png 768w, https:\/\/mattressfactory.hu\/wp-content\/uploads\/2022\/05\/cashmere_metszet_szamozott-1024x301-1-705x207.png 705w\" sizes=\"auto, (max-width: 400px) 100vw, 400px\" \/><\/p>\n<p>&nbsp;<\/p>\n<ul>\n<li>Sewn into a 2 cm thick CASHMERE memory fabric<\/li>\n<\/ul>\n<ol>\n<li>5 cm thick, extraordinarily compact memory foam with a density of 60 kg\/m<sup>3<\/sup><\/li>\n<li>11 cm thick, highly flexible cold foam divided into 7 ergonomic zones (density of 40 kg\/m<sup>3<\/sup>, pressure of 4.8 kPa)<\/li>\n<li>5 cm thick, highly flexible HR foam (density of 35 kg\/m3, pressure of 3.6 kPa)<\/li>\n<\/ol>\n<ul>\n<li>CASHMERE fabric<\/li>\n<\/ul>\n<p>&nbsp;<\/p>\n<p><img loading=\"lazy\" decoding=\"async\" class=\"alignleft wp-image-75 size-square\" src=\"https:\/\/mattressfactory.hu\/wp-content\/uploads\/2022\/05\/cashmere-180x180.jpeg\" alt=\"cashmere\" width=\"180\" height=\"180\" srcset=\"https:\/\/mattressfactory.hu\/wp-content\/uploads\/2022\/05\/cashmere-180x180.jpeg 180w, https:\/\/mattressfactory.hu\/wp-content\/uploads\/2022\/05\/cashmere-100x100.jpeg 100w, https:\/\/mattressfactory.hu\/wp-content\/uploads\/2022\/05\/cashmere.jpeg 300w, https:\/\/mattressfactory.hu\/wp-content\/uploads\/2022\/05\/cashmere-80x80.jpeg 80w, https:\/\/mattressfactory.hu\/wp-content\/uploads\/2022\/05\/cashmere-36x36.jpeg 36w\" sizes=\"auto, (max-width: 180px) 100vw, 180px\" \/><\/p>\n<p><strong>CASHMERE Fabric<\/strong><\/p>\n<p>Special anti-allergic fabric woven from cotton and silver fibers. These materials allowed the development of an extraordinarily soft velvet cover fabric providing a high-comfort feeling.<\/p>\n","protected":false},"excerpt":{"rendered":"<ul>\n<li>Height: 24 cm<\/li>\n<li>Max. weight capacity: 130 kg<\/li>\n<li>Warranty: 10 years<\/li>\n<li>Can be delivered open (wrapped in nylon)<\/li>\n<\/ul>\n<p>&nbsp;<\/p>\n","protected":false},"featured_media":551,"comment_status":"closed","ping_status":"closed","template":"","meta":{"inline_featured_image":false},"product_cat":[49,46,55,56],"product_tag":[],"class_list":["post-985","product","type-product","status-publish","has-post-thumbnail","hentry","product_cat-mattresses","product_cat-cold-foam-mattresses","product_cat-memory-foam-mattresses","product_cat-premium-mattresses"],"yoast_head":"<!-- This site is optimized with the Yoast SEO plugin v20.5 - https:\/\/yoast.com\/wordpress\/plugins\/seo\/ -->\n<title>Cashmere HD - Best Dream<\/title>\n<meta name=\"description\" content=\"CASHMERE HD is a premium product within the Best Dream mattresses line designated for those who need the comfort provided by the Memory HD foam and HR cold foam. This mattress perfectly adapts to the body shape, allowing resting in a natural and relaxed position, which means better blood circulation, less frequent turning around, and better sleep quality.\" \/>\n<meta name=\"robots\" content=\"index, follow, max-snippet:-1, max-image-preview:large, max-video-preview:-1\" \/>\n<link rel=\"canonical\" href=\"https:\/\/mattressfactory.hu\/en\/products\/cashmere-hd-mattress\/\" \/>\n<meta property=\"og:locale\" content=\"en_US\" \/>\n<meta property=\"og:type\" content=\"article\" \/>\n<meta property=\"og:title\" content=\"Cashmere HD - Best Dream\" \/>\n<meta property=\"og:description\" content=\"CASHMERE HD is a premium product within the Best Dream mattresses line designated for those who need the comfort provided by the Memory HD foam and HR cold foam. This mattress perfectly adapts to the body shape, allowing resting in a natural and relaxed position, which means better blood circulation, less frequent turning around, and better sleep quality.\" \/>\n<meta property=\"og:url\" content=\"https:\/\/mattressfactory.hu\/en\/products\/cashmere-hd-mattress\/\" \/>\n<meta property=\"og:site_name\" content=\"Best Dream\" \/>\n<meta property=\"article:modified_time\" content=\"2022-07-19T11:42:44+00:00\" \/>\n<meta property=\"og:image\" content=\"https:\/\/mattressfactory.hu\/wp-content\/uploads\/2022\/06\/CASHMERE-HD.png\" \/>\n\t<meta property=\"og:image:width\" content=\"2304\" \/>\n\t<meta property=\"og:image:height\" content=\"1536\" \/>\n\t<meta property=\"og:image:type\" content=\"image\/png\" \/>\n<meta name=\"twitter:card\" content=\"summary_large_image\" \/>\n<meta name=\"twitter:label1\" content=\"Est. reading time\" \/>\n\t<meta name=\"twitter:data1\" content=\"2 minutes\" \/>\n<script type=\"application\/ld+json\" class=\"yoast-schema-graph\">{\"@context\":\"https:\/\/schema.org\",\"@graph\":[{\"@type\":\"WebPage\",\"@id\":\"https:\/\/mattressfactory.hu\/en\/products\/cashmere-hd-mattress\/\",\"url\":\"https:\/\/mattressfactory.hu\/en\/products\/cashmere-hd-mattress\/\",\"name\":\"Cashmere HD - Best Dream\",\"isPartOf\":{\"@id\":\"https:\/\/mattressfactory.hu\/#website\"},\"datePublished\":\"2022-05-24T06:13:56+00:00\",\"dateModified\":\"2022-07-19T11:42:44+00:00\",\"description\":\"CASHMERE HD is a premium product within the Best Dream mattresses line designated for those who need the comfort provided by the Memory HD foam and HR cold foam. This mattress perfectly adapts to the body shape, allowing resting in a natural and relaxed position, which means better blood circulation, less frequent turning around, and better sleep quality.\",\"breadcrumb\":{\"@id\":\"https:\/\/mattressfactory.hu\/en\/products\/cashmere-hd-mattress\/#breadcrumb\"},\"inLanguage\":\"en-US\",\"potentialAction\":[{\"@type\":\"ReadAction\",\"target\":[\"https:\/\/mattressfactory.hu\/en\/products\/cashmere-hd-mattress\/\"]}]},{\"@type\":\"BreadcrumbList\",\"@id\":\"https:\/\/mattressfactory.hu\/en\/products\/cashmere-hd-mattress\/#breadcrumb\",\"itemListElement\":[{\"@type\":\"ListItem\",\"position\":1,\"name\":\"\u00dczlet\",\"item\":\"https:\/\/mattressfactory.hu\/uzlet\/\"},{\"@type\":\"ListItem\",\"position\":2,\"name\":\"Cashmere HD\"}]},{\"@type\":\"WebSite\",\"@id\":\"https:\/\/mattressfactory.hu\/#website\",\"url\":\"https:\/\/mattressfactory.hu\/\",\"name\":\"Best Dream\",\"description\":\"Matracok, p\u00e1rn\u00e1k a t\u00f6k\u00e9letes alv\u00e1s\u00e9rt\",\"potentialAction\":[{\"@type\":\"SearchAction\",\"target\":{\"@type\":\"EntryPoint\",\"urlTemplate\":\"https:\/\/mattressfactory.hu\/?s={search_term_string}\"},\"query-input\":\"required name=search_term_string\"}],\"inLanguage\":\"en-US\"}]}<\/script>\n<!-- \/ Yoast SEO plugin. -->","yoast_head_json":{"title":"Cashmere HD - Best Dream","description":"CASHMERE HD is a premium product within the Best Dream mattresses line designated for those who need the comfort provided by the Memory HD foam and HR cold foam. This mattress perfectly adapts to the body shape, allowing resting in a natural and relaxed position, which means better blood circulation, less frequent turning around, and better sleep quality.","robots":{"index":"index","follow":"follow","max-snippet":"max-snippet:-1","max-image-preview":"max-image-preview:large","max-video-preview":"max-video-preview:-1"},"canonical":"https:\/\/mattressfactory.hu\/en\/products\/cashmere-hd-mattress\/","og_locale":"en_US","og_type":"article","og_title":"Cashmere HD - Best Dream","og_description":"CASHMERE HD is a premium product within the Best Dream mattresses line designated for those who need the comfort provided by the Memory HD foam and HR cold foam. This mattress perfectly adapts to the body shape, allowing resting in a natural and relaxed position, which means better blood circulation, less frequent turning around, and better sleep quality.","og_url":"https:\/\/mattressfactory.hu\/en\/products\/cashmere-hd-mattress\/","og_site_name":"Best Dream","article_modified_time":"2022-07-19T11:42:44+00:00","og_image":[{"width":2304,"height":1536,"url":"https:\/\/mattressfactory.hu\/wp-content\/uploads\/2022\/06\/CASHMERE-HD.png","type":"image\/png"}],"twitter_card":"summary_large_image","twitter_misc":{"Est. reading time":"2 minutes"},"schema":{"@context":"https:\/\/schema.org","@graph":[{"@type":"WebPage","@id":"https:\/\/mattressfactory.hu\/en\/products\/cashmere-hd-mattress\/","url":"https:\/\/mattressfactory.hu\/en\/products\/cashmere-hd-mattress\/","name":"Cashmere HD - Best Dream","isPartOf":{"@id":"https:\/\/mattressfactory.hu\/#website"},"datePublished":"2022-05-24T06:13:56+00:00","dateModified":"2022-07-19T11:42:44+00:00","description":"CASHMERE HD is a premium product within the Best Dream mattresses line designated for those who need the comfort provided by the Memory HD foam and HR cold foam. This mattress perfectly adapts to the body shape, allowing resting in a natural and relaxed position, which means better blood circulation, less frequent turning around, and better sleep quality.","breadcrumb":{"@id":"https:\/\/mattressfactory.hu\/en\/products\/cashmere-hd-mattress\/#breadcrumb"},"inLanguage":"en-US","potentialAction":[{"@type":"ReadAction","target":["https:\/\/mattressfactory.hu\/en\/products\/cashmere-hd-mattress\/"]}]},{"@type":"BreadcrumbList","@id":"https:\/\/mattressfactory.hu\/en\/products\/cashmere-hd-mattress\/#breadcrumb","itemListElement":[{"@type":"ListItem","position":1,"name":"\u00dczlet","item":"https:\/\/mattressfactory.hu\/uzlet\/"},{"@type":"ListItem","position":2,"name":"Cashmere HD"}]},{"@type":"WebSite","@id":"https:\/\/mattressfactory.hu\/#website","url":"https:\/\/mattressfactory.hu\/","name":"Best Dream","description":"Matracok, p\u00e1rn\u00e1k a t\u00f6k\u00e9letes alv\u00e1s\u00e9rt","potentialAction":[{"@type":"SearchAction","target":{"@type":"EntryPoint","urlTemplate":"https:\/\/mattressfactory.hu\/?s={search_term_string}"},"query-input":"required name=search_term_string"}],"inLanguage":"en-US"}]}},"_links":{"self":[{"href":"https:\/\/mattressfactory.hu\/en\/wp-json\/wp\/v2\/product\/985","targetHints":{"allow":["GET"]}}],"collection":[{"href":"https:\/\/mattressfactory.hu\/en\/wp-json\/wp\/v2\/product"}],"about":[{"href":"https:\/\/mattressfactory.hu\/en\/wp-json\/wp\/v2\/types\/product"}],"replies":[{"embeddable":true,"href":"https:\/\/mattressfactory.hu\/en\/wp-json\/wp\/v2\/comments?post=985"}],"wp:featuredmedia":[{"embeddable":true,"href":"https:\/\/mattressfactory.hu\/en\/wp-json\/wp\/v2\/media\/551"}],"wp:attachment":[{"href":"https:\/\/mattressfactory.hu\/en\/wp-json\/wp\/v2\/media?parent=985"}],"wp:term":[{"taxonomy":"product_cat","embeddable":true,"href":"https:\/\/mattressfactory.hu\/en\/wp-json\/wp\/v2\/product_cat?post=985"},{"taxonomy":"product_tag","embeddable":true,"href":"https:\/\/mattressfactory.hu\/en\/wp-json\/wp\/v2\/product_tag?post=985"}],"curies":[{"name":"wp","href":"https:\/\/api.w.org\/{rel}","templated":true}]}}