{"id":983,"date":"2022-05-24T08:39:47","date_gmt":"2022-05-24T06:39:47","guid":{"rendered":"https:\/\/mattressfactory.hu\/termek\/thermoclima-7-zone\/"},"modified":"2022-07-04T15:33:17","modified_gmt":"2022-07-04T13:33:17","slug":"thermoclima-7-zone-mattress","status":"publish","type":"product","link":"https:\/\/mattressfactory.hu\/en\/termek\/thermoclima-7-zone-mattress\/","title":{"rendered":"Thermoclima 7 Zone"},"content":{"rendered":"<p>Premium mattress Memory \u2013 cold foam \u2013 Latex Blue Gel with a winter and summer side; longitudinally divided into 7 zones. The zones start from the head and are anatomically lightened at the shoulders, knees, and ankles while strengthened at the hips (which are the heaviest part of our body). Latex Blue Gel Cool is a micro-capsule material with a cooling effect for a perfect rest during the summer months. Its properties include a high level of retaining heat that penetrates through this material much slowlier; a low level of penetrating humidity; gel pearls have a clear effect on heat changes in the material mostly during the cooling phase.<\/p>\n<p><img loading=\"lazy\" decoding=\"async\" class=\"alignnone wp-image-79\" src=\"https:\/\/mattressfactory.hu\/wp-content\/uploads\/2022\/05\/THERMOCLIMA-7-ZONE-METSZET-1024x301-1.png\" alt=\"Thermoclima 7 Zone\" width=\"400\" height=\"118\" srcset=\"https:\/\/mattressfactory.hu\/wp-content\/uploads\/2022\/05\/THERMOCLIMA-7-ZONE-METSZET-1024x301-1.png 1024w, https:\/\/mattressfactory.hu\/wp-content\/uploads\/2022\/05\/THERMOCLIMA-7-ZONE-METSZET-1024x301-1-300x88.png 300w, https:\/\/mattressfactory.hu\/wp-content\/uploads\/2022\/05\/THERMOCLIMA-7-ZONE-METSZET-1024x301-1-600x176.png 600w, https:\/\/mattressfactory.hu\/wp-content\/uploads\/2022\/05\/THERMOCLIMA-7-ZONE-METSZET-1024x301-1-768x226.png 768w, https:\/\/mattressfactory.hu\/wp-content\/uploads\/2022\/05\/THERMOCLIMA-7-ZONE-METSZET-1024x301-1-705x207.png 705w\" sizes=\"auto, (max-width: 400px) 100vw, 400px\" \/><\/p>\n<ul>\n<li>1 cm thick Latex Blue Gel layer sewn into the THERMO + CLIMA cover on its summer side<\/li>\n<\/ul>\n<ol>\n<li>4 cm thick Latex Blue Gel layer with a density of 55 kg\/m<sup>3\u00a0<\/sup>under the cover on its summer side<\/li>\n<li>7-zone supporting core from cold foam (density of 30 kg\/m<sup>3<\/sup>, pressure of 3.8 kPa and density of 35 kg\/m<sup>3<\/sup>, pressure of 4.3 kPa)<\/li>\n<li>3 cm thick memory foam with a density of 50 kg\/m<sup>3\u00a0<\/sup>under the cover on its winter side<\/li>\n<\/ol>\n<ul>\n<li>2 cm thick memory foam with a density of 50 kg\/m<sup>3\u00a0<\/sup>sewn into the THERMO + CLIMA cover on its winter side<\/li>\n<\/ul>\n<p>&nbsp;<\/p>\n<p><img loading=\"lazy\" decoding=\"async\" class=\"alignleft wp-image-80 size-square\" src=\"https:\/\/mattressfactory.hu\/wp-content\/uploads\/2022\/05\/thermo_clima-180x180.jpeg\" alt=\"thermo clima\" width=\"180\" height=\"180\" srcset=\"https:\/\/mattressfactory.hu\/wp-content\/uploads\/2022\/05\/thermo_clima-180x180.jpeg 180w, https:\/\/mattressfactory.hu\/wp-content\/uploads\/2022\/05\/thermo_clima-100x100.jpeg 100w, https:\/\/mattressfactory.hu\/wp-content\/uploads\/2022\/05\/thermo_clima.jpeg 300w, https:\/\/mattressfactory.hu\/wp-content\/uploads\/2022\/05\/thermo_clima-80x80.jpeg 80w, https:\/\/mattressfactory.hu\/wp-content\/uploads\/2022\/05\/thermo_clima-36x36.jpeg 36w\" sizes=\"auto, (max-width: 180px) 100vw, 180px\" \/><\/p>\n<p><strong>THERMO + CLIMA FABRIC<\/strong><\/p>\n<p>The thermoregulatory materials in the textile reduce over-heating and night sweating through excess heat absorption. Thermo + Clima cover helps balance the heat inside the mattress, satisfying the users\u2019 demands at the highest level possible.<\/p>\n","protected":false},"excerpt":{"rendered":"<ul>\n<li>Height: 24 cm<\/li>\n<li>Max. weight capacity: 120 kg<\/li>\n<li>Warranty: 10 years<\/li>\n<li>Can be delivered open (wrapped in nylon)<\/li>\n<\/ul>\n<p>&nbsp;<\/p>\n","protected":false},"featured_media":328,"comment_status":"closed","ping_status":"closed","template":"","meta":{"inline_featured_image":false},"product_cat":[49,46,55,56,53],"product_tag":[],"class_list":["post-983","product","type-product","status-publish","has-post-thumbnail","hentry","product_cat-mattresses","product_cat-cold-foam-mattresses","product_cat-memory-foam-mattresses","product_cat-premium-mattresses","product_cat-latex-mattresses"],"yoast_head":"<!-- This site is optimized with the Yoast SEO plugin v20.5 - https:\/\/yoast.com\/wordpress\/plugins\/seo\/ -->\n<title>Thermoclima 7 Zone - Best Dream<\/title>\n<meta name=\"description\" content=\"Premium mattress Memory \u2013 cold foam \u2013 Latex Blue Gel with a winter and summer side; longitudinally divided into 7 zones.\" \/>\n<meta name=\"robots\" content=\"index, follow, max-snippet:-1, max-image-preview:large, max-video-preview:-1\" \/>\n<link rel=\"canonical\" href=\"https:\/\/mattressfactory.hu\/en\/products\/thermoclima-7-zone-mattress\/\" \/>\n<meta property=\"og:locale\" content=\"en_US\" \/>\n<meta property=\"og:type\" content=\"article\" \/>\n<meta property=\"og:title\" content=\"Thermoclima 7 Zone - Best Dream\" \/>\n<meta property=\"og:description\" content=\"Premium mattress Memory \u2013 cold foam \u2013 Latex Blue Gel with a winter and summer side; longitudinally divided into 7 zones.\" \/>\n<meta property=\"og:url\" content=\"https:\/\/mattressfactory.hu\/en\/products\/thermoclima-7-zone-mattress\/\" \/>\n<meta property=\"og:site_name\" content=\"Best Dream\" \/>\n<meta property=\"article:modified_time\" content=\"2022-07-04T13:33:17+00:00\" \/>\n<meta property=\"og:image\" content=\"https:\/\/mattressfactory.hu\/wp-content\/uploads\/2022\/05\/THERMOCLIMA-7-ZONE.png\" \/>\n\t<meta property=\"og:image:width\" content=\"1024\" \/>\n\t<meta property=\"og:image:height\" content=\"683\" \/>\n\t<meta property=\"og:image:type\" content=\"image\/png\" \/>\n<meta name=\"twitter:card\" content=\"summary_large_image\" \/>\n<meta name=\"twitter:label1\" content=\"Est. reading time\" \/>\n\t<meta name=\"twitter:data1\" content=\"2 minutes\" \/>\n<script type=\"application\/ld+json\" class=\"yoast-schema-graph\">{\"@context\":\"https:\/\/schema.org\",\"@graph\":[{\"@type\":\"WebPage\",\"@id\":\"https:\/\/mattressfactory.hu\/en\/products\/thermoclima-7-zone-mattress\/\",\"url\":\"https:\/\/mattressfactory.hu\/en\/products\/thermoclima-7-zone-mattress\/\",\"name\":\"Thermoclima 7 Zone - Best Dream\",\"isPartOf\":{\"@id\":\"https:\/\/mattressfactory.hu\/#website\"},\"datePublished\":\"2022-05-24T06:39:47+00:00\",\"dateModified\":\"2022-07-04T13:33:17+00:00\",\"description\":\"Premium mattress Memory \u2013 cold foam \u2013 Latex Blue Gel with a winter and summer side; longitudinally divided into 7 zones.\",\"breadcrumb\":{\"@id\":\"https:\/\/mattressfactory.hu\/en\/products\/thermoclima-7-zone-mattress\/#breadcrumb\"},\"inLanguage\":\"en-US\",\"potentialAction\":[{\"@type\":\"ReadAction\",\"target\":[\"https:\/\/mattressfactory.hu\/en\/products\/thermoclima-7-zone-mattress\/\"]}]},{\"@type\":\"BreadcrumbList\",\"@id\":\"https:\/\/mattressfactory.hu\/en\/products\/thermoclima-7-zone-mattress\/#breadcrumb\",\"itemListElement\":[{\"@type\":\"ListItem\",\"position\":1,\"name\":\"\u00dczlet\",\"item\":\"https:\/\/mattressfactory.hu\/uzlet\/\"},{\"@type\":\"ListItem\",\"position\":2,\"name\":\"Thermoclima 7 Zone\"}]},{\"@type\":\"WebSite\",\"@id\":\"https:\/\/mattressfactory.hu\/#website\",\"url\":\"https:\/\/mattressfactory.hu\/\",\"name\":\"Best Dream\",\"description\":\"Matracok, p\u00e1rn\u00e1k a t\u00f6k\u00e9letes alv\u00e1s\u00e9rt\",\"potentialAction\":[{\"@type\":\"SearchAction\",\"target\":{\"@type\":\"EntryPoint\",\"urlTemplate\":\"https:\/\/mattressfactory.hu\/?s={search_term_string}\"},\"query-input\":\"required name=search_term_string\"}],\"inLanguage\":\"en-US\"}]}<\/script>\n<!-- \/ Yoast SEO plugin. -->","yoast_head_json":{"title":"Thermoclima 7 Zone - Best Dream","description":"Premium mattress Memory \u2013 cold foam \u2013 Latex Blue Gel with a winter and summer side; longitudinally divided into 7 zones.","robots":{"index":"index","follow":"follow","max-snippet":"max-snippet:-1","max-image-preview":"max-image-preview:large","max-video-preview":"max-video-preview:-1"},"canonical":"https:\/\/mattressfactory.hu\/en\/products\/thermoclima-7-zone-mattress\/","og_locale":"en_US","og_type":"article","og_title":"Thermoclima 7 Zone - Best Dream","og_description":"Premium mattress Memory \u2013 cold foam \u2013 Latex Blue Gel with a winter and summer side; longitudinally divided into 7 zones.","og_url":"https:\/\/mattressfactory.hu\/en\/products\/thermoclima-7-zone-mattress\/","og_site_name":"Best Dream","article_modified_time":"2022-07-04T13:33:17+00:00","og_image":[{"width":1024,"height":683,"url":"https:\/\/mattressfactory.hu\/wp-content\/uploads\/2022\/05\/THERMOCLIMA-7-ZONE.png","type":"image\/png"}],"twitter_card":"summary_large_image","twitter_misc":{"Est. reading time":"2 minutes"},"schema":{"@context":"https:\/\/schema.org","@graph":[{"@type":"WebPage","@id":"https:\/\/mattressfactory.hu\/en\/products\/thermoclima-7-zone-mattress\/","url":"https:\/\/mattressfactory.hu\/en\/products\/thermoclima-7-zone-mattress\/","name":"Thermoclima 7 Zone - Best Dream","isPartOf":{"@id":"https:\/\/mattressfactory.hu\/#website"},"datePublished":"2022-05-24T06:39:47+00:00","dateModified":"2022-07-04T13:33:17+00:00","description":"Premium mattress Memory \u2013 cold foam \u2013 Latex Blue Gel with a winter and summer side; longitudinally divided into 7 zones.","breadcrumb":{"@id":"https:\/\/mattressfactory.hu\/en\/products\/thermoclima-7-zone-mattress\/#breadcrumb"},"inLanguage":"en-US","potentialAction":[{"@type":"ReadAction","target":["https:\/\/mattressfactory.hu\/en\/products\/thermoclima-7-zone-mattress\/"]}]},{"@type":"BreadcrumbList","@id":"https:\/\/mattressfactory.hu\/en\/products\/thermoclima-7-zone-mattress\/#breadcrumb","itemListElement":[{"@type":"ListItem","position":1,"name":"\u00dczlet","item":"https:\/\/mattressfactory.hu\/uzlet\/"},{"@type":"ListItem","position":2,"name":"Thermoclima 7 Zone"}]},{"@type":"WebSite","@id":"https:\/\/mattressfactory.hu\/#website","url":"https:\/\/mattressfactory.hu\/","name":"Best Dream","description":"Matracok, p\u00e1rn\u00e1k a t\u00f6k\u00e9letes alv\u00e1s\u00e9rt","potentialAction":[{"@type":"SearchAction","target":{"@type":"EntryPoint","urlTemplate":"https:\/\/mattressfactory.hu\/?s={search_term_string}"},"query-input":"required name=search_term_string"}],"inLanguage":"en-US"}]}},"_links":{"self":[{"href":"https:\/\/mattressfactory.hu\/en\/wp-json\/wp\/v2\/product\/983","targetHints":{"allow":["GET"]}}],"collection":[{"href":"https:\/\/mattressfactory.hu\/en\/wp-json\/wp\/v2\/product"}],"about":[{"href":"https:\/\/mattressfactory.hu\/en\/wp-json\/wp\/v2\/types\/product"}],"replies":[{"embeddable":true,"href":"https:\/\/mattressfactory.hu\/en\/wp-json\/wp\/v2\/comments?post=983"}],"wp:featuredmedia":[{"embeddable":true,"href":"https:\/\/mattressfactory.hu\/en\/wp-json\/wp\/v2\/media\/328"}],"wp:attachment":[{"href":"https:\/\/mattressfactory.hu\/en\/wp-json\/wp\/v2\/media?parent=983"}],"wp:term":[{"taxonomy":"product_cat","embeddable":true,"href":"https:\/\/mattressfactory.hu\/en\/wp-json\/wp\/v2\/product_cat?post=983"},{"taxonomy":"product_tag","embeddable":true,"href":"https:\/\/mattressfactory.hu\/en\/wp-json\/wp\/v2\/product_tag?post=983"}],"curies":[{"name":"wp","href":"https:\/\/api.w.org\/{rel}","templated":true}]}}