{"id":980,"date":"2022-05-24T09:09:47","date_gmt":"2022-05-24T07:09:47","guid":{"rendered":"https:\/\/mattressfactory.hu\/termek\/medical-hd\/"},"modified":"2022-07-04T15:25:09","modified_gmt":"2022-07-04T13:25:09","slug":"medical-hd-mattress","status":"publish","type":"product","link":"https:\/\/mattressfactory.hu\/en\/termek\/medical-hd-mattress\/","title":{"rendered":"Medical HD"},"content":{"rendered":"<p>Medical HD is a premium orthopedic mattress providing the perfect support for the back and is recommended for those who prefer a bit firmer but still comfortable mattress. Fine normal HD foam (35 kg\/m\u00b3) forming 5 cm thick layers on both sides of a 13 cm thick foam core guarantees a perfect sleeping experience and overall comfort. The mattress materials are antiallergenic and prevent the occurrence of mites, securing thus calm sleep. The cover is washable at 40 C\u00b0, breathable, and features 3D breathable fabric parts on the sides.<\/p>\n<p><img loading=\"lazy\" decoding=\"async\" class=\"alignnone wp-image-104\" src=\"https:\/\/mattressfactory.hu\/wp-content\/uploads\/2022\/05\/MEDICAL-HD-METSZET.png\" alt=\"medical hd\" width=\"400\" height=\"267\" srcset=\"https:\/\/mattressfactory.hu\/wp-content\/uploads\/2022\/05\/MEDICAL-HD-METSZET.png 550w, https:\/\/mattressfactory.hu\/wp-content\/uploads\/2022\/05\/MEDICAL-HD-METSZET-300x200.png 300w\" sizes=\"auto, (max-width: 400px) 100vw, 400px\" \/><\/p>\n<ol>\n<li>SOFT SLEEP removable cover<\/li>\n<li>antiallergenic liner<\/li>\n<li>breathable layer<\/li>\n<li>fabric layer protecting the mattress core<\/li>\n<li>comfortable 5 cm thick layer (density 30 kg\/m\u00b3, pressure 2.8 kPa)<\/li>\n<li>13 cm thick cold foam core (density HR 35 kg\/m\u00b3, pressure 4.3 kPa)<\/li>\n<li>comfortable 5 cm thick layer (density 30 kg\/m\u00b3, pressure 2.8 kPa)<\/li>\n<li>3D breathable fabric<\/li>\n<\/ol>\n<p>&nbsp;<\/p>\n<p><img loading=\"lazy\" decoding=\"async\" class=\"alignleft wp-image-100 size-square\" src=\"https:\/\/mattressfactory.hu\/wp-content\/uploads\/2022\/05\/soft_sleep-180x180.jpeg\" alt=\"soft sleep\" width=\"180\" height=\"180\" srcset=\"https:\/\/mattressfactory.hu\/wp-content\/uploads\/2022\/05\/soft_sleep-180x180.jpeg 180w, https:\/\/mattressfactory.hu\/wp-content\/uploads\/2022\/05\/soft_sleep-100x100.jpeg 100w, https:\/\/mattressfactory.hu\/wp-content\/uploads\/2022\/05\/soft_sleep.jpeg 300w, https:\/\/mattressfactory.hu\/wp-content\/uploads\/2022\/05\/soft_sleep-80x80.jpeg 80w, https:\/\/mattressfactory.hu\/wp-content\/uploads\/2022\/05\/soft_sleep-36x36.jpeg 36w\" sizes=\"auto, (max-width: 180px) 100vw, 180px\" \/><strong>SOFT SLEEP FABRIC<\/strong><\/p>\n<p>A special antiallergenic fabric made from cotton and silver fibers thanks to which the cover is very soft and comfortable. Silver fibers eliminate electrostatic charges generated during the day and have the properties preventing the occurrence of unpleasant smells thanks to which they secure calm sleep all night long.<\/p>\n","protected":false},"excerpt":{"rendered":"<ul>\n<li>Height: 26 cm<\/li>\n<li>Max. weight capacity: 130 kg<\/li>\n<li>Warranty: 10 years<\/li>\n<li>Can be delivered open (wrapped in nylon)<\/li>\n<\/ul>\n","protected":false},"featured_media":338,"comment_status":"closed","ping_status":"closed","template":"","meta":{"inline_featured_image":false},"product_cat":[49,46,56],"product_tag":[],"class_list":["post-980","product","type-product","status-publish","has-post-thumbnail","hentry","product_cat-mattresses","product_cat-cold-foam-mattresses","product_cat-premium-mattresses"],"yoast_head":"<!-- This site is optimized with the Yoast SEO plugin v20.5 - https:\/\/yoast.com\/wordpress\/plugins\/seo\/ -->\n<title>Medical HD - Best Dream<\/title>\n<meta name=\"description\" content=\"Medical HD is a premium orthopedic mattress providing the perfect support for the back and is recommended for those who prefer a bit firmer but still comfortable mattress.\" \/>\n<meta name=\"robots\" content=\"index, follow, max-snippet:-1, max-image-preview:large, max-video-preview:-1\" \/>\n<link rel=\"canonical\" href=\"https:\/\/mattressfactory.hu\/en\/termek\/medical-hd-mattress\/\" \/>\n<meta property=\"og:locale\" content=\"en_US\" \/>\n<meta property=\"og:type\" content=\"article\" \/>\n<meta property=\"og:title\" content=\"Medical HD - Best Dream\" \/>\n<meta property=\"og:description\" content=\"Medical HD is a premium orthopedic mattress providing the perfect support for the back and is recommended for those who prefer a bit firmer but still comfortable mattress.\" \/>\n<meta property=\"og:url\" content=\"https:\/\/mattressfactory.hu\/en\/termek\/medical-hd-mattress\/\" \/>\n<meta property=\"og:site_name\" content=\"Best Dream\" \/>\n<meta property=\"article:modified_time\" content=\"2022-07-04T13:25:09+00:00\" \/>\n<meta property=\"og:image\" content=\"https:\/\/mattressfactory.hu\/wp-content\/uploads\/2022\/05\/MEDICAL-HR-HD.png\" \/>\n\t<meta property=\"og:image:width\" content=\"1024\" \/>\n\t<meta property=\"og:image:height\" content=\"683\" \/>\n\t<meta property=\"og:image:type\" content=\"image\/png\" \/>\n<meta name=\"twitter:card\" content=\"summary_large_image\" \/>\n<meta name=\"twitter:label1\" content=\"Est. reading time\" \/>\n\t<meta name=\"twitter:data1\" content=\"2 minutes\" \/>\n<script type=\"application\/ld+json\" class=\"yoast-schema-graph\">{\"@context\":\"https:\/\/schema.org\",\"@graph\":[{\"@type\":\"WebPage\",\"@id\":\"https:\/\/mattressfactory.hu\/en\/termek\/medical-hd-mattress\/\",\"url\":\"https:\/\/mattressfactory.hu\/en\/termek\/medical-hd-mattress\/\",\"name\":\"Medical HD - Best Dream\",\"isPartOf\":{\"@id\":\"https:\/\/mattressfactory.hu\/#website\"},\"datePublished\":\"2022-05-24T07:09:47+00:00\",\"dateModified\":\"2022-07-04T13:25:09+00:00\",\"description\":\"Medical HD is a premium orthopedic mattress providing the perfect support for the back and is recommended for those who prefer a bit firmer but still comfortable mattress.\",\"breadcrumb\":{\"@id\":\"https:\/\/mattressfactory.hu\/en\/termek\/medical-hd-mattress\/#breadcrumb\"},\"inLanguage\":\"en-US\",\"potentialAction\":[{\"@type\":\"ReadAction\",\"target\":[\"https:\/\/mattressfactory.hu\/en\/termek\/medical-hd-mattress\/\"]}]},{\"@type\":\"BreadcrumbList\",\"@id\":\"https:\/\/mattressfactory.hu\/en\/termek\/medical-hd-mattress\/#breadcrumb\",\"itemListElement\":[{\"@type\":\"ListItem\",\"position\":1,\"name\":\"\u00dczlet\",\"item\":\"https:\/\/mattressfactory.hu\/uzlet\/\"},{\"@type\":\"ListItem\",\"position\":2,\"name\":\"Medical HD\"}]},{\"@type\":\"WebSite\",\"@id\":\"https:\/\/mattressfactory.hu\/#website\",\"url\":\"https:\/\/mattressfactory.hu\/\",\"name\":\"Best Dream\",\"description\":\"Matracok, p\u00e1rn\u00e1k a t\u00f6k\u00e9letes alv\u00e1s\u00e9rt\",\"potentialAction\":[{\"@type\":\"SearchAction\",\"target\":{\"@type\":\"EntryPoint\",\"urlTemplate\":\"https:\/\/mattressfactory.hu\/?s={search_term_string}\"},\"query-input\":\"required name=search_term_string\"}],\"inLanguage\":\"en-US\"}]}<\/script>\n<!-- \/ Yoast SEO plugin. -->","yoast_head_json":{"title":"Medical HD - Best Dream","description":"Medical HD is a premium orthopedic mattress providing the perfect support for the back and is recommended for those who prefer a bit firmer but still comfortable mattress.","robots":{"index":"index","follow":"follow","max-snippet":"max-snippet:-1","max-image-preview":"max-image-preview:large","max-video-preview":"max-video-preview:-1"},"canonical":"https:\/\/mattressfactory.hu\/en\/termek\/medical-hd-mattress\/","og_locale":"en_US","og_type":"article","og_title":"Medical HD - Best Dream","og_description":"Medical HD is a premium orthopedic mattress providing the perfect support for the back and is recommended for those who prefer a bit firmer but still comfortable mattress.","og_url":"https:\/\/mattressfactory.hu\/en\/termek\/medical-hd-mattress\/","og_site_name":"Best Dream","article_modified_time":"2022-07-04T13:25:09+00:00","og_image":[{"width":1024,"height":683,"url":"https:\/\/mattressfactory.hu\/wp-content\/uploads\/2022\/05\/MEDICAL-HR-HD.png","type":"image\/png"}],"twitter_card":"summary_large_image","twitter_misc":{"Est. reading time":"2 minutes"},"schema":{"@context":"https:\/\/schema.org","@graph":[{"@type":"WebPage","@id":"https:\/\/mattressfactory.hu\/en\/termek\/medical-hd-mattress\/","url":"https:\/\/mattressfactory.hu\/en\/termek\/medical-hd-mattress\/","name":"Medical HD - Best Dream","isPartOf":{"@id":"https:\/\/mattressfactory.hu\/#website"},"datePublished":"2022-05-24T07:09:47+00:00","dateModified":"2022-07-04T13:25:09+00:00","description":"Medical HD is a premium orthopedic mattress providing the perfect support for the back and is recommended for those who prefer a bit firmer but still comfortable mattress.","breadcrumb":{"@id":"https:\/\/mattressfactory.hu\/en\/termek\/medical-hd-mattress\/#breadcrumb"},"inLanguage":"en-US","potentialAction":[{"@type":"ReadAction","target":["https:\/\/mattressfactory.hu\/en\/termek\/medical-hd-mattress\/"]}]},{"@type":"BreadcrumbList","@id":"https:\/\/mattressfactory.hu\/en\/termek\/medical-hd-mattress\/#breadcrumb","itemListElement":[{"@type":"ListItem","position":1,"name":"\u00dczlet","item":"https:\/\/mattressfactory.hu\/uzlet\/"},{"@type":"ListItem","position":2,"name":"Medical HD"}]},{"@type":"WebSite","@id":"https:\/\/mattressfactory.hu\/#website","url":"https:\/\/mattressfactory.hu\/","name":"Best Dream","description":"Matracok, p\u00e1rn\u00e1k a t\u00f6k\u00e9letes alv\u00e1s\u00e9rt","potentialAction":[{"@type":"SearchAction","target":{"@type":"EntryPoint","urlTemplate":"https:\/\/mattressfactory.hu\/?s={search_term_string}"},"query-input":"required name=search_term_string"}],"inLanguage":"en-US"}]}},"_links":{"self":[{"href":"https:\/\/mattressfactory.hu\/en\/wp-json\/wp\/v2\/product\/980","targetHints":{"allow":["GET"]}}],"collection":[{"href":"https:\/\/mattressfactory.hu\/en\/wp-json\/wp\/v2\/product"}],"about":[{"href":"https:\/\/mattressfactory.hu\/en\/wp-json\/wp\/v2\/types\/product"}],"replies":[{"embeddable":true,"href":"https:\/\/mattressfactory.hu\/en\/wp-json\/wp\/v2\/comments?post=980"}],"wp:featuredmedia":[{"embeddable":true,"href":"https:\/\/mattressfactory.hu\/en\/wp-json\/wp\/v2\/media\/338"}],"wp:attachment":[{"href":"https:\/\/mattressfactory.hu\/en\/wp-json\/wp\/v2\/media?parent=980"}],"wp:term":[{"taxonomy":"product_cat","embeddable":true,"href":"https:\/\/mattressfactory.hu\/en\/wp-json\/wp\/v2\/product_cat?post=980"},{"taxonomy":"product_tag","embeddable":true,"href":"https:\/\/mattressfactory.hu\/en\/wp-json\/wp\/v2\/product_tag?post=980"}],"curies":[{"name":"wp","href":"https:\/\/api.w.org\/{rel}","templated":true}]}}