{"id":978,"date":"2022-05-24T09:11:06","date_gmt":"2022-05-24T07:11:06","guid":{"rendered":"https:\/\/mattressfactory.hu\/termek\/cool-memory\/"},"modified":"2022-07-04T15:19:17","modified_gmt":"2022-07-04T13:19:17","slug":"cool-memory-mattress","status":"publish","type":"product","link":"https:\/\/mattressfactory.hu\/en\/termek\/cool-memory-mattress\/","title":{"rendered":"Cool Memory"},"content":{"rendered":"<p>Cool Memory is a high-quality double-sided mattress with a 4 cm thick memory foam layer on the winter side, a 14 cm thick cold foam core, and a 4 cm thick layer of Latex Blue Gel Cool on the summer side. During the winter months, the memory foam thermal effects guarantee deep and relaxing sleep. The Latex Blue Gel Cool layer contains micro capsules with cooling effects that make it a perfect choice for relaxation in the summer months. The mattress fabric is from natural viscose with excellent absorption capabilities, it does not generate electrostatic charges and feels soft and smooth as silk.<\/p>\n<p><img loading=\"lazy\" decoding=\"async\" class=\"alignnone wp-image-716 size-medium\" src=\"https:\/\/mattressfactory.hu\/wp-content\/uploads\/2022\/05\/COOL-MEMORY-METSZET-300x200.png\" alt=\"\" width=\"300\" height=\"200\" srcset=\"https:\/\/mattressfactory.hu\/wp-content\/uploads\/2022\/05\/COOL-MEMORY-METSZET-300x200.png 300w, https:\/\/mattressfactory.hu\/wp-content\/uploads\/2022\/05\/COOL-MEMORY-METSZET-1030x687.png 1030w, https:\/\/mattressfactory.hu\/wp-content\/uploads\/2022\/05\/COOL-MEMORY-METSZET-768x512.png 768w, https:\/\/mattressfactory.hu\/wp-content\/uploads\/2022\/05\/COOL-MEMORY-METSZET-1536x1024.png 1536w, https:\/\/mattressfactory.hu\/wp-content\/uploads\/2022\/05\/COOL-MEMORY-METSZET-2048x1365.png 2048w, https:\/\/mattressfactory.hu\/wp-content\/uploads\/2022\/05\/COOL-MEMORY-METSZET-1500x1000.png 1500w, https:\/\/mattressfactory.hu\/wp-content\/uploads\/2022\/05\/COOL-MEMORY-METSZET-705x470.png 705w, https:\/\/mattressfactory.hu\/wp-content\/uploads\/2022\/05\/COOL-MEMORY-METSZET-600x400.png 600w\" sizes=\"auto, (max-width: 300px) 100vw, 300px\" \/><\/p>\n<ol>\n<li>Removable VISCOSE cover (see page 26)<\/li>\n<li>fabric layer protecting the mattress core<\/li>\n<li>comfortable 4 cm thick GEL LATEX (density 65 kg\/m\u00b3) layer<\/li>\n<li>14 cm thick cold foam core (density N 35 kg\/m\u00b3, pressure 4.3 kPa)<\/li>\n<li>4 cm thick (density 50 kg\/m\u00b3) memory foam layer<\/li>\n<li>3D breathable fabric<\/li>\n<\/ol>\n<p>&nbsp;<\/p>\n<p><img loading=\"lazy\" decoding=\"async\" class=\"alignleft wp-image-107 size-square\" src=\"https:\/\/mattressfactory.hu\/wp-content\/uploads\/2022\/05\/viszkoz-180x180.jpeg\" alt=\"viszk\u00f3z\" width=\"180\" height=\"180\" srcset=\"https:\/\/mattressfactory.hu\/wp-content\/uploads\/2022\/05\/viszkoz-180x180.jpeg 180w, https:\/\/mattressfactory.hu\/wp-content\/uploads\/2022\/05\/viszkoz-100x100.jpeg 100w, https:\/\/mattressfactory.hu\/wp-content\/uploads\/2022\/05\/viszkoz.jpeg 300w, https:\/\/mattressfactory.hu\/wp-content\/uploads\/2022\/05\/viszkoz-80x80.jpeg 80w, https:\/\/mattressfactory.hu\/wp-content\/uploads\/2022\/05\/viszkoz-36x36.jpeg 36w\" sizes=\"auto, (max-width: 180px) 100vw, 180px\" \/><strong>VISCOSE FABRIC<\/strong><\/p>\n<p>Made from natural materials, with excellent absorption capabilities. The fabric does not generate electrostatic charges and feels as soft and smooth as silk. It is antiallergenic, does not irritate the skin, has excellent thermoregulation properties, is breathable, and provides perfect thermal comfort.<\/p>\n","protected":false},"excerpt":{"rendered":"<ul>\n<li>Height: 22 cm<\/li>\n<li>Max. weight capacity: 120 kg<\/li>\n<li>Warranty: 10 years<\/li>\n<li>Can be delivered open (wrapped in nylon)<\/li>\n<\/ul>\n","protected":false},"featured_media":342,"comment_status":"closed","ping_status":"closed","template":"","meta":{"inline_featured_image":false},"product_cat":[49,46,55,56,53],"product_tag":[],"class_list":["post-978","product","type-product","status-publish","has-post-thumbnail","hentry","product_cat-mattresses","product_cat-cold-foam-mattresses","product_cat-memory-foam-mattresses","product_cat-premium-mattresses","product_cat-latex-mattresses"],"yoast_head":"<!-- This site is optimized with the Yoast SEO plugin v20.5 - https:\/\/yoast.com\/wordpress\/plugins\/seo\/ -->\n<title>Cool Memory - Best Dream<\/title>\n<meta name=\"description\" content=\"Cool Memory is a high-quality double-sided mattress with a 4 cm thick memory foam layer on the winter side, a 14 cm thick cold foam core, and a 4 cm thick layer of Latex Blue Gel Cool on the summer side.\" \/>\n<meta name=\"robots\" content=\"index, follow, max-snippet:-1, max-image-preview:large, max-video-preview:-1\" \/>\n<link rel=\"canonical\" href=\"https:\/\/mattressfactory.hu\/en\/products\/cool-memory-mattress\/\" \/>\n<meta property=\"og:locale\" content=\"en_US\" \/>\n<meta property=\"og:type\" content=\"article\" \/>\n<meta property=\"og:title\" content=\"Cool Memory - Best Dream\" \/>\n<meta property=\"og:description\" content=\"Cool Memory is a high-quality double-sided mattress with a 4 cm thick memory foam layer on the winter side, a 14 cm thick cold foam core, and a 4 cm thick layer of Latex Blue Gel Cool on the summer side.\" \/>\n<meta property=\"og:url\" content=\"https:\/\/mattressfactory.hu\/en\/products\/cool-memory-mattress\/\" \/>\n<meta property=\"og:site_name\" content=\"Best Dream\" \/>\n<meta property=\"article:modified_time\" content=\"2022-07-04T13:19:17+00:00\" \/>\n<meta property=\"og:image\" content=\"https:\/\/mattressfactory.hu\/wp-content\/uploads\/2022\/05\/COOL-MEMORY.png\" \/>\n\t<meta property=\"og:image:width\" content=\"1024\" \/>\n\t<meta property=\"og:image:height\" content=\"683\" \/>\n\t<meta property=\"og:image:type\" content=\"image\/png\" \/>\n<meta name=\"twitter:card\" content=\"summary_large_image\" \/>\n<meta name=\"twitter:label1\" content=\"Est. reading time\" \/>\n\t<meta name=\"twitter:data1\" content=\"2 minutes\" \/>\n<script type=\"application\/ld+json\" class=\"yoast-schema-graph\">{\"@context\":\"https:\/\/schema.org\",\"@graph\":[{\"@type\":\"WebPage\",\"@id\":\"https:\/\/mattressfactory.hu\/en\/products\/cool-memory-mattress\/\",\"url\":\"https:\/\/mattressfactory.hu\/en\/products\/cool-memory-mattress\/\",\"name\":\"Cool Memory - Best Dream\",\"isPartOf\":{\"@id\":\"https:\/\/mattressfactory.hu\/#website\"},\"datePublished\":\"2022-05-24T07:11:06+00:00\",\"dateModified\":\"2022-07-04T13:19:17+00:00\",\"description\":\"Cool Memory is a high-quality double-sided mattress with a 4 cm thick memory foam layer on the winter side, a 14 cm thick cold foam core, and a 4 cm thick layer of Latex Blue Gel Cool on the summer side.\",\"breadcrumb\":{\"@id\":\"https:\/\/mattressfactory.hu\/en\/products\/cool-memory-mattress\/#breadcrumb\"},\"inLanguage\":\"en-US\",\"potentialAction\":[{\"@type\":\"ReadAction\",\"target\":[\"https:\/\/mattressfactory.hu\/en\/products\/cool-memory-mattress\/\"]}]},{\"@type\":\"BreadcrumbList\",\"@id\":\"https:\/\/mattressfactory.hu\/en\/products\/cool-memory-mattress\/#breadcrumb\",\"itemListElement\":[{\"@type\":\"ListItem\",\"position\":1,\"name\":\"\u00dczlet\",\"item\":\"https:\/\/mattressfactory.hu\/uzlet\/\"},{\"@type\":\"ListItem\",\"position\":2,\"name\":\"Cool Memory\"}]},{\"@type\":\"WebSite\",\"@id\":\"https:\/\/mattressfactory.hu\/#website\",\"url\":\"https:\/\/mattressfactory.hu\/\",\"name\":\"Best Dream\",\"description\":\"Matracok, p\u00e1rn\u00e1k a t\u00f6k\u00e9letes alv\u00e1s\u00e9rt\",\"potentialAction\":[{\"@type\":\"SearchAction\",\"target\":{\"@type\":\"EntryPoint\",\"urlTemplate\":\"https:\/\/mattressfactory.hu\/?s={search_term_string}\"},\"query-input\":\"required name=search_term_string\"}],\"inLanguage\":\"en-US\"}]}<\/script>\n<!-- \/ Yoast SEO plugin. -->","yoast_head_json":{"title":"Cool Memory - Best Dream","description":"Cool Memory is a high-quality double-sided mattress with a 4 cm thick memory foam layer on the winter side, a 14 cm thick cold foam core, and a 4 cm thick layer of Latex Blue Gel Cool on the summer side.","robots":{"index":"index","follow":"follow","max-snippet":"max-snippet:-1","max-image-preview":"max-image-preview:large","max-video-preview":"max-video-preview:-1"},"canonical":"https:\/\/mattressfactory.hu\/en\/products\/cool-memory-mattress\/","og_locale":"en_US","og_type":"article","og_title":"Cool Memory - Best Dream","og_description":"Cool Memory is a high-quality double-sided mattress with a 4 cm thick memory foam layer on the winter side, a 14 cm thick cold foam core, and a 4 cm thick layer of Latex Blue Gel Cool on the summer side.","og_url":"https:\/\/mattressfactory.hu\/en\/products\/cool-memory-mattress\/","og_site_name":"Best Dream","article_modified_time":"2022-07-04T13:19:17+00:00","og_image":[{"width":1024,"height":683,"url":"https:\/\/mattressfactory.hu\/wp-content\/uploads\/2022\/05\/COOL-MEMORY.png","type":"image\/png"}],"twitter_card":"summary_large_image","twitter_misc":{"Est. reading time":"2 minutes"},"schema":{"@context":"https:\/\/schema.org","@graph":[{"@type":"WebPage","@id":"https:\/\/mattressfactory.hu\/en\/products\/cool-memory-mattress\/","url":"https:\/\/mattressfactory.hu\/en\/products\/cool-memory-mattress\/","name":"Cool Memory - Best Dream","isPartOf":{"@id":"https:\/\/mattressfactory.hu\/#website"},"datePublished":"2022-05-24T07:11:06+00:00","dateModified":"2022-07-04T13:19:17+00:00","description":"Cool Memory is a high-quality double-sided mattress with a 4 cm thick memory foam layer on the winter side, a 14 cm thick cold foam core, and a 4 cm thick layer of Latex Blue Gel Cool on the summer side.","breadcrumb":{"@id":"https:\/\/mattressfactory.hu\/en\/products\/cool-memory-mattress\/#breadcrumb"},"inLanguage":"en-US","potentialAction":[{"@type":"ReadAction","target":["https:\/\/mattressfactory.hu\/en\/products\/cool-memory-mattress\/"]}]},{"@type":"BreadcrumbList","@id":"https:\/\/mattressfactory.hu\/en\/products\/cool-memory-mattress\/#breadcrumb","itemListElement":[{"@type":"ListItem","position":1,"name":"\u00dczlet","item":"https:\/\/mattressfactory.hu\/uzlet\/"},{"@type":"ListItem","position":2,"name":"Cool Memory"}]},{"@type":"WebSite","@id":"https:\/\/mattressfactory.hu\/#website","url":"https:\/\/mattressfactory.hu\/","name":"Best Dream","description":"Matracok, p\u00e1rn\u00e1k a t\u00f6k\u00e9letes alv\u00e1s\u00e9rt","potentialAction":[{"@type":"SearchAction","target":{"@type":"EntryPoint","urlTemplate":"https:\/\/mattressfactory.hu\/?s={search_term_string}"},"query-input":"required name=search_term_string"}],"inLanguage":"en-US"}]}},"_links":{"self":[{"href":"https:\/\/mattressfactory.hu\/en\/wp-json\/wp\/v2\/product\/978","targetHints":{"allow":["GET"]}}],"collection":[{"href":"https:\/\/mattressfactory.hu\/en\/wp-json\/wp\/v2\/product"}],"about":[{"href":"https:\/\/mattressfactory.hu\/en\/wp-json\/wp\/v2\/types\/product"}],"replies":[{"embeddable":true,"href":"https:\/\/mattressfactory.hu\/en\/wp-json\/wp\/v2\/comments?post=978"}],"wp:featuredmedia":[{"embeddable":true,"href":"https:\/\/mattressfactory.hu\/en\/wp-json\/wp\/v2\/media\/342"}],"wp:attachment":[{"href":"https:\/\/mattressfactory.hu\/en\/wp-json\/wp\/v2\/media?parent=978"}],"wp:term":[{"taxonomy":"product_cat","embeddable":true,"href":"https:\/\/mattressfactory.hu\/en\/wp-json\/wp\/v2\/product_cat?post=978"},{"taxonomy":"product_tag","embeddable":true,"href":"https:\/\/mattressfactory.hu\/en\/wp-json\/wp\/v2\/product_tag?post=978"}],"curies":[{"name":"wp","href":"https:\/\/api.w.org\/{rel}","templated":true}]}}