{"id":977,"date":"2022-05-24T09:14:37","date_gmt":"2022-05-24T07:14:37","guid":{"rendered":"https:\/\/mattressfactory.hu\/termek\/latex-coco\/"},"modified":"2022-07-04T15:07:47","modified_gmt":"2022-07-04T13:07:47","slug":"latex-coco-mattress","status":"publish","type":"product","link":"https:\/\/mattressfactory.hu\/en\/termek\/latex-coco-mattress\/","title":{"rendered":"Latex Coco"},"content":{"rendered":"<p>LATEX \u2013 COCO is one of the extra hard Best Dream mattresses providing extremely firm support for the pelvic region. It is a sandwich mattress consisting of five layers. The core is made from an 8 cm thick foam layer with a density of 35 kg\/m3 and a coconut-latex layer on one side and an extra flexible coconut-HR foam layer on the other side. This combination provided very firm support with a comfortable and flexible feel. It is made from SOY fabric that is 100 % antiallergenic, feels smooth as silk and soft, excellently absorbs moisture, and provides perfect thermal comfort regardless of the season of the year. This mattress is the best choice for those who like extra firm mattresses!<\/p>\n<p><img loading=\"lazy\" decoding=\"async\" class=\"alignnone wp-image-110\" src=\"https:\/\/mattressfactory.hu\/wp-content\/uploads\/2022\/05\/LATEX-COCO-METSZET.png\" alt=\"latex coco\" width=\"400\" height=\"267\" srcset=\"https:\/\/mattressfactory.hu\/wp-content\/uploads\/2022\/05\/LATEX-COCO-METSZET.png 550w, https:\/\/mattressfactory.hu\/wp-content\/uploads\/2022\/05\/LATEX-COCO-METSZET-300x200.png 300w\" sizes=\"auto, (max-width: 400px) 100vw, 400px\" \/><\/p>\n<ol>\n<li>SOY removable cover (see page 26)<\/li>\n<li>antiallergenic liner<\/li>\n<li>breathable layer<\/li>\n<li>fabric layer protecting the mattress core<\/li>\n<li>comfortable 4 cm thick LATEX layer (density 65 kg\/m\u00b3)<\/li>\n<li>2 cm thick coconut layer<\/li>\n<li>8 cm thick cold foam layer (density N 35 kg\/m\u00b3, pressure 4.3 kPa)<\/li>\n<li>2 cm thick coconut layer<\/li>\n<li>comfortable 4 cm thick layer (density HR 30 kg\/m\u00b3, pressure 2.8 kPa)<\/li>\n<li>3D breathable fabric<\/li>\n<\/ol>\n<p>&nbsp;<\/p>\n<p><img loading=\"lazy\" decoding=\"async\" class=\"alignleft wp-image-111 size-square\" src=\"https:\/\/mattressfactory.hu\/wp-content\/uploads\/2022\/05\/soya_latex_coco-180x180.jpeg\" alt=\"soya latex coco\" width=\"180\" height=\"180\" srcset=\"https:\/\/mattressfactory.hu\/wp-content\/uploads\/2022\/05\/soya_latex_coco-180x180.jpeg 180w, https:\/\/mattressfactory.hu\/wp-content\/uploads\/2022\/05\/soya_latex_coco-100x100.jpeg 100w, https:\/\/mattressfactory.hu\/wp-content\/uploads\/2022\/05\/soya_latex_coco.jpeg 300w, https:\/\/mattressfactory.hu\/wp-content\/uploads\/2022\/05\/soya_latex_coco-80x80.jpeg 80w, https:\/\/mattressfactory.hu\/wp-content\/uploads\/2022\/05\/soya_latex_coco-36x36.jpeg 36w\" sizes=\"auto, (max-width: 180px) 100vw, 180px\" \/><strong>SOY FABRIC<\/strong><\/p>\n<p>The fabric is made from extruded soy fibers and is smooth and fine, with a silky shine. Soy is more resistant and firmer than wool, cotton, or silk and has an excellent ability to absorb moisture, is breathable, fast-drying, and provides maximum thermal comfort regardless of the season of the year.<\/p>\n","protected":false},"excerpt":{"rendered":"<ul>\n<li>Height: 22 cm<\/li>\n<li>Max. weight capacity: 130 kg<\/li>\n<li>Warranty: 10 years<\/li>\n<li>Can be delivered open (wrapped in nylon)<\/li>\n<\/ul>\n","protected":false},"featured_media":348,"comment_status":"closed","ping_status":"closed","template":"","meta":{"inline_featured_image":false},"product_cat":[49,46,56,53],"product_tag":[],"class_list":["post-977","product","type-product","status-publish","has-post-thumbnail","hentry","product_cat-mattresses","product_cat-cold-foam-mattresses","product_cat-premium-mattresses","product_cat-latex-mattresses"],"yoast_head":"<!-- This site is optimized with the Yoast SEO plugin v20.5 - https:\/\/yoast.com\/wordpress\/plugins\/seo\/ -->\n<title>Latex Coco - Best Dream<\/title>\n<meta name=\"description\" content=\"LATEX \u2013 COCO is one of the extra hard Best Dream mattresses providing extremely firm support for the pelvic region.\" \/>\n<meta name=\"robots\" content=\"index, follow, max-snippet:-1, max-image-preview:large, max-video-preview:-1\" \/>\n<link rel=\"canonical\" href=\"https:\/\/mattressfactory.hu\/en\/products\/latex-coco-mattress\/\" \/>\n<meta property=\"og:locale\" content=\"en_US\" \/>\n<meta property=\"og:type\" content=\"article\" \/>\n<meta property=\"og:title\" content=\"Latex Coco - Best Dream\" \/>\n<meta property=\"og:description\" content=\"LATEX \u2013 COCO is one of the extra hard Best Dream mattresses providing extremely firm support for the pelvic region.\" \/>\n<meta property=\"og:url\" content=\"https:\/\/mattressfactory.hu\/en\/products\/latex-coco-mattress\/\" \/>\n<meta property=\"og:site_name\" content=\"Best Dream\" \/>\n<meta property=\"article:modified_time\" content=\"2022-07-04T13:07:47+00:00\" \/>\n<meta property=\"og:image\" content=\"https:\/\/mattressfactory.hu\/wp-content\/uploads\/2022\/05\/LATEX-COCO.png\" \/>\n\t<meta property=\"og:image:width\" content=\"1024\" \/>\n\t<meta property=\"og:image:height\" content=\"683\" \/>\n\t<meta property=\"og:image:type\" content=\"image\/png\" \/>\n<meta name=\"twitter:card\" content=\"summary_large_image\" \/>\n<meta name=\"twitter:label1\" content=\"Est. reading time\" \/>\n\t<meta name=\"twitter:data1\" content=\"2 minutes\" \/>\n<script type=\"application\/ld+json\" class=\"yoast-schema-graph\">{\"@context\":\"https:\/\/schema.org\",\"@graph\":[{\"@type\":\"WebPage\",\"@id\":\"https:\/\/mattressfactory.hu\/en\/products\/latex-coco-mattress\/\",\"url\":\"https:\/\/mattressfactory.hu\/en\/products\/latex-coco-mattress\/\",\"name\":\"Latex Coco - Best Dream\",\"isPartOf\":{\"@id\":\"https:\/\/mattressfactory.hu\/#website\"},\"datePublished\":\"2022-05-24T07:14:37+00:00\",\"dateModified\":\"2022-07-04T13:07:47+00:00\",\"description\":\"LATEX \u2013 COCO is one of the extra hard Best Dream mattresses providing extremely firm support for the pelvic region.\",\"breadcrumb\":{\"@id\":\"https:\/\/mattressfactory.hu\/en\/products\/latex-coco-mattress\/#breadcrumb\"},\"inLanguage\":\"en-US\",\"potentialAction\":[{\"@type\":\"ReadAction\",\"target\":[\"https:\/\/mattressfactory.hu\/en\/products\/latex-coco-mattress\/\"]}]},{\"@type\":\"BreadcrumbList\",\"@id\":\"https:\/\/mattressfactory.hu\/en\/products\/latex-coco-mattress\/#breadcrumb\",\"itemListElement\":[{\"@type\":\"ListItem\",\"position\":1,\"name\":\"\u00dczlet\",\"item\":\"https:\/\/mattressfactory.hu\/uzlet\/\"},{\"@type\":\"ListItem\",\"position\":2,\"name\":\"Latex Coco\"}]},{\"@type\":\"WebSite\",\"@id\":\"https:\/\/mattressfactory.hu\/#website\",\"url\":\"https:\/\/mattressfactory.hu\/\",\"name\":\"Best Dream\",\"description\":\"Matracok, p\u00e1rn\u00e1k a t\u00f6k\u00e9letes alv\u00e1s\u00e9rt\",\"potentialAction\":[{\"@type\":\"SearchAction\",\"target\":{\"@type\":\"EntryPoint\",\"urlTemplate\":\"https:\/\/mattressfactory.hu\/?s={search_term_string}\"},\"query-input\":\"required name=search_term_string\"}],\"inLanguage\":\"en-US\"}]}<\/script>\n<!-- \/ Yoast SEO plugin. -->","yoast_head_json":{"title":"Latex Coco - Best Dream","description":"LATEX \u2013 COCO is one of the extra hard Best Dream mattresses providing extremely firm support for the pelvic region.","robots":{"index":"index","follow":"follow","max-snippet":"max-snippet:-1","max-image-preview":"max-image-preview:large","max-video-preview":"max-video-preview:-1"},"canonical":"https:\/\/mattressfactory.hu\/en\/products\/latex-coco-mattress\/","og_locale":"en_US","og_type":"article","og_title":"Latex Coco - Best Dream","og_description":"LATEX \u2013 COCO is one of the extra hard Best Dream mattresses providing extremely firm support for the pelvic region.","og_url":"https:\/\/mattressfactory.hu\/en\/products\/latex-coco-mattress\/","og_site_name":"Best Dream","article_modified_time":"2022-07-04T13:07:47+00:00","og_image":[{"width":1024,"height":683,"url":"https:\/\/mattressfactory.hu\/wp-content\/uploads\/2022\/05\/LATEX-COCO.png","type":"image\/png"}],"twitter_card":"summary_large_image","twitter_misc":{"Est. reading time":"2 minutes"},"schema":{"@context":"https:\/\/schema.org","@graph":[{"@type":"WebPage","@id":"https:\/\/mattressfactory.hu\/en\/products\/latex-coco-mattress\/","url":"https:\/\/mattressfactory.hu\/en\/products\/latex-coco-mattress\/","name":"Latex Coco - Best Dream","isPartOf":{"@id":"https:\/\/mattressfactory.hu\/#website"},"datePublished":"2022-05-24T07:14:37+00:00","dateModified":"2022-07-04T13:07:47+00:00","description":"LATEX \u2013 COCO is one of the extra hard Best Dream mattresses providing extremely firm support for the pelvic region.","breadcrumb":{"@id":"https:\/\/mattressfactory.hu\/en\/products\/latex-coco-mattress\/#breadcrumb"},"inLanguage":"en-US","potentialAction":[{"@type":"ReadAction","target":["https:\/\/mattressfactory.hu\/en\/products\/latex-coco-mattress\/"]}]},{"@type":"BreadcrumbList","@id":"https:\/\/mattressfactory.hu\/en\/products\/latex-coco-mattress\/#breadcrumb","itemListElement":[{"@type":"ListItem","position":1,"name":"\u00dczlet","item":"https:\/\/mattressfactory.hu\/uzlet\/"},{"@type":"ListItem","position":2,"name":"Latex Coco"}]},{"@type":"WebSite","@id":"https:\/\/mattressfactory.hu\/#website","url":"https:\/\/mattressfactory.hu\/","name":"Best Dream","description":"Matracok, p\u00e1rn\u00e1k a t\u00f6k\u00e9letes alv\u00e1s\u00e9rt","potentialAction":[{"@type":"SearchAction","target":{"@type":"EntryPoint","urlTemplate":"https:\/\/mattressfactory.hu\/?s={search_term_string}"},"query-input":"required name=search_term_string"}],"inLanguage":"en-US"}]}},"_links":{"self":[{"href":"https:\/\/mattressfactory.hu\/en\/wp-json\/wp\/v2\/product\/977","targetHints":{"allow":["GET"]}}],"collection":[{"href":"https:\/\/mattressfactory.hu\/en\/wp-json\/wp\/v2\/product"}],"about":[{"href":"https:\/\/mattressfactory.hu\/en\/wp-json\/wp\/v2\/types\/product"}],"replies":[{"embeddable":true,"href":"https:\/\/mattressfactory.hu\/en\/wp-json\/wp\/v2\/comments?post=977"}],"wp:featuredmedia":[{"embeddable":true,"href":"https:\/\/mattressfactory.hu\/en\/wp-json\/wp\/v2\/media\/348"}],"wp:attachment":[{"href":"https:\/\/mattressfactory.hu\/en\/wp-json\/wp\/v2\/media?parent=977"}],"wp:term":[{"taxonomy":"product_cat","embeddable":true,"href":"https:\/\/mattressfactory.hu\/en\/wp-json\/wp\/v2\/product_cat?post=977"},{"taxonomy":"product_tag","embeddable":true,"href":"https:\/\/mattressfactory.hu\/en\/wp-json\/wp\/v2\/product_tag?post=977"}],"curies":[{"name":"wp","href":"https:\/\/api.w.org\/{rel}","templated":true}]}}