{"id":973,"date":"2022-05-24T09:26:47","date_gmt":"2022-05-24T07:26:47","guid":{"rendered":"https:\/\/mattressfactory.hu\/termek\/wools\/"},"modified":"2022-07-04T13:16:10","modified_gmt":"2022-07-04T11:16:10","slug":"wools-mattress","status":"publish","type":"product","link":"https:\/\/mattressfactory.hu\/en\/termek\/wools-mattress\/","title":{"rendered":"Wool\u2019s"},"content":{"rendered":"<p>With its elasticity, this mattress provides sufficient support and positions the body, without being too hard. Thanks to its optimal stiffness, it can relax the muscles and aid optimal blood circulation. One side of the mattress is made of natural MERINO sheep wool, which has many health and healing effects. It perfectly maintains its shape, ensuring the ideal relaxing position of the body and providing maximum comfort.<\/p>\n<p><img loading=\"lazy\" decoding=\"async\" class=\"alignnone wp-image-122\" src=\"https:\/\/mattressfactory.hu\/wp-content\/uploads\/2022\/05\/WOOLS-METSZET.png\" alt=\"wools hideghab matrac\" width=\"400\" height=\"277\" srcset=\"https:\/\/mattressfactory.hu\/wp-content\/uploads\/2022\/05\/WOOLS-METSZET.png 1024w, https:\/\/mattressfactory.hu\/wp-content\/uploads\/2022\/05\/WOOLS-METSZET-300x208.png 300w, https:\/\/mattressfactory.hu\/wp-content\/uploads\/2022\/05\/WOOLS-METSZET-600x416.png 600w, https:\/\/mattressfactory.hu\/wp-content\/uploads\/2022\/05\/WOOLS-METSZET-768x533.png 768w, https:\/\/mattressfactory.hu\/wp-content\/uploads\/2022\/05\/WOOLS-METSZET-705x489.png 705w\" sizes=\"auto, (max-width: 400px) 100vw, 400px\" \/><\/p>\n<ol>\n<li>100% sheep wool winter side cover<\/li>\n<li>antiallergic layer<\/li>\n<li>breathable elastic layer<\/li>\n<li>density 18 cm orthopedic polyurethane core 30 kg\/m<sup>3<\/sup>, 3.8 kPa pressure<\/li>\n<li>SOFT CARE cover the summer side<\/li>\n<li>3D Breathable material<\/li>\n<\/ol>\n<p>&nbsp;<\/p>\n<p><img loading=\"lazy\" decoding=\"async\" class=\"alignleft wp-image-123 size-square\" src=\"https:\/\/mattressfactory.hu\/wp-content\/uploads\/2022\/05\/soft_and_care-180x180.jpeg\" alt=\"soft and care\" width=\"180\" height=\"180\" srcset=\"https:\/\/mattressfactory.hu\/wp-content\/uploads\/2022\/05\/soft_and_care-180x180.jpeg 180w, https:\/\/mattressfactory.hu\/wp-content\/uploads\/2022\/05\/soft_and_care-100x100.jpeg 100w, https:\/\/mattressfactory.hu\/wp-content\/uploads\/2022\/05\/soft_and_care.jpeg 300w, https:\/\/mattressfactory.hu\/wp-content\/uploads\/2022\/05\/soft_and_care-80x80.jpeg 80w, https:\/\/mattressfactory.hu\/wp-content\/uploads\/2022\/05\/soft_and_care-36x36.jpeg 36w\" sizes=\"auto, (max-width: 180px) 100vw, 180px\" \/><\/p>\n<p><strong>SOFT CARE FABRIC<\/strong><\/p>\n<p>It is fine as silk. The fabric is made of special viscous fibers and is completely biodegradable. Its electrostatic charge is minimal. Soft Care lends the cover extraordinary intricacy and softness, is pleasant to touch, ensuring freshness and comfort during sleep.<\/p>\n","protected":false},"excerpt":{"rendered":"<ul>\n<li>Height: 20 cm<\/li>\n<li>Max. weight capacity: 120 kg<\/li>\n<li>Warranty: 10 years<\/li>\n<li>Vacuum packed (for easier transportability)<\/li>\n<\/ul>\n<p>&nbsp;<\/p>\n","protected":false},"featured_media":366,"comment_status":"closed","ping_status":"closed","template":"","meta":{"inline_featured_image":false},"product_cat":[49,46],"product_tag":[],"class_list":["post-973","product","type-product","status-publish","has-post-thumbnail","hentry","product_cat-mattresses","product_cat-cold-foam-mattresses"],"yoast_head":"<!-- This site is optimized with the Yoast SEO plugin v20.5 - https:\/\/yoast.com\/wordpress\/plugins\/seo\/ -->\n<title>Wool\u2019s - Best Dream<\/title>\n<meta name=\"description\" content=\"With its elasticity, this mattress provides sufficient support and positions the body, without being too hard. Thanks to its optimal stiffness, it can relax the muscles and aid optimal blood circulation.\" \/>\n<meta name=\"robots\" content=\"index, follow, max-snippet:-1, max-image-preview:large, max-video-preview:-1\" \/>\n<link rel=\"canonical\" href=\"https:\/\/mattressfactory.hu\/en\/termek\/wools-mattress\/\" \/>\n<meta property=\"og:locale\" content=\"en_US\" \/>\n<meta property=\"og:type\" content=\"article\" \/>\n<meta property=\"og:title\" content=\"Wool\u2019s - Best Dream\" \/>\n<meta property=\"og:description\" content=\"With its elasticity, this mattress provides sufficient support and positions the body, without being too hard. Thanks to its optimal stiffness, it can relax the muscles and aid optimal blood circulation.\" \/>\n<meta property=\"og:url\" content=\"https:\/\/mattressfactory.hu\/en\/termek\/wools-mattress\/\" \/>\n<meta property=\"og:site_name\" content=\"Best Dream\" \/>\n<meta property=\"article:modified_time\" content=\"2022-07-04T11:16:10+00:00\" \/>\n<meta property=\"og:image\" content=\"https:\/\/mattressfactory.hu\/wp-content\/uploads\/2022\/05\/WOOLS.png\" \/>\n\t<meta property=\"og:image:width\" content=\"1024\" \/>\n\t<meta property=\"og:image:height\" content=\"683\" \/>\n\t<meta property=\"og:image:type\" content=\"image\/png\" \/>\n<meta name=\"twitter:card\" content=\"summary_large_image\" \/>\n<meta name=\"twitter:label1\" content=\"Est. reading time\" \/>\n\t<meta name=\"twitter:data1\" content=\"2 minutes\" \/>\n<script type=\"application\/ld+json\" class=\"yoast-schema-graph\">{\"@context\":\"https:\/\/schema.org\",\"@graph\":[{\"@type\":\"WebPage\",\"@id\":\"https:\/\/mattressfactory.hu\/en\/termek\/wools-mattress\/\",\"url\":\"https:\/\/mattressfactory.hu\/en\/termek\/wools-mattress\/\",\"name\":\"Wool\u2019s - Best Dream\",\"isPartOf\":{\"@id\":\"https:\/\/mattressfactory.hu\/#website\"},\"datePublished\":\"2022-05-24T07:26:47+00:00\",\"dateModified\":\"2022-07-04T11:16:10+00:00\",\"description\":\"With its elasticity, this mattress provides sufficient support and positions the body, without being too hard. Thanks to its optimal stiffness, it can relax the muscles and aid optimal blood circulation.\",\"breadcrumb\":{\"@id\":\"https:\/\/mattressfactory.hu\/en\/termek\/wools-mattress\/#breadcrumb\"},\"inLanguage\":\"en-US\",\"potentialAction\":[{\"@type\":\"ReadAction\",\"target\":[\"https:\/\/mattressfactory.hu\/en\/termek\/wools-mattress\/\"]}]},{\"@type\":\"BreadcrumbList\",\"@id\":\"https:\/\/mattressfactory.hu\/en\/termek\/wools-mattress\/#breadcrumb\",\"itemListElement\":[{\"@type\":\"ListItem\",\"position\":1,\"name\":\"\u00dczlet\",\"item\":\"https:\/\/mattressfactory.hu\/uzlet\/\"},{\"@type\":\"ListItem\",\"position\":2,\"name\":\"Wool\u2019s\"}]},{\"@type\":\"WebSite\",\"@id\":\"https:\/\/mattressfactory.hu\/#website\",\"url\":\"https:\/\/mattressfactory.hu\/\",\"name\":\"Best Dream\",\"description\":\"Matracok, p\u00e1rn\u00e1k a t\u00f6k\u00e9letes alv\u00e1s\u00e9rt\",\"potentialAction\":[{\"@type\":\"SearchAction\",\"target\":{\"@type\":\"EntryPoint\",\"urlTemplate\":\"https:\/\/mattressfactory.hu\/?s={search_term_string}\"},\"query-input\":\"required name=search_term_string\"}],\"inLanguage\":\"en-US\"}]}<\/script>\n<!-- \/ Yoast SEO plugin. -->","yoast_head_json":{"title":"Wool\u2019s - Best Dream","description":"With its elasticity, this mattress provides sufficient support and positions the body, without being too hard. Thanks to its optimal stiffness, it can relax the muscles and aid optimal blood circulation.","robots":{"index":"index","follow":"follow","max-snippet":"max-snippet:-1","max-image-preview":"max-image-preview:large","max-video-preview":"max-video-preview:-1"},"canonical":"https:\/\/mattressfactory.hu\/en\/termek\/wools-mattress\/","og_locale":"en_US","og_type":"article","og_title":"Wool\u2019s - Best Dream","og_description":"With its elasticity, this mattress provides sufficient support and positions the body, without being too hard. Thanks to its optimal stiffness, it can relax the muscles and aid optimal blood circulation.","og_url":"https:\/\/mattressfactory.hu\/en\/termek\/wools-mattress\/","og_site_name":"Best Dream","article_modified_time":"2022-07-04T11:16:10+00:00","og_image":[{"width":1024,"height":683,"url":"https:\/\/mattressfactory.hu\/wp-content\/uploads\/2022\/05\/WOOLS.png","type":"image\/png"}],"twitter_card":"summary_large_image","twitter_misc":{"Est. reading time":"2 minutes"},"schema":{"@context":"https:\/\/schema.org","@graph":[{"@type":"WebPage","@id":"https:\/\/mattressfactory.hu\/en\/termek\/wools-mattress\/","url":"https:\/\/mattressfactory.hu\/en\/termek\/wools-mattress\/","name":"Wool\u2019s - Best Dream","isPartOf":{"@id":"https:\/\/mattressfactory.hu\/#website"},"datePublished":"2022-05-24T07:26:47+00:00","dateModified":"2022-07-04T11:16:10+00:00","description":"With its elasticity, this mattress provides sufficient support and positions the body, without being too hard. Thanks to its optimal stiffness, it can relax the muscles and aid optimal blood circulation.","breadcrumb":{"@id":"https:\/\/mattressfactory.hu\/en\/termek\/wools-mattress\/#breadcrumb"},"inLanguage":"en-US","potentialAction":[{"@type":"ReadAction","target":["https:\/\/mattressfactory.hu\/en\/termek\/wools-mattress\/"]}]},{"@type":"BreadcrumbList","@id":"https:\/\/mattressfactory.hu\/en\/termek\/wools-mattress\/#breadcrumb","itemListElement":[{"@type":"ListItem","position":1,"name":"\u00dczlet","item":"https:\/\/mattressfactory.hu\/uzlet\/"},{"@type":"ListItem","position":2,"name":"Wool\u2019s"}]},{"@type":"WebSite","@id":"https:\/\/mattressfactory.hu\/#website","url":"https:\/\/mattressfactory.hu\/","name":"Best Dream","description":"Matracok, p\u00e1rn\u00e1k a t\u00f6k\u00e9letes alv\u00e1s\u00e9rt","potentialAction":[{"@type":"SearchAction","target":{"@type":"EntryPoint","urlTemplate":"https:\/\/mattressfactory.hu\/?s={search_term_string}"},"query-input":"required name=search_term_string"}],"inLanguage":"en-US"}]}},"_links":{"self":[{"href":"https:\/\/mattressfactory.hu\/en\/wp-json\/wp\/v2\/product\/973","targetHints":{"allow":["GET"]}}],"collection":[{"href":"https:\/\/mattressfactory.hu\/en\/wp-json\/wp\/v2\/product"}],"about":[{"href":"https:\/\/mattressfactory.hu\/en\/wp-json\/wp\/v2\/types\/product"}],"replies":[{"embeddable":true,"href":"https:\/\/mattressfactory.hu\/en\/wp-json\/wp\/v2\/comments?post=973"}],"wp:featuredmedia":[{"embeddable":true,"href":"https:\/\/mattressfactory.hu\/en\/wp-json\/wp\/v2\/media\/366"}],"wp:attachment":[{"href":"https:\/\/mattressfactory.hu\/en\/wp-json\/wp\/v2\/media?parent=973"}],"wp:term":[{"taxonomy":"product_cat","embeddable":true,"href":"https:\/\/mattressfactory.hu\/en\/wp-json\/wp\/v2\/product_cat?post=973"},{"taxonomy":"product_tag","embeddable":true,"href":"https:\/\/mattressfactory.hu\/en\/wp-json\/wp\/v2\/product_tag?post=973"}],"curies":[{"name":"wp","href":"https:\/\/api.w.org\/{rel}","templated":true}]}}