{"id":969,"date":"2022-05-24T09:43:02","date_gmt":"2022-05-24T07:43:02","guid":{"rendered":"https:\/\/mattressfactory.hu\/termek\/ps-7-zone-memory\/"},"modified":"2022-07-01T15:15:19","modified_gmt":"2022-07-01T13:15:19","slug":"ps-7-zone-memory","status":"publish","type":"product","link":"https:\/\/mattressfactory.hu\/en\/termek\/ps-7-zone-memory\/","title":{"rendered":"PS  7 Zone Memory"},"content":{"rendered":"<p>PS 7 ZONE Memory is a premium memory foam and pocket spring mattress with 7 zones able to perfectly adjust to body contours. It is recommended for people who prefer a softer and more comfortable feel. This extremely comfortable and 26 cm high mattress combining memory foam and pocket springs with a 10-year guarantee is a perfect choice for those who prefer semi-firm mattresses.<\/p>\n<p><img loading=\"lazy\" decoding=\"async\" class=\"alignnone wp-image-131\" src=\"https:\/\/mattressfactory.hu\/wp-content\/uploads\/2022\/05\/PS-7-ZONE-MEMORY-METSZET.png\" alt=\"PS 7 Zone Memory\" width=\"400\" height=\"267\" srcset=\"https:\/\/mattressfactory.hu\/wp-content\/uploads\/2022\/05\/PS-7-ZONE-MEMORY-METSZET.png 550w, https:\/\/mattressfactory.hu\/wp-content\/uploads\/2022\/05\/PS-7-ZONE-MEMORY-METSZET-300x200.png 300w\" sizes=\"auto, (max-width: 400px) 100vw, 400px\" \/><\/p>\n<ol>\n<li>BAYSCENT\u00ae fabric<\/li>\n<li>2 cm thick (density 50 kg\/m\u00b3) memory foam layer backstitched to the cover<\/li>\n<li>breathable layer<\/li>\n<li>3 cm thick (density 50 kg\/m\u00b3) memory foam layer<\/li>\n<li>4 cm thick cold foam layer (density N 35 kg\/m\u00b3, pressure 4.3 kPa)<\/li>\n<li>7 zones, top quality pocket springs (steel) with various wire thicknesses (1.8 \u2013 2.0 mm), 255 pockets\/m<sup>2<\/sup>, 14 cm thick felt pad<\/li>\n<li>felt pad<\/li>\n<li>3D breathable fabric<\/li>\n<\/ol>\n<p><img loading=\"lazy\" decoding=\"async\" class=\"alignleft wp-image-132 size-square\" src=\"https:\/\/mattressfactory.hu\/wp-content\/uploads\/2022\/05\/bayscent-180x180.jpeg\" alt=\"bayscent\" width=\"180\" height=\"180\" srcset=\"https:\/\/mattressfactory.hu\/wp-content\/uploads\/2022\/05\/bayscent-180x180.jpeg 180w, https:\/\/mattressfactory.hu\/wp-content\/uploads\/2022\/05\/bayscent-100x100.jpeg 100w, https:\/\/mattressfactory.hu\/wp-content\/uploads\/2022\/05\/bayscent.jpeg 300w, https:\/\/mattressfactory.hu\/wp-content\/uploads\/2022\/05\/bayscent-80x80.jpeg 80w, https:\/\/mattressfactory.hu\/wp-content\/uploads\/2022\/05\/bayscent-36x36.jpeg 36w\" sizes=\"auto, (max-width: 180px) 100vw, 180px\" \/><\/p>\n<p>&nbsp;<\/p>\n<p><b><strong>BAYSCENT\u00ae FABRIC<\/strong><\/b><\/p>\n<p>Bayscent&#8217;s new neutralized tissue contains microcapsules. Movement during sleep promotes the release of the valuable extracts contained in the microcapsules, and filters out unpleasant odors, so they cannot nestle inside the material even under extreme conditions. The fabric remains clean, soft, and fresh-smelling during use.<\/p>\n","protected":false},"excerpt":{"rendered":"<ul>\n<li>Height: 26 cm<\/li>\n<li>Max. weight capacity: 140 kg<\/li>\n<li>Warranty: 10 years<\/li>\n<li>Can be delivered open (wrapped in nylon)<\/li>\n<\/ul>\n","protected":false},"featured_media":378,"comment_status":"closed","ping_status":"closed","template":"","meta":{"inline_featured_image":false},"product_cat":[49,55,56,58],"product_tag":[],"class_list":["post-969","product","type-product","status-publish","has-post-thumbnail","hentry","product_cat-mattresses","product_cat-memory-foam-mattresses","product_cat-premium-mattresses","product_cat-spring-mattresses"],"yoast_head":"<!-- This site is optimized with the Yoast SEO plugin v20.5 - https:\/\/yoast.com\/wordpress\/plugins\/seo\/ -->\n<title>PS 7 Zone Memory - Best Dream<\/title>\n<meta name=\"description\" content=\"PS 7 ZONE Memory is a premium memory foam and pocket spring mattress with 7 zones able to perfectly adjust to body contours.\" \/>\n<meta name=\"robots\" content=\"index, follow, max-snippet:-1, max-image-preview:large, max-video-preview:-1\" \/>\n<link rel=\"canonical\" href=\"https:\/\/mattressfactory.hu\/en\/termek\/ps-7-zone-memory\/\" \/>\n<meta property=\"og:locale\" content=\"en_US\" \/>\n<meta property=\"og:type\" content=\"article\" \/>\n<meta property=\"og:title\" content=\"PS 7 Zone Memory - Best Dream\" \/>\n<meta property=\"og:description\" content=\"PS 7 ZONE Memory is a premium memory foam and pocket spring mattress with 7 zones able to perfectly adjust to body contours.\" \/>\n<meta property=\"og:url\" content=\"https:\/\/mattressfactory.hu\/en\/termek\/ps-7-zone-memory\/\" \/>\n<meta property=\"og:site_name\" content=\"Best Dream\" \/>\n<meta property=\"article:modified_time\" content=\"2022-07-01T13:15:19+00:00\" \/>\n<meta property=\"og:image\" content=\"https:\/\/mattressfactory.hu\/wp-content\/uploads\/2022\/05\/PS-7-ZONE-MEMORY.png\" \/>\n\t<meta property=\"og:image:width\" content=\"1024\" \/>\n\t<meta property=\"og:image:height\" content=\"683\" \/>\n\t<meta property=\"og:image:type\" content=\"image\/png\" \/>\n<meta name=\"twitter:card\" content=\"summary_large_image\" \/>\n<meta name=\"twitter:label1\" content=\"Est. reading time\" \/>\n\t<meta name=\"twitter:data1\" content=\"2 minutes\" \/>\n<script type=\"application\/ld+json\" class=\"yoast-schema-graph\">{\"@context\":\"https:\/\/schema.org\",\"@graph\":[{\"@type\":\"WebPage\",\"@id\":\"https:\/\/mattressfactory.hu\/en\/termek\/ps-7-zone-memory\/\",\"url\":\"https:\/\/mattressfactory.hu\/en\/termek\/ps-7-zone-memory\/\",\"name\":\"PS 7 Zone Memory - Best Dream\",\"isPartOf\":{\"@id\":\"https:\/\/mattressfactory.hu\/#website\"},\"datePublished\":\"2022-05-24T07:43:02+00:00\",\"dateModified\":\"2022-07-01T13:15:19+00:00\",\"description\":\"PS 7 ZONE Memory is a premium memory foam and pocket spring mattress with 7 zones able to perfectly adjust to body contours.\",\"breadcrumb\":{\"@id\":\"https:\/\/mattressfactory.hu\/en\/termek\/ps-7-zone-memory\/#breadcrumb\"},\"inLanguage\":\"en-US\",\"potentialAction\":[{\"@type\":\"ReadAction\",\"target\":[\"https:\/\/mattressfactory.hu\/en\/termek\/ps-7-zone-memory\/\"]}]},{\"@type\":\"BreadcrumbList\",\"@id\":\"https:\/\/mattressfactory.hu\/en\/termek\/ps-7-zone-memory\/#breadcrumb\",\"itemListElement\":[{\"@type\":\"ListItem\",\"position\":1,\"name\":\"\u00dczlet\",\"item\":\"https:\/\/mattressfactory.hu\/uzlet\/\"},{\"@type\":\"ListItem\",\"position\":2,\"name\":\"PS 7 Zone Memory\"}]},{\"@type\":\"WebSite\",\"@id\":\"https:\/\/mattressfactory.hu\/#website\",\"url\":\"https:\/\/mattressfactory.hu\/\",\"name\":\"Best Dream\",\"description\":\"Matracok, p\u00e1rn\u00e1k a t\u00f6k\u00e9letes alv\u00e1s\u00e9rt\",\"potentialAction\":[{\"@type\":\"SearchAction\",\"target\":{\"@type\":\"EntryPoint\",\"urlTemplate\":\"https:\/\/mattressfactory.hu\/?s={search_term_string}\"},\"query-input\":\"required name=search_term_string\"}],\"inLanguage\":\"en-US\"}]}<\/script>\n<!-- \/ Yoast SEO plugin. -->","yoast_head_json":{"title":"PS 7 Zone Memory - Best Dream","description":"PS 7 ZONE Memory is a premium memory foam and pocket spring mattress with 7 zones able to perfectly adjust to body contours.","robots":{"index":"index","follow":"follow","max-snippet":"max-snippet:-1","max-image-preview":"max-image-preview:large","max-video-preview":"max-video-preview:-1"},"canonical":"https:\/\/mattressfactory.hu\/en\/termek\/ps-7-zone-memory\/","og_locale":"en_US","og_type":"article","og_title":"PS 7 Zone Memory - Best Dream","og_description":"PS 7 ZONE Memory is a premium memory foam and pocket spring mattress with 7 zones able to perfectly adjust to body contours.","og_url":"https:\/\/mattressfactory.hu\/en\/termek\/ps-7-zone-memory\/","og_site_name":"Best Dream","article_modified_time":"2022-07-01T13:15:19+00:00","og_image":[{"width":1024,"height":683,"url":"https:\/\/mattressfactory.hu\/wp-content\/uploads\/2022\/05\/PS-7-ZONE-MEMORY.png","type":"image\/png"}],"twitter_card":"summary_large_image","twitter_misc":{"Est. reading time":"2 minutes"},"schema":{"@context":"https:\/\/schema.org","@graph":[{"@type":"WebPage","@id":"https:\/\/mattressfactory.hu\/en\/termek\/ps-7-zone-memory\/","url":"https:\/\/mattressfactory.hu\/en\/termek\/ps-7-zone-memory\/","name":"PS 7 Zone Memory - Best Dream","isPartOf":{"@id":"https:\/\/mattressfactory.hu\/#website"},"datePublished":"2022-05-24T07:43:02+00:00","dateModified":"2022-07-01T13:15:19+00:00","description":"PS 7 ZONE Memory is a premium memory foam and pocket spring mattress with 7 zones able to perfectly adjust to body contours.","breadcrumb":{"@id":"https:\/\/mattressfactory.hu\/en\/termek\/ps-7-zone-memory\/#breadcrumb"},"inLanguage":"en-US","potentialAction":[{"@type":"ReadAction","target":["https:\/\/mattressfactory.hu\/en\/termek\/ps-7-zone-memory\/"]}]},{"@type":"BreadcrumbList","@id":"https:\/\/mattressfactory.hu\/en\/termek\/ps-7-zone-memory\/#breadcrumb","itemListElement":[{"@type":"ListItem","position":1,"name":"\u00dczlet","item":"https:\/\/mattressfactory.hu\/uzlet\/"},{"@type":"ListItem","position":2,"name":"PS 7 Zone Memory"}]},{"@type":"WebSite","@id":"https:\/\/mattressfactory.hu\/#website","url":"https:\/\/mattressfactory.hu\/","name":"Best Dream","description":"Matracok, p\u00e1rn\u00e1k a t\u00f6k\u00e9letes alv\u00e1s\u00e9rt","potentialAction":[{"@type":"SearchAction","target":{"@type":"EntryPoint","urlTemplate":"https:\/\/mattressfactory.hu\/?s={search_term_string}"},"query-input":"required name=search_term_string"}],"inLanguage":"en-US"}]}},"_links":{"self":[{"href":"https:\/\/mattressfactory.hu\/en\/wp-json\/wp\/v2\/product\/969","targetHints":{"allow":["GET"]}}],"collection":[{"href":"https:\/\/mattressfactory.hu\/en\/wp-json\/wp\/v2\/product"}],"about":[{"href":"https:\/\/mattressfactory.hu\/en\/wp-json\/wp\/v2\/types\/product"}],"replies":[{"embeddable":true,"href":"https:\/\/mattressfactory.hu\/en\/wp-json\/wp\/v2\/comments?post=969"}],"wp:featuredmedia":[{"embeddable":true,"href":"https:\/\/mattressfactory.hu\/en\/wp-json\/wp\/v2\/media\/378"}],"wp:attachment":[{"href":"https:\/\/mattressfactory.hu\/en\/wp-json\/wp\/v2\/media?parent=969"}],"wp:term":[{"taxonomy":"product_cat","embeddable":true,"href":"https:\/\/mattressfactory.hu\/en\/wp-json\/wp\/v2\/product_cat?post=969"},{"taxonomy":"product_tag","embeddable":true,"href":"https:\/\/mattressfactory.hu\/en\/wp-json\/wp\/v2\/product_tag?post=969"}],"curies":[{"name":"wp","href":"https:\/\/api.w.org\/{rel}","templated":true}]}}