{"id":963,"date":"2022-05-24T10:03:07","date_gmt":"2022-05-24T08:03:07","guid":{"rendered":"https:\/\/mattressfactory.hu\/termek\/memory-bamboo-duet\/"},"modified":"2022-07-18T15:20:54","modified_gmt":"2022-07-18T13:20:54","slug":"memory-bamboo-duet","status":"publish","type":"product","link":"https:\/\/mattressfactory.hu\/en\/termek\/memory-bamboo-duet\/","title":{"rendered":"Memory Duet"},"content":{"rendered":"<p>A luxurious mattress that perfectly adjusts to your body. Due to its properties and used materials, it satisfies even the most demanding customers. Thanks to the 5 cm thick Memory Foam, it guarantees a peaceful and relaxing sleep. It perfectly supports the spine, relaxes the muscles, and improves blood circulation. The mattress cover is removable, made from a 3D breathable fabric that prevents the build-up of moisture, keeping the mattress dry and providing for good body thermoregulation.<\/p>\n<p><img loading=\"lazy\" decoding=\"async\" class=\"alignnone wp-image-144\" src=\"https:\/\/mattressfactory.hu\/wp-content\/uploads\/2022\/05\/MEMORY-DUET-METSZET.png\" alt=\"memory duet\" width=\"400\" height=\"277\" srcset=\"https:\/\/mattressfactory.hu\/wp-content\/uploads\/2022\/05\/MEMORY-DUET-METSZET.png 1024w, https:\/\/mattressfactory.hu\/wp-content\/uploads\/2022\/05\/MEMORY-DUET-METSZET-300x208.png 300w, https:\/\/mattressfactory.hu\/wp-content\/uploads\/2022\/05\/MEMORY-DUET-METSZET-600x416.png 600w, https:\/\/mattressfactory.hu\/wp-content\/uploads\/2022\/05\/MEMORY-DUET-METSZET-768x533.png 768w, https:\/\/mattressfactory.hu\/wp-content\/uploads\/2022\/05\/MEMORY-DUET-METSZET-705x489.png 705w\" sizes=\"auto, (max-width: 400px) 100vw, 400px\" \/><\/p>\n<ol>\n<li>BAYSCENT<sup>\u00ae<\/sup>\u00a0removable cover<\/li>\n<li>2 cm memory 50 kg\/m<sup>3<\/sup>\u00a0sewn into the outer cover<\/li>\n<li>Breathable elastic layer<\/li>\n<li>3 cm memory foam with a density of 50 kg\/m\u00b3<\/li>\n<li>14 cm orthopedic polyurethane core with a cold foam density of 30 kg\/m<sup>3<\/sup>, 5.0 kPa pressure<\/li>\n<li>3D Breathable material<\/li>\n<\/ol>\n<p>&nbsp;<\/p>\n<p><img loading=\"lazy\" decoding=\"async\" class=\"alignleft wp-image-132 size-square\" src=\"https:\/\/mattressfactory.hu\/wp-content\/uploads\/2022\/05\/bayscent-180x180.jpeg\" alt=\"bayscent\" width=\"180\" height=\"180\" srcset=\"https:\/\/mattressfactory.hu\/wp-content\/uploads\/2022\/05\/bayscent-180x180.jpeg 180w, https:\/\/mattressfactory.hu\/wp-content\/uploads\/2022\/05\/bayscent-100x100.jpeg 100w, https:\/\/mattressfactory.hu\/wp-content\/uploads\/2022\/05\/bayscent.jpeg 300w, https:\/\/mattressfactory.hu\/wp-content\/uploads\/2022\/05\/bayscent-80x80.jpeg 80w, https:\/\/mattressfactory.hu\/wp-content\/uploads\/2022\/05\/bayscent-36x36.jpeg 36w\" sizes=\"auto, (max-width: 180px) 100vw, 180px\" \/><\/p>\n<p><strong>BAYSCENT<sup>\u00ae<\/sup> Fabric<\/strong><br \/>\nFibers inside the mattress cover contain microcapsules that help prevent unpleasant smells and keep the mattress fresh and hygienically clean. Neutralizing capabilities of the new Bayscent fabric attack unpleasant odor, which, under extreme conditions, can sink deep into the fabric of the cover. The movement of the body before falling asleep releases extracts found in the microcapsules, which ultimately relieve the unpleasant odor caused by excessive sweating during sleep.<\/p>\n<p>&nbsp;<\/p>\n<p>&nbsp;<\/p>\n<p>&nbsp;<\/p>\n<p><strong><img loading=\"lazy\" decoding=\"async\" class=\"size-full wp-image-137 alignright\" src=\"https:\/\/mattressfactory.hu\/wp-content\/uploads\/2022\/05\/memory_kez_korben.png\" alt=\"memory hab\" width=\"234\" height=\"234\" srcset=\"https:\/\/mattressfactory.hu\/wp-content\/uploads\/2022\/05\/memory_kez_korben.png 234w, https:\/\/mattressfactory.hu\/wp-content\/uploads\/2022\/05\/memory_kez_korben-100x100.png 100w, https:\/\/mattressfactory.hu\/wp-content\/uploads\/2022\/05\/memory_kez_korben-80x80.png 80w, https:\/\/mattressfactory.hu\/wp-content\/uploads\/2022\/05\/memory_kez_korben-36x36.png 36w, https:\/\/mattressfactory.hu\/wp-content\/uploads\/2022\/05\/memory_kez_korben-180x180.png 180w\" sizes=\"auto, (max-width: 234px) 100vw, 234px\" \/>MEMORY Foam<\/strong><\/p>\n<p>Special foam whose hardness changes depending on the temperature of our body. The mattress reacts to heat, and so perfectly adapts to the curves of the body. Thanks to its properties, it helps to evenly distribute the body weight throughout the bed, optimally supporting it, enhancing blood circulation, and allowing for perfect rest throughout the night.<\/p>\n","protected":false},"excerpt":{"rendered":"<ul>\n<li>Height: 20 cm<\/li>\n<li>Max. weight capacity: 120 kg<\/li>\n<li>Warranty: 10 years<\/li>\n<li>Vacuum packed (for easier transportability)<\/li>\n<\/ul>\n<p>&nbsp;<\/p>\n","protected":false},"featured_media":396,"comment_status":"closed","ping_status":"closed","template":"","meta":{"inline_featured_image":false},"product_cat":[49,55],"product_tag":[],"class_list":["post-963","product","type-product","status-publish","has-post-thumbnail","hentry","product_cat-mattresses","product_cat-memory-foam-mattresses"],"yoast_head":"<!-- This site is optimized with the Yoast SEO plugin v20.5 - https:\/\/yoast.com\/wordpress\/plugins\/seo\/ -->\n<title>Memory Duet - Best Dream<\/title>\n<meta name=\"description\" content=\"A luxurious mattress that perfectly adjusts to your body. Due to its properties and used materials, it satisfies even the most demanding customers.\" \/>\n<meta name=\"robots\" content=\"index, follow, max-snippet:-1, max-image-preview:large, max-video-preview:-1\" \/>\n<link rel=\"canonical\" href=\"https:\/\/mattressfactory.hu\/en\/products\/memory-bamboo-duet\/\" \/>\n<meta property=\"og:locale\" content=\"en_US\" \/>\n<meta property=\"og:type\" content=\"article\" \/>\n<meta property=\"og:title\" content=\"Memory Duet - Best Dream\" \/>\n<meta property=\"og:description\" content=\"A luxurious mattress that perfectly adjusts to your body. Due to its properties and used materials, it satisfies even the most demanding customers.\" \/>\n<meta property=\"og:url\" content=\"https:\/\/mattressfactory.hu\/en\/products\/memory-bamboo-duet\/\" \/>\n<meta property=\"og:site_name\" content=\"Best Dream\" \/>\n<meta property=\"article:modified_time\" content=\"2022-07-18T13:20:54+00:00\" \/>\n<meta property=\"og:image\" content=\"https:\/\/mattressfactory.hu\/wp-content\/uploads\/2022\/05\/MEMORY-DUET.png\" \/>\n\t<meta property=\"og:image:width\" content=\"1024\" \/>\n\t<meta property=\"og:image:height\" content=\"683\" \/>\n\t<meta property=\"og:image:type\" content=\"image\/png\" \/>\n<meta name=\"twitter:card\" content=\"summary_large_image\" \/>\n<meta name=\"twitter:label1\" content=\"Est. reading time\" \/>\n\t<meta name=\"twitter:data1\" content=\"2 minutes\" \/>\n<script type=\"application\/ld+json\" class=\"yoast-schema-graph\">{\"@context\":\"https:\/\/schema.org\",\"@graph\":[{\"@type\":\"WebPage\",\"@id\":\"https:\/\/mattressfactory.hu\/en\/products\/memory-bamboo-duet\/\",\"url\":\"https:\/\/mattressfactory.hu\/en\/products\/memory-bamboo-duet\/\",\"name\":\"Memory Duet - Best Dream\",\"isPartOf\":{\"@id\":\"https:\/\/mattressfactory.hu\/#website\"},\"datePublished\":\"2022-05-24T08:03:07+00:00\",\"dateModified\":\"2022-07-18T13:20:54+00:00\",\"description\":\"A luxurious mattress that perfectly adjusts to your body. Due to its properties and used materials, it satisfies even the most demanding customers.\",\"breadcrumb\":{\"@id\":\"https:\/\/mattressfactory.hu\/en\/products\/memory-bamboo-duet\/#breadcrumb\"},\"inLanguage\":\"en-US\",\"potentialAction\":[{\"@type\":\"ReadAction\",\"target\":[\"https:\/\/mattressfactory.hu\/en\/products\/memory-bamboo-duet\/\"]}]},{\"@type\":\"BreadcrumbList\",\"@id\":\"https:\/\/mattressfactory.hu\/en\/products\/memory-bamboo-duet\/#breadcrumb\",\"itemListElement\":[{\"@type\":\"ListItem\",\"position\":1,\"name\":\"\u00dczlet\",\"item\":\"https:\/\/mattressfactory.hu\/uzlet\/\"},{\"@type\":\"ListItem\",\"position\":2,\"name\":\"Memory Duet\"}]},{\"@type\":\"WebSite\",\"@id\":\"https:\/\/mattressfactory.hu\/#website\",\"url\":\"https:\/\/mattressfactory.hu\/\",\"name\":\"Best Dream\",\"description\":\"Matracok, p\u00e1rn\u00e1k a t\u00f6k\u00e9letes alv\u00e1s\u00e9rt\",\"potentialAction\":[{\"@type\":\"SearchAction\",\"target\":{\"@type\":\"EntryPoint\",\"urlTemplate\":\"https:\/\/mattressfactory.hu\/?s={search_term_string}\"},\"query-input\":\"required name=search_term_string\"}],\"inLanguage\":\"en-US\"}]}<\/script>\n<!-- \/ Yoast SEO plugin. -->","yoast_head_json":{"title":"Memory Duet - Best Dream","description":"A luxurious mattress that perfectly adjusts to your body. Due to its properties and used materials, it satisfies even the most demanding customers.","robots":{"index":"index","follow":"follow","max-snippet":"max-snippet:-1","max-image-preview":"max-image-preview:large","max-video-preview":"max-video-preview:-1"},"canonical":"https:\/\/mattressfactory.hu\/en\/products\/memory-bamboo-duet\/","og_locale":"en_US","og_type":"article","og_title":"Memory Duet - Best Dream","og_description":"A luxurious mattress that perfectly adjusts to your body. Due to its properties and used materials, it satisfies even the most demanding customers.","og_url":"https:\/\/mattressfactory.hu\/en\/products\/memory-bamboo-duet\/","og_site_name":"Best Dream","article_modified_time":"2022-07-18T13:20:54+00:00","og_image":[{"width":1024,"height":683,"url":"https:\/\/mattressfactory.hu\/wp-content\/uploads\/2022\/05\/MEMORY-DUET.png","type":"image\/png"}],"twitter_card":"summary_large_image","twitter_misc":{"Est. reading time":"2 minutes"},"schema":{"@context":"https:\/\/schema.org","@graph":[{"@type":"WebPage","@id":"https:\/\/mattressfactory.hu\/en\/products\/memory-bamboo-duet\/","url":"https:\/\/mattressfactory.hu\/en\/products\/memory-bamboo-duet\/","name":"Memory Duet - Best Dream","isPartOf":{"@id":"https:\/\/mattressfactory.hu\/#website"},"datePublished":"2022-05-24T08:03:07+00:00","dateModified":"2022-07-18T13:20:54+00:00","description":"A luxurious mattress that perfectly adjusts to your body. Due to its properties and used materials, it satisfies even the most demanding customers.","breadcrumb":{"@id":"https:\/\/mattressfactory.hu\/en\/products\/memory-bamboo-duet\/#breadcrumb"},"inLanguage":"en-US","potentialAction":[{"@type":"ReadAction","target":["https:\/\/mattressfactory.hu\/en\/products\/memory-bamboo-duet\/"]}]},{"@type":"BreadcrumbList","@id":"https:\/\/mattressfactory.hu\/en\/products\/memory-bamboo-duet\/#breadcrumb","itemListElement":[{"@type":"ListItem","position":1,"name":"\u00dczlet","item":"https:\/\/mattressfactory.hu\/uzlet\/"},{"@type":"ListItem","position":2,"name":"Memory Duet"}]},{"@type":"WebSite","@id":"https:\/\/mattressfactory.hu\/#website","url":"https:\/\/mattressfactory.hu\/","name":"Best Dream","description":"Matracok, p\u00e1rn\u00e1k a t\u00f6k\u00e9letes alv\u00e1s\u00e9rt","potentialAction":[{"@type":"SearchAction","target":{"@type":"EntryPoint","urlTemplate":"https:\/\/mattressfactory.hu\/?s={search_term_string}"},"query-input":"required name=search_term_string"}],"inLanguage":"en-US"}]}},"_links":{"self":[{"href":"https:\/\/mattressfactory.hu\/en\/wp-json\/wp\/v2\/product\/963","targetHints":{"allow":["GET"]}}],"collection":[{"href":"https:\/\/mattressfactory.hu\/en\/wp-json\/wp\/v2\/product"}],"about":[{"href":"https:\/\/mattressfactory.hu\/en\/wp-json\/wp\/v2\/types\/product"}],"replies":[{"embeddable":true,"href":"https:\/\/mattressfactory.hu\/en\/wp-json\/wp\/v2\/comments?post=963"}],"wp:featuredmedia":[{"embeddable":true,"href":"https:\/\/mattressfactory.hu\/en\/wp-json\/wp\/v2\/media\/396"}],"wp:attachment":[{"href":"https:\/\/mattressfactory.hu\/en\/wp-json\/wp\/v2\/media?parent=963"}],"wp:term":[{"taxonomy":"product_cat","embeddable":true,"href":"https:\/\/mattressfactory.hu\/en\/wp-json\/wp\/v2\/product_cat?post=963"},{"taxonomy":"product_tag","embeddable":true,"href":"https:\/\/mattressfactory.hu\/en\/wp-json\/wp\/v2\/product_tag?post=963"}],"curies":[{"name":"wp","href":"https:\/\/api.w.org\/{rel}","templated":true}]}}