{"id":961,"date":"2022-05-24T10:06:05","date_gmt":"2022-05-24T08:06:05","guid":{"rendered":"https:\/\/mattressfactory.hu\/termek\/latex\/"},"modified":"2022-07-01T14:46:26","modified_gmt":"2022-07-01T12:46:26","slug":"latex","status":"publish","type":"product","link":"https:\/\/mattressfactory.hu\/en\/termek\/latex\/","title":{"rendered":"Latex"},"content":{"rendered":"<p>Soft and velvet, 100% LATEX mattresses are made using special technologies from rubber tree sap. Its unique ability to adapt to the body shape makes it an excellent material for mattresses and a perfect choice for positionable bed slats. The mattress is divided into 7 zones; it is aerial, free of mites and bacteria.<\/p>\n<p>&nbsp;<\/p>\n<p><img loading=\"lazy\" decoding=\"async\" class=\"alignnone wp-image-147\" src=\"https:\/\/mattressfactory.hu\/wp-content\/uploads\/2022\/05\/LATEX-METSZET.jpeg\" alt=\"latex\" width=\"400\" height=\"266\" srcset=\"https:\/\/mattressfactory.hu\/wp-content\/uploads\/2022\/05\/LATEX-METSZET.jpeg 1024w, https:\/\/mattressfactory.hu\/wp-content\/uploads\/2022\/05\/LATEX-METSZET-300x200.jpeg 300w, https:\/\/mattressfactory.hu\/wp-content\/uploads\/2022\/05\/LATEX-METSZET-600x400.jpeg 600w, https:\/\/mattressfactory.hu\/wp-content\/uploads\/2022\/05\/LATEX-METSZET-768x512.jpeg 768w, https:\/\/mattressfactory.hu\/wp-content\/uploads\/2022\/05\/LATEX-METSZET-705x470.jpeg 705w\" sizes=\"auto, (max-width: 400px) 100vw, 400px\" \/><\/p>\n<p>&nbsp;<\/p>\n<ul>\n<li>Removable cover CAMOMILE, washable at 30\u00b0C<\/li>\n<li>18 cm thick latex core with a density of 68 kg\/m\u00b3 (the density of the version with ventilation holes is 55 kg\/m\u00b3)<\/li>\n<li>Removable cover CAMOMILE, washable at 30\u00b0C<\/li>\n<\/ul>\n<p>&nbsp;<\/p>\n<p><img loading=\"lazy\" decoding=\"async\" class=\"alignleft wp-image-148 size-square\" src=\"https:\/\/mattressfactory.hu\/wp-content\/uploads\/2022\/05\/camomile-180x180.jpeg\" alt=\"camomile\" width=\"180\" height=\"180\" srcset=\"https:\/\/mattressfactory.hu\/wp-content\/uploads\/2022\/05\/camomile-180x180.jpeg 180w, https:\/\/mattressfactory.hu\/wp-content\/uploads\/2022\/05\/camomile-100x100.jpeg 100w, https:\/\/mattressfactory.hu\/wp-content\/uploads\/2022\/05\/camomile.jpeg 300w, https:\/\/mattressfactory.hu\/wp-content\/uploads\/2022\/05\/camomile-80x80.jpeg 80w, https:\/\/mattressfactory.hu\/wp-content\/uploads\/2022\/05\/camomile-36x36.jpeg 36w\" sizes=\"auto, (max-width: 180px) 100vw, 180px\" \/><\/p>\n<p><strong>CAMOMILE FABRIC<\/strong><\/p>\n<p>High-quality fabric containing fibers from camomile that has antibacterial and relaxing effects helps to rest and relax after a busy day. The cotton cover is removable and washable at 30\u00b0C.<\/p>\n<p>&nbsp;<\/p>\n<p>&nbsp;<\/p>\n<p>&nbsp;<\/p>\n<p>&nbsp;<\/p>\n","protected":false},"excerpt":{"rendered":"<ul>\n<li>Height: 20 cm<\/li>\n<li>Max. weight capacity:\u00a0100 kg<\/li>\n<li>Warranty: 8 years<\/li>\n<li>Vacuum packed (for easier transportability)<\/li>\n<\/ul>\n","protected":false},"featured_media":402,"comment_status":"closed","ping_status":"closed","template":"","meta":{"inline_featured_image":false},"product_cat":[49,53],"product_tag":[],"class_list":["post-961","product","type-product","status-publish","has-post-thumbnail","hentry","product_cat-mattresses","product_cat-latex-mattresses"],"yoast_head":"<!-- This site is optimized with the Yoast SEO plugin v20.5 - https:\/\/yoast.com\/wordpress\/plugins\/seo\/ -->\n<title>Latex - Best Dream<\/title>\n<meta name=\"description\" content=\"Soft and velvet, 100% LATEX mattresses are made using special technologies from rubber tree sap.\" \/>\n<meta name=\"robots\" content=\"index, follow, max-snippet:-1, max-image-preview:large, max-video-preview:-1\" \/>\n<link rel=\"canonical\" href=\"https:\/\/mattressfactory.hu\/en\/products\/latex\/\" \/>\n<meta property=\"og:locale\" content=\"en_US\" \/>\n<meta property=\"og:type\" content=\"article\" \/>\n<meta property=\"og:title\" content=\"Latex - Best Dream\" \/>\n<meta property=\"og:description\" content=\"Soft and velvet, 100% LATEX mattresses are made using special technologies from rubber tree sap.\" \/>\n<meta property=\"og:url\" content=\"https:\/\/mattressfactory.hu\/en\/products\/latex\/\" \/>\n<meta property=\"og:site_name\" content=\"Best Dream\" \/>\n<meta property=\"article:modified_time\" content=\"2022-07-01T12:46:26+00:00\" \/>\n<meta property=\"og:image\" content=\"https:\/\/mattressfactory.hu\/wp-content\/uploads\/2022\/05\/LATEX.png\" \/>\n\t<meta property=\"og:image:width\" content=\"1024\" \/>\n\t<meta property=\"og:image:height\" content=\"683\" \/>\n\t<meta property=\"og:image:type\" content=\"image\/png\" \/>\n<meta name=\"twitter:card\" content=\"summary_large_image\" \/>\n<meta name=\"twitter:label1\" content=\"Est. reading time\" \/>\n\t<meta name=\"twitter:data1\" content=\"2 minutes\" \/>\n<script type=\"application\/ld+json\" class=\"yoast-schema-graph\">{\"@context\":\"https:\/\/schema.org\",\"@graph\":[{\"@type\":\"WebPage\",\"@id\":\"https:\/\/mattressfactory.hu\/en\/products\/latex\/\",\"url\":\"https:\/\/mattressfactory.hu\/en\/products\/latex\/\",\"name\":\"Latex - Best Dream\",\"isPartOf\":{\"@id\":\"https:\/\/mattressfactory.hu\/#website\"},\"datePublished\":\"2022-05-24T08:06:05+00:00\",\"dateModified\":\"2022-07-01T12:46:26+00:00\",\"description\":\"Soft and velvet, 100% LATEX mattresses are made using special technologies from rubber tree sap.\",\"breadcrumb\":{\"@id\":\"https:\/\/mattressfactory.hu\/en\/products\/latex\/#breadcrumb\"},\"inLanguage\":\"en-US\",\"potentialAction\":[{\"@type\":\"ReadAction\",\"target\":[\"https:\/\/mattressfactory.hu\/en\/products\/latex\/\"]}]},{\"@type\":\"BreadcrumbList\",\"@id\":\"https:\/\/mattressfactory.hu\/en\/products\/latex\/#breadcrumb\",\"itemListElement\":[{\"@type\":\"ListItem\",\"position\":1,\"name\":\"\u00dczlet\",\"item\":\"https:\/\/mattressfactory.hu\/uzlet\/\"},{\"@type\":\"ListItem\",\"position\":2,\"name\":\"Latex\"}]},{\"@type\":\"WebSite\",\"@id\":\"https:\/\/mattressfactory.hu\/#website\",\"url\":\"https:\/\/mattressfactory.hu\/\",\"name\":\"Best Dream\",\"description\":\"Matracok, p\u00e1rn\u00e1k a t\u00f6k\u00e9letes alv\u00e1s\u00e9rt\",\"potentialAction\":[{\"@type\":\"SearchAction\",\"target\":{\"@type\":\"EntryPoint\",\"urlTemplate\":\"https:\/\/mattressfactory.hu\/?s={search_term_string}\"},\"query-input\":\"required name=search_term_string\"}],\"inLanguage\":\"en-US\"}]}<\/script>\n<!-- \/ Yoast SEO plugin. -->","yoast_head_json":{"title":"Latex - Best Dream","description":"Soft and velvet, 100% LATEX mattresses are made using special technologies from rubber tree sap.","robots":{"index":"index","follow":"follow","max-snippet":"max-snippet:-1","max-image-preview":"max-image-preview:large","max-video-preview":"max-video-preview:-1"},"canonical":"https:\/\/mattressfactory.hu\/en\/products\/latex\/","og_locale":"en_US","og_type":"article","og_title":"Latex - Best Dream","og_description":"Soft and velvet, 100% LATEX mattresses are made using special technologies from rubber tree sap.","og_url":"https:\/\/mattressfactory.hu\/en\/products\/latex\/","og_site_name":"Best Dream","article_modified_time":"2022-07-01T12:46:26+00:00","og_image":[{"width":1024,"height":683,"url":"https:\/\/mattressfactory.hu\/wp-content\/uploads\/2022\/05\/LATEX.png","type":"image\/png"}],"twitter_card":"summary_large_image","twitter_misc":{"Est. reading time":"2 minutes"},"schema":{"@context":"https:\/\/schema.org","@graph":[{"@type":"WebPage","@id":"https:\/\/mattressfactory.hu\/en\/products\/latex\/","url":"https:\/\/mattressfactory.hu\/en\/products\/latex\/","name":"Latex - Best Dream","isPartOf":{"@id":"https:\/\/mattressfactory.hu\/#website"},"datePublished":"2022-05-24T08:06:05+00:00","dateModified":"2022-07-01T12:46:26+00:00","description":"Soft and velvet, 100% LATEX mattresses are made using special technologies from rubber tree sap.","breadcrumb":{"@id":"https:\/\/mattressfactory.hu\/en\/products\/latex\/#breadcrumb"},"inLanguage":"en-US","potentialAction":[{"@type":"ReadAction","target":["https:\/\/mattressfactory.hu\/en\/products\/latex\/"]}]},{"@type":"BreadcrumbList","@id":"https:\/\/mattressfactory.hu\/en\/products\/latex\/#breadcrumb","itemListElement":[{"@type":"ListItem","position":1,"name":"\u00dczlet","item":"https:\/\/mattressfactory.hu\/uzlet\/"},{"@type":"ListItem","position":2,"name":"Latex"}]},{"@type":"WebSite","@id":"https:\/\/mattressfactory.hu\/#website","url":"https:\/\/mattressfactory.hu\/","name":"Best Dream","description":"Matracok, p\u00e1rn\u00e1k a t\u00f6k\u00e9letes alv\u00e1s\u00e9rt","potentialAction":[{"@type":"SearchAction","target":{"@type":"EntryPoint","urlTemplate":"https:\/\/mattressfactory.hu\/?s={search_term_string}"},"query-input":"required name=search_term_string"}],"inLanguage":"en-US"}]}},"_links":{"self":[{"href":"https:\/\/mattressfactory.hu\/en\/wp-json\/wp\/v2\/product\/961","targetHints":{"allow":["GET"]}}],"collection":[{"href":"https:\/\/mattressfactory.hu\/en\/wp-json\/wp\/v2\/product"}],"about":[{"href":"https:\/\/mattressfactory.hu\/en\/wp-json\/wp\/v2\/types\/product"}],"replies":[{"embeddable":true,"href":"https:\/\/mattressfactory.hu\/en\/wp-json\/wp\/v2\/comments?post=961"}],"wp:featuredmedia":[{"embeddable":true,"href":"https:\/\/mattressfactory.hu\/en\/wp-json\/wp\/v2\/media\/402"}],"wp:attachment":[{"href":"https:\/\/mattressfactory.hu\/en\/wp-json\/wp\/v2\/media?parent=961"}],"wp:term":[{"taxonomy":"product_cat","embeddable":true,"href":"https:\/\/mattressfactory.hu\/en\/wp-json\/wp\/v2\/product_cat?post=961"},{"taxonomy":"product_tag","embeddable":true,"href":"https:\/\/mattressfactory.hu\/en\/wp-json\/wp\/v2\/product_tag?post=961"}],"curies":[{"name":"wp","href":"https:\/\/api.w.org\/{rel}","templated":true}]}}