{"id":956,"date":"2022-05-24T10:18:23","date_gmt":"2022-05-24T08:18:23","guid":{"rendered":"https:\/\/mattressfactory.hu\/termek\/ps-7-zone-26-hd\/"},"modified":"2022-07-01T14:19:19","modified_gmt":"2022-07-01T12:19:19","slug":"ps-7-zone-26-hd","status":"publish","type":"product","link":"https:\/\/mattressfactory.hu\/en\/termek\/ps-7-zone-26-hd\/","title":{"rendered":"PS  7 Zone 26 HD"},"content":{"rendered":"<p>The mattress perfectly adjusts to body contours and features 255 premium quality springs\/m\u00b2 and a comfortable and highly flexible layer (40 kg\/m\u00b3) of antiallergenic cold foam BAYGARD, with 3D breathable fabric parts on the sides for healthy and undisturbed sleep.<\/p>\n<p>Mattress PS 7 ZONE 26 HD perfectly adjusts to body contours thanks to its 7-zone spring system and firm cold foam layer. The zones of pocket springs inside the mattress are created based on wire thicknesses (1.8-2.0 mm) and distances between spiral convolution distances.<\/p>\n<p>The mattress provides firm support where it is required and there is no transference that could disturb the partner during sleep. It is a semi-firm antiallergenic mattress with high resilience and the perfect ability to adjust to body contours.<\/p>\n<p><img loading=\"lazy\" decoding=\"async\" class=\"alignnone wp-image-158\" src=\"https:\/\/mattressfactory.hu\/wp-content\/uploads\/2022\/05\/PS-7-ZONE-26-HD-METSZET.png\" alt=\"PS 7 Zone 26 HD\" width=\"400\" height=\"267\" srcset=\"https:\/\/mattressfactory.hu\/wp-content\/uploads\/2022\/05\/PS-7-ZONE-26-HD-METSZET.png 550w, https:\/\/mattressfactory.hu\/wp-content\/uploads\/2022\/05\/PS-7-ZONE-26-HD-METSZET-300x200.png 300w\" sizes=\"auto, (max-width: 400px) 100vw, 400px\" \/><\/p>\n<ol>\n<li>BAYGARD\u00ae cover (see page 26)<\/li>\n<li>antiallergenic liner<\/li>\n<li>breathable layer<\/li>\n<li>comfortable 4 cm thick layer (density 40 kg\/m\u00b3, pressure 5.0 kPa)<\/li>\n<li>7 zones and top-quality pocket springs (steel) with varying thicknesses, 255 pockets\/m2<\/li>\n<li>comfortable 4 cm thick layer (density 40 kg\/m\u00b3, pressure 5.0 kPa)<\/li>\n<li>3D breathable fabric<\/li>\n<\/ol>\n<p>&nbsp;<\/p>\n<p><img loading=\"lazy\" decoding=\"async\" class=\"alignleft wp-image-136 size-square\" src=\"https:\/\/mattressfactory.hu\/wp-content\/uploads\/2022\/05\/baygard-180x180.jpeg\" alt=\"baygard\" width=\"180\" height=\"180\" srcset=\"https:\/\/mattressfactory.hu\/wp-content\/uploads\/2022\/05\/baygard-180x180.jpeg 180w, https:\/\/mattressfactory.hu\/wp-content\/uploads\/2022\/05\/baygard-100x100.jpeg 100w, https:\/\/mattressfactory.hu\/wp-content\/uploads\/2022\/05\/baygard.jpeg 300w, https:\/\/mattressfactory.hu\/wp-content\/uploads\/2022\/05\/baygard-80x80.jpeg 80w, https:\/\/mattressfactory.hu\/wp-content\/uploads\/2022\/05\/baygard-36x36.jpeg 36w\" sizes=\"auto, (max-width: 180px) 100vw, 180px\" \/><\/p>\n<p><strong>BAYGARD\u00ae\u00a0 FABRIC<\/strong><br \/>\nIt provides long-lasting protection against dust mites and has water-repellent properties. The fibers of the cover material are covered with an invisible anti-fouling protective layer, which prevents the fabric from fading and sticking together, thereby ensuring proper ventilation.<\/p>\n","protected":false},"excerpt":{"rendered":"<ul>\n<li>Height: 26 cm<\/li>\n<li>Max. weight capacity: 140 kg<\/li>\n<li>Warranty: 10 years<\/li>\n<li>Can be delivered open (wrapped in nylon)<\/li>\n<\/ul>\n","protected":false},"featured_media":412,"comment_status":"closed","ping_status":"closed","template":"","meta":{"inline_featured_image":false},"product_cat":[49,56,58],"product_tag":[],"class_list":["post-956","product","type-product","status-publish","has-post-thumbnail","hentry","product_cat-mattresses","product_cat-premium-mattresses","product_cat-spring-mattresses"],"yoast_head":"<!-- This site is optimized with the Yoast SEO plugin v20.5 - https:\/\/yoast.com\/wordpress\/plugins\/seo\/ -->\n<title>PS 7 Zone 26 HD - Best Dream<\/title>\n<meta name=\"description\" content=\"The mattress perfectly adjusts to body contours and features 255 premium quality springs\/m\u00b2 and a comfortable and highly flexible layer (40 kg\/m\u00b3) of antiallergenic cold foam BAYGARD, with 3D breathable fabric parts on the sides for healthy and undisturbed sleep.\" \/>\n<meta name=\"robots\" content=\"index, follow, max-snippet:-1, max-image-preview:large, max-video-preview:-1\" \/>\n<link rel=\"canonical\" href=\"https:\/\/mattressfactory.hu\/en\/termek\/ps-7-zone-26-hd\/\" \/>\n<meta property=\"og:locale\" content=\"en_US\" \/>\n<meta property=\"og:type\" content=\"article\" \/>\n<meta property=\"og:title\" content=\"PS 7 Zone 26 HD - Best Dream\" \/>\n<meta property=\"og:description\" content=\"The mattress perfectly adjusts to body contours and features 255 premium quality springs\/m\u00b2 and a comfortable and highly flexible layer (40 kg\/m\u00b3) of antiallergenic cold foam BAYGARD, with 3D breathable fabric parts on the sides for healthy and undisturbed sleep.\" \/>\n<meta property=\"og:url\" content=\"https:\/\/mattressfactory.hu\/en\/termek\/ps-7-zone-26-hd\/\" \/>\n<meta property=\"og:site_name\" content=\"Best Dream\" \/>\n<meta property=\"article:modified_time\" content=\"2022-07-01T12:19:19+00:00\" \/>\n<meta property=\"og:image\" content=\"https:\/\/mattressfactory.hu\/wp-content\/uploads\/2022\/05\/PS-7-ZONE-26-HR_HD.png\" \/>\n\t<meta property=\"og:image:width\" content=\"2304\" \/>\n\t<meta property=\"og:image:height\" content=\"1536\" \/>\n\t<meta property=\"og:image:type\" content=\"image\/png\" \/>\n<meta name=\"twitter:card\" content=\"summary_large_image\" \/>\n<meta name=\"twitter:label1\" content=\"Est. reading time\" \/>\n\t<meta name=\"twitter:data1\" content=\"2 minutes\" \/>\n<script type=\"application\/ld+json\" class=\"yoast-schema-graph\">{\"@context\":\"https:\/\/schema.org\",\"@graph\":[{\"@type\":\"WebPage\",\"@id\":\"https:\/\/mattressfactory.hu\/en\/termek\/ps-7-zone-26-hd\/\",\"url\":\"https:\/\/mattressfactory.hu\/en\/termek\/ps-7-zone-26-hd\/\",\"name\":\"PS 7 Zone 26 HD - Best Dream\",\"isPartOf\":{\"@id\":\"https:\/\/mattressfactory.hu\/#website\"},\"datePublished\":\"2022-05-24T08:18:23+00:00\",\"dateModified\":\"2022-07-01T12:19:19+00:00\",\"description\":\"The mattress perfectly adjusts to body contours and features 255 premium quality springs\/m\u00b2 and a comfortable and highly flexible layer (40 kg\/m\u00b3) of antiallergenic cold foam BAYGARD, with 3D breathable fabric parts on the sides for healthy and undisturbed sleep.\",\"breadcrumb\":{\"@id\":\"https:\/\/mattressfactory.hu\/en\/termek\/ps-7-zone-26-hd\/#breadcrumb\"},\"inLanguage\":\"en-US\",\"potentialAction\":[{\"@type\":\"ReadAction\",\"target\":[\"https:\/\/mattressfactory.hu\/en\/termek\/ps-7-zone-26-hd\/\"]}]},{\"@type\":\"BreadcrumbList\",\"@id\":\"https:\/\/mattressfactory.hu\/en\/termek\/ps-7-zone-26-hd\/#breadcrumb\",\"itemListElement\":[{\"@type\":\"ListItem\",\"position\":1,\"name\":\"\u00dczlet\",\"item\":\"https:\/\/mattressfactory.hu\/uzlet\/\"},{\"@type\":\"ListItem\",\"position\":2,\"name\":\"PS 7 Zone 26 HD\"}]},{\"@type\":\"WebSite\",\"@id\":\"https:\/\/mattressfactory.hu\/#website\",\"url\":\"https:\/\/mattressfactory.hu\/\",\"name\":\"Best Dream\",\"description\":\"Matracok, p\u00e1rn\u00e1k a t\u00f6k\u00e9letes alv\u00e1s\u00e9rt\",\"potentialAction\":[{\"@type\":\"SearchAction\",\"target\":{\"@type\":\"EntryPoint\",\"urlTemplate\":\"https:\/\/mattressfactory.hu\/?s={search_term_string}\"},\"query-input\":\"required name=search_term_string\"}],\"inLanguage\":\"en-US\"}]}<\/script>\n<!-- \/ Yoast SEO plugin. -->","yoast_head_json":{"title":"PS 7 Zone 26 HD - Best Dream","description":"The mattress perfectly adjusts to body contours and features 255 premium quality springs\/m\u00b2 and a comfortable and highly flexible layer (40 kg\/m\u00b3) of antiallergenic cold foam BAYGARD, with 3D breathable fabric parts on the sides for healthy and undisturbed sleep.","robots":{"index":"index","follow":"follow","max-snippet":"max-snippet:-1","max-image-preview":"max-image-preview:large","max-video-preview":"max-video-preview:-1"},"canonical":"https:\/\/mattressfactory.hu\/en\/termek\/ps-7-zone-26-hd\/","og_locale":"en_US","og_type":"article","og_title":"PS 7 Zone 26 HD - Best Dream","og_description":"The mattress perfectly adjusts to body contours and features 255 premium quality springs\/m\u00b2 and a comfortable and highly flexible layer (40 kg\/m\u00b3) of antiallergenic cold foam BAYGARD, with 3D breathable fabric parts on the sides for healthy and undisturbed sleep.","og_url":"https:\/\/mattressfactory.hu\/en\/termek\/ps-7-zone-26-hd\/","og_site_name":"Best Dream","article_modified_time":"2022-07-01T12:19:19+00:00","og_image":[{"width":2304,"height":1536,"url":"https:\/\/mattressfactory.hu\/wp-content\/uploads\/2022\/05\/PS-7-ZONE-26-HR_HD.png","type":"image\/png"}],"twitter_card":"summary_large_image","twitter_misc":{"Est. reading time":"2 minutes"},"schema":{"@context":"https:\/\/schema.org","@graph":[{"@type":"WebPage","@id":"https:\/\/mattressfactory.hu\/en\/termek\/ps-7-zone-26-hd\/","url":"https:\/\/mattressfactory.hu\/en\/termek\/ps-7-zone-26-hd\/","name":"PS 7 Zone 26 HD - Best Dream","isPartOf":{"@id":"https:\/\/mattressfactory.hu\/#website"},"datePublished":"2022-05-24T08:18:23+00:00","dateModified":"2022-07-01T12:19:19+00:00","description":"The mattress perfectly adjusts to body contours and features 255 premium quality springs\/m\u00b2 and a comfortable and highly flexible layer (40 kg\/m\u00b3) of antiallergenic cold foam BAYGARD, with 3D breathable fabric parts on the sides for healthy and undisturbed sleep.","breadcrumb":{"@id":"https:\/\/mattressfactory.hu\/en\/termek\/ps-7-zone-26-hd\/#breadcrumb"},"inLanguage":"en-US","potentialAction":[{"@type":"ReadAction","target":["https:\/\/mattressfactory.hu\/en\/termek\/ps-7-zone-26-hd\/"]}]},{"@type":"BreadcrumbList","@id":"https:\/\/mattressfactory.hu\/en\/termek\/ps-7-zone-26-hd\/#breadcrumb","itemListElement":[{"@type":"ListItem","position":1,"name":"\u00dczlet","item":"https:\/\/mattressfactory.hu\/uzlet\/"},{"@type":"ListItem","position":2,"name":"PS 7 Zone 26 HD"}]},{"@type":"WebSite","@id":"https:\/\/mattressfactory.hu\/#website","url":"https:\/\/mattressfactory.hu\/","name":"Best Dream","description":"Matracok, p\u00e1rn\u00e1k a t\u00f6k\u00e9letes alv\u00e1s\u00e9rt","potentialAction":[{"@type":"SearchAction","target":{"@type":"EntryPoint","urlTemplate":"https:\/\/mattressfactory.hu\/?s={search_term_string}"},"query-input":"required name=search_term_string"}],"inLanguage":"en-US"}]}},"_links":{"self":[{"href":"https:\/\/mattressfactory.hu\/en\/wp-json\/wp\/v2\/product\/956","targetHints":{"allow":["GET"]}}],"collection":[{"href":"https:\/\/mattressfactory.hu\/en\/wp-json\/wp\/v2\/product"}],"about":[{"href":"https:\/\/mattressfactory.hu\/en\/wp-json\/wp\/v2\/types\/product"}],"replies":[{"embeddable":true,"href":"https:\/\/mattressfactory.hu\/en\/wp-json\/wp\/v2\/comments?post=956"}],"wp:featuredmedia":[{"embeddable":true,"href":"https:\/\/mattressfactory.hu\/en\/wp-json\/wp\/v2\/media\/412"}],"wp:attachment":[{"href":"https:\/\/mattressfactory.hu\/en\/wp-json\/wp\/v2\/media?parent=956"}],"wp:term":[{"taxonomy":"product_cat","embeddable":true,"href":"https:\/\/mattressfactory.hu\/en\/wp-json\/wp\/v2\/product_cat?post=956"},{"taxonomy":"product_tag","embeddable":true,"href":"https:\/\/mattressfactory.hu\/en\/wp-json\/wp\/v2\/product_tag?post=956"}],"curies":[{"name":"wp","href":"https:\/\/api.w.org\/{rel}","templated":true}]}}