{"id":953,"date":"2022-05-24T11:32:42","date_gmt":"2022-05-24T09:32:42","guid":{"rendered":"https:\/\/mattressfactory.hu\/termek\/bambino\/"},"modified":"2022-07-01T13:36:55","modified_gmt":"2022-07-01T11:36:55","slug":"bambino","status":"publish","type":"product","link":"https:\/\/mattressfactory.hu\/en\/termek\/bambino\/","title":{"rendered":"Bambino"},"content":{"rendered":"<p>Excellent orthopedic mattress for children. It is made of a cold foam of dual stiffness that adapts to the weight and body of the child. The soft side is optimal in the younger, while the harder side in the older age of child. Superbly supports proper anatomical posture of the body and back. It is warm and provides perfect comfort for the child\u2019s development. The mattress is available for girls in pink and for boys in the blue version.<\/p>\n<p><img loading=\"lazy\" decoding=\"async\" class=\"alignnone wp-image-163\" src=\"https:\/\/mattressfactory.hu\/wp-content\/uploads\/2022\/05\/BAMBINO-METSZET.png\" alt=\"bambino matrac\" width=\"400\" height=\"277\" srcset=\"https:\/\/mattressfactory.hu\/wp-content\/uploads\/2022\/05\/BAMBINO-METSZET.png 1024w, https:\/\/mattressfactory.hu\/wp-content\/uploads\/2022\/05\/BAMBINO-METSZET-300x208.png 300w, https:\/\/mattressfactory.hu\/wp-content\/uploads\/2022\/05\/BAMBINO-METSZET-600x416.png 600w, https:\/\/mattressfactory.hu\/wp-content\/uploads\/2022\/05\/BAMBINO-METSZET-768x533.png 768w, https:\/\/mattressfactory.hu\/wp-content\/uploads\/2022\/05\/BAMBINO-METSZET-705x489.png 705w\" sizes=\"auto, (max-width: 400px) 100vw, 400px\" \/><\/p>\n<ol>\n<li>The cover is removable and washable at 60 \u00b0C<\/li>\n<li>The density of polyurethane core is 28 kg\/m\u00b3 (0-2 years)<\/li>\n<li>The density of polyurethane core is 30 kg\/m\u00b3 (2-5 years)<\/li>\n<\/ol>\n<p><img loading=\"lazy\" decoding=\"async\" class=\"alignnone wp-image-164 size-square\" src=\"https:\/\/mattressfactory.hu\/wp-content\/uploads\/2022\/05\/bambino_kek-180x180.jpeg\" alt=\"bambino matrac\" width=\"180\" height=\"180\" srcset=\"https:\/\/mattressfactory.hu\/wp-content\/uploads\/2022\/05\/bambino_kek-180x180.jpeg 180w, https:\/\/mattressfactory.hu\/wp-content\/uploads\/2022\/05\/bambino_kek-100x100.jpeg 100w, https:\/\/mattressfactory.hu\/wp-content\/uploads\/2022\/05\/bambino_kek.jpeg 300w, https:\/\/mattressfactory.hu\/wp-content\/uploads\/2022\/05\/bambino_kek-80x80.jpeg 80w, https:\/\/mattressfactory.hu\/wp-content\/uploads\/2022\/05\/bambino_kek-36x36.jpeg 36w\" sizes=\"auto, (max-width: 180px) 100vw, 180px\" \/> <img loading=\"lazy\" decoding=\"async\" class=\"alignnone wp-image-165 size-square\" src=\"https:\/\/mattressfactory.hu\/wp-content\/uploads\/2022\/05\/bambino_rozsaszin-180x180.jpeg\" alt=\"bambino matrac\" width=\"180\" height=\"180\" srcset=\"https:\/\/mattressfactory.hu\/wp-content\/uploads\/2022\/05\/bambino_rozsaszin-180x180.jpeg 180w, https:\/\/mattressfactory.hu\/wp-content\/uploads\/2022\/05\/bambino_rozsaszin-100x100.jpeg 100w, https:\/\/mattressfactory.hu\/wp-content\/uploads\/2022\/05\/bambino_rozsaszin.jpeg 300w, https:\/\/mattressfactory.hu\/wp-content\/uploads\/2022\/05\/bambino_rozsaszin-80x80.jpeg 80w, https:\/\/mattressfactory.hu\/wp-content\/uploads\/2022\/05\/bambino_rozsaszin-36x36.jpeg 36w\" sizes=\"auto, (max-width: 180px) 100vw, 180px\" \/><\/p>\n","protected":false},"excerpt":{"rendered":"<ul>\n<li>Height: 12 cm<\/li>\n<li>Available colors: pink or blue<\/li>\n<li>Vacuum packed (for easier transportability)<\/li>\n<li>Warranty: 5 years<\/li>\n<\/ul>\n","protected":false},"featured_media":426,"comment_status":"closed","ping_status":"closed","template":"","meta":{"inline_featured_image":false},"product_cat":[49,52],"product_tag":[],"class_list":["post-953","product","type-product","status-publish","has-post-thumbnail","hentry","product_cat-mattresses","product_cat-mattresses-for-children"],"yoast_head":"<!-- This site is optimized with the Yoast SEO plugin v20.5 - https:\/\/yoast.com\/wordpress\/plugins\/seo\/ -->\n<title>Bambino - Best Dream<\/title>\n<meta name=\"description\" content=\"Excellent orthopedic mattress for children. It is made of a cold foam of dual stiffness that adapts to the weight and body of the child.\" \/>\n<meta name=\"robots\" content=\"index, follow, max-snippet:-1, max-image-preview:large, max-video-preview:-1\" \/>\n<link rel=\"canonical\" href=\"https:\/\/mattressfactory.hu\/en\/termek\/bambino\/\" \/>\n<meta property=\"og:locale\" content=\"en_US\" \/>\n<meta property=\"og:type\" content=\"article\" \/>\n<meta property=\"og:title\" content=\"Bambino - Best Dream\" \/>\n<meta property=\"og:description\" content=\"Excellent orthopedic mattress for children. It is made of a cold foam of dual stiffness that adapts to the weight and body of the child.\" \/>\n<meta property=\"og:url\" content=\"https:\/\/mattressfactory.hu\/en\/termek\/bambino\/\" \/>\n<meta property=\"og:site_name\" content=\"Best Dream\" \/>\n<meta property=\"article:modified_time\" content=\"2022-07-01T11:36:55+00:00\" \/>\n<meta property=\"og:image\" content=\"https:\/\/mattressfactory.hu\/wp-content\/uploads\/2022\/05\/BAMBINO-KEK-ROZSASZIN.png\" \/>\n\t<meta property=\"og:image:width\" content=\"1024\" \/>\n\t<meta property=\"og:image:height\" content=\"683\" \/>\n\t<meta property=\"og:image:type\" content=\"image\/png\" \/>\n<meta name=\"twitter:card\" content=\"summary_large_image\" \/>\n<meta name=\"twitter:label1\" content=\"Est. reading time\" \/>\n\t<meta name=\"twitter:data1\" content=\"2 minutes\" \/>\n<script type=\"application\/ld+json\" class=\"yoast-schema-graph\">{\"@context\":\"https:\/\/schema.org\",\"@graph\":[{\"@type\":\"WebPage\",\"@id\":\"https:\/\/mattressfactory.hu\/en\/termek\/bambino\/\",\"url\":\"https:\/\/mattressfactory.hu\/en\/termek\/bambino\/\",\"name\":\"Bambino - Best Dream\",\"isPartOf\":{\"@id\":\"https:\/\/mattressfactory.hu\/#website\"},\"datePublished\":\"2022-05-24T09:32:42+00:00\",\"dateModified\":\"2022-07-01T11:36:55+00:00\",\"description\":\"Excellent orthopedic mattress for children. It is made of a cold foam of dual stiffness that adapts to the weight and body of the child.\",\"breadcrumb\":{\"@id\":\"https:\/\/mattressfactory.hu\/en\/termek\/bambino\/#breadcrumb\"},\"inLanguage\":\"en-US\",\"potentialAction\":[{\"@type\":\"ReadAction\",\"target\":[\"https:\/\/mattressfactory.hu\/en\/termek\/bambino\/\"]}]},{\"@type\":\"BreadcrumbList\",\"@id\":\"https:\/\/mattressfactory.hu\/en\/termek\/bambino\/#breadcrumb\",\"itemListElement\":[{\"@type\":\"ListItem\",\"position\":1,\"name\":\"\u00dczlet\",\"item\":\"https:\/\/mattressfactory.hu\/uzlet\/\"},{\"@type\":\"ListItem\",\"position\":2,\"name\":\"Bambino\"}]},{\"@type\":\"WebSite\",\"@id\":\"https:\/\/mattressfactory.hu\/#website\",\"url\":\"https:\/\/mattressfactory.hu\/\",\"name\":\"Best Dream\",\"description\":\"Matracok, p\u00e1rn\u00e1k a t\u00f6k\u00e9letes alv\u00e1s\u00e9rt\",\"potentialAction\":[{\"@type\":\"SearchAction\",\"target\":{\"@type\":\"EntryPoint\",\"urlTemplate\":\"https:\/\/mattressfactory.hu\/?s={search_term_string}\"},\"query-input\":\"required name=search_term_string\"}],\"inLanguage\":\"en-US\"}]}<\/script>\n<!-- \/ Yoast SEO plugin. -->","yoast_head_json":{"title":"Bambino - Best Dream","description":"Excellent orthopedic mattress for children. It is made of a cold foam of dual stiffness that adapts to the weight and body of the child.","robots":{"index":"index","follow":"follow","max-snippet":"max-snippet:-1","max-image-preview":"max-image-preview:large","max-video-preview":"max-video-preview:-1"},"canonical":"https:\/\/mattressfactory.hu\/en\/termek\/bambino\/","og_locale":"en_US","og_type":"article","og_title":"Bambino - Best Dream","og_description":"Excellent orthopedic mattress for children. It is made of a cold foam of dual stiffness that adapts to the weight and body of the child.","og_url":"https:\/\/mattressfactory.hu\/en\/termek\/bambino\/","og_site_name":"Best Dream","article_modified_time":"2022-07-01T11:36:55+00:00","og_image":[{"width":1024,"height":683,"url":"https:\/\/mattressfactory.hu\/wp-content\/uploads\/2022\/05\/BAMBINO-KEK-ROZSASZIN.png","type":"image\/png"}],"twitter_card":"summary_large_image","twitter_misc":{"Est. reading time":"2 minutes"},"schema":{"@context":"https:\/\/schema.org","@graph":[{"@type":"WebPage","@id":"https:\/\/mattressfactory.hu\/en\/termek\/bambino\/","url":"https:\/\/mattressfactory.hu\/en\/termek\/bambino\/","name":"Bambino - Best Dream","isPartOf":{"@id":"https:\/\/mattressfactory.hu\/#website"},"datePublished":"2022-05-24T09:32:42+00:00","dateModified":"2022-07-01T11:36:55+00:00","description":"Excellent orthopedic mattress for children. It is made of a cold foam of dual stiffness that adapts to the weight and body of the child.","breadcrumb":{"@id":"https:\/\/mattressfactory.hu\/en\/termek\/bambino\/#breadcrumb"},"inLanguage":"en-US","potentialAction":[{"@type":"ReadAction","target":["https:\/\/mattressfactory.hu\/en\/termek\/bambino\/"]}]},{"@type":"BreadcrumbList","@id":"https:\/\/mattressfactory.hu\/en\/termek\/bambino\/#breadcrumb","itemListElement":[{"@type":"ListItem","position":1,"name":"\u00dczlet","item":"https:\/\/mattressfactory.hu\/uzlet\/"},{"@type":"ListItem","position":2,"name":"Bambino"}]},{"@type":"WebSite","@id":"https:\/\/mattressfactory.hu\/#website","url":"https:\/\/mattressfactory.hu\/","name":"Best Dream","description":"Matracok, p\u00e1rn\u00e1k a t\u00f6k\u00e9letes alv\u00e1s\u00e9rt","potentialAction":[{"@type":"SearchAction","target":{"@type":"EntryPoint","urlTemplate":"https:\/\/mattressfactory.hu\/?s={search_term_string}"},"query-input":"required name=search_term_string"}],"inLanguage":"en-US"}]}},"_links":{"self":[{"href":"https:\/\/mattressfactory.hu\/en\/wp-json\/wp\/v2\/product\/953","targetHints":{"allow":["GET"]}}],"collection":[{"href":"https:\/\/mattressfactory.hu\/en\/wp-json\/wp\/v2\/product"}],"about":[{"href":"https:\/\/mattressfactory.hu\/en\/wp-json\/wp\/v2\/types\/product"}],"replies":[{"embeddable":true,"href":"https:\/\/mattressfactory.hu\/en\/wp-json\/wp\/v2\/comments?post=953"}],"wp:featuredmedia":[{"embeddable":true,"href":"https:\/\/mattressfactory.hu\/en\/wp-json\/wp\/v2\/media\/426"}],"wp:attachment":[{"href":"https:\/\/mattressfactory.hu\/en\/wp-json\/wp\/v2\/media?parent=953"}],"wp:term":[{"taxonomy":"product_cat","embeddable":true,"href":"https:\/\/mattressfactory.hu\/en\/wp-json\/wp\/v2\/product_cat?post=953"},{"taxonomy":"product_tag","embeddable":true,"href":"https:\/\/mattressfactory.hu\/en\/wp-json\/wp\/v2\/product_tag?post=953"}],"curies":[{"name":"wp","href":"https:\/\/api.w.org\/{rel}","templated":true}]}}