{"id":952,"date":"2022-05-24T11:35:47","date_gmt":"2022-05-24T09:35:47","guid":{"rendered":"https:\/\/mattressfactory.hu\/termek\/memory-topper\/"},"modified":"2022-07-01T13:23:18","modified_gmt":"2022-07-01T11:23:18","slug":"memory-topper","status":"publish","type":"product","link":"https:\/\/mattressfactory.hu\/en\/termek\/memory-topper\/","title":{"rendered":"Memory Topper"},"content":{"rendered":"<p><img loading=\"lazy\" decoding=\"async\" class=\"size-square wp-image-137 alignright\" src=\"https:\/\/mattressfactory.hu\/wp-content\/uploads\/2022\/05\/memory_kez_korben-180x180.png\" alt=\"memory hab\" width=\"180\" height=\"180\" srcset=\"https:\/\/mattressfactory.hu\/wp-content\/uploads\/2022\/05\/memory_kez_korben-180x180.png 180w, https:\/\/mattressfactory.hu\/wp-content\/uploads\/2022\/05\/memory_kez_korben-100x100.png 100w, https:\/\/mattressfactory.hu\/wp-content\/uploads\/2022\/05\/memory_kez_korben-80x80.png 80w, https:\/\/mattressfactory.hu\/wp-content\/uploads\/2022\/05\/memory_kez_korben-36x36.png 36w, https:\/\/mattressfactory.hu\/wp-content\/uploads\/2022\/05\/memory_kez_korben.png 234w\" sizes=\"auto, (max-width: 180px) 100vw, 180px\" \/><\/p>\n<p>Memory Topper has been developed to increase the comfort of sleep and to improve hard or otherwise unpleasant surfaces. Without a need for a mattress replacement, this Memory Topper makes for better higher quality sleep. The 4 cm memory foam has a density of 50 kg\/m\u00b3 and perfectly adapts to the body. It optimally stabilizes the bed.<\/p>\n<p>The mattress cover is anti-allergenic, removable, and washable.<\/p>\n<p>(The hue of the cloth and its way of incorporation may differ from the pattern used in the picture.)<\/p>\n","protected":false},"excerpt":{"rendered":"<ul>\n<li>Height: 4cm<\/li>\n<li>Memory density: 50 kg\/m3<\/li>\n<li>Washable at max.40\u00b0C<\/li>\n<li>Vacuum packed (for easier transportability)<\/li>\n<\/ul>\n","protected":false},"featured_media":428,"comment_status":"closed","ping_status":"closed","template":"","meta":{"inline_featured_image":false},"product_cat":[51],"product_tag":[],"class_list":["post-952","product","type-product","status-publish","has-post-thumbnail","hentry","product_cat-cover-mattresss"],"yoast_head":"<!-- This site is optimized with the Yoast SEO plugin v20.5 - https:\/\/yoast.com\/wordpress\/plugins\/seo\/ -->\n<title>Memory Topper - Best Dream<\/title>\n<meta name=\"description\" content=\"Memory Topper has been developed to increase the comfort of sleep and to improve hard or otherwise unpleasant surfaces.\" \/>\n<meta name=\"robots\" content=\"index, follow, max-snippet:-1, max-image-preview:large, max-video-preview:-1\" \/>\n<link rel=\"canonical\" href=\"https:\/\/mattressfactory.hu\/en\/termek\/memory-topper\/\" \/>\n<meta property=\"og:locale\" content=\"en_US\" \/>\n<meta property=\"og:type\" content=\"article\" \/>\n<meta property=\"og:title\" content=\"Memory Topper - Best Dream\" \/>\n<meta property=\"og:description\" content=\"Memory Topper has been developed to increase the comfort of sleep and to improve hard or otherwise unpleasant surfaces.\" \/>\n<meta property=\"og:url\" content=\"https:\/\/mattressfactory.hu\/en\/termek\/memory-topper\/\" \/>\n<meta property=\"og:site_name\" content=\"Best Dream\" \/>\n<meta property=\"article:modified_time\" content=\"2022-07-01T11:23:18+00:00\" \/>\n<meta property=\"og:image\" content=\"https:\/\/mattressfactory.hu\/wp-content\/uploads\/2022\/05\/MEMORY_TOPPER.png\" \/>\n\t<meta property=\"og:image:width\" content=\"1024\" \/>\n\t<meta property=\"og:image:height\" content=\"683\" \/>\n\t<meta property=\"og:image:type\" content=\"image\/png\" \/>\n<meta name=\"twitter:card\" content=\"summary_large_image\" \/>\n<meta name=\"twitter:label1\" content=\"Est. reading time\" \/>\n\t<meta name=\"twitter:data1\" content=\"1 minute\" \/>\n<script type=\"application\/ld+json\" class=\"yoast-schema-graph\">{\"@context\":\"https:\/\/schema.org\",\"@graph\":[{\"@type\":\"WebPage\",\"@id\":\"https:\/\/mattressfactory.hu\/en\/termek\/memory-topper\/\",\"url\":\"https:\/\/mattressfactory.hu\/en\/termek\/memory-topper\/\",\"name\":\"Memory Topper - Best Dream\",\"isPartOf\":{\"@id\":\"https:\/\/mattressfactory.hu\/#website\"},\"datePublished\":\"2022-05-24T09:35:47+00:00\",\"dateModified\":\"2022-07-01T11:23:18+00:00\",\"description\":\"Memory Topper has been developed to increase the comfort of sleep and to improve hard or otherwise unpleasant surfaces.\",\"breadcrumb\":{\"@id\":\"https:\/\/mattressfactory.hu\/en\/termek\/memory-topper\/#breadcrumb\"},\"inLanguage\":\"en-US\",\"potentialAction\":[{\"@type\":\"ReadAction\",\"target\":[\"https:\/\/mattressfactory.hu\/en\/termek\/memory-topper\/\"]}]},{\"@type\":\"BreadcrumbList\",\"@id\":\"https:\/\/mattressfactory.hu\/en\/termek\/memory-topper\/#breadcrumb\",\"itemListElement\":[{\"@type\":\"ListItem\",\"position\":1,\"name\":\"\u00dczlet\",\"item\":\"https:\/\/mattressfactory.hu\/uzlet\/\"},{\"@type\":\"ListItem\",\"position\":2,\"name\":\"Memory Topper\"}]},{\"@type\":\"WebSite\",\"@id\":\"https:\/\/mattressfactory.hu\/#website\",\"url\":\"https:\/\/mattressfactory.hu\/\",\"name\":\"Best Dream\",\"description\":\"Matracok, p\u00e1rn\u00e1k a t\u00f6k\u00e9letes alv\u00e1s\u00e9rt\",\"potentialAction\":[{\"@type\":\"SearchAction\",\"target\":{\"@type\":\"EntryPoint\",\"urlTemplate\":\"https:\/\/mattressfactory.hu\/?s={search_term_string}\"},\"query-input\":\"required name=search_term_string\"}],\"inLanguage\":\"en-US\"}]}<\/script>\n<!-- \/ Yoast SEO plugin. -->","yoast_head_json":{"title":"Memory Topper - Best Dream","description":"Memory Topper has been developed to increase the comfort of sleep and to improve hard or otherwise unpleasant surfaces.","robots":{"index":"index","follow":"follow","max-snippet":"max-snippet:-1","max-image-preview":"max-image-preview:large","max-video-preview":"max-video-preview:-1"},"canonical":"https:\/\/mattressfactory.hu\/en\/termek\/memory-topper\/","og_locale":"en_US","og_type":"article","og_title":"Memory Topper - Best Dream","og_description":"Memory Topper has been developed to increase the comfort of sleep and to improve hard or otherwise unpleasant surfaces.","og_url":"https:\/\/mattressfactory.hu\/en\/termek\/memory-topper\/","og_site_name":"Best Dream","article_modified_time":"2022-07-01T11:23:18+00:00","og_image":[{"width":1024,"height":683,"url":"https:\/\/mattressfactory.hu\/wp-content\/uploads\/2022\/05\/MEMORY_TOPPER.png","type":"image\/png"}],"twitter_card":"summary_large_image","twitter_misc":{"Est. reading time":"1 minute"},"schema":{"@context":"https:\/\/schema.org","@graph":[{"@type":"WebPage","@id":"https:\/\/mattressfactory.hu\/en\/termek\/memory-topper\/","url":"https:\/\/mattressfactory.hu\/en\/termek\/memory-topper\/","name":"Memory Topper - Best Dream","isPartOf":{"@id":"https:\/\/mattressfactory.hu\/#website"},"datePublished":"2022-05-24T09:35:47+00:00","dateModified":"2022-07-01T11:23:18+00:00","description":"Memory Topper has been developed to increase the comfort of sleep and to improve hard or otherwise unpleasant surfaces.","breadcrumb":{"@id":"https:\/\/mattressfactory.hu\/en\/termek\/memory-topper\/#breadcrumb"},"inLanguage":"en-US","potentialAction":[{"@type":"ReadAction","target":["https:\/\/mattressfactory.hu\/en\/termek\/memory-topper\/"]}]},{"@type":"BreadcrumbList","@id":"https:\/\/mattressfactory.hu\/en\/termek\/memory-topper\/#breadcrumb","itemListElement":[{"@type":"ListItem","position":1,"name":"\u00dczlet","item":"https:\/\/mattressfactory.hu\/uzlet\/"},{"@type":"ListItem","position":2,"name":"Memory Topper"}]},{"@type":"WebSite","@id":"https:\/\/mattressfactory.hu\/#website","url":"https:\/\/mattressfactory.hu\/","name":"Best Dream","description":"Matracok, p\u00e1rn\u00e1k a t\u00f6k\u00e9letes alv\u00e1s\u00e9rt","potentialAction":[{"@type":"SearchAction","target":{"@type":"EntryPoint","urlTemplate":"https:\/\/mattressfactory.hu\/?s={search_term_string}"},"query-input":"required name=search_term_string"}],"inLanguage":"en-US"}]}},"_links":{"self":[{"href":"https:\/\/mattressfactory.hu\/en\/wp-json\/wp\/v2\/product\/952","targetHints":{"allow":["GET"]}}],"collection":[{"href":"https:\/\/mattressfactory.hu\/en\/wp-json\/wp\/v2\/product"}],"about":[{"href":"https:\/\/mattressfactory.hu\/en\/wp-json\/wp\/v2\/types\/product"}],"replies":[{"embeddable":true,"href":"https:\/\/mattressfactory.hu\/en\/wp-json\/wp\/v2\/comments?post=952"}],"wp:featuredmedia":[{"embeddable":true,"href":"https:\/\/mattressfactory.hu\/en\/wp-json\/wp\/v2\/media\/428"}],"wp:attachment":[{"href":"https:\/\/mattressfactory.hu\/en\/wp-json\/wp\/v2\/media?parent=952"}],"wp:term":[{"taxonomy":"product_cat","embeddable":true,"href":"https:\/\/mattressfactory.hu\/en\/wp-json\/wp\/v2\/product_cat?post=952"},{"taxonomy":"product_tag","embeddable":true,"href":"https:\/\/mattressfactory.hu\/en\/wp-json\/wp\/v2\/product_tag?post=952"}],"curies":[{"name":"wp","href":"https:\/\/api.w.org\/{rel}","templated":true}]}}