{"id":950,"date":"2022-05-24T11:40:58","date_gmt":"2022-05-24T09:40:58","guid":{"rendered":"https:\/\/mattressfactory.hu\/termek\/gel-latex-topper\/"},"modified":"2022-07-01T13:17:53","modified_gmt":"2022-07-01T11:17:53","slug":"gel-latex-topper","status":"publish","type":"product","link":"https:\/\/mattressfactory.hu\/en\/termek\/gel-latex-topper\/","title":{"rendered":"Gel Latex Topper"},"content":{"rendered":"<p><img loading=\"lazy\" decoding=\"async\" class=\"wp-image-170 size-full alignright\" src=\"https:\/\/mattressfactory.hu\/wp-content\/uploads\/2022\/05\/COOLING_latex_2019-150x150-1.png\" alt=\"Gel Latex Topper\" width=\"150\" height=\"150\" srcset=\"https:\/\/mattressfactory.hu\/wp-content\/uploads\/2022\/05\/COOLING_latex_2019-150x150-1.png 150w, https:\/\/mattressfactory.hu\/wp-content\/uploads\/2022\/05\/COOLING_latex_2019-150x150-1-100x100.png 100w, https:\/\/mattressfactory.hu\/wp-content\/uploads\/2022\/05\/COOLING_latex_2019-150x150-1-80x80.png 80w, https:\/\/mattressfactory.hu\/wp-content\/uploads\/2022\/05\/COOLING_latex_2019-150x150-1-36x36.png 36w\" sizes=\"auto, (max-width: 150px) 100vw, 150px\" \/><\/p>\n<p>Gel particles contained in the latex gel foam with excellent thermoregulation properties provide a cooler and fresher feeling while you are lying in the bed, reduce moisture absorption and topper openings ensure excellent ventilation.<\/p>\n","protected":false},"excerpt":{"rendered":"<ul>\n<li>Height: 4cm<\/li>\n<li>Latex density: 65 kg\/m3<\/li>\n<li>Washable at max. 40\u00b0C<\/li>\n<li>Vacuum packed (for easier transportability)<\/li>\n<\/ul>\n","protected":false},"featured_media":432,"comment_status":"closed","ping_status":"closed","template":"","meta":{"inline_featured_image":false},"product_cat":[51],"product_tag":[],"class_list":["post-950","product","type-product","status-publish","has-post-thumbnail","hentry","product_cat-cover-mattresss"],"yoast_head":"<!-- This site is optimized with the Yoast SEO plugin v20.5 - https:\/\/yoast.com\/wordpress\/plugins\/seo\/ -->\n<title>Gel Latex Topper - Best Dream<\/title>\n<meta name=\"description\" content=\"Gel particles contained in the latex gel foam with excellent thermoregulation properties provide a cooler and fresher feeling while you are lying in the bed, reduce moisture absorption and topper openings ensure excellent ventilation.\" \/>\n<meta name=\"robots\" content=\"index, follow, max-snippet:-1, max-image-preview:large, max-video-preview:-1\" \/>\n<link rel=\"canonical\" href=\"https:\/\/mattressfactory.hu\/en\/termek\/gel-latex-topper\/\" \/>\n<meta property=\"og:locale\" content=\"en_US\" \/>\n<meta property=\"og:type\" content=\"article\" \/>\n<meta property=\"og:title\" content=\"Gel Latex Topper - Best Dream\" \/>\n<meta property=\"og:description\" content=\"Gel particles contained in the latex gel foam with excellent thermoregulation properties provide a cooler and fresher feeling while you are lying in the bed, reduce moisture absorption and topper openings ensure excellent ventilation.\" \/>\n<meta property=\"og:url\" content=\"https:\/\/mattressfactory.hu\/en\/termek\/gel-latex-topper\/\" \/>\n<meta property=\"og:site_name\" content=\"Best Dream\" \/>\n<meta property=\"article:modified_time\" content=\"2022-07-01T11:17:53+00:00\" \/>\n<meta property=\"og:image\" content=\"https:\/\/mattressfactory.hu\/wp-content\/uploads\/2022\/05\/GEL-LATEX-TOPPER.png\" \/>\n\t<meta property=\"og:image:width\" content=\"750\" \/>\n\t<meta property=\"og:image:height\" content=\"500\" \/>\n\t<meta property=\"og:image:type\" content=\"image\/png\" \/>\n<meta name=\"twitter:card\" content=\"summary_large_image\" \/>\n<meta name=\"twitter:label1\" content=\"Est. reading time\" \/>\n\t<meta name=\"twitter:data1\" content=\"1 minute\" \/>\n<script type=\"application\/ld+json\" class=\"yoast-schema-graph\">{\"@context\":\"https:\/\/schema.org\",\"@graph\":[{\"@type\":\"WebPage\",\"@id\":\"https:\/\/mattressfactory.hu\/en\/termek\/gel-latex-topper\/\",\"url\":\"https:\/\/mattressfactory.hu\/en\/termek\/gel-latex-topper\/\",\"name\":\"Gel Latex Topper - Best Dream\",\"isPartOf\":{\"@id\":\"https:\/\/mattressfactory.hu\/#website\"},\"datePublished\":\"2022-05-24T09:40:58+00:00\",\"dateModified\":\"2022-07-01T11:17:53+00:00\",\"description\":\"Gel particles contained in the latex gel foam with excellent thermoregulation properties provide a cooler and fresher feeling while you are lying in the bed, reduce moisture absorption and topper openings ensure excellent ventilation.\",\"breadcrumb\":{\"@id\":\"https:\/\/mattressfactory.hu\/en\/termek\/gel-latex-topper\/#breadcrumb\"},\"inLanguage\":\"en-US\",\"potentialAction\":[{\"@type\":\"ReadAction\",\"target\":[\"https:\/\/mattressfactory.hu\/en\/termek\/gel-latex-topper\/\"]}]},{\"@type\":\"BreadcrumbList\",\"@id\":\"https:\/\/mattressfactory.hu\/en\/termek\/gel-latex-topper\/#breadcrumb\",\"itemListElement\":[{\"@type\":\"ListItem\",\"position\":1,\"name\":\"\u00dczlet\",\"item\":\"https:\/\/mattressfactory.hu\/uzlet\/\"},{\"@type\":\"ListItem\",\"position\":2,\"name\":\"Gel Latex Topper\"}]},{\"@type\":\"WebSite\",\"@id\":\"https:\/\/mattressfactory.hu\/#website\",\"url\":\"https:\/\/mattressfactory.hu\/\",\"name\":\"Best Dream\",\"description\":\"Matracok, p\u00e1rn\u00e1k a t\u00f6k\u00e9letes alv\u00e1s\u00e9rt\",\"potentialAction\":[{\"@type\":\"SearchAction\",\"target\":{\"@type\":\"EntryPoint\",\"urlTemplate\":\"https:\/\/mattressfactory.hu\/?s={search_term_string}\"},\"query-input\":\"required name=search_term_string\"}],\"inLanguage\":\"en-US\"}]}<\/script>\n<!-- \/ Yoast SEO plugin. -->","yoast_head_json":{"title":"Gel Latex Topper - Best Dream","description":"Gel particles contained in the latex gel foam with excellent thermoregulation properties provide a cooler and fresher feeling while you are lying in the bed, reduce moisture absorption and topper openings ensure excellent ventilation.","robots":{"index":"index","follow":"follow","max-snippet":"max-snippet:-1","max-image-preview":"max-image-preview:large","max-video-preview":"max-video-preview:-1"},"canonical":"https:\/\/mattressfactory.hu\/en\/termek\/gel-latex-topper\/","og_locale":"en_US","og_type":"article","og_title":"Gel Latex Topper - Best Dream","og_description":"Gel particles contained in the latex gel foam with excellent thermoregulation properties provide a cooler and fresher feeling while you are lying in the bed, reduce moisture absorption and topper openings ensure excellent ventilation.","og_url":"https:\/\/mattressfactory.hu\/en\/termek\/gel-latex-topper\/","og_site_name":"Best Dream","article_modified_time":"2022-07-01T11:17:53+00:00","og_image":[{"width":750,"height":500,"url":"https:\/\/mattressfactory.hu\/wp-content\/uploads\/2022\/05\/GEL-LATEX-TOPPER.png","type":"image\/png"}],"twitter_card":"summary_large_image","twitter_misc":{"Est. reading time":"1 minute"},"schema":{"@context":"https:\/\/schema.org","@graph":[{"@type":"WebPage","@id":"https:\/\/mattressfactory.hu\/en\/termek\/gel-latex-topper\/","url":"https:\/\/mattressfactory.hu\/en\/termek\/gel-latex-topper\/","name":"Gel Latex Topper - Best Dream","isPartOf":{"@id":"https:\/\/mattressfactory.hu\/#website"},"datePublished":"2022-05-24T09:40:58+00:00","dateModified":"2022-07-01T11:17:53+00:00","description":"Gel particles contained in the latex gel foam with excellent thermoregulation properties provide a cooler and fresher feeling while you are lying in the bed, reduce moisture absorption and topper openings ensure excellent ventilation.","breadcrumb":{"@id":"https:\/\/mattressfactory.hu\/en\/termek\/gel-latex-topper\/#breadcrumb"},"inLanguage":"en-US","potentialAction":[{"@type":"ReadAction","target":["https:\/\/mattressfactory.hu\/en\/termek\/gel-latex-topper\/"]}]},{"@type":"BreadcrumbList","@id":"https:\/\/mattressfactory.hu\/en\/termek\/gel-latex-topper\/#breadcrumb","itemListElement":[{"@type":"ListItem","position":1,"name":"\u00dczlet","item":"https:\/\/mattressfactory.hu\/uzlet\/"},{"@type":"ListItem","position":2,"name":"Gel Latex Topper"}]},{"@type":"WebSite","@id":"https:\/\/mattressfactory.hu\/#website","url":"https:\/\/mattressfactory.hu\/","name":"Best Dream","description":"Matracok, p\u00e1rn\u00e1k a t\u00f6k\u00e9letes alv\u00e1s\u00e9rt","potentialAction":[{"@type":"SearchAction","target":{"@type":"EntryPoint","urlTemplate":"https:\/\/mattressfactory.hu\/?s={search_term_string}"},"query-input":"required name=search_term_string"}],"inLanguage":"en-US"}]}},"_links":{"self":[{"href":"https:\/\/mattressfactory.hu\/en\/wp-json\/wp\/v2\/product\/950","targetHints":{"allow":["GET"]}}],"collection":[{"href":"https:\/\/mattressfactory.hu\/en\/wp-json\/wp\/v2\/product"}],"about":[{"href":"https:\/\/mattressfactory.hu\/en\/wp-json\/wp\/v2\/types\/product"}],"replies":[{"embeddable":true,"href":"https:\/\/mattressfactory.hu\/en\/wp-json\/wp\/v2\/comments?post=950"}],"wp:featuredmedia":[{"embeddable":true,"href":"https:\/\/mattressfactory.hu\/en\/wp-json\/wp\/v2\/media\/432"}],"wp:attachment":[{"href":"https:\/\/mattressfactory.hu\/en\/wp-json\/wp\/v2\/media?parent=950"}],"wp:term":[{"taxonomy":"product_cat","embeddable":true,"href":"https:\/\/mattressfactory.hu\/en\/wp-json\/wp\/v2\/product_cat?post=950"},{"taxonomy":"product_tag","embeddable":true,"href":"https:\/\/mattressfactory.hu\/en\/wp-json\/wp\/v2\/product_tag?post=950"}],"curies":[{"name":"wp","href":"https:\/\/api.w.org\/{rel}","templated":true}]}}