{"id":945,"date":"2022-05-24T11:48:29","date_gmt":"2022-05-24T09:48:29","guid":{"rendered":"https:\/\/mattressfactory.hu\/termek\/premium-vizzaro-matracvedo\/"},"modified":"2022-07-01T13:13:23","modified_gmt":"2022-07-01T11:13:23","slug":"premium-water-resistant-mattress-protector","status":"publish","type":"product","link":"https:\/\/mattressfactory.hu\/en\/termek\/premium-water-resistant-mattress-protector\/","title":{"rendered":"Premium water-resistant mattress protector"},"content":{"rendered":"<p><img loading=\"lazy\" decoding=\"async\" class=\"size-square wp-image-176 alignleft\" src=\"https:\/\/mattressfactory.hu\/wp-content\/uploads\/2022\/05\/premium-180x180.png\" alt=\"Pr\u00e9mium v\u00edzz\u00e1r\u00f3 matracv\u00e9d\u0151\" width=\"180\" height=\"180\" srcset=\"https:\/\/mattressfactory.hu\/wp-content\/uploads\/2022\/05\/premium-180x180.png 180w, https:\/\/mattressfactory.hu\/wp-content\/uploads\/2022\/05\/premium-100x100.png 100w, https:\/\/mattressfactory.hu\/wp-content\/uploads\/2022\/05\/premium.png 300w, https:\/\/mattressfactory.hu\/wp-content\/uploads\/2022\/05\/premium-80x80.png 80w, https:\/\/mattressfactory.hu\/wp-content\/uploads\/2022\/05\/premium-36x36.png 36w\" sizes=\"auto, (max-width: 180px) 100vw, 180px\" \/><\/p>\n<p>A double protector filled with polyurethane protects the mattress against impurities and significantly extends its service life. All four mattress protector corners feature rubber loops enabling their easy and safe fitting. Thanks to easy cleaning, the protector is especially suitable for families with small children and for taking care of patients.<\/p>\n","protected":false},"excerpt":{"rendered":"<ul>\n<li>Water-resistant and breathable<\/li>\n<li>40 % cotton, 60 % polyester<\/li>\n<li>Antiallergenic<\/li>\n<li>Mite protection<\/li>\n<li>Washable at max. 90\u00b0 C<\/li>\n<li>Material density: 300 g\/m\u00b2<\/li>\n<\/ul>\n","protected":false},"featured_media":440,"comment_status":"closed","ping_status":"closed","template":"","meta":{"inline_featured_image":false},"product_cat":[54],"product_tag":[],"class_list":["post-945","product","type-product","status-publish","has-post-thumbnail","hentry","product_cat-mattress-protectors"],"yoast_head":"<!-- This site is optimized with the Yoast SEO plugin v20.5 - https:\/\/yoast.com\/wordpress\/plugins\/seo\/ -->\n<title>Premium water-resistant mattress protector - Best Dream<\/title>\n<meta name=\"description\" content=\"A double protector filled with polyurethane protects the mattress against impurities and significantly extends its service life.\" \/>\n<meta name=\"robots\" content=\"index, follow, max-snippet:-1, max-image-preview:large, max-video-preview:-1\" \/>\n<link rel=\"canonical\" href=\"https:\/\/mattressfactory.hu\/en\/termek\/premium-water-resistant-mattress-protector\/\" \/>\n<meta property=\"og:locale\" content=\"en_US\" \/>\n<meta property=\"og:type\" content=\"article\" \/>\n<meta property=\"og:title\" content=\"Premium water-resistant mattress protector - Best Dream\" \/>\n<meta property=\"og:description\" content=\"A double protector filled with polyurethane protects the mattress against impurities and significantly extends its service life.\" \/>\n<meta property=\"og:url\" content=\"https:\/\/mattressfactory.hu\/en\/termek\/premium-water-resistant-mattress-protector\/\" \/>\n<meta property=\"og:site_name\" content=\"Best Dream\" \/>\n<meta property=\"article:modified_time\" content=\"2022-07-01T11:13:23+00:00\" \/>\n<meta property=\"og:image\" content=\"https:\/\/mattressfactory.hu\/wp-content\/uploads\/2022\/05\/premiummatracvedo.png\" \/>\n\t<meta property=\"og:image:width\" content=\"750\" \/>\n\t<meta property=\"og:image:height\" content=\"500\" \/>\n\t<meta property=\"og:image:type\" content=\"image\/png\" \/>\n<meta name=\"twitter:card\" content=\"summary_large_image\" \/>\n<meta name=\"twitter:label1\" content=\"Est. reading time\" \/>\n\t<meta name=\"twitter:data1\" content=\"1 minute\" \/>\n<script type=\"application\/ld+json\" class=\"yoast-schema-graph\">{\"@context\":\"https:\/\/schema.org\",\"@graph\":[{\"@type\":\"WebPage\",\"@id\":\"https:\/\/mattressfactory.hu\/en\/termek\/premium-water-resistant-mattress-protector\/\",\"url\":\"https:\/\/mattressfactory.hu\/en\/termek\/premium-water-resistant-mattress-protector\/\",\"name\":\"Premium water-resistant mattress protector - Best Dream\",\"isPartOf\":{\"@id\":\"https:\/\/mattressfactory.hu\/#website\"},\"datePublished\":\"2022-05-24T09:48:29+00:00\",\"dateModified\":\"2022-07-01T11:13:23+00:00\",\"description\":\"A double protector filled with polyurethane protects the mattress against impurities and significantly extends its service life.\",\"breadcrumb\":{\"@id\":\"https:\/\/mattressfactory.hu\/en\/termek\/premium-water-resistant-mattress-protector\/#breadcrumb\"},\"inLanguage\":\"en-US\",\"potentialAction\":[{\"@type\":\"ReadAction\",\"target\":[\"https:\/\/mattressfactory.hu\/en\/termek\/premium-water-resistant-mattress-protector\/\"]}]},{\"@type\":\"BreadcrumbList\",\"@id\":\"https:\/\/mattressfactory.hu\/en\/termek\/premium-water-resistant-mattress-protector\/#breadcrumb\",\"itemListElement\":[{\"@type\":\"ListItem\",\"position\":1,\"name\":\"\u00dczlet\",\"item\":\"https:\/\/mattressfactory.hu\/uzlet\/\"},{\"@type\":\"ListItem\",\"position\":2,\"name\":\"Premium water-resistant mattress protector\"}]},{\"@type\":\"WebSite\",\"@id\":\"https:\/\/mattressfactory.hu\/#website\",\"url\":\"https:\/\/mattressfactory.hu\/\",\"name\":\"Best Dream\",\"description\":\"Matracok, p\u00e1rn\u00e1k a t\u00f6k\u00e9letes alv\u00e1s\u00e9rt\",\"potentialAction\":[{\"@type\":\"SearchAction\",\"target\":{\"@type\":\"EntryPoint\",\"urlTemplate\":\"https:\/\/mattressfactory.hu\/?s={search_term_string}\"},\"query-input\":\"required name=search_term_string\"}],\"inLanguage\":\"en-US\"}]}<\/script>\n<!-- \/ Yoast SEO plugin. -->","yoast_head_json":{"title":"Premium water-resistant mattress protector - Best Dream","description":"A double protector filled with polyurethane protects the mattress against impurities and significantly extends its service life.","robots":{"index":"index","follow":"follow","max-snippet":"max-snippet:-1","max-image-preview":"max-image-preview:large","max-video-preview":"max-video-preview:-1"},"canonical":"https:\/\/mattressfactory.hu\/en\/termek\/premium-water-resistant-mattress-protector\/","og_locale":"en_US","og_type":"article","og_title":"Premium water-resistant mattress protector - Best Dream","og_description":"A double protector filled with polyurethane protects the mattress against impurities and significantly extends its service life.","og_url":"https:\/\/mattressfactory.hu\/en\/termek\/premium-water-resistant-mattress-protector\/","og_site_name":"Best Dream","article_modified_time":"2022-07-01T11:13:23+00:00","og_image":[{"width":750,"height":500,"url":"https:\/\/mattressfactory.hu\/wp-content\/uploads\/2022\/05\/premiummatracvedo.png","type":"image\/png"}],"twitter_card":"summary_large_image","twitter_misc":{"Est. reading time":"1 minute"},"schema":{"@context":"https:\/\/schema.org","@graph":[{"@type":"WebPage","@id":"https:\/\/mattressfactory.hu\/en\/termek\/premium-water-resistant-mattress-protector\/","url":"https:\/\/mattressfactory.hu\/en\/termek\/premium-water-resistant-mattress-protector\/","name":"Premium water-resistant mattress protector - Best Dream","isPartOf":{"@id":"https:\/\/mattressfactory.hu\/#website"},"datePublished":"2022-05-24T09:48:29+00:00","dateModified":"2022-07-01T11:13:23+00:00","description":"A double protector filled with polyurethane protects the mattress against impurities and significantly extends its service life.","breadcrumb":{"@id":"https:\/\/mattressfactory.hu\/en\/termek\/premium-water-resistant-mattress-protector\/#breadcrumb"},"inLanguage":"en-US","potentialAction":[{"@type":"ReadAction","target":["https:\/\/mattressfactory.hu\/en\/termek\/premium-water-resistant-mattress-protector\/"]}]},{"@type":"BreadcrumbList","@id":"https:\/\/mattressfactory.hu\/en\/termek\/premium-water-resistant-mattress-protector\/#breadcrumb","itemListElement":[{"@type":"ListItem","position":1,"name":"\u00dczlet","item":"https:\/\/mattressfactory.hu\/uzlet\/"},{"@type":"ListItem","position":2,"name":"Premium water-resistant mattress protector"}]},{"@type":"WebSite","@id":"https:\/\/mattressfactory.hu\/#website","url":"https:\/\/mattressfactory.hu\/","name":"Best Dream","description":"Matracok, p\u00e1rn\u00e1k a t\u00f6k\u00e9letes alv\u00e1s\u00e9rt","potentialAction":[{"@type":"SearchAction","target":{"@type":"EntryPoint","urlTemplate":"https:\/\/mattressfactory.hu\/?s={search_term_string}"},"query-input":"required name=search_term_string"}],"inLanguage":"en-US"}]}},"_links":{"self":[{"href":"https:\/\/mattressfactory.hu\/en\/wp-json\/wp\/v2\/product\/945","targetHints":{"allow":["GET"]}}],"collection":[{"href":"https:\/\/mattressfactory.hu\/en\/wp-json\/wp\/v2\/product"}],"about":[{"href":"https:\/\/mattressfactory.hu\/en\/wp-json\/wp\/v2\/types\/product"}],"replies":[{"embeddable":true,"href":"https:\/\/mattressfactory.hu\/en\/wp-json\/wp\/v2\/comments?post=945"}],"wp:featuredmedia":[{"embeddable":true,"href":"https:\/\/mattressfactory.hu\/en\/wp-json\/wp\/v2\/media\/440"}],"wp:attachment":[{"href":"https:\/\/mattressfactory.hu\/en\/wp-json\/wp\/v2\/media?parent=945"}],"wp:term":[{"taxonomy":"product_cat","embeddable":true,"href":"https:\/\/mattressfactory.hu\/en\/wp-json\/wp\/v2\/product_cat?post=945"},{"taxonomy":"product_tag","embeddable":true,"href":"https:\/\/mattressfactory.hu\/en\/wp-json\/wp\/v2\/product_tag?post=945"}],"curies":[{"name":"wp","href":"https:\/\/api.w.org\/{rel}","templated":true}]}}