{"id":943,"date":"2022-05-24T11:48:55","date_gmt":"2022-05-24T09:48:55","guid":{"rendered":"https:\/\/mattressfactory.hu\/termek\/vizzaro-matracvedo\/"},"modified":"2022-07-01T13:12:18","modified_gmt":"2022-07-01T11:12:18","slug":"waterproof-bed-protector","status":"publish","type":"product","link":"https:\/\/mattressfactory.hu\/en\/termek\/waterproof-bed-protector\/","title":{"rendered":"Waterproof bed protector"},"content":{"rendered":"<p><img loading=\"lazy\" decoding=\"async\" class=\"wp-image-179 size-square alignleft\" src=\"https:\/\/mattressfactory.hu\/wp-content\/uploads\/2022\/05\/MAT_VEDO_WATERP-180x180.png\" alt=\"V\u00edzz\u00e1r\u00f3 matracv\u00e9d\u0151\" width=\"180\" height=\"180\" srcset=\"https:\/\/mattressfactory.hu\/wp-content\/uploads\/2022\/05\/MAT_VEDO_WATERP-180x180.png 180w, https:\/\/mattressfactory.hu\/wp-content\/uploads\/2022\/05\/MAT_VEDO_WATERP-100x100.png 100w, https:\/\/mattressfactory.hu\/wp-content\/uploads\/2022\/05\/MAT_VEDO_WATERP.png 300w, https:\/\/mattressfactory.hu\/wp-content\/uploads\/2022\/05\/MAT_VEDO_WATERP-80x80.png 80w, https:\/\/mattressfactory.hu\/wp-content\/uploads\/2022\/05\/MAT_VEDO_WATERP-36x36.png 36w\" sizes=\"auto, (max-width: 180px) 100vw, 180px\" \/>Impermeable\/waterproof bed protector with terrycloth material to help keep the bed\u2019s stable microclimate. Material breathable in the opposite direction to prevent moisture buildup. Cross-securing in place with wide rubber bands for quick and safe attachement.<\/p>\n","protected":false},"excerpt":{"rendered":"<ul>\n<li>Cover material 190 gr \/ m\u00b2 terry cloth, polyester<\/li>\n<li>Elastic band: 40 mm-es sz\u00f6vet szalag<\/li>\n<li>Washable at max. 90\u00b0C<\/li>\n<li>Drying: at low a temperature<\/li>\n<li>80% cotton, 20% polyester<\/li>\n<\/ul>\n","protected":false},"featured_media":444,"comment_status":"closed","ping_status":"closed","template":"","meta":{"inline_featured_image":false},"product_cat":[54],"product_tag":[],"class_list":["post-943","product","type-product","status-publish","has-post-thumbnail","hentry","product_cat-mattress-protectors"],"yoast_head":"<!-- This site is optimized with the Yoast SEO plugin v20.5 - https:\/\/yoast.com\/wordpress\/plugins\/seo\/ -->\n<title>Waterproof bed protector - Best Dream<\/title>\n<meta name=\"description\" content=\"Impermeable\/waterproof bed protector with terrycloth material to help keep the bed\u2019s stable microclimate.\" \/>\n<meta name=\"robots\" content=\"index, follow, max-snippet:-1, max-image-preview:large, max-video-preview:-1\" \/>\n<link rel=\"canonical\" href=\"https:\/\/mattressfactory.hu\/en\/termek\/waterproof-bed-protector\/\" \/>\n<meta property=\"og:locale\" content=\"en_US\" \/>\n<meta property=\"og:type\" content=\"article\" \/>\n<meta property=\"og:title\" content=\"Waterproof bed protector - Best Dream\" \/>\n<meta property=\"og:description\" content=\"Impermeable\/waterproof bed protector with terrycloth material to help keep the bed\u2019s stable microclimate.\" \/>\n<meta property=\"og:url\" content=\"https:\/\/mattressfactory.hu\/en\/termek\/waterproof-bed-protector\/\" \/>\n<meta property=\"og:site_name\" content=\"Best Dream\" \/>\n<meta property=\"article:modified_time\" content=\"2022-07-01T11:12:18+00:00\" \/>\n<meta property=\"og:image\" content=\"https:\/\/mattressfactory.hu\/wp-content\/uploads\/2022\/05\/VIZZARO_MATRACVEDO.png\" \/>\n\t<meta property=\"og:image:width\" content=\"1024\" \/>\n\t<meta property=\"og:image:height\" content=\"683\" \/>\n\t<meta property=\"og:image:type\" content=\"image\/png\" \/>\n<meta name=\"twitter:card\" content=\"summary_large_image\" \/>\n<meta name=\"twitter:label1\" content=\"Est. reading time\" \/>\n\t<meta name=\"twitter:data1\" content=\"1 minute\" \/>\n<script type=\"application\/ld+json\" class=\"yoast-schema-graph\">{\"@context\":\"https:\/\/schema.org\",\"@graph\":[{\"@type\":\"WebPage\",\"@id\":\"https:\/\/mattressfactory.hu\/en\/termek\/waterproof-bed-protector\/\",\"url\":\"https:\/\/mattressfactory.hu\/en\/termek\/waterproof-bed-protector\/\",\"name\":\"Waterproof bed protector - Best Dream\",\"isPartOf\":{\"@id\":\"https:\/\/mattressfactory.hu\/#website\"},\"datePublished\":\"2022-05-24T09:48:55+00:00\",\"dateModified\":\"2022-07-01T11:12:18+00:00\",\"description\":\"Impermeable\/waterproof bed protector with terrycloth material to help keep the bed\u2019s stable microclimate.\",\"breadcrumb\":{\"@id\":\"https:\/\/mattressfactory.hu\/en\/termek\/waterproof-bed-protector\/#breadcrumb\"},\"inLanguage\":\"en-US\",\"potentialAction\":[{\"@type\":\"ReadAction\",\"target\":[\"https:\/\/mattressfactory.hu\/en\/termek\/waterproof-bed-protector\/\"]}]},{\"@type\":\"BreadcrumbList\",\"@id\":\"https:\/\/mattressfactory.hu\/en\/termek\/waterproof-bed-protector\/#breadcrumb\",\"itemListElement\":[{\"@type\":\"ListItem\",\"position\":1,\"name\":\"\u00dczlet\",\"item\":\"https:\/\/mattressfactory.hu\/uzlet\/\"},{\"@type\":\"ListItem\",\"position\":2,\"name\":\"Waterproof bed protector\"}]},{\"@type\":\"WebSite\",\"@id\":\"https:\/\/mattressfactory.hu\/#website\",\"url\":\"https:\/\/mattressfactory.hu\/\",\"name\":\"Best Dream\",\"description\":\"Matracok, p\u00e1rn\u00e1k a t\u00f6k\u00e9letes alv\u00e1s\u00e9rt\",\"potentialAction\":[{\"@type\":\"SearchAction\",\"target\":{\"@type\":\"EntryPoint\",\"urlTemplate\":\"https:\/\/mattressfactory.hu\/?s={search_term_string}\"},\"query-input\":\"required name=search_term_string\"}],\"inLanguage\":\"en-US\"}]}<\/script>\n<!-- \/ Yoast SEO plugin. -->","yoast_head_json":{"title":"Waterproof bed protector - Best Dream","description":"Impermeable\/waterproof bed protector with terrycloth material to help keep the bed\u2019s stable microclimate.","robots":{"index":"index","follow":"follow","max-snippet":"max-snippet:-1","max-image-preview":"max-image-preview:large","max-video-preview":"max-video-preview:-1"},"canonical":"https:\/\/mattressfactory.hu\/en\/termek\/waterproof-bed-protector\/","og_locale":"en_US","og_type":"article","og_title":"Waterproof bed protector - Best Dream","og_description":"Impermeable\/waterproof bed protector with terrycloth material to help keep the bed\u2019s stable microclimate.","og_url":"https:\/\/mattressfactory.hu\/en\/termek\/waterproof-bed-protector\/","og_site_name":"Best Dream","article_modified_time":"2022-07-01T11:12:18+00:00","og_image":[{"width":1024,"height":683,"url":"https:\/\/mattressfactory.hu\/wp-content\/uploads\/2022\/05\/VIZZARO_MATRACVEDO.png","type":"image\/png"}],"twitter_card":"summary_large_image","twitter_misc":{"Est. reading time":"1 minute"},"schema":{"@context":"https:\/\/schema.org","@graph":[{"@type":"WebPage","@id":"https:\/\/mattressfactory.hu\/en\/termek\/waterproof-bed-protector\/","url":"https:\/\/mattressfactory.hu\/en\/termek\/waterproof-bed-protector\/","name":"Waterproof bed protector - Best Dream","isPartOf":{"@id":"https:\/\/mattressfactory.hu\/#website"},"datePublished":"2022-05-24T09:48:55+00:00","dateModified":"2022-07-01T11:12:18+00:00","description":"Impermeable\/waterproof bed protector with terrycloth material to help keep the bed\u2019s stable microclimate.","breadcrumb":{"@id":"https:\/\/mattressfactory.hu\/en\/termek\/waterproof-bed-protector\/#breadcrumb"},"inLanguage":"en-US","potentialAction":[{"@type":"ReadAction","target":["https:\/\/mattressfactory.hu\/en\/termek\/waterproof-bed-protector\/"]}]},{"@type":"BreadcrumbList","@id":"https:\/\/mattressfactory.hu\/en\/termek\/waterproof-bed-protector\/#breadcrumb","itemListElement":[{"@type":"ListItem","position":1,"name":"\u00dczlet","item":"https:\/\/mattressfactory.hu\/uzlet\/"},{"@type":"ListItem","position":2,"name":"Waterproof bed protector"}]},{"@type":"WebSite","@id":"https:\/\/mattressfactory.hu\/#website","url":"https:\/\/mattressfactory.hu\/","name":"Best Dream","description":"Matracok, p\u00e1rn\u00e1k a t\u00f6k\u00e9letes alv\u00e1s\u00e9rt","potentialAction":[{"@type":"SearchAction","target":{"@type":"EntryPoint","urlTemplate":"https:\/\/mattressfactory.hu\/?s={search_term_string}"},"query-input":"required name=search_term_string"}],"inLanguage":"en-US"}]}},"_links":{"self":[{"href":"https:\/\/mattressfactory.hu\/en\/wp-json\/wp\/v2\/product\/943","targetHints":{"allow":["GET"]}}],"collection":[{"href":"https:\/\/mattressfactory.hu\/en\/wp-json\/wp\/v2\/product"}],"about":[{"href":"https:\/\/mattressfactory.hu\/en\/wp-json\/wp\/v2\/types\/product"}],"replies":[{"embeddable":true,"href":"https:\/\/mattressfactory.hu\/en\/wp-json\/wp\/v2\/comments?post=943"}],"wp:featuredmedia":[{"embeddable":true,"href":"https:\/\/mattressfactory.hu\/en\/wp-json\/wp\/v2\/media\/444"}],"wp:attachment":[{"href":"https:\/\/mattressfactory.hu\/en\/wp-json\/wp\/v2\/media?parent=943"}],"wp:term":[{"taxonomy":"product_cat","embeddable":true,"href":"https:\/\/mattressfactory.hu\/en\/wp-json\/wp\/v2\/product_cat?post=943"},{"taxonomy":"product_tag","embeddable":true,"href":"https:\/\/mattressfactory.hu\/en\/wp-json\/wp\/v2\/product_tag?post=943"}],"curies":[{"name":"wp","href":"https:\/\/api.w.org\/{rel}","templated":true}]}}