{"id":937,"date":"2022-05-24T11:58:57","date_gmt":"2022-05-24T09:58:57","guid":{"rendered":"https:\/\/mattressfactory.hu\/termek\/anatomic\/"},"modified":"2022-07-15T13:22:38","modified_gmt":"2022-07-15T11:22:38","slug":"anatomic","status":"publish","type":"product","link":"https:\/\/mattressfactory.hu\/en\/termek\/anatomic\/","title":{"rendered":"Anatomic"},"content":{"rendered":"<p>Memory foam pillow. It adapts perfectly to the shape of the head and neck. Its excellent orthopedic properties were achieved by the anatomical shaping of the pillow, which improves blood circulation and provides maximum comfort and support to the neck and shoulder muscles.<\/p>\n","protected":false},"excerpt":{"rendered":"<ul>\n<li>Dimensions: 68\u00d736 cm<\/li>\n<li>Height: 9-12 cm<\/li>\n<li>General Warranty<\/li>\n<\/ul>\n<p>&nbsp;<\/p>\n","protected":false},"featured_media":468,"comment_status":"closed","ping_status":"closed","template":"","meta":{"inline_featured_image":false},"product_cat":[57],"product_tag":[],"class_list":["post-937","product","type-product","status-publish","has-post-thumbnail","hentry","product_cat-pillows"],"yoast_head":"<!-- This site is optimized with the Yoast SEO plugin v20.5 - https:\/\/yoast.com\/wordpress\/plugins\/seo\/ -->\n<title>Anatomic - Best Dream<\/title>\n<meta name=\"description\" content=\"Memory foam pillow. It adapts perfectly to the shape of the head and neck. Its excellent orthopedic properties were achieved by the anatomical shaping of the pillow, which improves blood circulation and provides maximum comfort and support to the neck and shoulder muscles.\" \/>\n<meta name=\"robots\" content=\"index, follow, max-snippet:-1, max-image-preview:large, max-video-preview:-1\" \/>\n<link rel=\"canonical\" href=\"https:\/\/mattressfactory.hu\/en\/products\/anatomic\/\" \/>\n<meta property=\"og:locale\" content=\"en_US\" \/>\n<meta property=\"og:type\" content=\"article\" \/>\n<meta property=\"og:title\" content=\"Anatomic - Best Dream\" \/>\n<meta property=\"og:description\" content=\"Memory foam pillow. It adapts perfectly to the shape of the head and neck. Its excellent orthopedic properties were achieved by the anatomical shaping of the pillow, which improves blood circulation and provides maximum comfort and support to the neck and shoulder muscles.\" \/>\n<meta property=\"og:url\" content=\"https:\/\/mattressfactory.hu\/en\/products\/anatomic\/\" \/>\n<meta property=\"og:site_name\" content=\"Best Dream\" \/>\n<meta property=\"article:modified_time\" content=\"2022-07-15T11:22:38+00:00\" \/>\n<meta property=\"og:image\" content=\"https:\/\/mattressfactory.hu\/wp-content\/uploads\/2022\/05\/anatomic.png\" \/>\n\t<meta property=\"og:image:width\" content=\"300\" \/>\n\t<meta property=\"og:image:height\" content=\"200\" \/>\n\t<meta property=\"og:image:type\" content=\"image\/png\" \/>\n<meta name=\"twitter:card\" content=\"summary_large_image\" \/>\n<meta name=\"twitter:label1\" content=\"Est. reading time\" \/>\n\t<meta name=\"twitter:data1\" content=\"1 minute\" \/>\n<script type=\"application\/ld+json\" class=\"yoast-schema-graph\">{\"@context\":\"https:\/\/schema.org\",\"@graph\":[{\"@type\":\"WebPage\",\"@id\":\"https:\/\/mattressfactory.hu\/en\/products\/anatomic\/\",\"url\":\"https:\/\/mattressfactory.hu\/en\/products\/anatomic\/\",\"name\":\"Anatomic - Best Dream\",\"isPartOf\":{\"@id\":\"https:\/\/mattressfactory.hu\/#website\"},\"datePublished\":\"2022-05-24T09:58:57+00:00\",\"dateModified\":\"2022-07-15T11:22:38+00:00\",\"description\":\"Memory foam pillow. It adapts perfectly to the shape of the head and neck. Its excellent orthopedic properties were achieved by the anatomical shaping of the pillow, which improves blood circulation and provides maximum comfort and support to the neck and shoulder muscles.\",\"breadcrumb\":{\"@id\":\"https:\/\/mattressfactory.hu\/en\/products\/anatomic\/#breadcrumb\"},\"inLanguage\":\"en-US\",\"potentialAction\":[{\"@type\":\"ReadAction\",\"target\":[\"https:\/\/mattressfactory.hu\/en\/products\/anatomic\/\"]}]},{\"@type\":\"BreadcrumbList\",\"@id\":\"https:\/\/mattressfactory.hu\/en\/products\/anatomic\/#breadcrumb\",\"itemListElement\":[{\"@type\":\"ListItem\",\"position\":1,\"name\":\"\u00dczlet\",\"item\":\"https:\/\/mattressfactory.hu\/uzlet\/\"},{\"@type\":\"ListItem\",\"position\":2,\"name\":\"Anatomic\"}]},{\"@type\":\"WebSite\",\"@id\":\"https:\/\/mattressfactory.hu\/#website\",\"url\":\"https:\/\/mattressfactory.hu\/\",\"name\":\"Best Dream\",\"description\":\"Matracok, p\u00e1rn\u00e1k a t\u00f6k\u00e9letes alv\u00e1s\u00e9rt\",\"potentialAction\":[{\"@type\":\"SearchAction\",\"target\":{\"@type\":\"EntryPoint\",\"urlTemplate\":\"https:\/\/mattressfactory.hu\/?s={search_term_string}\"},\"query-input\":\"required name=search_term_string\"}],\"inLanguage\":\"en-US\"}]}<\/script>\n<!-- \/ Yoast SEO plugin. -->","yoast_head_json":{"title":"Anatomic - Best Dream","description":"Memory foam pillow. It adapts perfectly to the shape of the head and neck. Its excellent orthopedic properties were achieved by the anatomical shaping of the pillow, which improves blood circulation and provides maximum comfort and support to the neck and shoulder muscles.","robots":{"index":"index","follow":"follow","max-snippet":"max-snippet:-1","max-image-preview":"max-image-preview:large","max-video-preview":"max-video-preview:-1"},"canonical":"https:\/\/mattressfactory.hu\/en\/products\/anatomic\/","og_locale":"en_US","og_type":"article","og_title":"Anatomic - Best Dream","og_description":"Memory foam pillow. It adapts perfectly to the shape of the head and neck. Its excellent orthopedic properties were achieved by the anatomical shaping of the pillow, which improves blood circulation and provides maximum comfort and support to the neck and shoulder muscles.","og_url":"https:\/\/mattressfactory.hu\/en\/products\/anatomic\/","og_site_name":"Best Dream","article_modified_time":"2022-07-15T11:22:38+00:00","og_image":[{"width":300,"height":200,"url":"https:\/\/mattressfactory.hu\/wp-content\/uploads\/2022\/05\/anatomic.png","type":"image\/png"}],"twitter_card":"summary_large_image","twitter_misc":{"Est. reading time":"1 minute"},"schema":{"@context":"https:\/\/schema.org","@graph":[{"@type":"WebPage","@id":"https:\/\/mattressfactory.hu\/en\/products\/anatomic\/","url":"https:\/\/mattressfactory.hu\/en\/products\/anatomic\/","name":"Anatomic - Best Dream","isPartOf":{"@id":"https:\/\/mattressfactory.hu\/#website"},"datePublished":"2022-05-24T09:58:57+00:00","dateModified":"2022-07-15T11:22:38+00:00","description":"Memory foam pillow. It adapts perfectly to the shape of the head and neck. Its excellent orthopedic properties were achieved by the anatomical shaping of the pillow, which improves blood circulation and provides maximum comfort and support to the neck and shoulder muscles.","breadcrumb":{"@id":"https:\/\/mattressfactory.hu\/en\/products\/anatomic\/#breadcrumb"},"inLanguage":"en-US","potentialAction":[{"@type":"ReadAction","target":["https:\/\/mattressfactory.hu\/en\/products\/anatomic\/"]}]},{"@type":"BreadcrumbList","@id":"https:\/\/mattressfactory.hu\/en\/products\/anatomic\/#breadcrumb","itemListElement":[{"@type":"ListItem","position":1,"name":"\u00dczlet","item":"https:\/\/mattressfactory.hu\/uzlet\/"},{"@type":"ListItem","position":2,"name":"Anatomic"}]},{"@type":"WebSite","@id":"https:\/\/mattressfactory.hu\/#website","url":"https:\/\/mattressfactory.hu\/","name":"Best Dream","description":"Matracok, p\u00e1rn\u00e1k a t\u00f6k\u00e9letes alv\u00e1s\u00e9rt","potentialAction":[{"@type":"SearchAction","target":{"@type":"EntryPoint","urlTemplate":"https:\/\/mattressfactory.hu\/?s={search_term_string}"},"query-input":"required name=search_term_string"}],"inLanguage":"en-US"}]}},"_links":{"self":[{"href":"https:\/\/mattressfactory.hu\/en\/wp-json\/wp\/v2\/product\/937","targetHints":{"allow":["GET"]}}],"collection":[{"href":"https:\/\/mattressfactory.hu\/en\/wp-json\/wp\/v2\/product"}],"about":[{"href":"https:\/\/mattressfactory.hu\/en\/wp-json\/wp\/v2\/types\/product"}],"replies":[{"embeddable":true,"href":"https:\/\/mattressfactory.hu\/en\/wp-json\/wp\/v2\/comments?post=937"}],"wp:featuredmedia":[{"embeddable":true,"href":"https:\/\/mattressfactory.hu\/en\/wp-json\/wp\/v2\/media\/468"}],"wp:attachment":[{"href":"https:\/\/mattressfactory.hu\/en\/wp-json\/wp\/v2\/media?parent=937"}],"wp:term":[{"taxonomy":"product_cat","embeddable":true,"href":"https:\/\/mattressfactory.hu\/en\/wp-json\/wp\/v2\/product_cat?post=937"},{"taxonomy":"product_tag","embeddable":true,"href":"https:\/\/mattressfactory.hu\/en\/wp-json\/wp\/v2\/product_tag?post=937"}],"curies":[{"name":"wp","href":"https:\/\/api.w.org\/{rel}","templated":true}]}}