{"id":935,"date":"2022-05-24T12:04:23","date_gmt":"2022-05-24T10:04:23","guid":{"rendered":"https:\/\/mattressfactory.hu\/termek\/moore\/"},"modified":"2022-08-03T07:23:32","modified_gmt":"2022-08-03T05:23:32","slug":"moore","status":"publish","type":"product","link":"https:\/\/mattressfactory.hu\/en\/termek\/moore\/","title":{"rendered":"Moore"},"content":{"rendered":"<p>Moore is a high-quality memory foam that contains pure and natural oils. The pillow improves sleep by precisely fitting the shape of the head and neck, allowing the muscles of the neck and shoulders to fully relax. This technology is double patented, 100% ecologically intelligent, and thanks to its naturalness, it provides a unique sleep.<\/p>\n","protected":false},"excerpt":{"rendered":"<ul>\n<li>Height: 12 cm<\/li>\n<li>Dimensions: 68 \u00d7 38 cm<\/li>\n<li>General Warranty<\/li>\n<\/ul>\n","protected":false},"featured_media":470,"comment_status":"closed","ping_status":"closed","template":"","meta":{"inline_featured_image":false},"product_cat":[57],"product_tag":[],"class_list":["post-935","product","type-product","status-publish","has-post-thumbnail","hentry","product_cat-pillows"],"yoast_head":"<!-- This site is optimized with the Yoast SEO plugin v20.5 - https:\/\/yoast.com\/wordpress\/plugins\/seo\/ -->\n<title>Moore - Best Dream<\/title>\n<meta name=\"description\" content=\"Moore is a high-quality memory foam that contains pure and natural oils. The pillow improves sleep by precisely fitting the shape of the head and neck, allowing the muscles of the neck and shoulders to fully relax.\" \/>\n<meta name=\"robots\" content=\"index, follow, max-snippet:-1, max-image-preview:large, max-video-preview:-1\" \/>\n<link rel=\"canonical\" href=\"https:\/\/mattressfactory.hu\/en\/products\/moore\/\" \/>\n<meta property=\"og:locale\" content=\"en_US\" \/>\n<meta property=\"og:type\" content=\"article\" \/>\n<meta property=\"og:title\" content=\"Moore - Best Dream\" \/>\n<meta property=\"og:description\" content=\"Moore is a high-quality memory foam that contains pure and natural oils. The pillow improves sleep by precisely fitting the shape of the head and neck, allowing the muscles of the neck and shoulders to fully relax.\" \/>\n<meta property=\"og:url\" content=\"https:\/\/mattressfactory.hu\/en\/products\/moore\/\" \/>\n<meta property=\"og:site_name\" content=\"Best Dream\" \/>\n<meta property=\"article:modified_time\" content=\"2022-08-03T05:23:32+00:00\" \/>\n<meta property=\"og:image\" content=\"https:\/\/mattressfactory.hu\/wp-content\/uploads\/2022\/05\/moore.png\" \/>\n\t<meta property=\"og:image:width\" content=\"300\" \/>\n\t<meta property=\"og:image:height\" content=\"200\" \/>\n\t<meta property=\"og:image:type\" content=\"image\/png\" \/>\n<meta name=\"twitter:card\" content=\"summary_large_image\" \/>\n<meta name=\"twitter:label1\" content=\"Est. reading time\" \/>\n\t<meta name=\"twitter:data1\" content=\"1 minute\" \/>\n<script type=\"application\/ld+json\" class=\"yoast-schema-graph\">{\"@context\":\"https:\/\/schema.org\",\"@graph\":[{\"@type\":\"WebPage\",\"@id\":\"https:\/\/mattressfactory.hu\/en\/products\/moore\/\",\"url\":\"https:\/\/mattressfactory.hu\/en\/products\/moore\/\",\"name\":\"Moore - Best Dream\",\"isPartOf\":{\"@id\":\"https:\/\/mattressfactory.hu\/#website\"},\"datePublished\":\"2022-05-24T10:04:23+00:00\",\"dateModified\":\"2022-08-03T05:23:32+00:00\",\"description\":\"Moore is a high-quality memory foam that contains pure and natural oils. The pillow improves sleep by precisely fitting the shape of the head and neck, allowing the muscles of the neck and shoulders to fully relax.\",\"breadcrumb\":{\"@id\":\"https:\/\/mattressfactory.hu\/en\/products\/moore\/#breadcrumb\"},\"inLanguage\":\"en-US\",\"potentialAction\":[{\"@type\":\"ReadAction\",\"target\":[\"https:\/\/mattressfactory.hu\/en\/products\/moore\/\"]}]},{\"@type\":\"BreadcrumbList\",\"@id\":\"https:\/\/mattressfactory.hu\/en\/products\/moore\/#breadcrumb\",\"itemListElement\":[{\"@type\":\"ListItem\",\"position\":1,\"name\":\"\u00dczlet\",\"item\":\"https:\/\/mattressfactory.hu\/uzlet\/\"},{\"@type\":\"ListItem\",\"position\":2,\"name\":\"Moore\"}]},{\"@type\":\"WebSite\",\"@id\":\"https:\/\/mattressfactory.hu\/#website\",\"url\":\"https:\/\/mattressfactory.hu\/\",\"name\":\"Best Dream\",\"description\":\"Matracok, p\u00e1rn\u00e1k a t\u00f6k\u00e9letes alv\u00e1s\u00e9rt\",\"potentialAction\":[{\"@type\":\"SearchAction\",\"target\":{\"@type\":\"EntryPoint\",\"urlTemplate\":\"https:\/\/mattressfactory.hu\/?s={search_term_string}\"},\"query-input\":\"required name=search_term_string\"}],\"inLanguage\":\"en-US\"}]}<\/script>\n<!-- \/ Yoast SEO plugin. -->","yoast_head_json":{"title":"Moore - Best Dream","description":"Moore is a high-quality memory foam that contains pure and natural oils. The pillow improves sleep by precisely fitting the shape of the head and neck, allowing the muscles of the neck and shoulders to fully relax.","robots":{"index":"index","follow":"follow","max-snippet":"max-snippet:-1","max-image-preview":"max-image-preview:large","max-video-preview":"max-video-preview:-1"},"canonical":"https:\/\/mattressfactory.hu\/en\/products\/moore\/","og_locale":"en_US","og_type":"article","og_title":"Moore - Best Dream","og_description":"Moore is a high-quality memory foam that contains pure and natural oils. The pillow improves sleep by precisely fitting the shape of the head and neck, allowing the muscles of the neck and shoulders to fully relax.","og_url":"https:\/\/mattressfactory.hu\/en\/products\/moore\/","og_site_name":"Best Dream","article_modified_time":"2022-08-03T05:23:32+00:00","og_image":[{"width":300,"height":200,"url":"https:\/\/mattressfactory.hu\/wp-content\/uploads\/2022\/05\/moore.png","type":"image\/png"}],"twitter_card":"summary_large_image","twitter_misc":{"Est. reading time":"1 minute"},"schema":{"@context":"https:\/\/schema.org","@graph":[{"@type":"WebPage","@id":"https:\/\/mattressfactory.hu\/en\/products\/moore\/","url":"https:\/\/mattressfactory.hu\/en\/products\/moore\/","name":"Moore - Best Dream","isPartOf":{"@id":"https:\/\/mattressfactory.hu\/#website"},"datePublished":"2022-05-24T10:04:23+00:00","dateModified":"2022-08-03T05:23:32+00:00","description":"Moore is a high-quality memory foam that contains pure and natural oils. The pillow improves sleep by precisely fitting the shape of the head and neck, allowing the muscles of the neck and shoulders to fully relax.","breadcrumb":{"@id":"https:\/\/mattressfactory.hu\/en\/products\/moore\/#breadcrumb"},"inLanguage":"en-US","potentialAction":[{"@type":"ReadAction","target":["https:\/\/mattressfactory.hu\/en\/products\/moore\/"]}]},{"@type":"BreadcrumbList","@id":"https:\/\/mattressfactory.hu\/en\/products\/moore\/#breadcrumb","itemListElement":[{"@type":"ListItem","position":1,"name":"\u00dczlet","item":"https:\/\/mattressfactory.hu\/uzlet\/"},{"@type":"ListItem","position":2,"name":"Moore"}]},{"@type":"WebSite","@id":"https:\/\/mattressfactory.hu\/#website","url":"https:\/\/mattressfactory.hu\/","name":"Best Dream","description":"Matracok, p\u00e1rn\u00e1k a t\u00f6k\u00e9letes alv\u00e1s\u00e9rt","potentialAction":[{"@type":"SearchAction","target":{"@type":"EntryPoint","urlTemplate":"https:\/\/mattressfactory.hu\/?s={search_term_string}"},"query-input":"required name=search_term_string"}],"inLanguage":"en-US"}]}},"_links":{"self":[{"href":"https:\/\/mattressfactory.hu\/en\/wp-json\/wp\/v2\/product\/935","targetHints":{"allow":["GET"]}}],"collection":[{"href":"https:\/\/mattressfactory.hu\/en\/wp-json\/wp\/v2\/product"}],"about":[{"href":"https:\/\/mattressfactory.hu\/en\/wp-json\/wp\/v2\/types\/product"}],"replies":[{"embeddable":true,"href":"https:\/\/mattressfactory.hu\/en\/wp-json\/wp\/v2\/comments?post=935"}],"wp:featuredmedia":[{"embeddable":true,"href":"https:\/\/mattressfactory.hu\/en\/wp-json\/wp\/v2\/media\/470"}],"wp:attachment":[{"href":"https:\/\/mattressfactory.hu\/en\/wp-json\/wp\/v2\/media?parent=935"}],"wp:term":[{"taxonomy":"product_cat","embeddable":true,"href":"https:\/\/mattressfactory.hu\/en\/wp-json\/wp\/v2\/product_cat?post=935"},{"taxonomy":"product_tag","embeddable":true,"href":"https:\/\/mattressfactory.hu\/en\/wp-json\/wp\/v2\/product_tag?post=935"}],"curies":[{"name":"wp","href":"https:\/\/api.w.org\/{rel}","templated":true}]}}