{"id":933,"date":"2022-05-24T12:05:47","date_gmt":"2022-05-24T10:05:47","guid":{"rendered":"https:\/\/mattressfactory.hu\/termek\/bio-soya\/"},"modified":"2022-06-30T11:32:42","modified_gmt":"2022-06-30T09:32:42","slug":"bio-soya","status":"publish","type":"product","link":"https:\/\/mattressfactory.hu\/en\/termek\/bio-soya\/","title":{"rendered":"Bio Soya"},"content":{"rendered":"<p>Our Bio Soya pillow is a specially made 100% natural product that contains natural soy extracts.<\/p>\n<p>The soap-shaped pillow perfectly matches the anatomical requirements for head and neck support, allowing for perfect rest during sleep. An anatomic pillow perfectly supports the neck, head, and shoulder muscles, thereby keeping the entire back in the right anatomical position. Both SOYA pillows are pleasantly fragrant with a guarantee of natural and healthy sleep.<\/p>\n","protected":false},"excerpt":{"rendered":"<ul>\n<li>Height: 11-13 cm<\/li>\n<li>Dimensions: 72 \u00d7 42 cm<\/li>\n<li>General Warranty<\/li>\n<\/ul>\n<p>&nbsp;<\/p>\n","protected":false},"featured_media":456,"comment_status":"closed","ping_status":"closed","template":"","meta":{"inline_featured_image":false},"product_cat":[57],"product_tag":[],"class_list":["post-933","product","type-product","status-publish","has-post-thumbnail","hentry","product_cat-pillows"],"yoast_head":"<!-- This site is optimized with the Yoast SEO plugin v20.5 - https:\/\/yoast.com\/wordpress\/plugins\/seo\/ -->\n<title>Bio Soya - Best Dream<\/title>\n<meta name=\"description\" content=\"Our Bio Soya pillow is a specially made 100% natural product that contains natural soy extracts.\" \/>\n<meta name=\"robots\" content=\"index, follow, max-snippet:-1, max-image-preview:large, max-video-preview:-1\" \/>\n<link rel=\"canonical\" href=\"https:\/\/mattressfactory.hu\/en\/products\/bio-soya\/\" \/>\n<meta property=\"og:locale\" content=\"en_US\" \/>\n<meta property=\"og:type\" content=\"article\" \/>\n<meta property=\"og:title\" content=\"Bio Soya - Best Dream\" \/>\n<meta property=\"og:description\" content=\"Our Bio Soya pillow is a specially made 100% natural product that contains natural soy extracts.\" \/>\n<meta property=\"og:url\" content=\"https:\/\/mattressfactory.hu\/en\/products\/bio-soya\/\" \/>\n<meta property=\"og:site_name\" content=\"Best Dream\" \/>\n<meta property=\"article:modified_time\" content=\"2022-06-30T09:32:42+00:00\" \/>\n<meta property=\"og:image\" content=\"https:\/\/mattressfactory.hu\/wp-content\/uploads\/2022\/05\/BIO-SOYA.png\" \/>\n\t<meta property=\"og:image:width\" content=\"1024\" \/>\n\t<meta property=\"og:image:height\" content=\"683\" \/>\n\t<meta property=\"og:image:type\" content=\"image\/png\" \/>\n<meta name=\"twitter:card\" content=\"summary_large_image\" \/>\n<meta name=\"twitter:label1\" content=\"Est. reading time\" \/>\n\t<meta name=\"twitter:data1\" content=\"1 minute\" \/>\n<script type=\"application\/ld+json\" class=\"yoast-schema-graph\">{\"@context\":\"https:\/\/schema.org\",\"@graph\":[{\"@type\":\"WebPage\",\"@id\":\"https:\/\/mattressfactory.hu\/en\/products\/bio-soya\/\",\"url\":\"https:\/\/mattressfactory.hu\/en\/products\/bio-soya\/\",\"name\":\"Bio Soya - Best Dream\",\"isPartOf\":{\"@id\":\"https:\/\/mattressfactory.hu\/#website\"},\"datePublished\":\"2022-05-24T10:05:47+00:00\",\"dateModified\":\"2022-06-30T09:32:42+00:00\",\"description\":\"Our Bio Soya pillow is a specially made 100% natural product that contains natural soy extracts.\",\"breadcrumb\":{\"@id\":\"https:\/\/mattressfactory.hu\/en\/products\/bio-soya\/#breadcrumb\"},\"inLanguage\":\"en-US\",\"potentialAction\":[{\"@type\":\"ReadAction\",\"target\":[\"https:\/\/mattressfactory.hu\/en\/products\/bio-soya\/\"]}]},{\"@type\":\"BreadcrumbList\",\"@id\":\"https:\/\/mattressfactory.hu\/en\/products\/bio-soya\/#breadcrumb\",\"itemListElement\":[{\"@type\":\"ListItem\",\"position\":1,\"name\":\"\u00dczlet\",\"item\":\"https:\/\/mattressfactory.hu\/uzlet\/\"},{\"@type\":\"ListItem\",\"position\":2,\"name\":\"Bio Soya\"}]},{\"@type\":\"WebSite\",\"@id\":\"https:\/\/mattressfactory.hu\/#website\",\"url\":\"https:\/\/mattressfactory.hu\/\",\"name\":\"Best Dream\",\"description\":\"Matracok, p\u00e1rn\u00e1k a t\u00f6k\u00e9letes alv\u00e1s\u00e9rt\",\"potentialAction\":[{\"@type\":\"SearchAction\",\"target\":{\"@type\":\"EntryPoint\",\"urlTemplate\":\"https:\/\/mattressfactory.hu\/?s={search_term_string}\"},\"query-input\":\"required name=search_term_string\"}],\"inLanguage\":\"en-US\"}]}<\/script>\n<!-- \/ Yoast SEO plugin. -->","yoast_head_json":{"title":"Bio Soya - Best Dream","description":"Our Bio Soya pillow is a specially made 100% natural product that contains natural soy extracts.","robots":{"index":"index","follow":"follow","max-snippet":"max-snippet:-1","max-image-preview":"max-image-preview:large","max-video-preview":"max-video-preview:-1"},"canonical":"https:\/\/mattressfactory.hu\/en\/products\/bio-soya\/","og_locale":"en_US","og_type":"article","og_title":"Bio Soya - Best Dream","og_description":"Our Bio Soya pillow is a specially made 100% natural product that contains natural soy extracts.","og_url":"https:\/\/mattressfactory.hu\/en\/products\/bio-soya\/","og_site_name":"Best Dream","article_modified_time":"2022-06-30T09:32:42+00:00","og_image":[{"width":1024,"height":683,"url":"https:\/\/mattressfactory.hu\/wp-content\/uploads\/2022\/05\/BIO-SOYA.png","type":"image\/png"}],"twitter_card":"summary_large_image","twitter_misc":{"Est. reading time":"1 minute"},"schema":{"@context":"https:\/\/schema.org","@graph":[{"@type":"WebPage","@id":"https:\/\/mattressfactory.hu\/en\/products\/bio-soya\/","url":"https:\/\/mattressfactory.hu\/en\/products\/bio-soya\/","name":"Bio Soya - Best Dream","isPartOf":{"@id":"https:\/\/mattressfactory.hu\/#website"},"datePublished":"2022-05-24T10:05:47+00:00","dateModified":"2022-06-30T09:32:42+00:00","description":"Our Bio Soya pillow is a specially made 100% natural product that contains natural soy extracts.","breadcrumb":{"@id":"https:\/\/mattressfactory.hu\/en\/products\/bio-soya\/#breadcrumb"},"inLanguage":"en-US","potentialAction":[{"@type":"ReadAction","target":["https:\/\/mattressfactory.hu\/en\/products\/bio-soya\/"]}]},{"@type":"BreadcrumbList","@id":"https:\/\/mattressfactory.hu\/en\/products\/bio-soya\/#breadcrumb","itemListElement":[{"@type":"ListItem","position":1,"name":"\u00dczlet","item":"https:\/\/mattressfactory.hu\/uzlet\/"},{"@type":"ListItem","position":2,"name":"Bio Soya"}]},{"@type":"WebSite","@id":"https:\/\/mattressfactory.hu\/#website","url":"https:\/\/mattressfactory.hu\/","name":"Best Dream","description":"Matracok, p\u00e1rn\u00e1k a t\u00f6k\u00e9letes alv\u00e1s\u00e9rt","potentialAction":[{"@type":"SearchAction","target":{"@type":"EntryPoint","urlTemplate":"https:\/\/mattressfactory.hu\/?s={search_term_string}"},"query-input":"required name=search_term_string"}],"inLanguage":"en-US"}]}},"_links":{"self":[{"href":"https:\/\/mattressfactory.hu\/en\/wp-json\/wp\/v2\/product\/933","targetHints":{"allow":["GET"]}}],"collection":[{"href":"https:\/\/mattressfactory.hu\/en\/wp-json\/wp\/v2\/product"}],"about":[{"href":"https:\/\/mattressfactory.hu\/en\/wp-json\/wp\/v2\/types\/product"}],"replies":[{"embeddable":true,"href":"https:\/\/mattressfactory.hu\/en\/wp-json\/wp\/v2\/comments?post=933"}],"wp:featuredmedia":[{"embeddable":true,"href":"https:\/\/mattressfactory.hu\/en\/wp-json\/wp\/v2\/media\/456"}],"wp:attachment":[{"href":"https:\/\/mattressfactory.hu\/en\/wp-json\/wp\/v2\/media?parent=933"}],"wp:term":[{"taxonomy":"product_cat","embeddable":true,"href":"https:\/\/mattressfactory.hu\/en\/wp-json\/wp\/v2\/product_cat?post=933"},{"taxonomy":"product_tag","embeddable":true,"href":"https:\/\/mattressfactory.hu\/en\/wp-json\/wp\/v2\/product_tag?post=933"}],"curies":[{"name":"wp","href":"https:\/\/api.w.org\/{rel}","templated":true}]}}