{"id":929,"date":"2022-05-24T12:13:54","date_gmt":"2022-05-24T10:13:54","guid":{"rendered":"https:\/\/mattressfactory.hu\/termek\/memory-gel\/"},"modified":"2022-06-30T11:37:19","modified_gmt":"2022-06-30T09:37:19","slug":"memory-gel","status":"publish","type":"product","link":"https:\/\/mattressfactory.hu\/en\/termek\/memory-gel\/","title":{"rendered":"Memory Gel"},"content":{"rendered":"<div>\n<p>Softgel is a revolutionary material made up of a soft but sufficiently flexible gel that perfectly adapts and responds to every change of position while providing reliable support. Thanks to its unique chemical and physical properties it guarantees perfect rest and comfort.<\/p>\n<\/div>\n<p><strong>SOFTGEL<\/strong><\/p>\n<p>SoftGel, compared to other materials, is characterized by a high capability for thermoregulation of body temperature. It is capable of controlling temperature, adapting to it, and stabilizing it by about 1.5 \u00b0C lower, able to dissipate the heat of the human body and evenly distribute it. By reducing the temperature of the skin, the metabolic processes slow down, thus favoring the oxidation of the tissue. It is beneficial to blood circulation, and brings a pleasant feeling, freshness, and full-fledged relaxation. SoftGel is absolutely health-neutral, does not contain any volatile components, does not harden, and does not lose its orthopedic and elastic properties.<\/p>\n","protected":false},"excerpt":{"rendered":"<ul>\n<li>Height: 9-11 cm<\/li>\n<li>Dimensions: 72 x 42 cm<\/li>\n<li>General Warranty<\/li>\n<\/ul>\n<p>&nbsp;<\/p>\n","protected":false},"featured_media":460,"comment_status":"closed","ping_status":"closed","template":"","meta":{"inline_featured_image":false},"product_cat":[57],"product_tag":[],"class_list":["post-929","product","type-product","status-publish","has-post-thumbnail","hentry","product_cat-pillows"],"yoast_head":"<!-- This site is optimized with the Yoast SEO plugin v20.5 - https:\/\/yoast.com\/wordpress\/plugins\/seo\/ -->\n<title>Memory Gel - Best Dream<\/title>\n<meta name=\"description\" content=\"A Memory gel memory habb\u00f3l k\u00e9sz\u00fclt szappan alak\u00fa p\u00e1rna az\u00e9rt k\u00fcl\u00f6nleges, mert egyik oldal\u00e1n SoftGel r\u00e9teg tal\u00e1lhat\u00f3.Softgel is a revolutionary material made up of a soft but sufficiently flexible gel that perfectly adapts and responds to every change of position while providing reliable support.\" \/>\n<meta name=\"robots\" content=\"index, follow, max-snippet:-1, max-image-preview:large, max-video-preview:-1\" \/>\n<link rel=\"canonical\" href=\"https:\/\/mattressfactory.hu\/en\/products\/memory-gel\/\" \/>\n<meta property=\"og:locale\" content=\"en_US\" \/>\n<meta property=\"og:type\" content=\"article\" \/>\n<meta property=\"og:title\" content=\"Memory Gel - Best Dream\" \/>\n<meta property=\"og:description\" content=\"A Memory gel memory habb\u00f3l k\u00e9sz\u00fclt szappan alak\u00fa p\u00e1rna az\u00e9rt k\u00fcl\u00f6nleges, mert egyik oldal\u00e1n SoftGel r\u00e9teg tal\u00e1lhat\u00f3.Softgel is a revolutionary material made up of a soft but sufficiently flexible gel that perfectly adapts and responds to every change of position while providing reliable support.\" \/>\n<meta property=\"og:url\" content=\"https:\/\/mattressfactory.hu\/en\/products\/memory-gel\/\" \/>\n<meta property=\"og:site_name\" content=\"Best Dream\" \/>\n<meta property=\"article:modified_time\" content=\"2022-06-30T09:37:19+00:00\" \/>\n<meta property=\"og:image\" content=\"https:\/\/mattressfactory.hu\/wp-content\/uploads\/2022\/05\/MEMORY-GEL.png\" \/>\n\t<meta property=\"og:image:width\" content=\"1024\" \/>\n\t<meta property=\"og:image:height\" content=\"683\" \/>\n\t<meta property=\"og:image:type\" content=\"image\/png\" \/>\n<meta name=\"twitter:card\" content=\"summary_large_image\" \/>\n<meta name=\"twitter:label1\" content=\"Est. reading time\" \/>\n\t<meta name=\"twitter:data1\" content=\"1 minute\" \/>\n<script type=\"application\/ld+json\" class=\"yoast-schema-graph\">{\"@context\":\"https:\/\/schema.org\",\"@graph\":[{\"@type\":\"WebPage\",\"@id\":\"https:\/\/mattressfactory.hu\/en\/products\/memory-gel\/\",\"url\":\"https:\/\/mattressfactory.hu\/en\/products\/memory-gel\/\",\"name\":\"Memory Gel - Best Dream\",\"isPartOf\":{\"@id\":\"https:\/\/mattressfactory.hu\/#website\"},\"datePublished\":\"2022-05-24T10:13:54+00:00\",\"dateModified\":\"2022-06-30T09:37:19+00:00\",\"description\":\"A Memory gel memory habb\u00f3l k\u00e9sz\u00fclt szappan alak\u00fa p\u00e1rna az\u00e9rt k\u00fcl\u00f6nleges, mert egyik oldal\u00e1n SoftGel r\u00e9teg tal\u00e1lhat\u00f3.Softgel is a revolutionary material made up of a soft but sufficiently flexible gel that perfectly adapts and responds to every change of position while providing reliable support.\",\"breadcrumb\":{\"@id\":\"https:\/\/mattressfactory.hu\/en\/products\/memory-gel\/#breadcrumb\"},\"inLanguage\":\"en-US\",\"potentialAction\":[{\"@type\":\"ReadAction\",\"target\":[\"https:\/\/mattressfactory.hu\/en\/products\/memory-gel\/\"]}]},{\"@type\":\"BreadcrumbList\",\"@id\":\"https:\/\/mattressfactory.hu\/en\/products\/memory-gel\/#breadcrumb\",\"itemListElement\":[{\"@type\":\"ListItem\",\"position\":1,\"name\":\"\u00dczlet\",\"item\":\"https:\/\/mattressfactory.hu\/uzlet\/\"},{\"@type\":\"ListItem\",\"position\":2,\"name\":\"Memory Gel\"}]},{\"@type\":\"WebSite\",\"@id\":\"https:\/\/mattressfactory.hu\/#website\",\"url\":\"https:\/\/mattressfactory.hu\/\",\"name\":\"Best Dream\",\"description\":\"Matracok, p\u00e1rn\u00e1k a t\u00f6k\u00e9letes alv\u00e1s\u00e9rt\",\"potentialAction\":[{\"@type\":\"SearchAction\",\"target\":{\"@type\":\"EntryPoint\",\"urlTemplate\":\"https:\/\/mattressfactory.hu\/?s={search_term_string}\"},\"query-input\":\"required name=search_term_string\"}],\"inLanguage\":\"en-US\"}]}<\/script>\n<!-- \/ Yoast SEO plugin. -->","yoast_head_json":{"title":"Memory Gel - Best Dream","description":"A Memory gel memory habb\u00f3l k\u00e9sz\u00fclt szappan alak\u00fa p\u00e1rna az\u00e9rt k\u00fcl\u00f6nleges, mert egyik oldal\u00e1n SoftGel r\u00e9teg tal\u00e1lhat\u00f3.Softgel is a revolutionary material made up of a soft but sufficiently flexible gel that perfectly adapts and responds to every change of position while providing reliable support.","robots":{"index":"index","follow":"follow","max-snippet":"max-snippet:-1","max-image-preview":"max-image-preview:large","max-video-preview":"max-video-preview:-1"},"canonical":"https:\/\/mattressfactory.hu\/en\/products\/memory-gel\/","og_locale":"en_US","og_type":"article","og_title":"Memory Gel - Best Dream","og_description":"A Memory gel memory habb\u00f3l k\u00e9sz\u00fclt szappan alak\u00fa p\u00e1rna az\u00e9rt k\u00fcl\u00f6nleges, mert egyik oldal\u00e1n SoftGel r\u00e9teg tal\u00e1lhat\u00f3.Softgel is a revolutionary material made up of a soft but sufficiently flexible gel that perfectly adapts and responds to every change of position while providing reliable support.","og_url":"https:\/\/mattressfactory.hu\/en\/products\/memory-gel\/","og_site_name":"Best Dream","article_modified_time":"2022-06-30T09:37:19+00:00","og_image":[{"width":1024,"height":683,"url":"https:\/\/mattressfactory.hu\/wp-content\/uploads\/2022\/05\/MEMORY-GEL.png","type":"image\/png"}],"twitter_card":"summary_large_image","twitter_misc":{"Est. reading time":"1 minute"},"schema":{"@context":"https:\/\/schema.org","@graph":[{"@type":"WebPage","@id":"https:\/\/mattressfactory.hu\/en\/products\/memory-gel\/","url":"https:\/\/mattressfactory.hu\/en\/products\/memory-gel\/","name":"Memory Gel - Best Dream","isPartOf":{"@id":"https:\/\/mattressfactory.hu\/#website"},"datePublished":"2022-05-24T10:13:54+00:00","dateModified":"2022-06-30T09:37:19+00:00","description":"A Memory gel memory habb\u00f3l k\u00e9sz\u00fclt szappan alak\u00fa p\u00e1rna az\u00e9rt k\u00fcl\u00f6nleges, mert egyik oldal\u00e1n SoftGel r\u00e9teg tal\u00e1lhat\u00f3.Softgel is a revolutionary material made up of a soft but sufficiently flexible gel that perfectly adapts and responds to every change of position while providing reliable support.","breadcrumb":{"@id":"https:\/\/mattressfactory.hu\/en\/products\/memory-gel\/#breadcrumb"},"inLanguage":"en-US","potentialAction":[{"@type":"ReadAction","target":["https:\/\/mattressfactory.hu\/en\/products\/memory-gel\/"]}]},{"@type":"BreadcrumbList","@id":"https:\/\/mattressfactory.hu\/en\/products\/memory-gel\/#breadcrumb","itemListElement":[{"@type":"ListItem","position":1,"name":"\u00dczlet","item":"https:\/\/mattressfactory.hu\/uzlet\/"},{"@type":"ListItem","position":2,"name":"Memory Gel"}]},{"@type":"WebSite","@id":"https:\/\/mattressfactory.hu\/#website","url":"https:\/\/mattressfactory.hu\/","name":"Best Dream","description":"Matracok, p\u00e1rn\u00e1k a t\u00f6k\u00e9letes alv\u00e1s\u00e9rt","potentialAction":[{"@type":"SearchAction","target":{"@type":"EntryPoint","urlTemplate":"https:\/\/mattressfactory.hu\/?s={search_term_string}"},"query-input":"required name=search_term_string"}],"inLanguage":"en-US"}]}},"_links":{"self":[{"href":"https:\/\/mattressfactory.hu\/en\/wp-json\/wp\/v2\/product\/929","targetHints":{"allow":["GET"]}}],"collection":[{"href":"https:\/\/mattressfactory.hu\/en\/wp-json\/wp\/v2\/product"}],"about":[{"href":"https:\/\/mattressfactory.hu\/en\/wp-json\/wp\/v2\/types\/product"}],"replies":[{"embeddable":true,"href":"https:\/\/mattressfactory.hu\/en\/wp-json\/wp\/v2\/comments?post=929"}],"wp:featuredmedia":[{"embeddable":true,"href":"https:\/\/mattressfactory.hu\/en\/wp-json\/wp\/v2\/media\/460"}],"wp:attachment":[{"href":"https:\/\/mattressfactory.hu\/en\/wp-json\/wp\/v2\/media?parent=929"}],"wp:term":[{"taxonomy":"product_cat","embeddable":true,"href":"https:\/\/mattressfactory.hu\/en\/wp-json\/wp\/v2\/product_cat?post=929"},{"taxonomy":"product_tag","embeddable":true,"href":"https:\/\/mattressfactory.hu\/en\/wp-json\/wp\/v2\/product_tag?post=929"}],"curies":[{"name":"wp","href":"https:\/\/api.w.org\/{rel}","templated":true}]}}