{"id":925,"date":"2022-05-24T12:22:10","date_gmt":"2022-05-24T10:22:10","guid":{"rendered":"https:\/\/mattressfactory.hu\/termek\/gyapju-takaro\/"},"modified":"2022-07-15T09:17:56","modified_gmt":"2022-07-15T07:17:56","slug":"wool-blanket","status":"publish","type":"product","link":"https:\/\/mattressfactory.hu\/en\/termek\/wool-blanket\/","title":{"rendered":"Wool blanket"},"content":{"rendered":"<p>Australian merino lamb wool blankets are soft, silky to the touch, and have optimum heat retention of 600 g \/ m\u00b2. You won\u2019t sweat when you use the blanket, so you\u2019ll get a really comfortable sleep. The wool blankets are completely free of man-made fibers, which is why our products are really natural and fit perfectly to your body, thus eliminating the unpleasant stinging feeling. They help prevent rheumatic complaints and joint problems.<\/p>\n<p><strong>The beneficial properties of wool:<\/strong><\/p>\n<ul>\n<li>it ensures and improves the breathing of our skin<\/li>\n<li>we do not sweat during use because it evaporates the precipitating sweat<\/li>\n<li>skin-friendly<\/li>\n<li>it offers maximum comfort in winter and summer<\/li>\n<li>it has a temperature compensating effect<\/li>\n<li>100% natural material<\/li>\n<li>it is also recommended for people with allergies and asthma<\/li>\n<li>its lanolin content protects it from dirt and therefore requires less washing than other textiles<\/li>\n<li>environmentally friendly, 100% biodegradable<\/li>\n<\/ul>\n","protected":false},"excerpt":{"rendered":"<ul>\n<li>100% merino wool<\/li>\n<li>General warranty<\/li>\n<\/ul>\n","protected":false},"featured_media":472,"comment_status":"closed","ping_status":"closed","template":"","meta":{"inline_featured_image":false},"product_cat":[48],"product_tag":[],"class_list":["post-925","product","type-product","status-publish","has-post-thumbnail","hentry","product_cat-wool-products"],"yoast_head":"<!-- This site is optimized with the Yoast SEO plugin v20.5 - https:\/\/yoast.com\/wordpress\/plugins\/seo\/ -->\n<title>Wool blanket - Best Dream<\/title>\n<meta name=\"description\" content=\"Australian merino lamb wool blankets are soft, silky to the touch, and have optimum heat retention of 600 g \/ m\u00b2. You won\u2019t sweat when you use the blanket, so you\u2019ll get a really comfortable sleep.\" \/>\n<meta name=\"robots\" content=\"index, follow, max-snippet:-1, max-image-preview:large, max-video-preview:-1\" \/>\n<link rel=\"canonical\" href=\"https:\/\/mattressfactory.hu\/en\/products\/wool-blanket\/\" \/>\n<meta property=\"og:locale\" content=\"en_US\" \/>\n<meta property=\"og:type\" content=\"article\" \/>\n<meta property=\"og:title\" content=\"Wool blanket - Best Dream\" \/>\n<meta property=\"og:description\" content=\"Australian merino lamb wool blankets are soft, silky to the touch, and have optimum heat retention of 600 g \/ m\u00b2. You won\u2019t sweat when you use the blanket, so you\u2019ll get a really comfortable sleep.\" \/>\n<meta property=\"og:url\" content=\"https:\/\/mattressfactory.hu\/en\/products\/wool-blanket\/\" \/>\n<meta property=\"og:site_name\" content=\"Best Dream\" \/>\n<meta property=\"article:modified_time\" content=\"2022-07-15T07:17:56+00:00\" \/>\n<meta property=\"og:image\" content=\"https:\/\/mattressfactory.hu\/wp-content\/uploads\/2022\/05\/gyapju-takaro.png\" \/>\n\t<meta property=\"og:image:width\" content=\"300\" \/>\n\t<meta property=\"og:image:height\" content=\"218\" \/>\n\t<meta property=\"og:image:type\" content=\"image\/png\" \/>\n<meta name=\"twitter:card\" content=\"summary_large_image\" \/>\n<meta name=\"twitter:label1\" content=\"Est. reading time\" \/>\n\t<meta name=\"twitter:data1\" content=\"1 minute\" \/>\n<script type=\"application\/ld+json\" class=\"yoast-schema-graph\">{\"@context\":\"https:\/\/schema.org\",\"@graph\":[{\"@type\":\"WebPage\",\"@id\":\"https:\/\/mattressfactory.hu\/en\/products\/wool-blanket\/\",\"url\":\"https:\/\/mattressfactory.hu\/en\/products\/wool-blanket\/\",\"name\":\"Wool blanket - Best Dream\",\"isPartOf\":{\"@id\":\"https:\/\/mattressfactory.hu\/#website\"},\"datePublished\":\"2022-05-24T10:22:10+00:00\",\"dateModified\":\"2022-07-15T07:17:56+00:00\",\"description\":\"Australian merino lamb wool blankets are soft, silky to the touch, and have optimum heat retention of 600 g \/ m\u00b2. You won\u2019t sweat when you use the blanket, so you\u2019ll get a really comfortable sleep.\",\"breadcrumb\":{\"@id\":\"https:\/\/mattressfactory.hu\/en\/products\/wool-blanket\/#breadcrumb\"},\"inLanguage\":\"en-US\",\"potentialAction\":[{\"@type\":\"ReadAction\",\"target\":[\"https:\/\/mattressfactory.hu\/en\/products\/wool-blanket\/\"]}]},{\"@type\":\"BreadcrumbList\",\"@id\":\"https:\/\/mattressfactory.hu\/en\/products\/wool-blanket\/#breadcrumb\",\"itemListElement\":[{\"@type\":\"ListItem\",\"position\":1,\"name\":\"\u00dczlet\",\"item\":\"https:\/\/mattressfactory.hu\/uzlet\/\"},{\"@type\":\"ListItem\",\"position\":2,\"name\":\"Wool blanket\"}]},{\"@type\":\"WebSite\",\"@id\":\"https:\/\/mattressfactory.hu\/#website\",\"url\":\"https:\/\/mattressfactory.hu\/\",\"name\":\"Best Dream\",\"description\":\"Matracok, p\u00e1rn\u00e1k a t\u00f6k\u00e9letes alv\u00e1s\u00e9rt\",\"potentialAction\":[{\"@type\":\"SearchAction\",\"target\":{\"@type\":\"EntryPoint\",\"urlTemplate\":\"https:\/\/mattressfactory.hu\/?s={search_term_string}\"},\"query-input\":\"required name=search_term_string\"}],\"inLanguage\":\"en-US\"}]}<\/script>\n<!-- \/ Yoast SEO plugin. -->","yoast_head_json":{"title":"Wool blanket - Best Dream","description":"Australian merino lamb wool blankets are soft, silky to the touch, and have optimum heat retention of 600 g \/ m\u00b2. You won\u2019t sweat when you use the blanket, so you\u2019ll get a really comfortable sleep.","robots":{"index":"index","follow":"follow","max-snippet":"max-snippet:-1","max-image-preview":"max-image-preview:large","max-video-preview":"max-video-preview:-1"},"canonical":"https:\/\/mattressfactory.hu\/en\/products\/wool-blanket\/","og_locale":"en_US","og_type":"article","og_title":"Wool blanket - Best Dream","og_description":"Australian merino lamb wool blankets are soft, silky to the touch, and have optimum heat retention of 600 g \/ m\u00b2. You won\u2019t sweat when you use the blanket, so you\u2019ll get a really comfortable sleep.","og_url":"https:\/\/mattressfactory.hu\/en\/products\/wool-blanket\/","og_site_name":"Best Dream","article_modified_time":"2022-07-15T07:17:56+00:00","og_image":[{"width":300,"height":218,"url":"https:\/\/mattressfactory.hu\/wp-content\/uploads\/2022\/05\/gyapju-takaro.png","type":"image\/png"}],"twitter_card":"summary_large_image","twitter_misc":{"Est. reading time":"1 minute"},"schema":{"@context":"https:\/\/schema.org","@graph":[{"@type":"WebPage","@id":"https:\/\/mattressfactory.hu\/en\/products\/wool-blanket\/","url":"https:\/\/mattressfactory.hu\/en\/products\/wool-blanket\/","name":"Wool blanket - Best Dream","isPartOf":{"@id":"https:\/\/mattressfactory.hu\/#website"},"datePublished":"2022-05-24T10:22:10+00:00","dateModified":"2022-07-15T07:17:56+00:00","description":"Australian merino lamb wool blankets are soft, silky to the touch, and have optimum heat retention of 600 g \/ m\u00b2. You won\u2019t sweat when you use the blanket, so you\u2019ll get a really comfortable sleep.","breadcrumb":{"@id":"https:\/\/mattressfactory.hu\/en\/products\/wool-blanket\/#breadcrumb"},"inLanguage":"en-US","potentialAction":[{"@type":"ReadAction","target":["https:\/\/mattressfactory.hu\/en\/products\/wool-blanket\/"]}]},{"@type":"BreadcrumbList","@id":"https:\/\/mattressfactory.hu\/en\/products\/wool-blanket\/#breadcrumb","itemListElement":[{"@type":"ListItem","position":1,"name":"\u00dczlet","item":"https:\/\/mattressfactory.hu\/uzlet\/"},{"@type":"ListItem","position":2,"name":"Wool blanket"}]},{"@type":"WebSite","@id":"https:\/\/mattressfactory.hu\/#website","url":"https:\/\/mattressfactory.hu\/","name":"Best Dream","description":"Matracok, p\u00e1rn\u00e1k a t\u00f6k\u00e9letes alv\u00e1s\u00e9rt","potentialAction":[{"@type":"SearchAction","target":{"@type":"EntryPoint","urlTemplate":"https:\/\/mattressfactory.hu\/?s={search_term_string}"},"query-input":"required name=search_term_string"}],"inLanguage":"en-US"}]}},"_links":{"self":[{"href":"https:\/\/mattressfactory.hu\/en\/wp-json\/wp\/v2\/product\/925","targetHints":{"allow":["GET"]}}],"collection":[{"href":"https:\/\/mattressfactory.hu\/en\/wp-json\/wp\/v2\/product"}],"about":[{"href":"https:\/\/mattressfactory.hu\/en\/wp-json\/wp\/v2\/types\/product"}],"replies":[{"embeddable":true,"href":"https:\/\/mattressfactory.hu\/en\/wp-json\/wp\/v2\/comments?post=925"}],"wp:featuredmedia":[{"embeddable":true,"href":"https:\/\/mattressfactory.hu\/en\/wp-json\/wp\/v2\/media\/472"}],"wp:attachment":[{"href":"https:\/\/mattressfactory.hu\/en\/wp-json\/wp\/v2\/media?parent=925"}],"wp:term":[{"taxonomy":"product_cat","embeddable":true,"href":"https:\/\/mattressfactory.hu\/en\/wp-json\/wp\/v2\/product_cat?post=925"},{"taxonomy":"product_tag","embeddable":true,"href":"https:\/\/mattressfactory.hu\/en\/wp-json\/wp\/v2\/product_tag?post=925"}],"curies":[{"name":"wp","href":"https:\/\/api.w.org\/{rel}","templated":true}]}}