{"id":789,"date":"2022-05-24T09:19:04","date_gmt":"2022-05-24T07:19:04","guid":{"rendered":"https:\/\/mattressfactory.hu\/termek\/natural\/"},"modified":"2022-07-04T14:51:18","modified_gmt":"2022-07-04T12:51:18","slug":"natural-mattress","status":"publish","type":"product","link":"https:\/\/mattressfactory.hu\/en\/termek\/natural-mattress\/","title":{"rendered":"Natural"},"content":{"rendered":"<p>The mattress is made from a cold medium density foam of medium stiffness. Thanks to its removable antibacterial cover with ALOE VERA extracts, washability, mattress elastic core, and unique technology, it meets the highest demands for healthy and hygienic relaxation.<\/p>\n<p><img loading=\"lazy\" decoding=\"async\" class=\"alignnone wp-image-114\" src=\"https:\/\/mattressfactory.hu\/wp-content\/uploads\/2022\/05\/NATURAL-METSZET-1024x710-1.png\" alt=\"natural hideghab matrac\" width=\"400\" height=\"277\" srcset=\"https:\/\/mattressfactory.hu\/wp-content\/uploads\/2022\/05\/NATURAL-METSZET-1024x710-1.png 1024w, https:\/\/mattressfactory.hu\/wp-content\/uploads\/2022\/05\/NATURAL-METSZET-1024x710-1-300x208.png 300w, https:\/\/mattressfactory.hu\/wp-content\/uploads\/2022\/05\/NATURAL-METSZET-1024x710-1-600x416.png 600w, https:\/\/mattressfactory.hu\/wp-content\/uploads\/2022\/05\/NATURAL-METSZET-1024x710-1-768x533.png 768w, https:\/\/mattressfactory.hu\/wp-content\/uploads\/2022\/05\/NATURAL-METSZET-1024x710-1-705x489.png 705w\" sizes=\"auto, (max-width: 400px) 100vw, 400px\" \/><\/p>\n<ol>\n<li>Aloe Vera removable cover with the possibility of washing at 40 \u00b0 C<\/li>\n<li>anti-allergic core, wadding layer<\/li>\n<li>breathable elastic layer<\/li>\n<li>13 cm of polyurethane core 28 kg\/m<sup>3<\/sup>, 3.5 kPa pressure<\/li>\n<\/ol>\n<p>&nbsp;<\/p>\n<p><img loading=\"lazy\" decoding=\"async\" class=\"alignleft wp-image-115 size-square\" src=\"https:\/\/mattressfactory.hu\/wp-content\/uploads\/2022\/05\/aloe_vera-180x180.jpeg\" alt=\"aloe vera\" width=\"180\" height=\"180\" srcset=\"https:\/\/mattressfactory.hu\/wp-content\/uploads\/2022\/05\/aloe_vera-180x180.jpeg 180w, https:\/\/mattressfactory.hu\/wp-content\/uploads\/2022\/05\/aloe_vera-100x100.jpeg 100w, https:\/\/mattressfactory.hu\/wp-content\/uploads\/2022\/05\/aloe_vera.jpeg 300w, https:\/\/mattressfactory.hu\/wp-content\/uploads\/2022\/05\/aloe_vera-80x80.jpeg 80w, https:\/\/mattressfactory.hu\/wp-content\/uploads\/2022\/05\/aloe_vera-36x36.jpeg 36w\" sizes=\"auto, (max-width: 180px) 100vw, 180px\" \/><\/p>\n<p><strong>ALOE VERA FABRIC<\/strong><\/p>\n<p><strong><br \/>\n<\/strong>The cover is enriched with extracts from Aloe Vera, which makes your skin smoother and has a beneficial effect on your health. It is made of natural antiallergic fabric with antiseptic and antibacterial properties, which ensures perfect relaxation, and peaceful, undisturbed sleep.<\/p>\n","protected":false},"excerpt":{"rendered":"<ul>\n<li>Height: 15 cm<\/li>\n<li>Max. weight capacity: 90 kg<\/li>\n<li>Warranty: 10 years<\/li>\n<li>Vacuum packed (for easier transportability)<\/li>\n<\/ul>\n<p>&nbsp;<\/p>\n","protected":false},"featured_media":354,"comment_status":"closed","ping_status":"closed","template":"","meta":{"inline_featured_image":false},"product_cat":[49,46],"product_tag":[],"class_list":["post-789","product","type-product","status-publish","has-post-thumbnail","hentry","product_cat-mattresses","product_cat-cold-foam-mattresses"],"yoast_head":"<!-- This site is optimized with the Yoast SEO plugin v20.5 - https:\/\/yoast.com\/wordpress\/plugins\/seo\/ -->\n<title>Natural - Best Dream<\/title>\n<meta name=\"description\" content=\"The mattress is made from a cold medium density foam of medium stiffness. Thanks to its removable antibacterial cover with ALOE VERA extracts, washability, mattress elastic core, and unique technology, it meets the highest demands for healthy and hygienic relaxation.\" \/>\n<meta name=\"robots\" content=\"index, follow, max-snippet:-1, max-image-preview:large, max-video-preview:-1\" \/>\n<link rel=\"canonical\" href=\"https:\/\/mattressfactory.hu\/en\/termek\/natural-mattress\/\" \/>\n<meta property=\"og:locale\" content=\"en_US\" \/>\n<meta property=\"og:type\" content=\"article\" \/>\n<meta property=\"og:title\" content=\"Natural - Best Dream\" \/>\n<meta property=\"og:description\" content=\"The mattress is made from a cold medium density foam of medium stiffness. Thanks to its removable antibacterial cover with ALOE VERA extracts, washability, mattress elastic core, and unique technology, it meets the highest demands for healthy and hygienic relaxation.\" \/>\n<meta property=\"og:url\" content=\"https:\/\/mattressfactory.hu\/en\/termek\/natural-mattress\/\" \/>\n<meta property=\"og:site_name\" content=\"Best Dream\" \/>\n<meta property=\"article:modified_time\" content=\"2022-07-04T12:51:18+00:00\" \/>\n<meta property=\"og:image\" content=\"https:\/\/mattressfactory.hu\/wp-content\/uploads\/2022\/05\/NATURAL.png\" \/>\n\t<meta property=\"og:image:width\" content=\"1024\" \/>\n\t<meta property=\"og:image:height\" content=\"683\" \/>\n\t<meta property=\"og:image:type\" content=\"image\/png\" \/>\n<meta name=\"twitter:card\" content=\"summary_large_image\" \/>\n<meta name=\"twitter:label1\" content=\"Est. reading time\" \/>\n\t<meta name=\"twitter:data1\" content=\"2 minutes\" \/>\n<script type=\"application\/ld+json\" class=\"yoast-schema-graph\">{\"@context\":\"https:\/\/schema.org\",\"@graph\":[{\"@type\":\"WebPage\",\"@id\":\"https:\/\/mattressfactory.hu\/en\/termek\/natural-mattress\/\",\"url\":\"https:\/\/mattressfactory.hu\/en\/termek\/natural-mattress\/\",\"name\":\"Natural - Best Dream\",\"isPartOf\":{\"@id\":\"https:\/\/mattressfactory.hu\/#website\"},\"datePublished\":\"2022-05-24T07:19:04+00:00\",\"dateModified\":\"2022-07-04T12:51:18+00:00\",\"description\":\"The mattress is made from a cold medium density foam of medium stiffness. Thanks to its removable antibacterial cover with ALOE VERA extracts, washability, mattress elastic core, and unique technology, it meets the highest demands for healthy and hygienic relaxation.\",\"breadcrumb\":{\"@id\":\"https:\/\/mattressfactory.hu\/en\/termek\/natural-mattress\/#breadcrumb\"},\"inLanguage\":\"en-US\",\"potentialAction\":[{\"@type\":\"ReadAction\",\"target\":[\"https:\/\/mattressfactory.hu\/en\/termek\/natural-mattress\/\"]}]},{\"@type\":\"BreadcrumbList\",\"@id\":\"https:\/\/mattressfactory.hu\/en\/termek\/natural-mattress\/#breadcrumb\",\"itemListElement\":[{\"@type\":\"ListItem\",\"position\":1,\"name\":\"\u00dczlet\",\"item\":\"https:\/\/mattressfactory.hu\/uzlet\/\"},{\"@type\":\"ListItem\",\"position\":2,\"name\":\"Natural\"}]},{\"@type\":\"WebSite\",\"@id\":\"https:\/\/mattressfactory.hu\/#website\",\"url\":\"https:\/\/mattressfactory.hu\/\",\"name\":\"Best Dream\",\"description\":\"Matracok, p\u00e1rn\u00e1k a t\u00f6k\u00e9letes alv\u00e1s\u00e9rt\",\"potentialAction\":[{\"@type\":\"SearchAction\",\"target\":{\"@type\":\"EntryPoint\",\"urlTemplate\":\"https:\/\/mattressfactory.hu\/?s={search_term_string}\"},\"query-input\":\"required name=search_term_string\"}],\"inLanguage\":\"en-US\"}]}<\/script>\n<!-- \/ Yoast SEO plugin. -->","yoast_head_json":{"title":"Natural - Best Dream","description":"The mattress is made from a cold medium density foam of medium stiffness. Thanks to its removable antibacterial cover with ALOE VERA extracts, washability, mattress elastic core, and unique technology, it meets the highest demands for healthy and hygienic relaxation.","robots":{"index":"index","follow":"follow","max-snippet":"max-snippet:-1","max-image-preview":"max-image-preview:large","max-video-preview":"max-video-preview:-1"},"canonical":"https:\/\/mattressfactory.hu\/en\/termek\/natural-mattress\/","og_locale":"en_US","og_type":"article","og_title":"Natural - Best Dream","og_description":"The mattress is made from a cold medium density foam of medium stiffness. Thanks to its removable antibacterial cover with ALOE VERA extracts, washability, mattress elastic core, and unique technology, it meets the highest demands for healthy and hygienic relaxation.","og_url":"https:\/\/mattressfactory.hu\/en\/termek\/natural-mattress\/","og_site_name":"Best Dream","article_modified_time":"2022-07-04T12:51:18+00:00","og_image":[{"width":1024,"height":683,"url":"https:\/\/mattressfactory.hu\/wp-content\/uploads\/2022\/05\/NATURAL.png","type":"image\/png"}],"twitter_card":"summary_large_image","twitter_misc":{"Est. reading time":"2 minutes"},"schema":{"@context":"https:\/\/schema.org","@graph":[{"@type":"WebPage","@id":"https:\/\/mattressfactory.hu\/en\/termek\/natural-mattress\/","url":"https:\/\/mattressfactory.hu\/en\/termek\/natural-mattress\/","name":"Natural - Best Dream","isPartOf":{"@id":"https:\/\/mattressfactory.hu\/#website"},"datePublished":"2022-05-24T07:19:04+00:00","dateModified":"2022-07-04T12:51:18+00:00","description":"The mattress is made from a cold medium density foam of medium stiffness. Thanks to its removable antibacterial cover with ALOE VERA extracts, washability, mattress elastic core, and unique technology, it meets the highest demands for healthy and hygienic relaxation.","breadcrumb":{"@id":"https:\/\/mattressfactory.hu\/en\/termek\/natural-mattress\/#breadcrumb"},"inLanguage":"en-US","potentialAction":[{"@type":"ReadAction","target":["https:\/\/mattressfactory.hu\/en\/termek\/natural-mattress\/"]}]},{"@type":"BreadcrumbList","@id":"https:\/\/mattressfactory.hu\/en\/termek\/natural-mattress\/#breadcrumb","itemListElement":[{"@type":"ListItem","position":1,"name":"\u00dczlet","item":"https:\/\/mattressfactory.hu\/uzlet\/"},{"@type":"ListItem","position":2,"name":"Natural"}]},{"@type":"WebSite","@id":"https:\/\/mattressfactory.hu\/#website","url":"https:\/\/mattressfactory.hu\/","name":"Best Dream","description":"Matracok, p\u00e1rn\u00e1k a t\u00f6k\u00e9letes alv\u00e1s\u00e9rt","potentialAction":[{"@type":"SearchAction","target":{"@type":"EntryPoint","urlTemplate":"https:\/\/mattressfactory.hu\/?s={search_term_string}"},"query-input":"required name=search_term_string"}],"inLanguage":"en-US"}]}},"_links":{"self":[{"href":"https:\/\/mattressfactory.hu\/en\/wp-json\/wp\/v2\/product\/789","targetHints":{"allow":["GET"]}}],"collection":[{"href":"https:\/\/mattressfactory.hu\/en\/wp-json\/wp\/v2\/product"}],"about":[{"href":"https:\/\/mattressfactory.hu\/en\/wp-json\/wp\/v2\/types\/product"}],"replies":[{"embeddable":true,"href":"https:\/\/mattressfactory.hu\/en\/wp-json\/wp\/v2\/comments?post=789"}],"wp:featuredmedia":[{"embeddable":true,"href":"https:\/\/mattressfactory.hu\/en\/wp-json\/wp\/v2\/media\/354"}],"wp:attachment":[{"href":"https:\/\/mattressfactory.hu\/en\/wp-json\/wp\/v2\/media?parent=789"}],"wp:term":[{"taxonomy":"product_cat","embeddable":true,"href":"https:\/\/mattressfactory.hu\/en\/wp-json\/wp\/v2\/product_cat?post=789"},{"taxonomy":"product_tag","embeddable":true,"href":"https:\/\/mattressfactory.hu\/en\/wp-json\/wp\/v2\/product_tag?post=789"}],"curies":[{"name":"wp","href":"https:\/\/api.w.org\/{rel}","templated":true}]}}