{"id":702,"date":"2022-05-24T12:22:42","date_gmt":"2022-05-24T10:22:42","guid":{"rendered":"https:\/\/mattressfactory.hu\/termek\/gyapju-derekalj\/"},"modified":"2022-06-30T11:40:14","modified_gmt":"2022-06-30T09:40:14","slug":"wool-waistband","status":"publish","type":"product","link":"https:\/\/mattressfactory.hu\/en\/termek\/wool-waistband\/","title":{"rendered":"Wool waistband"},"content":{"rendered":"<p>The waist bases are made of wool fabric with a fiber density of 600 g \/ m2, which are soft and delicate to the touch. Sleep comfortably at night! Our wool waistcoats are made from the world-famous Australian merino wool, and due to their temperature compensating effect, they create a perfect climate in your bed, avoiding sweating and promoting a peaceful rest. They help prevent rheumatic complaints and joint problems.<\/p>\n<p><strong>The beneficial properties of wool:<\/strong><\/p>\n<ul>\n<li>it ensures and improves the breathing of our skin<\/li>\n<li>we do not sweat during use because it evaporates the precipitating sweat<\/li>\n<li>skin-friendly<\/li>\n<li>it offers maximum comfort in winter and summer<\/li>\n<li>it has a temperature compensating effect<\/li>\n<li>100% natural material<\/li>\n<li>it is also recommended for people with allergies and asthma<\/li>\n<li>its lanolin content protects it from dirt and therefore requires less washing than other textiles<\/li>\n<li>environmentally friendly, 100% biodegradable<\/li>\n<\/ul>\n","protected":false},"excerpt":{"rendered":"<ul>\n<li>100% merino wool<\/li>\n<li>General warranty<\/li>\n<\/ul>\n","protected":false},"featured_media":466,"comment_status":"closed","ping_status":"closed","template":"","meta":{"inline_featured_image":false},"product_cat":[48],"product_tag":[],"class_list":["post-702","product","type-product","status-publish","has-post-thumbnail","hentry","product_cat-wool-products"],"yoast_head":"<!-- This site is optimized with the Yoast SEO plugin v20.5 - https:\/\/yoast.com\/wordpress\/plugins\/seo\/ -->\n<title>Wool waistband - Best Dream<\/title>\n<meta name=\"description\" content=\"The waist bases are made of wool fabric with a fiber density of 600 g \/ m2, which are soft and delicate to the touch. Sleep comfortably at night!\" \/>\n<meta name=\"robots\" content=\"index, follow, max-snippet:-1, max-image-preview:large, max-video-preview:-1\" \/>\n<link rel=\"canonical\" href=\"https:\/\/mattressfactory.hu\/en\/termek\/wool-waistband\/\" \/>\n<meta property=\"og:locale\" content=\"en_US\" \/>\n<meta property=\"og:type\" content=\"article\" \/>\n<meta property=\"og:title\" content=\"Wool waistband - Best Dream\" \/>\n<meta property=\"og:description\" content=\"The waist bases are made of wool fabric with a fiber density of 600 g \/ m2, which are soft and delicate to the touch. Sleep comfortably at night!\" \/>\n<meta property=\"og:url\" content=\"https:\/\/mattressfactory.hu\/en\/termek\/wool-waistband\/\" \/>\n<meta property=\"og:site_name\" content=\"Best Dream\" \/>\n<meta property=\"article:modified_time\" content=\"2022-06-30T09:40:14+00:00\" \/>\n<meta property=\"og:image\" content=\"https:\/\/mattressfactory.hu\/wp-content\/uploads\/2022\/05\/gyapju_derekalj.png\" \/>\n\t<meta property=\"og:image:width\" content=\"822\" \/>\n\t<meta property=\"og:image:height\" content=\"597\" \/>\n\t<meta property=\"og:image:type\" content=\"image\/png\" \/>\n<meta name=\"twitter:card\" content=\"summary_large_image\" \/>\n<meta name=\"twitter:label1\" content=\"Est. reading time\" \/>\n\t<meta name=\"twitter:data1\" content=\"1 minute\" \/>\n<script type=\"application\/ld+json\" class=\"yoast-schema-graph\">{\"@context\":\"https:\/\/schema.org\",\"@graph\":[{\"@type\":\"WebPage\",\"@id\":\"https:\/\/mattressfactory.hu\/en\/termek\/wool-waistband\/\",\"url\":\"https:\/\/mattressfactory.hu\/en\/termek\/wool-waistband\/\",\"name\":\"Wool waistband - Best Dream\",\"isPartOf\":{\"@id\":\"https:\/\/mattressfactory.hu\/#website\"},\"datePublished\":\"2022-05-24T10:22:42+00:00\",\"dateModified\":\"2022-06-30T09:40:14+00:00\",\"description\":\"The waist bases are made of wool fabric with a fiber density of 600 g \/ m2, which are soft and delicate to the touch. Sleep comfortably at night!\",\"breadcrumb\":{\"@id\":\"https:\/\/mattressfactory.hu\/en\/termek\/wool-waistband\/#breadcrumb\"},\"inLanguage\":\"en-US\",\"potentialAction\":[{\"@type\":\"ReadAction\",\"target\":[\"https:\/\/mattressfactory.hu\/en\/termek\/wool-waistband\/\"]}]},{\"@type\":\"BreadcrumbList\",\"@id\":\"https:\/\/mattressfactory.hu\/en\/termek\/wool-waistband\/#breadcrumb\",\"itemListElement\":[{\"@type\":\"ListItem\",\"position\":1,\"name\":\"\u00dczlet\",\"item\":\"https:\/\/mattressfactory.hu\/uzlet\/\"},{\"@type\":\"ListItem\",\"position\":2,\"name\":\"Wool waistband\"}]},{\"@type\":\"WebSite\",\"@id\":\"https:\/\/mattressfactory.hu\/#website\",\"url\":\"https:\/\/mattressfactory.hu\/\",\"name\":\"Best Dream\",\"description\":\"Matracok, p\u00e1rn\u00e1k a t\u00f6k\u00e9letes alv\u00e1s\u00e9rt\",\"potentialAction\":[{\"@type\":\"SearchAction\",\"target\":{\"@type\":\"EntryPoint\",\"urlTemplate\":\"https:\/\/mattressfactory.hu\/?s={search_term_string}\"},\"query-input\":\"required name=search_term_string\"}],\"inLanguage\":\"en-US\"}]}<\/script>\n<!-- \/ Yoast SEO plugin. -->","yoast_head_json":{"title":"Wool waistband - Best Dream","description":"The waist bases are made of wool fabric with a fiber density of 600 g \/ m2, which are soft and delicate to the touch. Sleep comfortably at night!","robots":{"index":"index","follow":"follow","max-snippet":"max-snippet:-1","max-image-preview":"max-image-preview:large","max-video-preview":"max-video-preview:-1"},"canonical":"https:\/\/mattressfactory.hu\/en\/termek\/wool-waistband\/","og_locale":"en_US","og_type":"article","og_title":"Wool waistband - Best Dream","og_description":"The waist bases are made of wool fabric with a fiber density of 600 g \/ m2, which are soft and delicate to the touch. Sleep comfortably at night!","og_url":"https:\/\/mattressfactory.hu\/en\/termek\/wool-waistband\/","og_site_name":"Best Dream","article_modified_time":"2022-06-30T09:40:14+00:00","og_image":[{"width":822,"height":597,"url":"https:\/\/mattressfactory.hu\/wp-content\/uploads\/2022\/05\/gyapju_derekalj.png","type":"image\/png"}],"twitter_card":"summary_large_image","twitter_misc":{"Est. reading time":"1 minute"},"schema":{"@context":"https:\/\/schema.org","@graph":[{"@type":"WebPage","@id":"https:\/\/mattressfactory.hu\/en\/termek\/wool-waistband\/","url":"https:\/\/mattressfactory.hu\/en\/termek\/wool-waistband\/","name":"Wool waistband - Best Dream","isPartOf":{"@id":"https:\/\/mattressfactory.hu\/#website"},"datePublished":"2022-05-24T10:22:42+00:00","dateModified":"2022-06-30T09:40:14+00:00","description":"The waist bases are made of wool fabric with a fiber density of 600 g \/ m2, which are soft and delicate to the touch. Sleep comfortably at night!","breadcrumb":{"@id":"https:\/\/mattressfactory.hu\/en\/termek\/wool-waistband\/#breadcrumb"},"inLanguage":"en-US","potentialAction":[{"@type":"ReadAction","target":["https:\/\/mattressfactory.hu\/en\/termek\/wool-waistband\/"]}]},{"@type":"BreadcrumbList","@id":"https:\/\/mattressfactory.hu\/en\/termek\/wool-waistband\/#breadcrumb","itemListElement":[{"@type":"ListItem","position":1,"name":"\u00dczlet","item":"https:\/\/mattressfactory.hu\/uzlet\/"},{"@type":"ListItem","position":2,"name":"Wool waistband"}]},{"@type":"WebSite","@id":"https:\/\/mattressfactory.hu\/#website","url":"https:\/\/mattressfactory.hu\/","name":"Best Dream","description":"Matracok, p\u00e1rn\u00e1k a t\u00f6k\u00e9letes alv\u00e1s\u00e9rt","potentialAction":[{"@type":"SearchAction","target":{"@type":"EntryPoint","urlTemplate":"https:\/\/mattressfactory.hu\/?s={search_term_string}"},"query-input":"required name=search_term_string"}],"inLanguage":"en-US"}]}},"_links":{"self":[{"href":"https:\/\/mattressfactory.hu\/en\/wp-json\/wp\/v2\/product\/702","targetHints":{"allow":["GET"]}}],"collection":[{"href":"https:\/\/mattressfactory.hu\/en\/wp-json\/wp\/v2\/product"}],"about":[{"href":"https:\/\/mattressfactory.hu\/en\/wp-json\/wp\/v2\/types\/product"}],"replies":[{"embeddable":true,"href":"https:\/\/mattressfactory.hu\/en\/wp-json\/wp\/v2\/comments?post=702"}],"wp:featuredmedia":[{"embeddable":true,"href":"https:\/\/mattressfactory.hu\/en\/wp-json\/wp\/v2\/media\/466"}],"wp:attachment":[{"href":"https:\/\/mattressfactory.hu\/en\/wp-json\/wp\/v2\/media?parent=702"}],"wp:term":[{"taxonomy":"product_cat","embeddable":true,"href":"https:\/\/mattressfactory.hu\/en\/wp-json\/wp\/v2\/product_cat?post=702"},{"taxonomy":"product_tag","embeddable":true,"href":"https:\/\/mattressfactory.hu\/en\/wp-json\/wp\/v2\/product_tag?post=702"}],"curies":[{"name":"wp","href":"https:\/\/api.w.org\/{rel}","templated":true}]}}