{"id":847,"date":"2022-05-23T13:28:01","date_gmt":"2022-05-23T11:28:01","guid":{"rendered":"https:\/\/mattressfactory.hu\/katalogus\/"},"modified":"2022-06-29T09:42:45","modified_gmt":"2022-06-29T07:42:45","slug":"katalogus","status":"publish","type":"page","link":"https:\/\/mattressfactory.hu\/en\/katalogus\/","title":{"rendered":"Catalog"},"content":{"rendered":"<div id='av_section_1'  class='avia-section av-1caxa-24b5431b08790ab997ec20a722a0ede3 main_color avia-section-default avia-no-border-styling  avia-builder-el-0  avia-builder-el-no-sibling  avia-bg-style-scroll container_wrap sidebar_right'  ><div class='container av-section-cont-open' ><main  role=\"main\" itemprop=\"mainContentOfPage\"  class='template-page content  av-content-small alpha units'><div class='post-entry post-entry-type-page post-entry-847'><div class='entry-content-wrapper clearfix'>\n<div class='flex_column av-12gg6-3676524d59c7f33e92a8a7b44c0494db av_one_full  avia-builder-el-1  el_before_av_one_fifth  avia-builder-el-first  first flex_column_div '   ><p>\n<style type=\"text\/css\" data-created_by=\"avia_inline_auto\" id=\"style-css-av-l3irixyz-c51370f0aaa36837411f73465909ab15\">\n#top .av-special-heading.av-l3irixyz-c51370f0aaa36837411f73465909ab15{\npadding-bottom:10px;\n}\nbody .av-special-heading.av-l3irixyz-c51370f0aaa36837411f73465909ab15 .av-special-heading-tag .heading-char{\nfont-size:25px;\n}\n.av-special-heading.av-l3irixyz-c51370f0aaa36837411f73465909ab15 .av-subheading{\nfont-size:15px;\n}\n<\/style>\n<div  class='av-special-heading av-l3irixyz-c51370f0aaa36837411f73465909ab15 av-special-heading-h1 blockquote modern-quote modern-centered  avia-builder-el-2  el_before_av_textblock  avia-builder-el-first  hullam'><h1 class='av-special-heading-tag'  itemprop=\"headline\"  >Catalog<\/h1><div class=\"special-heading-border\"><div class=\"special-heading-inner-border\"><\/div><\/div><\/div><br \/>\n<section  class='av_textblock_section av-l4735v8x-9f8591fa78a611b442137fd741704330'  itemscope=\"itemscope\" itemtype=\"https:\/\/schema.org\/CreativeWork\" ><div class='avia_textblock'  itemprop=\"text\" ><p style=\"text-align: center;\">Take a look at our online catalog!<\/p>\n<\/div><\/section><\/p><\/div><div class='flex_column av-1gohi-d61e1e2800b053a8e08c9ebb1836a4bc av_one_fifth  avia-builder-el-4  el_after_av_one_full  el_before_av_three_fifth  first flex_column_div column-top-margin'   ><\/div><div class='flex_column av-1l4d2-9966d1c57c2e2c0f1aa7b403905b6f72 av_three_fifth  avia-builder-el-5  el_after_av_one_fifth  el_before_av_one_fifth  flex_column_div column-top-margin'   ><style type=\"text\/css\" data-created_by=\"avia_inline_auto\" id=\"style-css-av-l3irjoc2-a4e52ab66586f17f3ce6f6e45ff46962\">\n.avia-image-container.av-l3irjoc2-a4e52ab66586f17f3ce6f6e45ff46962 .av-image-caption-overlay-center{\ncolor:#ffffff;\n}\n<\/style>\n<div  class='avia-image-container av-l3irjoc2-a4e52ab66586f17f3ce6f6e45ff46962 av-styling-no-styling avia-align-center  avia-builder-el-6  avia-builder-el-no-sibling '  itemprop=\"image\" itemscope=\"itemscope\" itemtype=\"https:\/\/schema.org\/ImageObject\" ><div class=\"avia-image-container-inner\"><div class=\"avia-image-overlay-wrap\"><a href=\"https:\/\/mattressfactory.hu\/wp-content\/uploads\/2022\/05\/BEST-DREAM-PROSPEKTUS-2022-1.pdf\" class='avia_image' target=\"_blank\" rel=\"noopener noreferrer\"><img decoding=\"async\" class='wp-image-651 avia-img-lazy-loading-not-651 avia_image' src=\"https:\/\/mattressfactory.hu\/wp-content\/uploads\/2022\/06\/prosi-1-scaled.jpg\" alt='' title='prosi'  height=\"1802\" width=\"2560\"  itemprop=\"thumbnailUrl\" srcset=\"https:\/\/mattressfactory.hu\/wp-content\/uploads\/2022\/06\/prosi-1-scaled.jpg 2560w, https:\/\/mattressfactory.hu\/wp-content\/uploads\/2022\/06\/prosi-1-300x211.jpg 300w, https:\/\/mattressfactory.hu\/wp-content\/uploads\/2022\/06\/prosi-1-1030x725.jpg 1030w, https:\/\/mattressfactory.hu\/wp-content\/uploads\/2022\/06\/prosi-1-768x541.jpg 768w, https:\/\/mattressfactory.hu\/wp-content\/uploads\/2022\/06\/prosi-1-1536x1081.jpg 1536w, https:\/\/mattressfactory.hu\/wp-content\/uploads\/2022\/06\/prosi-1-2048x1442.jpg 2048w, https:\/\/mattressfactory.hu\/wp-content\/uploads\/2022\/06\/prosi-1-1500x1056.jpg 1500w, https:\/\/mattressfactory.hu\/wp-content\/uploads\/2022\/06\/prosi-1-705x496.jpg 705w, https:\/\/mattressfactory.hu\/wp-content\/uploads\/2022\/06\/prosi-1-600x422.jpg 600w\" sizes=\"(max-width: 2560px) 100vw, 2560px\" \/><\/a><\/div><\/div><\/div><\/div><div class='flex_column av-ueha-7e4ecf00fc9b88a7b0f4aef3893e84fc av_one_fifth  avia-builder-el-7  el_after_av_three_fifth  avia-builder-el-last  flex_column_div column-top-margin'   ><\/div><\/div><\/div><\/main><!-- close content main element --><\/div><\/div><div id='after_section_1'  class='main_color av_default_container_wrap container_wrap sidebar_right'  ><div class='container av-section-cont-open' ><div class='template-page content  av-content-small alpha units'><div class='post-entry post-entry-type-page post-entry-847'><div class='entry-content-wrapper clearfix'>\n","protected":false},"excerpt":{"rendered":"","protected":false},"author":1,"featured_media":0,"parent":0,"menu_order":0,"comment_status":"closed","ping_status":"closed","template":"","meta":{"inline_featured_image":false,"footnotes":""},"class_list":["post-847","page","type-page","status-publish","hentry"],"yoast_head":"<!-- This site is optimized with the Yoast SEO plugin v20.5 - https:\/\/yoast.com\/wordpress\/plugins\/seo\/ -->\n<title>Catalog - Best Dream<\/title>\n<meta name=\"robots\" content=\"index, follow, max-snippet:-1, max-image-preview:large, max-video-preview:-1\" \/>\n<link rel=\"canonical\" href=\"https:\/\/mattressfactory.hu\/en\/katalogus\/\" \/>\n<meta property=\"og:locale\" content=\"en_US\" \/>\n<meta property=\"og:type\" content=\"article\" \/>\n<meta property=\"og:title\" content=\"Catalog - Best Dream\" \/>\n<meta property=\"og:url\" content=\"https:\/\/mattressfactory.hu\/en\/katalogus\/\" \/>\n<meta property=\"og:site_name\" content=\"Best Dream\" \/>\n<meta property=\"article:modified_time\" content=\"2022-06-29T07:42:45+00:00\" \/>\n<meta name=\"twitter:card\" content=\"summary_large_image\" \/>\n<meta name=\"twitter:label1\" content=\"Est. reading time\" \/>\n\t<meta name=\"twitter:data1\" content=\"3 minutes\" \/>\n<script type=\"application\/ld+json\" class=\"yoast-schema-graph\">{\"@context\":\"https:\/\/schema.org\",\"@graph\":[{\"@type\":\"WebPage\",\"@id\":\"https:\/\/mattressfactory.hu\/en\/katalogus\/\",\"url\":\"https:\/\/mattressfactory.hu\/en\/katalogus\/\",\"name\":\"Catalog - Best Dream\",\"isPartOf\":{\"@id\":\"https:\/\/mattressfactory.hu\/#website\"},\"datePublished\":\"2022-05-23T11:28:01+00:00\",\"dateModified\":\"2022-06-29T07:42:45+00:00\",\"inLanguage\":\"en-US\",\"potentialAction\":[{\"@type\":\"ReadAction\",\"target\":[\"https:\/\/mattressfactory.hu\/en\/katalogus\/\"]}]},{\"@type\":\"WebSite\",\"@id\":\"https:\/\/mattressfactory.hu\/#website\",\"url\":\"https:\/\/mattressfactory.hu\/\",\"name\":\"Best Dream\",\"description\":\"Matracok, p\u00e1rn\u00e1k a t\u00f6k\u00e9letes alv\u00e1s\u00e9rt\",\"potentialAction\":[{\"@type\":\"SearchAction\",\"target\":{\"@type\":\"EntryPoint\",\"urlTemplate\":\"https:\/\/mattressfactory.hu\/?s={search_term_string}\"},\"query-input\":\"required name=search_term_string\"}],\"inLanguage\":\"en-US\"}]}<\/script>\n<!-- \/ Yoast SEO plugin. -->","yoast_head_json":{"title":"Catalog - Best Dream","robots":{"index":"index","follow":"follow","max-snippet":"max-snippet:-1","max-image-preview":"max-image-preview:large","max-video-preview":"max-video-preview:-1"},"canonical":"https:\/\/mattressfactory.hu\/en\/katalogus\/","og_locale":"en_US","og_type":"article","og_title":"Catalog - Best Dream","og_url":"https:\/\/mattressfactory.hu\/en\/katalogus\/","og_site_name":"Best Dream","article_modified_time":"2022-06-29T07:42:45+00:00","twitter_card":"summary_large_image","twitter_misc":{"Est. reading time":"3 minutes"},"schema":{"@context":"https:\/\/schema.org","@graph":[{"@type":"WebPage","@id":"https:\/\/mattressfactory.hu\/en\/katalogus\/","url":"https:\/\/mattressfactory.hu\/en\/katalogus\/","name":"Catalog - Best Dream","isPartOf":{"@id":"https:\/\/mattressfactory.hu\/#website"},"datePublished":"2022-05-23T11:28:01+00:00","dateModified":"2022-06-29T07:42:45+00:00","inLanguage":"en-US","potentialAction":[{"@type":"ReadAction","target":["https:\/\/mattressfactory.hu\/en\/katalogus\/"]}]},{"@type":"WebSite","@id":"https:\/\/mattressfactory.hu\/#website","url":"https:\/\/mattressfactory.hu\/","name":"Best Dream","description":"Matracok, p\u00e1rn\u00e1k a t\u00f6k\u00e9letes alv\u00e1s\u00e9rt","potentialAction":[{"@type":"SearchAction","target":{"@type":"EntryPoint","urlTemplate":"https:\/\/mattressfactory.hu\/?s={search_term_string}"},"query-input":"required name=search_term_string"}],"inLanguage":"en-US"}]}},"_links":{"self":[{"href":"https:\/\/mattressfactory.hu\/en\/wp-json\/wp\/v2\/pages\/847","targetHints":{"allow":["GET"]}}],"collection":[{"href":"https:\/\/mattressfactory.hu\/en\/wp-json\/wp\/v2\/pages"}],"about":[{"href":"https:\/\/mattressfactory.hu\/en\/wp-json\/wp\/v2\/types\/page"}],"author":[{"embeddable":true,"href":"https:\/\/mattressfactory.hu\/en\/wp-json\/wp\/v2\/users\/1"}],"replies":[{"embeddable":true,"href":"https:\/\/mattressfactory.hu\/en\/wp-json\/wp\/v2\/comments?post=847"}],"version-history":[{"count":3,"href":"https:\/\/mattressfactory.hu\/en\/wp-json\/wp\/v2\/pages\/847\/revisions"}],"predecessor-version":[{"id":850,"href":"https:\/\/mattressfactory.hu\/en\/wp-json\/wp\/v2\/pages\/847\/revisions\/850"}],"wp:attachment":[{"href":"https:\/\/mattressfactory.hu\/en\/wp-json\/wp\/v2\/media?parent=847"}],"curies":[{"name":"wp","href":"https:\/\/api.w.org\/{rel}","templated":true}]}}