{"id":790,"date":"2022-05-24T09:19:04","date_gmt":"2022-05-24T07:19:04","guid":{"rendered":"https:\/\/mattressfactory.hu\/termek\/natural\/"},"modified":"2022-07-08T13:02:17","modified_gmt":"2022-07-08T11:02:17","slug":"natural","status":"publish","type":"product","link":"https:\/\/mattressfactory.hu\/de\/termek\/natural\/","title":{"rendered":"Natural"},"content":{"rendered":"<p>Die Matratze besteht aus einem Kaltschaum mittlerer Dichte und hat eine mittlere Steifigkeit. Dank dem abnehmbaren antibakteriellen Bezug mit ALOE VERA-Extrakten, Abwaschbarkeit, einem elastischen Matratzenkern und einzigartiger Technologie erf\u00fcllt sie die h\u00f6chsten Anspr\u00fcche auf eine gesunde und hygienische Entspannung.<\/p>\n<p><img loading=\"lazy\" decoding=\"async\" class=\"alignnone wp-image-114\" src=\"https:\/\/mattressfactory.hu\/wp-content\/uploads\/2022\/05\/NATURAL-METSZET-1024x710-1.png\" alt=\"natural hideghab matrac\" width=\"400\" height=\"277\" srcset=\"https:\/\/mattressfactory.hu\/wp-content\/uploads\/2022\/05\/NATURAL-METSZET-1024x710-1.png 1024w, https:\/\/mattressfactory.hu\/wp-content\/uploads\/2022\/05\/NATURAL-METSZET-1024x710-1-300x208.png 300w, https:\/\/mattressfactory.hu\/wp-content\/uploads\/2022\/05\/NATURAL-METSZET-1024x710-1-600x416.png 600w, https:\/\/mattressfactory.hu\/wp-content\/uploads\/2022\/05\/NATURAL-METSZET-1024x710-1-768x533.png 768w, https:\/\/mattressfactory.hu\/wp-content\/uploads\/2022\/05\/NATURAL-METSZET-1024x710-1-705x489.png 705w\" sizes=\"auto, (max-width: 400px) 100vw, 400px\" \/><\/p>\n<ol>\n<li>Aloe Vera-Bezug, waschbar bei 40 \u00b0C<\/li>\n<li>antiallergisches Ausf\u00fcllmaterial<\/li>\n<li>atmungsaktive elastische Schicht<\/li>\n<li>Dichte von 13 cm PU-Kern 28 kg\/m<sup>3<\/sup>, 3.5 kPa Druck<\/li>\n<\/ol>\n<p>&nbsp;<\/p>\n<p><img loading=\"lazy\" decoding=\"async\" class=\"alignleft wp-image-115 size-square\" src=\"https:\/\/mattressfactory.hu\/wp-content\/uploads\/2022\/05\/aloe_vera-180x180.jpeg\" alt=\"aloe vera\" width=\"180\" height=\"180\" srcset=\"https:\/\/mattressfactory.hu\/wp-content\/uploads\/2022\/05\/aloe_vera-180x180.jpeg 180w, https:\/\/mattressfactory.hu\/wp-content\/uploads\/2022\/05\/aloe_vera-100x100.jpeg 100w, https:\/\/mattressfactory.hu\/wp-content\/uploads\/2022\/05\/aloe_vera.jpeg 300w, https:\/\/mattressfactory.hu\/wp-content\/uploads\/2022\/05\/aloe_vera-80x80.jpeg 80w, https:\/\/mattressfactory.hu\/wp-content\/uploads\/2022\/05\/aloe_vera-36x36.jpeg 36w\" sizes=\"auto, (max-width: 180px) 100vw, 180px\" \/><\/p>\n<p><strong>ALOE VERA Bezug<\/strong><\/p>\n<p>Der Bezug ist mit Aloe Vera-Extrakten angereichert, die Ihre Haut verw\u00f6hnen und sich positiv auf Ihre Gesundheit auswirken. Er ist aus einem antiallergischen Naturgewebe mit antiseptischen und antibakteriellen Eigenschaften hergestellt, die f\u00fcr perfekte Entspannung und einen ruhigen und ungest\u00f6rten Schlaf sorgen.<\/p>\n","protected":false},"excerpt":{"rendered":"<ul>\n<li>H\u00f6he: 15 cm<\/li>\n<li>Belastbarkeit: 90 kg<\/li>\n<li>Garantie: 10 Jahre<\/li>\n<li>Vakuumverpackt (f\u00fcr leichteren Transport)<\/li>\n<\/ul>\n<p>&nbsp;<\/p>\n","protected":false},"featured_media":355,"comment_status":"closed","ping_status":"closed","template":"","meta":{"inline_featured_image":false},"product_cat":[50,47],"product_tag":[],"class_list":["post-790","product","type-product","status-publish","has-post-thumbnail","hentry","product_cat-matratzen","product_cat-kaltschaummatratzen"],"yoast_head":"<!-- This site is optimized with the Yoast SEO plugin v20.5 - https:\/\/yoast.com\/wordpress\/plugins\/seo\/ -->\n<title>Natural - Best Dream<\/title>\n<meta name=\"description\" content=\"Die Matratze besteht aus einem Kaltschaum mittlerer Dichte und hat eine mittlere Steifigkeit. Dank dem abnehmbaren antibakteriellen Bezug mit ALOE VERA-Extrakten, Abwaschbarkeit, einem elastischen Matratzenkern und einzigartiger Technologie erf\u00fcllt sie die h\u00f6chsten Anspr\u00fcche auf eine gesunde und hygienische Entspannung.\" \/>\n<meta name=\"robots\" content=\"index, follow, max-snippet:-1, max-image-preview:large, max-video-preview:-1\" \/>\n<link rel=\"canonical\" href=\"https:\/\/mattressfactory.hu\/de\/termek\/natural\/\" \/>\n<meta property=\"og:locale\" content=\"de_DE\" \/>\n<meta property=\"og:type\" content=\"article\" \/>\n<meta property=\"og:title\" content=\"Natural - Best Dream\" \/>\n<meta property=\"og:description\" content=\"Die Matratze besteht aus einem Kaltschaum mittlerer Dichte und hat eine mittlere Steifigkeit. Dank dem abnehmbaren antibakteriellen Bezug mit ALOE VERA-Extrakten, Abwaschbarkeit, einem elastischen Matratzenkern und einzigartiger Technologie erf\u00fcllt sie die h\u00f6chsten Anspr\u00fcche auf eine gesunde und hygienische Entspannung.\" \/>\n<meta property=\"og:url\" content=\"https:\/\/mattressfactory.hu\/de\/termek\/natural\/\" \/>\n<meta property=\"og:site_name\" content=\"Best Dream\" \/>\n<meta property=\"article:modified_time\" content=\"2022-07-08T11:02:17+00:00\" \/>\n<meta property=\"og:image\" content=\"https:\/\/mattressfactory.hu\/wp-content\/uploads\/2022\/05\/NATURAL.png\" \/>\n\t<meta property=\"og:image:width\" content=\"1024\" \/>\n\t<meta property=\"og:image:height\" content=\"683\" \/>\n\t<meta property=\"og:image:type\" content=\"image\/png\" \/>\n<meta name=\"twitter:card\" content=\"summary_large_image\" \/>\n<meta name=\"twitter:label1\" content=\"Gesch\u00e4tzte Lesezeit\" \/>\n\t<meta name=\"twitter:data1\" content=\"1\u00a0Minute\" \/>\n<script type=\"application\/ld+json\" class=\"yoast-schema-graph\">{\"@context\":\"https:\/\/schema.org\",\"@graph\":[{\"@type\":\"WebPage\",\"@id\":\"https:\/\/mattressfactory.hu\/de\/termek\/natural\/\",\"url\":\"https:\/\/mattressfactory.hu\/de\/termek\/natural\/\",\"name\":\"Natural - Best Dream\",\"isPartOf\":{\"@id\":\"https:\/\/mattressfactory.hu\/#website\"},\"datePublished\":\"2022-05-24T07:19:04+00:00\",\"dateModified\":\"2022-07-08T11:02:17+00:00\",\"description\":\"Die Matratze besteht aus einem Kaltschaum mittlerer Dichte und hat eine mittlere Steifigkeit. Dank dem abnehmbaren antibakteriellen Bezug mit ALOE VERA-Extrakten, Abwaschbarkeit, einem elastischen Matratzenkern und einzigartiger Technologie erf\u00fcllt sie die h\u00f6chsten Anspr\u00fcche auf eine gesunde und hygienische Entspannung.\",\"breadcrumb\":{\"@id\":\"https:\/\/mattressfactory.hu\/de\/termek\/natural\/#breadcrumb\"},\"inLanguage\":\"de\",\"potentialAction\":[{\"@type\":\"ReadAction\",\"target\":[\"https:\/\/mattressfactory.hu\/de\/termek\/natural\/\"]}]},{\"@type\":\"BreadcrumbList\",\"@id\":\"https:\/\/mattressfactory.hu\/de\/termek\/natural\/#breadcrumb\",\"itemListElement\":[{\"@type\":\"ListItem\",\"position\":1,\"name\":\"\u00dczlet\",\"item\":\"https:\/\/mattressfactory.hu\/uzlet\/\"},{\"@type\":\"ListItem\",\"position\":2,\"name\":\"Natural\"}]},{\"@type\":\"WebSite\",\"@id\":\"https:\/\/mattressfactory.hu\/#website\",\"url\":\"https:\/\/mattressfactory.hu\/\",\"name\":\"Best Dream\",\"description\":\"Matracok, p\u00e1rn\u00e1k a t\u00f6k\u00e9letes alv\u00e1s\u00e9rt\",\"potentialAction\":[{\"@type\":\"SearchAction\",\"target\":{\"@type\":\"EntryPoint\",\"urlTemplate\":\"https:\/\/mattressfactory.hu\/?s={search_term_string}\"},\"query-input\":\"required name=search_term_string\"}],\"inLanguage\":\"de\"}]}<\/script>\n<!-- \/ Yoast SEO plugin. -->","yoast_head_json":{"title":"Natural - Best Dream","description":"Die Matratze besteht aus einem Kaltschaum mittlerer Dichte und hat eine mittlere Steifigkeit. Dank dem abnehmbaren antibakteriellen Bezug mit ALOE VERA-Extrakten, Abwaschbarkeit, einem elastischen Matratzenkern und einzigartiger Technologie erf\u00fcllt sie die h\u00f6chsten Anspr\u00fcche auf eine gesunde und hygienische Entspannung.","robots":{"index":"index","follow":"follow","max-snippet":"max-snippet:-1","max-image-preview":"max-image-preview:large","max-video-preview":"max-video-preview:-1"},"canonical":"https:\/\/mattressfactory.hu\/de\/termek\/natural\/","og_locale":"de_DE","og_type":"article","og_title":"Natural - Best Dream","og_description":"Die Matratze besteht aus einem Kaltschaum mittlerer Dichte und hat eine mittlere Steifigkeit. Dank dem abnehmbaren antibakteriellen Bezug mit ALOE VERA-Extrakten, Abwaschbarkeit, einem elastischen Matratzenkern und einzigartiger Technologie erf\u00fcllt sie die h\u00f6chsten Anspr\u00fcche auf eine gesunde und hygienische Entspannung.","og_url":"https:\/\/mattressfactory.hu\/de\/termek\/natural\/","og_site_name":"Best Dream","article_modified_time":"2022-07-08T11:02:17+00:00","og_image":[{"width":1024,"height":683,"url":"https:\/\/mattressfactory.hu\/wp-content\/uploads\/2022\/05\/NATURAL.png","type":"image\/png"}],"twitter_card":"summary_large_image","twitter_misc":{"Gesch\u00e4tzte Lesezeit":"1\u00a0Minute"},"schema":{"@context":"https:\/\/schema.org","@graph":[{"@type":"WebPage","@id":"https:\/\/mattressfactory.hu\/de\/termek\/natural\/","url":"https:\/\/mattressfactory.hu\/de\/termek\/natural\/","name":"Natural - Best Dream","isPartOf":{"@id":"https:\/\/mattressfactory.hu\/#website"},"datePublished":"2022-05-24T07:19:04+00:00","dateModified":"2022-07-08T11:02:17+00:00","description":"Die Matratze besteht aus einem Kaltschaum mittlerer Dichte und hat eine mittlere Steifigkeit. Dank dem abnehmbaren antibakteriellen Bezug mit ALOE VERA-Extrakten, Abwaschbarkeit, einem elastischen Matratzenkern und einzigartiger Technologie erf\u00fcllt sie die h\u00f6chsten Anspr\u00fcche auf eine gesunde und hygienische Entspannung.","breadcrumb":{"@id":"https:\/\/mattressfactory.hu\/de\/termek\/natural\/#breadcrumb"},"inLanguage":"de","potentialAction":[{"@type":"ReadAction","target":["https:\/\/mattressfactory.hu\/de\/termek\/natural\/"]}]},{"@type":"BreadcrumbList","@id":"https:\/\/mattressfactory.hu\/de\/termek\/natural\/#breadcrumb","itemListElement":[{"@type":"ListItem","position":1,"name":"\u00dczlet","item":"https:\/\/mattressfactory.hu\/uzlet\/"},{"@type":"ListItem","position":2,"name":"Natural"}]},{"@type":"WebSite","@id":"https:\/\/mattressfactory.hu\/#website","url":"https:\/\/mattressfactory.hu\/","name":"Best Dream","description":"Matracok, p\u00e1rn\u00e1k a t\u00f6k\u00e9letes alv\u00e1s\u00e9rt","potentialAction":[{"@type":"SearchAction","target":{"@type":"EntryPoint","urlTemplate":"https:\/\/mattressfactory.hu\/?s={search_term_string}"},"query-input":"required name=search_term_string"}],"inLanguage":"de"}]}},"_links":{"self":[{"href":"https:\/\/mattressfactory.hu\/de\/wp-json\/wp\/v2\/product\/790","targetHints":{"allow":["GET"]}}],"collection":[{"href":"https:\/\/mattressfactory.hu\/de\/wp-json\/wp\/v2\/product"}],"about":[{"href":"https:\/\/mattressfactory.hu\/de\/wp-json\/wp\/v2\/types\/product"}],"replies":[{"embeddable":true,"href":"https:\/\/mattressfactory.hu\/de\/wp-json\/wp\/v2\/comments?post=790"}],"wp:featuredmedia":[{"embeddable":true,"href":"https:\/\/mattressfactory.hu\/de\/wp-json\/wp\/v2\/media\/355"}],"wp:attachment":[{"href":"https:\/\/mattressfactory.hu\/de\/wp-json\/wp\/v2\/media?parent=790"}],"wp:term":[{"taxonomy":"product_cat","embeddable":true,"href":"https:\/\/mattressfactory.hu\/de\/wp-json\/wp\/v2\/product_cat?post=790"},{"taxonomy":"product_tag","embeddable":true,"href":"https:\/\/mattressfactory.hu\/de\/wp-json\/wp\/v2\/product_tag?post=790"}],"curies":[{"name":"wp","href":"https:\/\/api.w.org\/{rel}","templated":true}]}}