{"id":1120,"date":"2022-05-24T08:13:56","date_gmt":"2022-05-24T06:13:56","guid":{"rendered":"https:\/\/mattressfactory.hu\/termek\/cashmere-hd\/"},"modified":"2022-07-19T13:41:34","modified_gmt":"2022-07-19T11:41:34","slug":"cashmere-hd","status":"publish","type":"product","link":"https:\/\/mattressfactory.hu\/de\/termek\/cashmere-hd\/","title":{"rendered":"Cashmere HD"},"content":{"rendered":"<p>CASHMERE HD ist ein Premium-Produkt der Matratzenserie Best Dream und ist f\u00fcr diejenigen gedacht, die ein Gef\u00fchl von Komfort suchen, das der Memory HD-Schaum und der kalte HR-Schaum bieten. Diese Matratze passt sich perfekt der K\u00f6rperform an und erm\u00f6glicht Entspannung in nat\u00fcrlicher und entspannter Position, was eine bessere Durchblutung, weniger h\u00e4ufiges Umdrehen und eine bessere Schlafqualit\u00e4t bedeutet. Die K\u00f6rpergewichtsverteilung ist \u00fcber die gesamte Bettfl\u00e4che gleichm\u00e4\u00dfig. Die wichtigste Aufgabe dieser Matratze ist die Anpassung an den K\u00f6rper und nicht umgekehrt. Wenn Sie auf der Matratze von CASHMERE HD schlafen, ruhen Ihre Wirbels\u00e4ule und Ihre Gliedma\u00dfen in einer nat\u00fcrlichen Position, das entlastet Ihre Muskeln und Nerven und so entsteht eine bequeme und entspannte Position f\u00fcr eine ruhige Erholung.<\/p>\n<p>&nbsp;<\/p>\n<p><img loading=\"lazy\" decoding=\"async\" class=\"alignnone wp-image-74\" src=\"https:\/\/mattressfactory.hu\/wp-content\/uploads\/2022\/05\/cashmere_metszet_szamozott-1024x301-1.png\" alt=\"cashmere hd\" width=\"400\" height=\"118\" srcset=\"https:\/\/mattressfactory.hu\/wp-content\/uploads\/2022\/05\/cashmere_metszet_szamozott-1024x301-1.png 1024w, https:\/\/mattressfactory.hu\/wp-content\/uploads\/2022\/05\/cashmere_metszet_szamozott-1024x301-1-300x88.png 300w, https:\/\/mattressfactory.hu\/wp-content\/uploads\/2022\/05\/cashmere_metszet_szamozott-1024x301-1-600x176.png 600w, https:\/\/mattressfactory.hu\/wp-content\/uploads\/2022\/05\/cashmere_metszet_szamozott-1024x301-1-768x226.png 768w, https:\/\/mattressfactory.hu\/wp-content\/uploads\/2022\/05\/cashmere_metszet_szamozott-1024x301-1-705x207.png 705w\" sizes=\"auto, (max-width: 400px) 100vw, 400px\" \/><\/p>\n<p>&nbsp;<\/p>\n<ul>\n<li>In einen 2cm startekn Memory SCHMERE Bezug eingen\u00e4ht<\/li>\n<\/ul>\n<ol>\n<li>5cm starker, au\u00dferordentlich kompakter Memory-Schaum, Dichte 60 kg\/m<sup>3<\/sup><\/li>\n<li>11cm starker Kaltschaum, hochelastisch, in 7 ergonomische Zonen unterteilt (Dichte 40 kg\/m<sup>3<\/sup>, Druck 4,8 kPa)<\/li>\n<li>5cm starker, hochelastischer HR-Schaum (Dichte 35 kg\/m<sup>3<\/sup>, Druck 3,6 kPa)<\/li>\n<\/ol>\n<ul>\n<li>CASHMERE Bezug<\/li>\n<\/ul>\n<p>&nbsp;<\/p>\n<p><img loading=\"lazy\" decoding=\"async\" class=\"alignleft wp-image-75 size-square\" src=\"https:\/\/mattressfactory.hu\/wp-content\/uploads\/2022\/05\/cashmere-180x180.jpeg\" alt=\"cashmere\" width=\"180\" height=\"180\" srcset=\"https:\/\/mattressfactory.hu\/wp-content\/uploads\/2022\/05\/cashmere-180x180.jpeg 180w, https:\/\/mattressfactory.hu\/wp-content\/uploads\/2022\/05\/cashmere-100x100.jpeg 100w, https:\/\/mattressfactory.hu\/wp-content\/uploads\/2022\/05\/cashmere.jpeg 300w, https:\/\/mattressfactory.hu\/wp-content\/uploads\/2022\/05\/cashmere-80x80.jpeg 80w, https:\/\/mattressfactory.hu\/wp-content\/uploads\/2022\/05\/cashmere-36x36.jpeg 36w\" sizes=\"auto, (max-width: 180px) 100vw, 180px\" \/><\/p>\n<p><strong>CASHMERE Bezug<br \/>\n<\/strong><\/p>\n<div id=\"primary\" class=\"content-area grid-parent mobile-grid-100 push-25 grid-75 tablet-push-25 tablet-grid-75\">\n<p>Spezieller antiallergischer Stoff aus Baumwoll- und Silberfasern. Dank diesen Materialien wurde ein au\u00dferordentlich weiches und geschmeidiges Bezugsstoff entwickelt, der sich angenehm anf\u00fchlt.<\/p>\n<p>&nbsp;<\/p>\n<\/div>\n<div id=\"left-sidebar\" class=\"widget-area grid-25 tablet-grid-25 mobile-grid-100 grid-parent sidebar pull-75 tablet-pull-75\" role=\"complementary\">\n<div class=\"inside-left-sidebar\">\n<aside id=\"nav_menu-5\" class=\"widget inner-padding widget_nav_menu\">\n<div class=\"menu-sidemenu-container\"><\/div>\n<\/aside>\n<\/div>\n<\/div>\n","protected":false},"excerpt":{"rendered":"<ul>\n<li>H\u00f6he: 24 cm<\/li>\n<li>Belastbarkeit: 130 kg<\/li>\n<li>Garantie: 10 Jahre<\/li>\n<li>Kann nur offen geliefert werden (eingewickelt in Nylon)<\/li>\n<\/ul>\n<p>&nbsp;<\/p>\n","protected":false},"featured_media":552,"comment_status":"closed","ping_status":"closed","template":"","meta":{"inline_featured_image":false},"product_cat":[50,47,61,63],"product_tag":[],"class_list":["post-1120","product","type-product","status-publish","has-post-thumbnail","hentry","product_cat-matratzen","product_cat-kaltschaummatratzen","product_cat-memory-matratzen","product_cat-premium-matratzen"],"yoast_head":"<!-- This site is optimized with the Yoast SEO plugin v20.5 - https:\/\/yoast.com\/wordpress\/plugins\/seo\/ -->\n<title>Cashmere HD - Best Dream<\/title>\n<meta name=\"description\" content=\"CASHMERE HD ist ein Premium-Produkt der Matratzenserie Best Dream und ist f\u00fcr diejenigen gedacht, die ein Gef\u00fchl von Komfort suchen, das der Memory HD-Schaum und der kalte HR-Schaum bieten.\" \/>\n<meta name=\"robots\" content=\"index, follow, max-snippet:-1, max-image-preview:large, max-video-preview:-1\" \/>\n<link rel=\"canonical\" href=\"https:\/\/mattressfactory.hu\/de\/termek\/cashmere-hd\/\" \/>\n<meta property=\"og:locale\" content=\"de_DE\" \/>\n<meta property=\"og:type\" content=\"article\" \/>\n<meta property=\"og:title\" content=\"Cashmere HD - Best Dream\" \/>\n<meta property=\"og:description\" content=\"CASHMERE HD ist ein Premium-Produkt der Matratzenserie Best Dream und ist f\u00fcr diejenigen gedacht, die ein Gef\u00fchl von Komfort suchen, das der Memory HD-Schaum und der kalte HR-Schaum bieten.\" \/>\n<meta property=\"og:url\" content=\"https:\/\/mattressfactory.hu\/de\/termek\/cashmere-hd\/\" \/>\n<meta property=\"og:site_name\" content=\"Best Dream\" \/>\n<meta property=\"article:modified_time\" content=\"2022-07-19T11:41:34+00:00\" \/>\n<meta property=\"og:image\" content=\"https:\/\/mattressfactory.hu\/wp-content\/uploads\/2022\/06\/CASHMERE-HD.png\" \/>\n\t<meta property=\"og:image:width\" content=\"2304\" \/>\n\t<meta property=\"og:image:height\" content=\"1536\" \/>\n\t<meta property=\"og:image:type\" content=\"image\/png\" \/>\n<meta name=\"twitter:card\" content=\"summary_large_image\" \/>\n<meta name=\"twitter:label1\" content=\"Gesch\u00e4tzte Lesezeit\" \/>\n\t<meta name=\"twitter:data1\" content=\"2\u00a0Minuten\" \/>\n<script type=\"application\/ld+json\" class=\"yoast-schema-graph\">{\"@context\":\"https:\/\/schema.org\",\"@graph\":[{\"@type\":\"WebPage\",\"@id\":\"https:\/\/mattressfactory.hu\/de\/termek\/cashmere-hd\/\",\"url\":\"https:\/\/mattressfactory.hu\/de\/termek\/cashmere-hd\/\",\"name\":\"Cashmere HD - Best Dream\",\"isPartOf\":{\"@id\":\"https:\/\/mattressfactory.hu\/#website\"},\"datePublished\":\"2022-05-24T06:13:56+00:00\",\"dateModified\":\"2022-07-19T11:41:34+00:00\",\"description\":\"CASHMERE HD ist ein Premium-Produkt der Matratzenserie Best Dream und ist f\u00fcr diejenigen gedacht, die ein Gef\u00fchl von Komfort suchen, das der Memory HD-Schaum und der kalte HR-Schaum bieten.\",\"breadcrumb\":{\"@id\":\"https:\/\/mattressfactory.hu\/de\/termek\/cashmere-hd\/#breadcrumb\"},\"inLanguage\":\"de\",\"potentialAction\":[{\"@type\":\"ReadAction\",\"target\":[\"https:\/\/mattressfactory.hu\/de\/termek\/cashmere-hd\/\"]}]},{\"@type\":\"BreadcrumbList\",\"@id\":\"https:\/\/mattressfactory.hu\/de\/termek\/cashmere-hd\/#breadcrumb\",\"itemListElement\":[{\"@type\":\"ListItem\",\"position\":1,\"name\":\"\u00dczlet\",\"item\":\"https:\/\/mattressfactory.hu\/uzlet\/\"},{\"@type\":\"ListItem\",\"position\":2,\"name\":\"Cashmere HD\"}]},{\"@type\":\"WebSite\",\"@id\":\"https:\/\/mattressfactory.hu\/#website\",\"url\":\"https:\/\/mattressfactory.hu\/\",\"name\":\"Best Dream\",\"description\":\"Matracok, p\u00e1rn\u00e1k a t\u00f6k\u00e9letes alv\u00e1s\u00e9rt\",\"potentialAction\":[{\"@type\":\"SearchAction\",\"target\":{\"@type\":\"EntryPoint\",\"urlTemplate\":\"https:\/\/mattressfactory.hu\/?s={search_term_string}\"},\"query-input\":\"required name=search_term_string\"}],\"inLanguage\":\"de\"}]}<\/script>\n<!-- \/ Yoast SEO plugin. -->","yoast_head_json":{"title":"Cashmere HD - Best Dream","description":"CASHMERE HD ist ein Premium-Produkt der Matratzenserie Best Dream und ist f\u00fcr diejenigen gedacht, die ein Gef\u00fchl von Komfort suchen, das der Memory HD-Schaum und der kalte HR-Schaum bieten.","robots":{"index":"index","follow":"follow","max-snippet":"max-snippet:-1","max-image-preview":"max-image-preview:large","max-video-preview":"max-video-preview:-1"},"canonical":"https:\/\/mattressfactory.hu\/de\/termek\/cashmere-hd\/","og_locale":"de_DE","og_type":"article","og_title":"Cashmere HD - Best Dream","og_description":"CASHMERE HD ist ein Premium-Produkt der Matratzenserie Best Dream und ist f\u00fcr diejenigen gedacht, die ein Gef\u00fchl von Komfort suchen, das der Memory HD-Schaum und der kalte HR-Schaum bieten.","og_url":"https:\/\/mattressfactory.hu\/de\/termek\/cashmere-hd\/","og_site_name":"Best Dream","article_modified_time":"2022-07-19T11:41:34+00:00","og_image":[{"width":2304,"height":1536,"url":"https:\/\/mattressfactory.hu\/wp-content\/uploads\/2022\/06\/CASHMERE-HD.png","type":"image\/png"}],"twitter_card":"summary_large_image","twitter_misc":{"Gesch\u00e4tzte Lesezeit":"2\u00a0Minuten"},"schema":{"@context":"https:\/\/schema.org","@graph":[{"@type":"WebPage","@id":"https:\/\/mattressfactory.hu\/de\/termek\/cashmere-hd\/","url":"https:\/\/mattressfactory.hu\/de\/termek\/cashmere-hd\/","name":"Cashmere HD - Best Dream","isPartOf":{"@id":"https:\/\/mattressfactory.hu\/#website"},"datePublished":"2022-05-24T06:13:56+00:00","dateModified":"2022-07-19T11:41:34+00:00","description":"CASHMERE HD ist ein Premium-Produkt der Matratzenserie Best Dream und ist f\u00fcr diejenigen gedacht, die ein Gef\u00fchl von Komfort suchen, das der Memory HD-Schaum und der kalte HR-Schaum bieten.","breadcrumb":{"@id":"https:\/\/mattressfactory.hu\/de\/termek\/cashmere-hd\/#breadcrumb"},"inLanguage":"de","potentialAction":[{"@type":"ReadAction","target":["https:\/\/mattressfactory.hu\/de\/termek\/cashmere-hd\/"]}]},{"@type":"BreadcrumbList","@id":"https:\/\/mattressfactory.hu\/de\/termek\/cashmere-hd\/#breadcrumb","itemListElement":[{"@type":"ListItem","position":1,"name":"\u00dczlet","item":"https:\/\/mattressfactory.hu\/uzlet\/"},{"@type":"ListItem","position":2,"name":"Cashmere HD"}]},{"@type":"WebSite","@id":"https:\/\/mattressfactory.hu\/#website","url":"https:\/\/mattressfactory.hu\/","name":"Best Dream","description":"Matracok, p\u00e1rn\u00e1k a t\u00f6k\u00e9letes alv\u00e1s\u00e9rt","potentialAction":[{"@type":"SearchAction","target":{"@type":"EntryPoint","urlTemplate":"https:\/\/mattressfactory.hu\/?s={search_term_string}"},"query-input":"required name=search_term_string"}],"inLanguage":"de"}]}},"_links":{"self":[{"href":"https:\/\/mattressfactory.hu\/de\/wp-json\/wp\/v2\/product\/1120","targetHints":{"allow":["GET"]}}],"collection":[{"href":"https:\/\/mattressfactory.hu\/de\/wp-json\/wp\/v2\/product"}],"about":[{"href":"https:\/\/mattressfactory.hu\/de\/wp-json\/wp\/v2\/types\/product"}],"replies":[{"embeddable":true,"href":"https:\/\/mattressfactory.hu\/de\/wp-json\/wp\/v2\/comments?post=1120"}],"wp:featuredmedia":[{"embeddable":true,"href":"https:\/\/mattressfactory.hu\/de\/wp-json\/wp\/v2\/media\/552"}],"wp:attachment":[{"href":"https:\/\/mattressfactory.hu\/de\/wp-json\/wp\/v2\/media?parent=1120"}],"wp:term":[{"taxonomy":"product_cat","embeddable":true,"href":"https:\/\/mattressfactory.hu\/de\/wp-json\/wp\/v2\/product_cat?post=1120"},{"taxonomy":"product_tag","embeddable":true,"href":"https:\/\/mattressfactory.hu\/de\/wp-json\/wp\/v2\/product_tag?post=1120"}],"curies":[{"name":"wp","href":"https:\/\/api.w.org\/{rel}","templated":true}]}}