{"id":1119,"date":"2022-05-24T08:39:47","date_gmt":"2022-05-24T06:39:47","guid":{"rendered":"https:\/\/mattressfactory.hu\/termek\/thermoclima-7-zone\/"},"modified":"2022-07-08T13:23:20","modified_gmt":"2022-07-08T11:23:20","slug":"thermoclima-7-zone","status":"publish","type":"product","link":"https:\/\/mattressfactory.hu\/de\/termek\/thermoclima-7-zone\/","title":{"rendered":"Thermoclima 7 Zone"},"content":{"rendered":"<p>Die Premium-Matratze Memory \u2013 Kaltschaum \u2013 Latex Blue Gel mit der Winter- und Sommerseite, l\u00e4ngs in 7 Zonen aufgeteilt. Die Zonen beginnen am Kopf, anatomisch sind sie an den Schultern, Knien und Kn\u00f6cheln entlastet, w\u00e4hrend die Lenden (der schwierigste Teil unseres K\u00f6rpers) gest\u00e4rkt sind. Latex Blue Gel Cool ist ein Mikrokapsel-Material mit K\u00fchleffekt f\u00fcr die perfekte Erholung in den Sommermonaten. Zu seinen Eigenschaften z\u00e4hlt eine hohe W\u00e4rmespeicherung, die gleichzeitig in dieses Material viel langsamer durchdringt, der Feuchtigkeitsdurchtritt ist gering, die Gelk\u00fcgelchen haben einen eindeutigen Einfluss auf Temperatur\u00e4nderungen im Material, insbesondere in der Abk\u00fchlphase.<\/p>\n<p><img loading=\"lazy\" decoding=\"async\" class=\"alignnone wp-image-79\" src=\"https:\/\/mattressfactory.hu\/wp-content\/uploads\/2022\/05\/THERMOCLIMA-7-ZONE-METSZET-1024x301-1.png\" alt=\"Thermoclima 7 Zone\" width=\"400\" height=\"118\" srcset=\"https:\/\/mattressfactory.hu\/wp-content\/uploads\/2022\/05\/THERMOCLIMA-7-ZONE-METSZET-1024x301-1.png 1024w, https:\/\/mattressfactory.hu\/wp-content\/uploads\/2022\/05\/THERMOCLIMA-7-ZONE-METSZET-1024x301-1-300x88.png 300w, https:\/\/mattressfactory.hu\/wp-content\/uploads\/2022\/05\/THERMOCLIMA-7-ZONE-METSZET-1024x301-1-600x176.png 600w, https:\/\/mattressfactory.hu\/wp-content\/uploads\/2022\/05\/THERMOCLIMA-7-ZONE-METSZET-1024x301-1-768x226.png 768w, https:\/\/mattressfactory.hu\/wp-content\/uploads\/2022\/05\/THERMOCLIMA-7-ZONE-METSZET-1024x301-1-705x207.png 705w\" sizes=\"auto, (max-width: 400px) 100vw, 400px\" \/><\/p>\n<ul>\n<li>Auf ihrer Sommerseite ist eine 1cm starke Latex Blue Gel Schicht, eingen\u00e4ht in den THERMO+CLIMA-Bezug.<\/li>\n<\/ul>\n<ol>\n<li>Auf ihrer Sommerseite ist eine 4cm starke Latex Blue Gel Schicht mit der Dichte 55 kg\/m<sup>3<\/sup>\u00a0unter dem Bezug<\/li>\n<li>7-Zonen-St\u00fctzkern aus einem Kaltschaum (Dichte 30 kg\/m<sup>3<\/sup>, Druck 3,8 kPa und Dichte 35 kg\/m3, Druck 4,3 kPa)<\/li>\n<li>Auf ihrer Winterseite ist ein 3cm starker Memory-Schaum mit der Dichte 50 kg\/m3 unter dem Bezug<\/li>\n<\/ol>\n<ul>\n<li>Auf ihrer Winterseite ist ein 2cm starker Memory-Schaum mit der Dichte 50 kg\/m<sup>3<\/sup>, in den THERMO+CLIMA-Bezug eingen\u00e4ht<\/li>\n<\/ul>\n<p>&nbsp;<\/p>\n<p><img loading=\"lazy\" decoding=\"async\" class=\"alignleft wp-image-80 size-square\" src=\"https:\/\/mattressfactory.hu\/wp-content\/uploads\/2022\/05\/thermo_clima-180x180.jpeg\" alt=\"thermo clima\" width=\"180\" height=\"180\" srcset=\"https:\/\/mattressfactory.hu\/wp-content\/uploads\/2022\/05\/thermo_clima-180x180.jpeg 180w, https:\/\/mattressfactory.hu\/wp-content\/uploads\/2022\/05\/thermo_clima-100x100.jpeg 100w, https:\/\/mattressfactory.hu\/wp-content\/uploads\/2022\/05\/thermo_clima.jpeg 300w, https:\/\/mattressfactory.hu\/wp-content\/uploads\/2022\/05\/thermo_clima-80x80.jpeg 80w, https:\/\/mattressfactory.hu\/wp-content\/uploads\/2022\/05\/thermo_clima-36x36.jpeg 36w\" sizes=\"auto, (max-width: 180px) 100vw, 180px\" \/><\/p>\n<p><strong>THERMO + CLIMA Bezug<\/strong><\/p>\n<p>Dank den thermoregulierenden Materialien im Stoff wird die \u00dcberhitzung reduziert und durch die Absorption der \u00fcbersch\u00fcssigen W\u00e4rme n\u00e4chtliches Schwitzen reduziert. Der Thermo+Clima-Bezug hilft dabei, die W\u00e4rmemenge in der Matratze auszugleichen und die Anforderungen des Benutzers im h\u00f6chsten Ma\u00df zu befriedigen.<\/p>\n","protected":false},"excerpt":{"rendered":"<ul>\n<li>H\u00f6he: 24 cm<\/li>\n<li>Belastbarkeit: 120 kg<\/li>\n<li>Garantie: 10 Jahre<\/li>\n<li>Kann nur offen geliefert werden (eingewickelt in Nylon)<\/li>\n<\/ul>\n<p>&nbsp;<\/p>\n","protected":false},"featured_media":329,"comment_status":"closed","ping_status":"closed","template":"","meta":{"inline_featured_image":false},"product_cat":[50,47,59,61,63],"product_tag":[],"class_list":["post-1119","product","type-product","status-publish","has-post-thumbnail","hentry","product_cat-matratzen","product_cat-kaltschaummatratzen","product_cat-latex-matratzen","product_cat-memory-matratzen","product_cat-premium-matratzen"],"yoast_head":"<!-- This site is optimized with the Yoast SEO plugin v20.5 - https:\/\/yoast.com\/wordpress\/plugins\/seo\/ -->\n<title>Thermoclima 7 Zone - Best Dream<\/title>\n<meta name=\"description\" content=\"Die Premium-Matratze Memory \u2013 Kaltschaum \u2013 Latex Blue Gel mit der Winter- und Sommerseite, l\u00e4ngs in 7 Zonen aufgeteilt.\" \/>\n<meta name=\"robots\" content=\"index, follow, max-snippet:-1, max-image-preview:large, max-video-preview:-1\" \/>\n<link rel=\"canonical\" href=\"https:\/\/mattressfactory.hu\/de\/termek\/thermoclima-7-zone\/\" \/>\n<meta property=\"og:locale\" content=\"de_DE\" \/>\n<meta property=\"og:type\" content=\"article\" \/>\n<meta property=\"og:title\" content=\"Thermoclima 7 Zone - Best Dream\" \/>\n<meta property=\"og:description\" content=\"Die Premium-Matratze Memory \u2013 Kaltschaum \u2013 Latex Blue Gel mit der Winter- und Sommerseite, l\u00e4ngs in 7 Zonen aufgeteilt.\" \/>\n<meta property=\"og:url\" content=\"https:\/\/mattressfactory.hu\/de\/termek\/thermoclima-7-zone\/\" \/>\n<meta property=\"og:site_name\" content=\"Best Dream\" \/>\n<meta property=\"article:modified_time\" content=\"2022-07-08T11:23:20+00:00\" \/>\n<meta property=\"og:image\" content=\"https:\/\/mattressfactory.hu\/wp-content\/uploads\/2022\/05\/THERMOCLIMA-7-ZONE.png\" \/>\n\t<meta property=\"og:image:width\" content=\"1024\" \/>\n\t<meta property=\"og:image:height\" content=\"683\" \/>\n\t<meta property=\"og:image:type\" content=\"image\/png\" \/>\n<meta name=\"twitter:card\" content=\"summary_large_image\" \/>\n<meta name=\"twitter:label1\" content=\"Gesch\u00e4tzte Lesezeit\" \/>\n\t<meta name=\"twitter:data1\" content=\"2\u00a0Minuten\" \/>\n<script type=\"application\/ld+json\" class=\"yoast-schema-graph\">{\"@context\":\"https:\/\/schema.org\",\"@graph\":[{\"@type\":\"WebPage\",\"@id\":\"https:\/\/mattressfactory.hu\/de\/termek\/thermoclima-7-zone\/\",\"url\":\"https:\/\/mattressfactory.hu\/de\/termek\/thermoclima-7-zone\/\",\"name\":\"Thermoclima 7 Zone - Best Dream\",\"isPartOf\":{\"@id\":\"https:\/\/mattressfactory.hu\/#website\"},\"datePublished\":\"2022-05-24T06:39:47+00:00\",\"dateModified\":\"2022-07-08T11:23:20+00:00\",\"description\":\"Die Premium-Matratze Memory \u2013 Kaltschaum \u2013 Latex Blue Gel mit der Winter- und Sommerseite, l\u00e4ngs in 7 Zonen aufgeteilt.\",\"breadcrumb\":{\"@id\":\"https:\/\/mattressfactory.hu\/de\/termek\/thermoclima-7-zone\/#breadcrumb\"},\"inLanguage\":\"de\",\"potentialAction\":[{\"@type\":\"ReadAction\",\"target\":[\"https:\/\/mattressfactory.hu\/de\/termek\/thermoclima-7-zone\/\"]}]},{\"@type\":\"BreadcrumbList\",\"@id\":\"https:\/\/mattressfactory.hu\/de\/termek\/thermoclima-7-zone\/#breadcrumb\",\"itemListElement\":[{\"@type\":\"ListItem\",\"position\":1,\"name\":\"\u00dczlet\",\"item\":\"https:\/\/mattressfactory.hu\/uzlet\/\"},{\"@type\":\"ListItem\",\"position\":2,\"name\":\"Thermoclima 7 Zone\"}]},{\"@type\":\"WebSite\",\"@id\":\"https:\/\/mattressfactory.hu\/#website\",\"url\":\"https:\/\/mattressfactory.hu\/\",\"name\":\"Best Dream\",\"description\":\"Matracok, p\u00e1rn\u00e1k a t\u00f6k\u00e9letes alv\u00e1s\u00e9rt\",\"potentialAction\":[{\"@type\":\"SearchAction\",\"target\":{\"@type\":\"EntryPoint\",\"urlTemplate\":\"https:\/\/mattressfactory.hu\/?s={search_term_string}\"},\"query-input\":\"required name=search_term_string\"}],\"inLanguage\":\"de\"}]}<\/script>\n<!-- \/ Yoast SEO plugin. -->","yoast_head_json":{"title":"Thermoclima 7 Zone - Best Dream","description":"Die Premium-Matratze Memory \u2013 Kaltschaum \u2013 Latex Blue Gel mit der Winter- und Sommerseite, l\u00e4ngs in 7 Zonen aufgeteilt.","robots":{"index":"index","follow":"follow","max-snippet":"max-snippet:-1","max-image-preview":"max-image-preview:large","max-video-preview":"max-video-preview:-1"},"canonical":"https:\/\/mattressfactory.hu\/de\/termek\/thermoclima-7-zone\/","og_locale":"de_DE","og_type":"article","og_title":"Thermoclima 7 Zone - Best Dream","og_description":"Die Premium-Matratze Memory \u2013 Kaltschaum \u2013 Latex Blue Gel mit der Winter- und Sommerseite, l\u00e4ngs in 7 Zonen aufgeteilt.","og_url":"https:\/\/mattressfactory.hu\/de\/termek\/thermoclima-7-zone\/","og_site_name":"Best Dream","article_modified_time":"2022-07-08T11:23:20+00:00","og_image":[{"width":1024,"height":683,"url":"https:\/\/mattressfactory.hu\/wp-content\/uploads\/2022\/05\/THERMOCLIMA-7-ZONE.png","type":"image\/png"}],"twitter_card":"summary_large_image","twitter_misc":{"Gesch\u00e4tzte Lesezeit":"2\u00a0Minuten"},"schema":{"@context":"https:\/\/schema.org","@graph":[{"@type":"WebPage","@id":"https:\/\/mattressfactory.hu\/de\/termek\/thermoclima-7-zone\/","url":"https:\/\/mattressfactory.hu\/de\/termek\/thermoclima-7-zone\/","name":"Thermoclima 7 Zone - Best Dream","isPartOf":{"@id":"https:\/\/mattressfactory.hu\/#website"},"datePublished":"2022-05-24T06:39:47+00:00","dateModified":"2022-07-08T11:23:20+00:00","description":"Die Premium-Matratze Memory \u2013 Kaltschaum \u2013 Latex Blue Gel mit der Winter- und Sommerseite, l\u00e4ngs in 7 Zonen aufgeteilt.","breadcrumb":{"@id":"https:\/\/mattressfactory.hu\/de\/termek\/thermoclima-7-zone\/#breadcrumb"},"inLanguage":"de","potentialAction":[{"@type":"ReadAction","target":["https:\/\/mattressfactory.hu\/de\/termek\/thermoclima-7-zone\/"]}]},{"@type":"BreadcrumbList","@id":"https:\/\/mattressfactory.hu\/de\/termek\/thermoclima-7-zone\/#breadcrumb","itemListElement":[{"@type":"ListItem","position":1,"name":"\u00dczlet","item":"https:\/\/mattressfactory.hu\/uzlet\/"},{"@type":"ListItem","position":2,"name":"Thermoclima 7 Zone"}]},{"@type":"WebSite","@id":"https:\/\/mattressfactory.hu\/#website","url":"https:\/\/mattressfactory.hu\/","name":"Best Dream","description":"Matracok, p\u00e1rn\u00e1k a t\u00f6k\u00e9letes alv\u00e1s\u00e9rt","potentialAction":[{"@type":"SearchAction","target":{"@type":"EntryPoint","urlTemplate":"https:\/\/mattressfactory.hu\/?s={search_term_string}"},"query-input":"required name=search_term_string"}],"inLanguage":"de"}]}},"_links":{"self":[{"href":"https:\/\/mattressfactory.hu\/de\/wp-json\/wp\/v2\/product\/1119","targetHints":{"allow":["GET"]}}],"collection":[{"href":"https:\/\/mattressfactory.hu\/de\/wp-json\/wp\/v2\/product"}],"about":[{"href":"https:\/\/mattressfactory.hu\/de\/wp-json\/wp\/v2\/types\/product"}],"replies":[{"embeddable":true,"href":"https:\/\/mattressfactory.hu\/de\/wp-json\/wp\/v2\/comments?post=1119"}],"wp:featuredmedia":[{"embeddable":true,"href":"https:\/\/mattressfactory.hu\/de\/wp-json\/wp\/v2\/media\/329"}],"wp:attachment":[{"href":"https:\/\/mattressfactory.hu\/de\/wp-json\/wp\/v2\/media?parent=1119"}],"wp:term":[{"taxonomy":"product_cat","embeddable":true,"href":"https:\/\/mattressfactory.hu\/de\/wp-json\/wp\/v2\/product_cat?post=1119"},{"taxonomy":"product_tag","embeddable":true,"href":"https:\/\/mattressfactory.hu\/de\/wp-json\/wp\/v2\/product_tag?post=1119"}],"curies":[{"name":"wp","href":"https:\/\/api.w.org\/{rel}","templated":true}]}}