{"id":1114,"date":"2022-05-24T09:22:53","date_gmt":"2022-05-24T07:22:53","guid":{"rendered":"https:\/\/mattressfactory.hu\/termek\/siglo\/"},"modified":"2022-07-08T11:58:38","modified_gmt":"2022-07-08T09:58:38","slug":"siglo","status":"publish","type":"product","link":"https:\/\/mattressfactory.hu\/de\/termek\/siglo\/","title":{"rendered":"Siglo"},"content":{"rendered":"<p>Die Matratze besteht aus einem Kaltschaum mit hoher Dichte, es handelt sich um eine Vakuummatratze, die eine ideale orthop\u00e4dische Unterst\u00fctzung f\u00fcr den K\u00f6rper und die Wirbels\u00e4ule bietet. Sie gew\u00e4hrleistet eine optimale Unterst\u00fctzung des K\u00f6rpers und der Wirbels\u00e4ule unabh\u00e4ngig vom K\u00f6rpergewicht. Den Benutzern werden gesunder Schlaf und Regeneration der Wirbels\u00e4ule garantiert.<\/p>\n<p><img loading=\"lazy\" decoding=\"async\" class=\"alignnone wp-image-118\" src=\"https:\/\/mattressfactory.hu\/wp-content\/uploads\/2022\/05\/SIGLO-METSZET.png\" alt=\"siglo hideghab matrac\" width=\"400\" height=\"277\" srcset=\"https:\/\/mattressfactory.hu\/wp-content\/uploads\/2022\/05\/SIGLO-METSZET.png 1024w, https:\/\/mattressfactory.hu\/wp-content\/uploads\/2022\/05\/SIGLO-METSZET-300x208.png 300w, https:\/\/mattressfactory.hu\/wp-content\/uploads\/2022\/05\/SIGLO-METSZET-600x416.png 600w, https:\/\/mattressfactory.hu\/wp-content\/uploads\/2022\/05\/SIGLO-METSZET-768x533.png 768w, https:\/\/mattressfactory.hu\/wp-content\/uploads\/2022\/05\/SIGLO-METSZET-705x489.png 705w\" sizes=\"auto, (max-width: 400px) 100vw, 400px\" \/><\/p>\n<ol>\n<li>SILVER &amp; LIVE BEZUG \u2013 Winterseite<\/li>\n<li>Winterseite aus einer Wattelineschicht<\/li>\n<li>antiallergische Ladung<\/li>\n<li>Dichte von 18 cm PU-Kern 32 kg\/m<sup>3<\/sup>, Druck 5.0 kPa<\/li>\n<li>SILVER &amp; LIVE BEZUG \u2013 Sommerseite<\/li>\n<li>3D atmungsaktive elastische Gewebe<\/li>\n<\/ol>\n<p>&nbsp;<\/p>\n<p><img loading=\"lazy\" decoding=\"async\" class=\"alignleft wp-image-119 size-square\" src=\"https:\/\/mattressfactory.hu\/wp-content\/uploads\/2022\/05\/silver_and_life-180x180.jpeg\" alt=\"siglo hideghab matrac\" width=\"180\" height=\"180\" srcset=\"https:\/\/mattressfactory.hu\/wp-content\/uploads\/2022\/05\/silver_and_life-180x180.jpeg 180w, https:\/\/mattressfactory.hu\/wp-content\/uploads\/2022\/05\/silver_and_life-100x100.jpeg 100w, https:\/\/mattressfactory.hu\/wp-content\/uploads\/2022\/05\/silver_and_life.jpeg 300w, https:\/\/mattressfactory.hu\/wp-content\/uploads\/2022\/05\/silver_and_life-80x80.jpeg 80w, https:\/\/mattressfactory.hu\/wp-content\/uploads\/2022\/05\/silver_and_life-36x36.jpeg 36w\" sizes=\"auto, (max-width: 180px) 100vw, 180px\" \/><\/p>\n<p><strong>SILVER &amp; LIFE Bezug<\/strong><\/p>\n<p>Der Bezug ist aus einem atmungsaktiven Hightech-Gewebe mit versilberten Fasern hergestellt. Der Bezug SILVER &amp; LIVE sch\u00fctzt vor Schimmel, Pilzen und Mikroorganismen und zugleich neutralisiert er Ger\u00fcche. Silber hat antibakterielle Eigenschaften, es ist Feind von Bakterien und Milben, sorgt f\u00fcr eine hohe Hygiene des Bettes und somit f\u00fcr einen tiefen und gesunden Schlaf.<\/p>\n","protected":false},"excerpt":{"rendered":"<ul>\n<li>H\u00f6he: 20 cm<\/li>\n<li>Belastbarkeit: 120 kg<\/li>\n<li>Garantie: 10 Jahre<\/li>\n<li>Vakuumverpackt (f\u00fcr leichteren Transport)<\/li>\n<\/ul>\n<p>&nbsp;<\/p>\n","protected":false},"featured_media":361,"comment_status":"closed","ping_status":"closed","template":"","meta":{"inline_featured_image":false},"product_cat":[50,47],"product_tag":[],"class_list":["post-1114","product","type-product","status-publish","has-post-thumbnail","hentry","product_cat-matratzen","product_cat-kaltschaummatratzen"],"yoast_head":"<!-- This site is optimized with the Yoast SEO plugin v20.5 - https:\/\/yoast.com\/wordpress\/plugins\/seo\/ -->\n<title>Siglo - Best Dream<\/title>\n<meta name=\"description\" content=\"Die Matratze besteht aus einem Kaltschaum mit hoher Dichte, es handelt sich um eine Vakuummatratze, die eine ideale orthop\u00e4dische Unterst\u00fctzung f\u00fcr den K\u00f6rper und die Wirbels\u00e4ule bietet.\" \/>\n<meta name=\"robots\" content=\"index, follow, max-snippet:-1, max-image-preview:large, max-video-preview:-1\" \/>\n<link rel=\"canonical\" href=\"https:\/\/mattressfactory.hu\/de\/termek\/siglo\/\" \/>\n<meta property=\"og:locale\" content=\"de_DE\" \/>\n<meta property=\"og:type\" content=\"article\" \/>\n<meta property=\"og:title\" content=\"Siglo - Best Dream\" \/>\n<meta property=\"og:description\" content=\"Die Matratze besteht aus einem Kaltschaum mit hoher Dichte, es handelt sich um eine Vakuummatratze, die eine ideale orthop\u00e4dische Unterst\u00fctzung f\u00fcr den K\u00f6rper und die Wirbels\u00e4ule bietet.\" \/>\n<meta property=\"og:url\" content=\"https:\/\/mattressfactory.hu\/de\/termek\/siglo\/\" \/>\n<meta property=\"og:site_name\" content=\"Best Dream\" \/>\n<meta property=\"article:modified_time\" content=\"2022-07-08T09:58:38+00:00\" \/>\n<meta property=\"og:image\" content=\"https:\/\/mattressfactory.hu\/wp-content\/uploads\/2022\/05\/SIGLO.png\" \/>\n\t<meta property=\"og:image:width\" content=\"1024\" \/>\n\t<meta property=\"og:image:height\" content=\"683\" \/>\n\t<meta property=\"og:image:type\" content=\"image\/png\" \/>\n<meta name=\"twitter:card\" content=\"summary_large_image\" \/>\n<meta name=\"twitter:label1\" content=\"Gesch\u00e4tzte Lesezeit\" \/>\n\t<meta name=\"twitter:data1\" content=\"2\u00a0Minuten\" \/>\n<script type=\"application\/ld+json\" class=\"yoast-schema-graph\">{\"@context\":\"https:\/\/schema.org\",\"@graph\":[{\"@type\":\"WebPage\",\"@id\":\"https:\/\/mattressfactory.hu\/de\/termek\/siglo\/\",\"url\":\"https:\/\/mattressfactory.hu\/de\/termek\/siglo\/\",\"name\":\"Siglo - Best Dream\",\"isPartOf\":{\"@id\":\"https:\/\/mattressfactory.hu\/#website\"},\"datePublished\":\"2022-05-24T07:22:53+00:00\",\"dateModified\":\"2022-07-08T09:58:38+00:00\",\"description\":\"Die Matratze besteht aus einem Kaltschaum mit hoher Dichte, es handelt sich um eine Vakuummatratze, die eine ideale orthop\u00e4dische Unterst\u00fctzung f\u00fcr den K\u00f6rper und die Wirbels\u00e4ule bietet.\",\"breadcrumb\":{\"@id\":\"https:\/\/mattressfactory.hu\/de\/termek\/siglo\/#breadcrumb\"},\"inLanguage\":\"de\",\"potentialAction\":[{\"@type\":\"ReadAction\",\"target\":[\"https:\/\/mattressfactory.hu\/de\/termek\/siglo\/\"]}]},{\"@type\":\"BreadcrumbList\",\"@id\":\"https:\/\/mattressfactory.hu\/de\/termek\/siglo\/#breadcrumb\",\"itemListElement\":[{\"@type\":\"ListItem\",\"position\":1,\"name\":\"\u00dczlet\",\"item\":\"https:\/\/mattressfactory.hu\/uzlet\/\"},{\"@type\":\"ListItem\",\"position\":2,\"name\":\"Siglo\"}]},{\"@type\":\"WebSite\",\"@id\":\"https:\/\/mattressfactory.hu\/#website\",\"url\":\"https:\/\/mattressfactory.hu\/\",\"name\":\"Best Dream\",\"description\":\"Matracok, p\u00e1rn\u00e1k a t\u00f6k\u00e9letes alv\u00e1s\u00e9rt\",\"potentialAction\":[{\"@type\":\"SearchAction\",\"target\":{\"@type\":\"EntryPoint\",\"urlTemplate\":\"https:\/\/mattressfactory.hu\/?s={search_term_string}\"},\"query-input\":\"required name=search_term_string\"}],\"inLanguage\":\"de\"}]}<\/script>\n<!-- \/ Yoast SEO plugin. -->","yoast_head_json":{"title":"Siglo - Best Dream","description":"Die Matratze besteht aus einem Kaltschaum mit hoher Dichte, es handelt sich um eine Vakuummatratze, die eine ideale orthop\u00e4dische Unterst\u00fctzung f\u00fcr den K\u00f6rper und die Wirbels\u00e4ule bietet.","robots":{"index":"index","follow":"follow","max-snippet":"max-snippet:-1","max-image-preview":"max-image-preview:large","max-video-preview":"max-video-preview:-1"},"canonical":"https:\/\/mattressfactory.hu\/de\/termek\/siglo\/","og_locale":"de_DE","og_type":"article","og_title":"Siglo - Best Dream","og_description":"Die Matratze besteht aus einem Kaltschaum mit hoher Dichte, es handelt sich um eine Vakuummatratze, die eine ideale orthop\u00e4dische Unterst\u00fctzung f\u00fcr den K\u00f6rper und die Wirbels\u00e4ule bietet.","og_url":"https:\/\/mattressfactory.hu\/de\/termek\/siglo\/","og_site_name":"Best Dream","article_modified_time":"2022-07-08T09:58:38+00:00","og_image":[{"width":1024,"height":683,"url":"https:\/\/mattressfactory.hu\/wp-content\/uploads\/2022\/05\/SIGLO.png","type":"image\/png"}],"twitter_card":"summary_large_image","twitter_misc":{"Gesch\u00e4tzte Lesezeit":"2\u00a0Minuten"},"schema":{"@context":"https:\/\/schema.org","@graph":[{"@type":"WebPage","@id":"https:\/\/mattressfactory.hu\/de\/termek\/siglo\/","url":"https:\/\/mattressfactory.hu\/de\/termek\/siglo\/","name":"Siglo - Best Dream","isPartOf":{"@id":"https:\/\/mattressfactory.hu\/#website"},"datePublished":"2022-05-24T07:22:53+00:00","dateModified":"2022-07-08T09:58:38+00:00","description":"Die Matratze besteht aus einem Kaltschaum mit hoher Dichte, es handelt sich um eine Vakuummatratze, die eine ideale orthop\u00e4dische Unterst\u00fctzung f\u00fcr den K\u00f6rper und die Wirbels\u00e4ule bietet.","breadcrumb":{"@id":"https:\/\/mattressfactory.hu\/de\/termek\/siglo\/#breadcrumb"},"inLanguage":"de","potentialAction":[{"@type":"ReadAction","target":["https:\/\/mattressfactory.hu\/de\/termek\/siglo\/"]}]},{"@type":"BreadcrumbList","@id":"https:\/\/mattressfactory.hu\/de\/termek\/siglo\/#breadcrumb","itemListElement":[{"@type":"ListItem","position":1,"name":"\u00dczlet","item":"https:\/\/mattressfactory.hu\/uzlet\/"},{"@type":"ListItem","position":2,"name":"Siglo"}]},{"@type":"WebSite","@id":"https:\/\/mattressfactory.hu\/#website","url":"https:\/\/mattressfactory.hu\/","name":"Best Dream","description":"Matracok, p\u00e1rn\u00e1k a t\u00f6k\u00e9letes alv\u00e1s\u00e9rt","potentialAction":[{"@type":"SearchAction","target":{"@type":"EntryPoint","urlTemplate":"https:\/\/mattressfactory.hu\/?s={search_term_string}"},"query-input":"required name=search_term_string"}],"inLanguage":"de"}]}},"_links":{"self":[{"href":"https:\/\/mattressfactory.hu\/de\/wp-json\/wp\/v2\/product\/1114","targetHints":{"allow":["GET"]}}],"collection":[{"href":"https:\/\/mattressfactory.hu\/de\/wp-json\/wp\/v2\/product"}],"about":[{"href":"https:\/\/mattressfactory.hu\/de\/wp-json\/wp\/v2\/types\/product"}],"replies":[{"embeddable":true,"href":"https:\/\/mattressfactory.hu\/de\/wp-json\/wp\/v2\/comments?post=1114"}],"wp:featuredmedia":[{"embeddable":true,"href":"https:\/\/mattressfactory.hu\/de\/wp-json\/wp\/v2\/media\/361"}],"wp:attachment":[{"href":"https:\/\/mattressfactory.hu\/de\/wp-json\/wp\/v2\/media?parent=1114"}],"wp:term":[{"taxonomy":"product_cat","embeddable":true,"href":"https:\/\/mattressfactory.hu\/de\/wp-json\/wp\/v2\/product_cat?post=1114"},{"taxonomy":"product_tag","embeddable":true,"href":"https:\/\/mattressfactory.hu\/de\/wp-json\/wp\/v2\/product_tag?post=1114"}],"curies":[{"name":"wp","href":"https:\/\/api.w.org\/{rel}","templated":true}]}}