{"id":1112,"date":"2022-05-24T09:38:25","date_gmt":"2022-05-24T07:38:25","guid":{"rendered":"https:\/\/mattressfactory.hu\/termek\/perfect-fusion\/"},"modified":"2022-07-08T11:22:42","modified_gmt":"2022-07-08T09:22:42","slug":"perfect-fusion","status":"publish","type":"product","link":"https:\/\/mattressfactory.hu\/de\/termek\/perfect-fusion\/","title":{"rendered":"Perfect Fusion"},"content":{"rendered":"<p>Die Matratze Perfect Fusion ist eine wirklich gute Wahl f\u00fcr diejenigen, die eine hochwertige, h\u00e4rtere Matratze kaufen m\u00f6chten, andererseits bietet sie einen hohen Komfort. Ihr Vorteil ist die hohe Volumendichte (35 kg\/m<sup>3<\/sup>) und Elastizit\u00e4t und die Matratze kann auch von denjenigen gekauft werden, die sich nicht entscheiden k\u00f6nnen, welche Matratze f\u00fcr sie ideal w\u00e4re. Zu den weiteren Vorteilen der Matratze geh\u00f6rt auch ihre 20 cm H\u00f6he, die in Verbindung mit der h\u00f6heren Volumendichte f\u00fcr eine lange Lebensdauer und Formstabilit\u00e4t f\u00fcr den Benutzer sorgt.<\/p>\n<p><img loading=\"lazy\" decoding=\"async\" class=\"alignnone wp-image-126\" src=\"https:\/\/mattressfactory.hu\/wp-content\/uploads\/2022\/05\/PERFECT-FUSION-METSZET.png\" alt=\"perfect fusion matrac\" width=\"400\" height=\"277\" srcset=\"https:\/\/mattressfactory.hu\/wp-content\/uploads\/2022\/05\/PERFECT-FUSION-METSZET.png 1024w, https:\/\/mattressfactory.hu\/wp-content\/uploads\/2022\/05\/PERFECT-FUSION-METSZET-300x208.png 300w, https:\/\/mattressfactory.hu\/wp-content\/uploads\/2022\/05\/PERFECT-FUSION-METSZET-600x416.png 600w, https:\/\/mattressfactory.hu\/wp-content\/uploads\/2022\/05\/PERFECT-FUSION-METSZET-768x533.png 768w, https:\/\/mattressfactory.hu\/wp-content\/uploads\/2022\/05\/PERFECT-FUSION-METSZET-705x489.png 705w\" sizes=\"auto, (max-width: 400px) 100vw, 400px\" \/><\/p>\n<ol>\n<li>Biocell Fusion ist ein abnehmbarer Bezug, der bei 60 \u00b0C gewaschen werden kann<\/li>\n<li>antiallergene F\u00fcllung<\/li>\n<li>Jersey<\/li>\n<li>Polyurethan 18 cm, mit hoher Elastizit\u00e4t, mit hoher Volumendichte des Schaums 35 kg\/m<sup>3<\/sup>, 3.6 kPa Druck<\/li>\n<li>3D atmungsaktive elastische Gewebe<\/li>\n<\/ol>\n<p>&nbsp;<\/p>\n<p><img loading=\"lazy\" decoding=\"async\" class=\"alignleft wp-image-127 size-square\" src=\"https:\/\/mattressfactory.hu\/wp-content\/uploads\/2022\/05\/biocell_perfect_fusion-180x180.jpeg\" alt=\"perfect fusion\" width=\"180\" height=\"180\" srcset=\"https:\/\/mattressfactory.hu\/wp-content\/uploads\/2022\/05\/biocell_perfect_fusion-180x180.jpeg 180w, https:\/\/mattressfactory.hu\/wp-content\/uploads\/2022\/05\/biocell_perfect_fusion-100x100.jpeg 100w, https:\/\/mattressfactory.hu\/wp-content\/uploads\/2022\/05\/biocell_perfect_fusion.jpeg 300w, https:\/\/mattressfactory.hu\/wp-content\/uploads\/2022\/05\/biocell_perfect_fusion-80x80.jpeg 80w, https:\/\/mattressfactory.hu\/wp-content\/uploads\/2022\/05\/biocell_perfect_fusion-36x36.jpeg 36w\" sizes=\"auto, (max-width: 180px) 100vw, 180px\" \/><\/p>\n<p><strong>BIOCELL FUSION Bezug<br \/>\n<\/strong>Das Bezugsgewebe Fusion hat antistatische und antimikrobielle Eigenschaften, es ist mit einem Anteil von 40% an Viskorefasern unter Zugabe von Kohlenstoff- und Silberfasern durchwoben. Die Einzigartigkeit dieses Materials zeichnet auch die F\u00e4higkeit aus, Bakterien und Mikroben (Bakterien, Pilze) zu vernichten und zu eleminieren. Der Bezug erh\u00e4lt ein hohes Ma\u00df an Hygiene. Silber reduziert die Anzahl der Milben in der Matratze und der Kohlenstoff hilft, die W\u00e4rme abzuleiten, wodurch die K\u00f6rpertemperatur erhalten bleibt.<\/p>\n","protected":false},"excerpt":{"rendered":"<ul>\n<li>H\u00f6he: 20 cm<\/li>\n<li>Belastbarkeit: 120 kg<\/li>\n<li>Garantie: 10 Jahre<\/li>\n<li>Vakuumverpackt (f\u00fcr leichteren Transport)<\/li>\n<\/ul>\n<p>&nbsp;<\/p>\n","protected":false},"featured_media":373,"comment_status":"closed","ping_status":"closed","template":"","meta":{"inline_featured_image":false},"product_cat":[50,47],"product_tag":[],"class_list":["post-1112","product","type-product","status-publish","has-post-thumbnail","hentry","product_cat-matratzen","product_cat-kaltschaummatratzen"],"yoast_head":"<!-- This site is optimized with the Yoast SEO plugin v20.5 - https:\/\/yoast.com\/wordpress\/plugins\/seo\/ -->\n<title>Perfect Fusion - Best Dream<\/title>\n<meta name=\"description\" content=\"Die Matratze Perfect Fusion ist eine wirklich gute Wahl f\u00fcr diejenigen, die eine hochwertige, h\u00e4rtere Matratze kaufen m\u00f6chten, andererseits bietet sie einen hohen Komfort.\" \/>\n<meta name=\"robots\" content=\"index, follow, max-snippet:-1, max-image-preview:large, max-video-preview:-1\" \/>\n<link rel=\"canonical\" href=\"https:\/\/mattressfactory.hu\/de\/termek\/perfect-fusion\/\" \/>\n<meta property=\"og:locale\" content=\"de_DE\" \/>\n<meta property=\"og:type\" content=\"article\" \/>\n<meta property=\"og:title\" content=\"Perfect Fusion - Best Dream\" \/>\n<meta property=\"og:description\" content=\"Die Matratze Perfect Fusion ist eine wirklich gute Wahl f\u00fcr diejenigen, die eine hochwertige, h\u00e4rtere Matratze kaufen m\u00f6chten, andererseits bietet sie einen hohen Komfort.\" \/>\n<meta property=\"og:url\" content=\"https:\/\/mattressfactory.hu\/de\/termek\/perfect-fusion\/\" \/>\n<meta property=\"og:site_name\" content=\"Best Dream\" \/>\n<meta property=\"article:modified_time\" content=\"2022-07-08T09:22:42+00:00\" \/>\n<meta property=\"og:image\" content=\"https:\/\/mattressfactory.hu\/wp-content\/uploads\/2022\/05\/PERFECT-FUSION.png\" \/>\n\t<meta property=\"og:image:width\" content=\"1024\" \/>\n\t<meta property=\"og:image:height\" content=\"683\" \/>\n\t<meta property=\"og:image:type\" content=\"image\/png\" \/>\n<meta name=\"twitter:card\" content=\"summary_large_image\" \/>\n<meta name=\"twitter:label1\" content=\"Gesch\u00e4tzte Lesezeit\" \/>\n\t<meta name=\"twitter:data1\" content=\"2\u00a0Minuten\" \/>\n<script type=\"application\/ld+json\" class=\"yoast-schema-graph\">{\"@context\":\"https:\/\/schema.org\",\"@graph\":[{\"@type\":\"WebPage\",\"@id\":\"https:\/\/mattressfactory.hu\/de\/termek\/perfect-fusion\/\",\"url\":\"https:\/\/mattressfactory.hu\/de\/termek\/perfect-fusion\/\",\"name\":\"Perfect Fusion - Best Dream\",\"isPartOf\":{\"@id\":\"https:\/\/mattressfactory.hu\/#website\"},\"datePublished\":\"2022-05-24T07:38:25+00:00\",\"dateModified\":\"2022-07-08T09:22:42+00:00\",\"description\":\"Die Matratze Perfect Fusion ist eine wirklich gute Wahl f\u00fcr diejenigen, die eine hochwertige, h\u00e4rtere Matratze kaufen m\u00f6chten, andererseits bietet sie einen hohen Komfort.\",\"breadcrumb\":{\"@id\":\"https:\/\/mattressfactory.hu\/de\/termek\/perfect-fusion\/#breadcrumb\"},\"inLanguage\":\"de\",\"potentialAction\":[{\"@type\":\"ReadAction\",\"target\":[\"https:\/\/mattressfactory.hu\/de\/termek\/perfect-fusion\/\"]}]},{\"@type\":\"BreadcrumbList\",\"@id\":\"https:\/\/mattressfactory.hu\/de\/termek\/perfect-fusion\/#breadcrumb\",\"itemListElement\":[{\"@type\":\"ListItem\",\"position\":1,\"name\":\"\u00dczlet\",\"item\":\"https:\/\/mattressfactory.hu\/uzlet\/\"},{\"@type\":\"ListItem\",\"position\":2,\"name\":\"Perfect Fusion\"}]},{\"@type\":\"WebSite\",\"@id\":\"https:\/\/mattressfactory.hu\/#website\",\"url\":\"https:\/\/mattressfactory.hu\/\",\"name\":\"Best Dream\",\"description\":\"Matracok, p\u00e1rn\u00e1k a t\u00f6k\u00e9letes alv\u00e1s\u00e9rt\",\"potentialAction\":[{\"@type\":\"SearchAction\",\"target\":{\"@type\":\"EntryPoint\",\"urlTemplate\":\"https:\/\/mattressfactory.hu\/?s={search_term_string}\"},\"query-input\":\"required name=search_term_string\"}],\"inLanguage\":\"de\"}]}<\/script>\n<!-- \/ Yoast SEO plugin. -->","yoast_head_json":{"title":"Perfect Fusion - Best Dream","description":"Die Matratze Perfect Fusion ist eine wirklich gute Wahl f\u00fcr diejenigen, die eine hochwertige, h\u00e4rtere Matratze kaufen m\u00f6chten, andererseits bietet sie einen hohen Komfort.","robots":{"index":"index","follow":"follow","max-snippet":"max-snippet:-1","max-image-preview":"max-image-preview:large","max-video-preview":"max-video-preview:-1"},"canonical":"https:\/\/mattressfactory.hu\/de\/termek\/perfect-fusion\/","og_locale":"de_DE","og_type":"article","og_title":"Perfect Fusion - Best Dream","og_description":"Die Matratze Perfect Fusion ist eine wirklich gute Wahl f\u00fcr diejenigen, die eine hochwertige, h\u00e4rtere Matratze kaufen m\u00f6chten, andererseits bietet sie einen hohen Komfort.","og_url":"https:\/\/mattressfactory.hu\/de\/termek\/perfect-fusion\/","og_site_name":"Best Dream","article_modified_time":"2022-07-08T09:22:42+00:00","og_image":[{"width":1024,"height":683,"url":"https:\/\/mattressfactory.hu\/wp-content\/uploads\/2022\/05\/PERFECT-FUSION.png","type":"image\/png"}],"twitter_card":"summary_large_image","twitter_misc":{"Gesch\u00e4tzte Lesezeit":"2\u00a0Minuten"},"schema":{"@context":"https:\/\/schema.org","@graph":[{"@type":"WebPage","@id":"https:\/\/mattressfactory.hu\/de\/termek\/perfect-fusion\/","url":"https:\/\/mattressfactory.hu\/de\/termek\/perfect-fusion\/","name":"Perfect Fusion - Best Dream","isPartOf":{"@id":"https:\/\/mattressfactory.hu\/#website"},"datePublished":"2022-05-24T07:38:25+00:00","dateModified":"2022-07-08T09:22:42+00:00","description":"Die Matratze Perfect Fusion ist eine wirklich gute Wahl f\u00fcr diejenigen, die eine hochwertige, h\u00e4rtere Matratze kaufen m\u00f6chten, andererseits bietet sie einen hohen Komfort.","breadcrumb":{"@id":"https:\/\/mattressfactory.hu\/de\/termek\/perfect-fusion\/#breadcrumb"},"inLanguage":"de","potentialAction":[{"@type":"ReadAction","target":["https:\/\/mattressfactory.hu\/de\/termek\/perfect-fusion\/"]}]},{"@type":"BreadcrumbList","@id":"https:\/\/mattressfactory.hu\/de\/termek\/perfect-fusion\/#breadcrumb","itemListElement":[{"@type":"ListItem","position":1,"name":"\u00dczlet","item":"https:\/\/mattressfactory.hu\/uzlet\/"},{"@type":"ListItem","position":2,"name":"Perfect Fusion"}]},{"@type":"WebSite","@id":"https:\/\/mattressfactory.hu\/#website","url":"https:\/\/mattressfactory.hu\/","name":"Best Dream","description":"Matracok, p\u00e1rn\u00e1k a t\u00f6k\u00e9letes alv\u00e1s\u00e9rt","potentialAction":[{"@type":"SearchAction","target":{"@type":"EntryPoint","urlTemplate":"https:\/\/mattressfactory.hu\/?s={search_term_string}"},"query-input":"required name=search_term_string"}],"inLanguage":"de"}]}},"_links":{"self":[{"href":"https:\/\/mattressfactory.hu\/de\/wp-json\/wp\/v2\/product\/1112","targetHints":{"allow":["GET"]}}],"collection":[{"href":"https:\/\/mattressfactory.hu\/de\/wp-json\/wp\/v2\/product"}],"about":[{"href":"https:\/\/mattressfactory.hu\/de\/wp-json\/wp\/v2\/types\/product"}],"replies":[{"embeddable":true,"href":"https:\/\/mattressfactory.hu\/de\/wp-json\/wp\/v2\/comments?post=1112"}],"wp:featuredmedia":[{"embeddable":true,"href":"https:\/\/mattressfactory.hu\/de\/wp-json\/wp\/v2\/media\/373"}],"wp:attachment":[{"href":"https:\/\/mattressfactory.hu\/de\/wp-json\/wp\/v2\/media?parent=1112"}],"wp:term":[{"taxonomy":"product_cat","embeddable":true,"href":"https:\/\/mattressfactory.hu\/de\/wp-json\/wp\/v2\/product_cat?post=1112"},{"taxonomy":"product_tag","embeddable":true,"href":"https:\/\/mattressfactory.hu\/de\/wp-json\/wp\/v2\/product_tag?post=1112"}],"curies":[{"name":"wp","href":"https:\/\/api.w.org\/{rel}","templated":true}]}}