{"id":1110,"date":"2022-05-24T09:46:45","date_gmt":"2022-05-24T07:46:45","guid":{"rendered":"https:\/\/mattressfactory.hu\/termek\/memory-comfort\/"},"modified":"2022-07-18T15:48:50","modified_gmt":"2022-07-18T13:48:50","slug":"memory-comfort","status":"publish","type":"product","link":"https:\/\/mattressfactory.hu\/de\/termek\/memory-comfort\/","title":{"rendered":"Memory Comfort"},"content":{"rendered":"<p>Aufgrund der Elastizit\u00e4t des Kaltschaums im Inneren der Matratze sowie des 2 cm dicken Memory-Schaums mit einer Dichte von 50 kg\/m\u00b3, der mit dem Bezugsmaterial versteppt ist, passt es sich der Form des menschlichen K\u00f6rpers an, sorgt so f\u00fcr eine bessere Durchblutung und f\u00f6rdert die Entspannung der Muskulatur in allen Teilen unseres K\u00f6rpers und erm\u00f6glichen einen ruhigen, erholsamen Schlaf.<\/p>\n<p><img loading=\"lazy\" decoding=\"async\" class=\"alignnone wp-image-135\" src=\"https:\/\/mattressfactory.hu\/wp-content\/uploads\/2022\/05\/MEMORY-COMFORT-METSZET.png\" alt=\"Memory Comfort\" width=\"400\" height=\"277\" srcset=\"https:\/\/mattressfactory.hu\/wp-content\/uploads\/2022\/05\/MEMORY-COMFORT-METSZET.png 1024w, https:\/\/mattressfactory.hu\/wp-content\/uploads\/2022\/05\/MEMORY-COMFORT-METSZET-300x208.png 300w, https:\/\/mattressfactory.hu\/wp-content\/uploads\/2022\/05\/MEMORY-COMFORT-METSZET-600x416.png 600w, https:\/\/mattressfactory.hu\/wp-content\/uploads\/2022\/05\/MEMORY-COMFORT-METSZET-768x533.png 768w, https:\/\/mattressfactory.hu\/wp-content\/uploads\/2022\/05\/MEMORY-COMFORT-METSZET-705x489.png 705w\" sizes=\"auto, (max-width: 400px) 100vw, 400px\" \/><\/p>\n<ol>\n<li>BAYGARD\u00ae Matratzenbezug<\/li>\n<li>2 cm Memory-Schicht (50 kg\/m\u00b3), eingen\u00e4ht zum \u00e4u\u00dferen Bezug<\/li>\n<li>atmungsaktive elastische Schicht<\/li>\n<li>17 cm orthop\u00e4discher PU-Kern mit dem Kaltschaum Dichte 30 kg\/m<sup>3<\/sup>, 3.8 kPa Druck<\/li>\n<li>3D\u00a0Atmungsaktive elastische\u00a0Gewebe<\/li>\n<\/ol>\n<p>&nbsp;<\/p>\n<p><img loading=\"lazy\" decoding=\"async\" class=\"alignleft wp-image-136 size-square\" src=\"https:\/\/mattressfactory.hu\/wp-content\/uploads\/2022\/05\/baygard-180x180.jpeg\" alt=\"baygard\" width=\"180\" height=\"180\" srcset=\"https:\/\/mattressfactory.hu\/wp-content\/uploads\/2022\/05\/baygard-180x180.jpeg 180w, https:\/\/mattressfactory.hu\/wp-content\/uploads\/2022\/05\/baygard-100x100.jpeg 100w, https:\/\/mattressfactory.hu\/wp-content\/uploads\/2022\/05\/baygard.jpeg 300w, https:\/\/mattressfactory.hu\/wp-content\/uploads\/2022\/05\/baygard-80x80.jpeg 80w, https:\/\/mattressfactory.hu\/wp-content\/uploads\/2022\/05\/baygard-36x36.jpeg 36w\" sizes=\"auto, (max-width: 180px) 100vw, 180px\" \/><\/p>\n<p><strong>BAYGARD\u00ae Bezug<\/strong><\/p>\n<p>Er bietet einen langfristigen Schutz gegen Staub und Milben, perfekt weist er die Feuchte ab. Die Fasern des Bezugsgewebes sind mit einem transparenten Schutz\u00fcberzug beschichtet, der Schmutz absto\u00dfen. Das verhindert das Ausbleichen und Zusammenkleben des Gewebes, wodurch eine angemessene Klimatisierung und Ventilation der Matratze gew\u00e4hrleistet wird.<\/p>\n<p>&nbsp;<\/p>\n<p>&nbsp;<\/p>\n<p>&nbsp;<\/p>\n<p><strong><img loading=\"lazy\" decoding=\"async\" class=\"size-full wp-image-137 alignright\" src=\"https:\/\/mattressfactory.hu\/wp-content\/uploads\/2022\/05\/memory_kez_korben.png\" alt=\"memory hab\" width=\"234\" height=\"234\" srcset=\"https:\/\/mattressfactory.hu\/wp-content\/uploads\/2022\/05\/memory_kez_korben.png 234w, https:\/\/mattressfactory.hu\/wp-content\/uploads\/2022\/05\/memory_kez_korben-100x100.png 100w, https:\/\/mattressfactory.hu\/wp-content\/uploads\/2022\/05\/memory_kez_korben-80x80.png 80w, https:\/\/mattressfactory.hu\/wp-content\/uploads\/2022\/05\/memory_kez_korben-36x36.png 36w, https:\/\/mattressfactory.hu\/wp-content\/uploads\/2022\/05\/memory_kez_korben-180x180.png 180w\" sizes=\"auto, (max-width: 234px) 100vw, 234px\" \/>Memory Schaum<\/strong><\/p>\n<p>Spezialschaum, dessen H\u00e4rte je nach K\u00f6rpertemperatur variiert, erweicht bei Kontakt mit dem menschlichen K\u00f6rper. Es nimmt mit Verz\u00f6gerung wieder seine urspr\u00fcngliche Form an. Dank seiner Eigenschaft tr\u00e4gt es dazu bei, das K\u00f6rpergewicht gleichm\u00e4\u00dfig auf seiner Oberfl\u00e4che zu verteilen &#8211; unterst\u00fctzt unseren K\u00f6rper optimal &#8211; dies wirkt sich positiv auf die Durchblutung aus, dadurch drehen wir uns weniger um und schlafen ruhiger.<\/p>\n","protected":false},"excerpt":{"rendered":"<ul>\n<li>H\u00f6he: 20 cm<\/li>\n<li>Belastbarkeit: 120 kg<\/li>\n<li>Garantie: 10 Jahre<\/li>\n<li>Vakuumverpackt (f\u00fcr leichteren Transport)<\/li>\n<\/ul>\n<p>&nbsp;<\/p>\n","protected":false},"featured_media":387,"comment_status":"closed","ping_status":"closed","template":"","meta":{"inline_featured_image":false},"product_cat":[50,47,61],"product_tag":[],"class_list":["post-1110","product","type-product","status-publish","has-post-thumbnail","hentry","product_cat-matratzen","product_cat-kaltschaummatratzen","product_cat-memory-matratzen"],"yoast_head":"<!-- This site is optimized with the Yoast SEO plugin v20.5 - https:\/\/yoast.com\/wordpress\/plugins\/seo\/ -->\n<title>Memory Comfort - Best Dream<\/title>\n<meta name=\"description\" content=\"BAYGARD\u00ae Matratzenbezug2 cm Memory-Schicht (50 kg\/m\u00b3), eingen\u00e4ht zum \u00e4u\u00dferen Bezugatmungsaktive elastische Schicht17 cm orthop\u00e4discher PU-Kern mit dem Kaltschaum Dichte 30 kg\/m3, 3.8 kPa Druck, 3D\u00a0Atmungsaktive elastische\u00a0Gewebe\" \/>\n<meta name=\"robots\" content=\"index, follow, max-snippet:-1, max-image-preview:large, max-video-preview:-1\" \/>\n<link rel=\"canonical\" href=\"https:\/\/mattressfactory.hu\/de\/termek\/memory-comfort\/\" \/>\n<meta property=\"og:locale\" content=\"de_DE\" \/>\n<meta property=\"og:type\" content=\"article\" \/>\n<meta property=\"og:title\" content=\"Memory Comfort - Best Dream\" \/>\n<meta property=\"og:description\" content=\"BAYGARD\u00ae Matratzenbezug2 cm Memory-Schicht (50 kg\/m\u00b3), eingen\u00e4ht zum \u00e4u\u00dferen Bezugatmungsaktive elastische Schicht17 cm orthop\u00e4discher PU-Kern mit dem Kaltschaum Dichte 30 kg\/m3, 3.8 kPa Druck, 3D\u00a0Atmungsaktive elastische\u00a0Gewebe\" \/>\n<meta property=\"og:url\" content=\"https:\/\/mattressfactory.hu\/de\/termek\/memory-comfort\/\" \/>\n<meta property=\"og:site_name\" content=\"Best Dream\" \/>\n<meta property=\"article:modified_time\" content=\"2022-07-18T13:48:50+00:00\" \/>\n<meta property=\"og:image\" content=\"https:\/\/mattressfactory.hu\/wp-content\/uploads\/2022\/05\/MEMORY-COMFORT.png\" \/>\n\t<meta property=\"og:image:width\" content=\"1024\" \/>\n\t<meta property=\"og:image:height\" content=\"683\" \/>\n\t<meta property=\"og:image:type\" content=\"image\/png\" \/>\n<meta name=\"twitter:card\" content=\"summary_large_image\" \/>\n<meta name=\"twitter:label1\" content=\"Gesch\u00e4tzte Lesezeit\" \/>\n\t<meta name=\"twitter:data1\" content=\"2\u00a0Minuten\" \/>\n<script type=\"application\/ld+json\" class=\"yoast-schema-graph\">{\"@context\":\"https:\/\/schema.org\",\"@graph\":[{\"@type\":\"WebPage\",\"@id\":\"https:\/\/mattressfactory.hu\/de\/termek\/memory-comfort\/\",\"url\":\"https:\/\/mattressfactory.hu\/de\/termek\/memory-comfort\/\",\"name\":\"Memory Comfort - Best Dream\",\"isPartOf\":{\"@id\":\"https:\/\/mattressfactory.hu\/#website\"},\"datePublished\":\"2022-05-24T07:46:45+00:00\",\"dateModified\":\"2022-07-18T13:48:50+00:00\",\"description\":\"BAYGARD\u00ae Matratzenbezug2 cm Memory-Schicht (50 kg\/m\u00b3), eingen\u00e4ht zum \u00e4u\u00dferen Bezugatmungsaktive elastische Schicht17 cm orthop\u00e4discher PU-Kern mit dem Kaltschaum Dichte 30 kg\/m3, 3.8 kPa Druck, 3D\u00a0Atmungsaktive elastische\u00a0Gewebe\",\"breadcrumb\":{\"@id\":\"https:\/\/mattressfactory.hu\/de\/termek\/memory-comfort\/#breadcrumb\"},\"inLanguage\":\"de\",\"potentialAction\":[{\"@type\":\"ReadAction\",\"target\":[\"https:\/\/mattressfactory.hu\/de\/termek\/memory-comfort\/\"]}]},{\"@type\":\"BreadcrumbList\",\"@id\":\"https:\/\/mattressfactory.hu\/de\/termek\/memory-comfort\/#breadcrumb\",\"itemListElement\":[{\"@type\":\"ListItem\",\"position\":1,\"name\":\"\u00dczlet\",\"item\":\"https:\/\/mattressfactory.hu\/uzlet\/\"},{\"@type\":\"ListItem\",\"position\":2,\"name\":\"Memory Comfort\"}]},{\"@type\":\"WebSite\",\"@id\":\"https:\/\/mattressfactory.hu\/#website\",\"url\":\"https:\/\/mattressfactory.hu\/\",\"name\":\"Best Dream\",\"description\":\"Matracok, p\u00e1rn\u00e1k a t\u00f6k\u00e9letes alv\u00e1s\u00e9rt\",\"potentialAction\":[{\"@type\":\"SearchAction\",\"target\":{\"@type\":\"EntryPoint\",\"urlTemplate\":\"https:\/\/mattressfactory.hu\/?s={search_term_string}\"},\"query-input\":\"required name=search_term_string\"}],\"inLanguage\":\"de\"}]}<\/script>\n<!-- \/ Yoast SEO plugin. -->","yoast_head_json":{"title":"Memory Comfort - Best Dream","description":"BAYGARD\u00ae Matratzenbezug2 cm Memory-Schicht (50 kg\/m\u00b3), eingen\u00e4ht zum \u00e4u\u00dferen Bezugatmungsaktive elastische Schicht17 cm orthop\u00e4discher PU-Kern mit dem Kaltschaum Dichte 30 kg\/m3, 3.8 kPa Druck, 3D\u00a0Atmungsaktive elastische\u00a0Gewebe","robots":{"index":"index","follow":"follow","max-snippet":"max-snippet:-1","max-image-preview":"max-image-preview:large","max-video-preview":"max-video-preview:-1"},"canonical":"https:\/\/mattressfactory.hu\/de\/termek\/memory-comfort\/","og_locale":"de_DE","og_type":"article","og_title":"Memory Comfort - Best Dream","og_description":"BAYGARD\u00ae Matratzenbezug2 cm Memory-Schicht (50 kg\/m\u00b3), eingen\u00e4ht zum \u00e4u\u00dferen Bezugatmungsaktive elastische Schicht17 cm orthop\u00e4discher PU-Kern mit dem Kaltschaum Dichte 30 kg\/m3, 3.8 kPa Druck, 3D\u00a0Atmungsaktive elastische\u00a0Gewebe","og_url":"https:\/\/mattressfactory.hu\/de\/termek\/memory-comfort\/","og_site_name":"Best Dream","article_modified_time":"2022-07-18T13:48:50+00:00","og_image":[{"width":1024,"height":683,"url":"https:\/\/mattressfactory.hu\/wp-content\/uploads\/2022\/05\/MEMORY-COMFORT.png","type":"image\/png"}],"twitter_card":"summary_large_image","twitter_misc":{"Gesch\u00e4tzte Lesezeit":"2\u00a0Minuten"},"schema":{"@context":"https:\/\/schema.org","@graph":[{"@type":"WebPage","@id":"https:\/\/mattressfactory.hu\/de\/termek\/memory-comfort\/","url":"https:\/\/mattressfactory.hu\/de\/termek\/memory-comfort\/","name":"Memory Comfort - Best Dream","isPartOf":{"@id":"https:\/\/mattressfactory.hu\/#website"},"datePublished":"2022-05-24T07:46:45+00:00","dateModified":"2022-07-18T13:48:50+00:00","description":"BAYGARD\u00ae Matratzenbezug2 cm Memory-Schicht (50 kg\/m\u00b3), eingen\u00e4ht zum \u00e4u\u00dferen Bezugatmungsaktive elastische Schicht17 cm orthop\u00e4discher PU-Kern mit dem Kaltschaum Dichte 30 kg\/m3, 3.8 kPa Druck, 3D\u00a0Atmungsaktive elastische\u00a0Gewebe","breadcrumb":{"@id":"https:\/\/mattressfactory.hu\/de\/termek\/memory-comfort\/#breadcrumb"},"inLanguage":"de","potentialAction":[{"@type":"ReadAction","target":["https:\/\/mattressfactory.hu\/de\/termek\/memory-comfort\/"]}]},{"@type":"BreadcrumbList","@id":"https:\/\/mattressfactory.hu\/de\/termek\/memory-comfort\/#breadcrumb","itemListElement":[{"@type":"ListItem","position":1,"name":"\u00dczlet","item":"https:\/\/mattressfactory.hu\/uzlet\/"},{"@type":"ListItem","position":2,"name":"Memory Comfort"}]},{"@type":"WebSite","@id":"https:\/\/mattressfactory.hu\/#website","url":"https:\/\/mattressfactory.hu\/","name":"Best Dream","description":"Matracok, p\u00e1rn\u00e1k a t\u00f6k\u00e9letes alv\u00e1s\u00e9rt","potentialAction":[{"@type":"SearchAction","target":{"@type":"EntryPoint","urlTemplate":"https:\/\/mattressfactory.hu\/?s={search_term_string}"},"query-input":"required name=search_term_string"}],"inLanguage":"de"}]}},"_links":{"self":[{"href":"https:\/\/mattressfactory.hu\/de\/wp-json\/wp\/v2\/product\/1110","targetHints":{"allow":["GET"]}}],"collection":[{"href":"https:\/\/mattressfactory.hu\/de\/wp-json\/wp\/v2\/product"}],"about":[{"href":"https:\/\/mattressfactory.hu\/de\/wp-json\/wp\/v2\/types\/product"}],"replies":[{"embeddable":true,"href":"https:\/\/mattressfactory.hu\/de\/wp-json\/wp\/v2\/comments?post=1110"}],"wp:featuredmedia":[{"embeddable":true,"href":"https:\/\/mattressfactory.hu\/de\/wp-json\/wp\/v2\/media\/387"}],"wp:attachment":[{"href":"https:\/\/mattressfactory.hu\/de\/wp-json\/wp\/v2\/media?parent=1110"}],"wp:term":[{"taxonomy":"product_cat","embeddable":true,"href":"https:\/\/mattressfactory.hu\/de\/wp-json\/wp\/v2\/product_cat?post=1110"},{"taxonomy":"product_tag","embeddable":true,"href":"https:\/\/mattressfactory.hu\/de\/wp-json\/wp\/v2\/product_tag?post=1110"}],"curies":[{"name":"wp","href":"https:\/\/api.w.org\/{rel}","templated":true}]}}