{"id":1106,"date":"2022-05-24T10:06:05","date_gmt":"2022-05-24T08:06:05","guid":{"rendered":"https:\/\/mattressfactory.hu\/termek\/latex\/"},"modified":"2022-07-08T09:13:56","modified_gmt":"2022-07-08T07:13:56","slug":"latex","status":"publish","type":"product","link":"https:\/\/mattressfactory.hu\/de\/termek\/latex\/","title":{"rendered":"Latex"},"content":{"rendered":"<p>Die Matratze aus 100% LATEX, die sich durch Feinheit und Weichheit auszeichnet, wird mit einer speziellen Technologie aus Baumsaft des Kautschukbaums hergestellt. Seine einzigartige Anpassungsf\u00e4higkeit macht ihn zu einem ausgezeichneten Matratzenmaterial und zur perfekten Wahl f\u00fcr positionierbare Bettlatten. Die Matratze ist in 7 Zonen unterteilt, sie ist luftig, ohne Milben und Bakterien.<\/p>\n<p>&nbsp;<\/p>\n<p><img loading=\"lazy\" decoding=\"async\" class=\"alignnone wp-image-147\" src=\"https:\/\/mattressfactory.hu\/wp-content\/uploads\/2022\/05\/LATEX-METSZET.jpeg\" alt=\"latex\" width=\"400\" height=\"266\" srcset=\"https:\/\/mattressfactory.hu\/wp-content\/uploads\/2022\/05\/LATEX-METSZET.jpeg 1024w, https:\/\/mattressfactory.hu\/wp-content\/uploads\/2022\/05\/LATEX-METSZET-300x200.jpeg 300w, https:\/\/mattressfactory.hu\/wp-content\/uploads\/2022\/05\/LATEX-METSZET-600x400.jpeg 600w, https:\/\/mattressfactory.hu\/wp-content\/uploads\/2022\/05\/LATEX-METSZET-768x512.jpeg 768w, https:\/\/mattressfactory.hu\/wp-content\/uploads\/2022\/05\/LATEX-METSZET-705x470.jpeg 705w\" sizes=\"auto, (max-width: 400px) 100vw, 400px\" \/><\/p>\n<p>&nbsp;<\/p>\n<ul>\n<li>Abnehmbarer CAMOMILE-Bezug, bei 30 \u00baC waschbar<\/li>\n<li>18cm starker Latex-Kern mit der Dichte 68 kg\/m3 (bei der Ausf\u00fchrung mit L\u00fcftungs\u00f6ffnungen betr\u00e4gt die Dichte 55 kg\/m3)<\/li>\n<li>Abnehmbarer CAMOMILE-Bezug, bei 30 \u00baC waschbar<\/li>\n<\/ul>\n<p>&nbsp;<\/p>\n<p><img loading=\"lazy\" decoding=\"async\" class=\"alignleft wp-image-148 size-square\" src=\"https:\/\/mattressfactory.hu\/wp-content\/uploads\/2022\/05\/camomile-180x180.jpeg\" alt=\"camomile\" width=\"180\" height=\"180\" srcset=\"https:\/\/mattressfactory.hu\/wp-content\/uploads\/2022\/05\/camomile-180x180.jpeg 180w, https:\/\/mattressfactory.hu\/wp-content\/uploads\/2022\/05\/camomile-100x100.jpeg 100w, https:\/\/mattressfactory.hu\/wp-content\/uploads\/2022\/05\/camomile.jpeg 300w, https:\/\/mattressfactory.hu\/wp-content\/uploads\/2022\/05\/camomile-80x80.jpeg 80w, https:\/\/mattressfactory.hu\/wp-content\/uploads\/2022\/05\/camomile-36x36.jpeg 36w\" sizes=\"auto, (max-width: 180px) 100vw, 180px\" \/><\/p>\n<p><strong>CAMOMILE huzat<\/strong><\/p>\n<p>Das hochwertige, mit Kamillenfasern verflochtene Gewebe mit antibakterieller und beruhigender Wirkung hilft, sich nach einem langen Tag zu entspannen und zu erholen. Der Bauwollen-Bezug ist abnehmbar und bei 30 \u00baC waschbar.<\/p>\n<p>&nbsp;<\/p>\n<p>&nbsp;<\/p>\n<p>&nbsp;<\/p>\n<p><strong><img loading=\"lazy\" decoding=\"async\" class=\"size-full wp-image-137 alignright\" src=\"https:\/\/mattressfactory.hu\/wp-content\/uploads\/2022\/05\/memory_kez_korben.png\" alt=\"memory hab\" width=\"234\" height=\"234\" srcset=\"https:\/\/mattressfactory.hu\/wp-content\/uploads\/2022\/05\/memory_kez_korben.png 234w, https:\/\/mattressfactory.hu\/wp-content\/uploads\/2022\/05\/memory_kez_korben-100x100.png 100w, https:\/\/mattressfactory.hu\/wp-content\/uploads\/2022\/05\/memory_kez_korben-80x80.png 80w, https:\/\/mattressfactory.hu\/wp-content\/uploads\/2022\/05\/memory_kez_korben-36x36.png 36w, https:\/\/mattressfactory.hu\/wp-content\/uploads\/2022\/05\/memory_kez_korben-180x180.png 180w\" sizes=\"auto, (max-width: 234px) 100vw, 234px\" \/>Memory Schaum<\/strong><\/p>\n<p>Spezialschaum, dessen H\u00e4rte je nach K\u00f6rpertemperatur variiert, erweicht bei Kontakt mit dem menschlichen K\u00f6rper. Es nimmt mit Verz\u00f6gerung wieder seine urspr\u00fcngliche Form an. Dank seiner Eigenschaft tr\u00e4gt es dazu bei, das K\u00f6rpergewicht gleichm\u00e4\u00dfig auf seiner Oberfl\u00e4che zu verteilen &#8211; unterst\u00fctzt unseren K\u00f6rper optimal &#8211; dies wirkt sich positiv auf die Durchblutung aus, dadurch drehen wir uns weniger um und schlafen ruhiger.<\/p>\n","protected":false},"excerpt":{"rendered":"<ul>\n<li>H\u00f6he: 20 cm<\/li>\n<li>Belastbarkeit: 100 kg<\/li>\n<li>Garantie: 8 Jahre<\/li>\n<li>Vakuumverpackt (f\u00fcr leichteren Transport)<\/li>\n<\/ul>\n","protected":false},"featured_media":403,"comment_status":"closed","ping_status":"closed","template":"","meta":{"inline_featured_image":false},"product_cat":[50,59],"product_tag":[],"class_list":["post-1106","product","type-product","status-publish","has-post-thumbnail","hentry","product_cat-matratzen","product_cat-latex-matratzen"],"yoast_head":"<!-- This site is optimized with the Yoast SEO plugin v20.5 - https:\/\/yoast.com\/wordpress\/plugins\/seo\/ -->\n<title>Latex - Best Dream<\/title>\n<meta name=\"description\" content=\"Die Matratze aus 100% LATEX, die sich durch Feinheit und Weichheit auszeichnet, wird mit einer speziellen Technologie aus Baumsaft des Kautschukbaums hergestellt.\" \/>\n<meta name=\"robots\" content=\"index, follow, max-snippet:-1, max-image-preview:large, max-video-preview:-1\" \/>\n<link rel=\"canonical\" href=\"https:\/\/mattressfactory.hu\/de\/termek\/latex\/\" \/>\n<meta property=\"og:locale\" content=\"de_DE\" \/>\n<meta property=\"og:type\" content=\"article\" \/>\n<meta property=\"og:title\" content=\"Latex - Best Dream\" \/>\n<meta property=\"og:description\" content=\"Die Matratze aus 100% LATEX, die sich durch Feinheit und Weichheit auszeichnet, wird mit einer speziellen Technologie aus Baumsaft des Kautschukbaums hergestellt.\" \/>\n<meta property=\"og:url\" content=\"https:\/\/mattressfactory.hu\/de\/termek\/latex\/\" \/>\n<meta property=\"og:site_name\" content=\"Best Dream\" \/>\n<meta property=\"article:modified_time\" content=\"2022-07-08T07:13:56+00:00\" \/>\n<meta property=\"og:image\" content=\"https:\/\/mattressfactory.hu\/wp-content\/uploads\/2022\/05\/LATEX.png\" \/>\n\t<meta property=\"og:image:width\" content=\"1024\" \/>\n\t<meta property=\"og:image:height\" content=\"683\" \/>\n\t<meta property=\"og:image:type\" content=\"image\/png\" \/>\n<meta name=\"twitter:card\" content=\"summary_large_image\" \/>\n<meta name=\"twitter:label1\" content=\"Gesch\u00e4tzte Lesezeit\" \/>\n\t<meta name=\"twitter:data1\" content=\"2\u00a0Minuten\" \/>\n<script type=\"application\/ld+json\" class=\"yoast-schema-graph\">{\"@context\":\"https:\/\/schema.org\",\"@graph\":[{\"@type\":\"WebPage\",\"@id\":\"https:\/\/mattressfactory.hu\/de\/termek\/latex\/\",\"url\":\"https:\/\/mattressfactory.hu\/de\/termek\/latex\/\",\"name\":\"Latex - Best Dream\",\"isPartOf\":{\"@id\":\"https:\/\/mattressfactory.hu\/#website\"},\"datePublished\":\"2022-05-24T08:06:05+00:00\",\"dateModified\":\"2022-07-08T07:13:56+00:00\",\"description\":\"Die Matratze aus 100% LATEX, die sich durch Feinheit und Weichheit auszeichnet, wird mit einer speziellen Technologie aus Baumsaft des Kautschukbaums hergestellt.\",\"breadcrumb\":{\"@id\":\"https:\/\/mattressfactory.hu\/de\/termek\/latex\/#breadcrumb\"},\"inLanguage\":\"de\",\"potentialAction\":[{\"@type\":\"ReadAction\",\"target\":[\"https:\/\/mattressfactory.hu\/de\/termek\/latex\/\"]}]},{\"@type\":\"BreadcrumbList\",\"@id\":\"https:\/\/mattressfactory.hu\/de\/termek\/latex\/#breadcrumb\",\"itemListElement\":[{\"@type\":\"ListItem\",\"position\":1,\"name\":\"\u00dczlet\",\"item\":\"https:\/\/mattressfactory.hu\/uzlet\/\"},{\"@type\":\"ListItem\",\"position\":2,\"name\":\"Latex\"}]},{\"@type\":\"WebSite\",\"@id\":\"https:\/\/mattressfactory.hu\/#website\",\"url\":\"https:\/\/mattressfactory.hu\/\",\"name\":\"Best Dream\",\"description\":\"Matracok, p\u00e1rn\u00e1k a t\u00f6k\u00e9letes alv\u00e1s\u00e9rt\",\"potentialAction\":[{\"@type\":\"SearchAction\",\"target\":{\"@type\":\"EntryPoint\",\"urlTemplate\":\"https:\/\/mattressfactory.hu\/?s={search_term_string}\"},\"query-input\":\"required name=search_term_string\"}],\"inLanguage\":\"de\"}]}<\/script>\n<!-- \/ Yoast SEO plugin. -->","yoast_head_json":{"title":"Latex - Best Dream","description":"Die Matratze aus 100% LATEX, die sich durch Feinheit und Weichheit auszeichnet, wird mit einer speziellen Technologie aus Baumsaft des Kautschukbaums hergestellt.","robots":{"index":"index","follow":"follow","max-snippet":"max-snippet:-1","max-image-preview":"max-image-preview:large","max-video-preview":"max-video-preview:-1"},"canonical":"https:\/\/mattressfactory.hu\/de\/termek\/latex\/","og_locale":"de_DE","og_type":"article","og_title":"Latex - Best Dream","og_description":"Die Matratze aus 100% LATEX, die sich durch Feinheit und Weichheit auszeichnet, wird mit einer speziellen Technologie aus Baumsaft des Kautschukbaums hergestellt.","og_url":"https:\/\/mattressfactory.hu\/de\/termek\/latex\/","og_site_name":"Best Dream","article_modified_time":"2022-07-08T07:13:56+00:00","og_image":[{"width":1024,"height":683,"url":"https:\/\/mattressfactory.hu\/wp-content\/uploads\/2022\/05\/LATEX.png","type":"image\/png"}],"twitter_card":"summary_large_image","twitter_misc":{"Gesch\u00e4tzte Lesezeit":"2\u00a0Minuten"},"schema":{"@context":"https:\/\/schema.org","@graph":[{"@type":"WebPage","@id":"https:\/\/mattressfactory.hu\/de\/termek\/latex\/","url":"https:\/\/mattressfactory.hu\/de\/termek\/latex\/","name":"Latex - Best Dream","isPartOf":{"@id":"https:\/\/mattressfactory.hu\/#website"},"datePublished":"2022-05-24T08:06:05+00:00","dateModified":"2022-07-08T07:13:56+00:00","description":"Die Matratze aus 100% LATEX, die sich durch Feinheit und Weichheit auszeichnet, wird mit einer speziellen Technologie aus Baumsaft des Kautschukbaums hergestellt.","breadcrumb":{"@id":"https:\/\/mattressfactory.hu\/de\/termek\/latex\/#breadcrumb"},"inLanguage":"de","potentialAction":[{"@type":"ReadAction","target":["https:\/\/mattressfactory.hu\/de\/termek\/latex\/"]}]},{"@type":"BreadcrumbList","@id":"https:\/\/mattressfactory.hu\/de\/termek\/latex\/#breadcrumb","itemListElement":[{"@type":"ListItem","position":1,"name":"\u00dczlet","item":"https:\/\/mattressfactory.hu\/uzlet\/"},{"@type":"ListItem","position":2,"name":"Latex"}]},{"@type":"WebSite","@id":"https:\/\/mattressfactory.hu\/#website","url":"https:\/\/mattressfactory.hu\/","name":"Best Dream","description":"Matracok, p\u00e1rn\u00e1k a t\u00f6k\u00e9letes alv\u00e1s\u00e9rt","potentialAction":[{"@type":"SearchAction","target":{"@type":"EntryPoint","urlTemplate":"https:\/\/mattressfactory.hu\/?s={search_term_string}"},"query-input":"required name=search_term_string"}],"inLanguage":"de"}]}},"_links":{"self":[{"href":"https:\/\/mattressfactory.hu\/de\/wp-json\/wp\/v2\/product\/1106","targetHints":{"allow":["GET"]}}],"collection":[{"href":"https:\/\/mattressfactory.hu\/de\/wp-json\/wp\/v2\/product"}],"about":[{"href":"https:\/\/mattressfactory.hu\/de\/wp-json\/wp\/v2\/types\/product"}],"replies":[{"embeddable":true,"href":"https:\/\/mattressfactory.hu\/de\/wp-json\/wp\/v2\/comments?post=1106"}],"wp:featuredmedia":[{"embeddable":true,"href":"https:\/\/mattressfactory.hu\/de\/wp-json\/wp\/v2\/media\/403"}],"wp:attachment":[{"href":"https:\/\/mattressfactory.hu\/de\/wp-json\/wp\/v2\/media?parent=1106"}],"wp:term":[{"taxonomy":"product_cat","embeddable":true,"href":"https:\/\/mattressfactory.hu\/de\/wp-json\/wp\/v2\/product_cat?post=1106"},{"taxonomy":"product_tag","embeddable":true,"href":"https:\/\/mattressfactory.hu\/de\/wp-json\/wp\/v2\/product_tag?post=1106"}],"curies":[{"name":"wp","href":"https:\/\/api.w.org\/{rel}","templated":true}]}}