{"id":1095,"date":"2022-05-24T11:48:55","date_gmt":"2022-05-24T09:48:55","guid":{"rendered":"https:\/\/mattressfactory.hu\/termek\/vizzaro-matracvedo\/"},"modified":"2022-07-06T13:36:37","modified_gmt":"2022-07-06T11:36:37","slug":"wasserdichter-bettschutz","status":"publish","type":"product","link":"https:\/\/mattressfactory.hu\/de\/termek\/wasserdichter-bettschutz\/","title":{"rendered":"Wasserdichter Bettschutz"},"content":{"rendered":"<p><img loading=\"lazy\" decoding=\"async\" class=\"wp-image-179 size-square alignleft\" src=\"https:\/\/mattressfactory.hu\/wp-content\/uploads\/2022\/05\/MAT_VEDO_WATERP-180x180.png\" alt=\"V\u00edzz\u00e1r\u00f3 matracv\u00e9d\u0151\" width=\"180\" height=\"180\" srcset=\"https:\/\/mattressfactory.hu\/wp-content\/uploads\/2022\/05\/MAT_VEDO_WATERP-180x180.png 180w, https:\/\/mattressfactory.hu\/wp-content\/uploads\/2022\/05\/MAT_VEDO_WATERP-100x100.png 100w, https:\/\/mattressfactory.hu\/wp-content\/uploads\/2022\/05\/MAT_VEDO_WATERP.png 300w, https:\/\/mattressfactory.hu\/wp-content\/uploads\/2022\/05\/MAT_VEDO_WATERP-80x80.png 80w, https:\/\/mattressfactory.hu\/wp-content\/uploads\/2022\/05\/MAT_VEDO_WATERP-36x36.png 36w\" sizes=\"auto, (max-width: 180px) 100vw, 180px\" \/><\/p>\n<p>Undurchl\u00e4ssiger\/Wasserdichter Bettschutz mit dem Frottee-Material, das hilft, das Bettklima zu erhalten. Das Material atmet in der Gegenrichtung, um die Verstockung des Betts zu vermeiden. Die Querbefestigung mit breiten Gummib\u00e4ndern f\u00fcr schnellere und sicherere Befestigung.<\/p>\n","protected":false},"excerpt":{"rendered":"<ul>\n<li>Oberfl\u00e4chenmaterial: 190 gr\/m\u00b2 Frottee, Polyester<\/li>\n<li>Gummiband: Gewebeband mit einem 40 mm Gummi<\/li>\n<li>Waschtemperatur: max. 90\u00b0C<\/li>\n<li>Trocknen: bei niedriger Temperatur<\/li>\n<li>80 % Baumwolle, 20% Polyester<\/li>\n<\/ul>\n","protected":false},"featured_media":445,"comment_status":"closed","ping_status":"closed","template":"","meta":{"inline_featured_image":false},"product_cat":[65],"product_tag":[],"class_list":["post-1095","product","type-product","status-publish","has-post-thumbnail","hentry","product_cat-matratzenschoner"],"yoast_head":"<!-- This site is optimized with the Yoast SEO plugin v20.5 - https:\/\/yoast.com\/wordpress\/plugins\/seo\/ -->\n<title>Wasserdichter Bettschutz - Best Dream<\/title>\n<meta name=\"description\" content=\"Undurchl\u00e4ssiger\/Wasserdichter Bettschutz mit dem Frottee-Material, das hilft, das Bettklima zu erhalten. Das Material atmet in der Gegenrichtung, um die Verstockung des Betts zu vermeiden.\" \/>\n<meta name=\"robots\" content=\"index, follow, max-snippet:-1, max-image-preview:large, max-video-preview:-1\" \/>\n<link rel=\"canonical\" href=\"https:\/\/mattressfactory.hu\/de\/termek\/wasserdichter-bettschutz\/\" \/>\n<meta property=\"og:locale\" content=\"de_DE\" \/>\n<meta property=\"og:type\" content=\"article\" \/>\n<meta property=\"og:title\" content=\"Wasserdichter Bettschutz - Best Dream\" \/>\n<meta property=\"og:description\" content=\"Undurchl\u00e4ssiger\/Wasserdichter Bettschutz mit dem Frottee-Material, das hilft, das Bettklima zu erhalten. Das Material atmet in der Gegenrichtung, um die Verstockung des Betts zu vermeiden.\" \/>\n<meta property=\"og:url\" content=\"https:\/\/mattressfactory.hu\/de\/termek\/wasserdichter-bettschutz\/\" \/>\n<meta property=\"og:site_name\" content=\"Best Dream\" \/>\n<meta property=\"article:modified_time\" content=\"2022-07-06T11:36:37+00:00\" \/>\n<meta property=\"og:image\" content=\"https:\/\/mattressfactory.hu\/wp-content\/uploads\/2022\/05\/VIZZARO_MATRACVEDO.png\" \/>\n\t<meta property=\"og:image:width\" content=\"1024\" \/>\n\t<meta property=\"og:image:height\" content=\"683\" \/>\n\t<meta property=\"og:image:type\" content=\"image\/png\" \/>\n<meta name=\"twitter:card\" content=\"summary_large_image\" \/>\n<meta name=\"twitter:label1\" content=\"Gesch\u00e4tzte Lesezeit\" \/>\n\t<meta name=\"twitter:data1\" content=\"1\u00a0Minute\" \/>\n<script type=\"application\/ld+json\" class=\"yoast-schema-graph\">{\"@context\":\"https:\/\/schema.org\",\"@graph\":[{\"@type\":\"WebPage\",\"@id\":\"https:\/\/mattressfactory.hu\/de\/termek\/wasserdichter-bettschutz\/\",\"url\":\"https:\/\/mattressfactory.hu\/de\/termek\/wasserdichter-bettschutz\/\",\"name\":\"Wasserdichter Bettschutz - Best Dream\",\"isPartOf\":{\"@id\":\"https:\/\/mattressfactory.hu\/#website\"},\"datePublished\":\"2022-05-24T09:48:55+00:00\",\"dateModified\":\"2022-07-06T11:36:37+00:00\",\"description\":\"Undurchl\u00e4ssiger\/Wasserdichter Bettschutz mit dem Frottee-Material, das hilft, das Bettklima zu erhalten. Das Material atmet in der Gegenrichtung, um die Verstockung des Betts zu vermeiden.\",\"breadcrumb\":{\"@id\":\"https:\/\/mattressfactory.hu\/de\/termek\/wasserdichter-bettschutz\/#breadcrumb\"},\"inLanguage\":\"de\",\"potentialAction\":[{\"@type\":\"ReadAction\",\"target\":[\"https:\/\/mattressfactory.hu\/de\/termek\/wasserdichter-bettschutz\/\"]}]},{\"@type\":\"BreadcrumbList\",\"@id\":\"https:\/\/mattressfactory.hu\/de\/termek\/wasserdichter-bettschutz\/#breadcrumb\",\"itemListElement\":[{\"@type\":\"ListItem\",\"position\":1,\"name\":\"\u00dczlet\",\"item\":\"https:\/\/mattressfactory.hu\/uzlet\/\"},{\"@type\":\"ListItem\",\"position\":2,\"name\":\"Wasserdichter Bettschutz\"}]},{\"@type\":\"WebSite\",\"@id\":\"https:\/\/mattressfactory.hu\/#website\",\"url\":\"https:\/\/mattressfactory.hu\/\",\"name\":\"Best Dream\",\"description\":\"Matracok, p\u00e1rn\u00e1k a t\u00f6k\u00e9letes alv\u00e1s\u00e9rt\",\"potentialAction\":[{\"@type\":\"SearchAction\",\"target\":{\"@type\":\"EntryPoint\",\"urlTemplate\":\"https:\/\/mattressfactory.hu\/?s={search_term_string}\"},\"query-input\":\"required name=search_term_string\"}],\"inLanguage\":\"de\"}]}<\/script>\n<!-- \/ Yoast SEO plugin. -->","yoast_head_json":{"title":"Wasserdichter Bettschutz - Best Dream","description":"Undurchl\u00e4ssiger\/Wasserdichter Bettschutz mit dem Frottee-Material, das hilft, das Bettklima zu erhalten. Das Material atmet in der Gegenrichtung, um die Verstockung des Betts zu vermeiden.","robots":{"index":"index","follow":"follow","max-snippet":"max-snippet:-1","max-image-preview":"max-image-preview:large","max-video-preview":"max-video-preview:-1"},"canonical":"https:\/\/mattressfactory.hu\/de\/termek\/wasserdichter-bettschutz\/","og_locale":"de_DE","og_type":"article","og_title":"Wasserdichter Bettschutz - Best Dream","og_description":"Undurchl\u00e4ssiger\/Wasserdichter Bettschutz mit dem Frottee-Material, das hilft, das Bettklima zu erhalten. Das Material atmet in der Gegenrichtung, um die Verstockung des Betts zu vermeiden.","og_url":"https:\/\/mattressfactory.hu\/de\/termek\/wasserdichter-bettschutz\/","og_site_name":"Best Dream","article_modified_time":"2022-07-06T11:36:37+00:00","og_image":[{"width":1024,"height":683,"url":"https:\/\/mattressfactory.hu\/wp-content\/uploads\/2022\/05\/VIZZARO_MATRACVEDO.png","type":"image\/png"}],"twitter_card":"summary_large_image","twitter_misc":{"Gesch\u00e4tzte Lesezeit":"1\u00a0Minute"},"schema":{"@context":"https:\/\/schema.org","@graph":[{"@type":"WebPage","@id":"https:\/\/mattressfactory.hu\/de\/termek\/wasserdichter-bettschutz\/","url":"https:\/\/mattressfactory.hu\/de\/termek\/wasserdichter-bettschutz\/","name":"Wasserdichter Bettschutz - Best Dream","isPartOf":{"@id":"https:\/\/mattressfactory.hu\/#website"},"datePublished":"2022-05-24T09:48:55+00:00","dateModified":"2022-07-06T11:36:37+00:00","description":"Undurchl\u00e4ssiger\/Wasserdichter Bettschutz mit dem Frottee-Material, das hilft, das Bettklima zu erhalten. Das Material atmet in der Gegenrichtung, um die Verstockung des Betts zu vermeiden.","breadcrumb":{"@id":"https:\/\/mattressfactory.hu\/de\/termek\/wasserdichter-bettschutz\/#breadcrumb"},"inLanguage":"de","potentialAction":[{"@type":"ReadAction","target":["https:\/\/mattressfactory.hu\/de\/termek\/wasserdichter-bettschutz\/"]}]},{"@type":"BreadcrumbList","@id":"https:\/\/mattressfactory.hu\/de\/termek\/wasserdichter-bettschutz\/#breadcrumb","itemListElement":[{"@type":"ListItem","position":1,"name":"\u00dczlet","item":"https:\/\/mattressfactory.hu\/uzlet\/"},{"@type":"ListItem","position":2,"name":"Wasserdichter Bettschutz"}]},{"@type":"WebSite","@id":"https:\/\/mattressfactory.hu\/#website","url":"https:\/\/mattressfactory.hu\/","name":"Best Dream","description":"Matracok, p\u00e1rn\u00e1k a t\u00f6k\u00e9letes alv\u00e1s\u00e9rt","potentialAction":[{"@type":"SearchAction","target":{"@type":"EntryPoint","urlTemplate":"https:\/\/mattressfactory.hu\/?s={search_term_string}"},"query-input":"required name=search_term_string"}],"inLanguage":"de"}]}},"_links":{"self":[{"href":"https:\/\/mattressfactory.hu\/de\/wp-json\/wp\/v2\/product\/1095","targetHints":{"allow":["GET"]}}],"collection":[{"href":"https:\/\/mattressfactory.hu\/de\/wp-json\/wp\/v2\/product"}],"about":[{"href":"https:\/\/mattressfactory.hu\/de\/wp-json\/wp\/v2\/types\/product"}],"replies":[{"embeddable":true,"href":"https:\/\/mattressfactory.hu\/de\/wp-json\/wp\/v2\/comments?post=1095"}],"wp:featuredmedia":[{"embeddable":true,"href":"https:\/\/mattressfactory.hu\/de\/wp-json\/wp\/v2\/media\/445"}],"wp:attachment":[{"href":"https:\/\/mattressfactory.hu\/de\/wp-json\/wp\/v2\/media?parent=1095"}],"wp:term":[{"taxonomy":"product_cat","embeddable":true,"href":"https:\/\/mattressfactory.hu\/de\/wp-json\/wp\/v2\/product_cat?post=1095"},{"taxonomy":"product_tag","embeddable":true,"href":"https:\/\/mattressfactory.hu\/de\/wp-json\/wp\/v2\/product_tag?post=1095"}],"curies":[{"name":"wp","href":"https:\/\/api.w.org\/{rel}","templated":true}]}}