{"id":1089,"date":"2022-05-24T12:05:47","date_gmt":"2022-05-24T10:05:47","guid":{"rendered":"https:\/\/mattressfactory.hu\/termek\/bio-soya\/"},"modified":"2022-07-06T13:13:34","modified_gmt":"2022-07-06T11:13:34","slug":"bio-soya","status":"publish","type":"product","link":"https:\/\/mattressfactory.hu\/de\/termek\/bio-soya\/","title":{"rendered":"Bio Soya"},"content":{"rendered":"<p>Das Kissen ist ein speziell hergestelltes 100% Naturprodukt, das nat\u00fcrliche Sojaextrakte erh\u00e4lt. Das seifenf\u00f6rmige Kopfkissen ist perfekt auf die anatomische Kopf- und Nackenform abgestimmt und erm\u00f6glicht so eine perfekte Schlafruhe. Ein anatomisches Kissen st\u00fctzt perfekt die Nacken-, Kopf- und Schultermuskulatur und h\u00e4lt so die gesamte Wirbels\u00e4ule in der korrekten anatomischen Position. Beide SOYA Kissen sind angenehm duftend mit der Garantie des nat\u00fcrlichen und gesunden Schlafs.<\/p>\n","protected":false},"excerpt":{"rendered":"<ul>\n<li>Gr\u00f6\u00dfe: 68 x 36 cm<\/li>\n<li>H\u00f6he: 13 cm<\/li>\n<li>Allgemeine Garantie<\/li>\n<\/ul>\n<p>&nbsp;<\/p>\n","protected":false},"featured_media":457,"comment_status":"closed","ping_status":"closed","template":"","meta":{"inline_featured_image":false},"product_cat":[66],"product_tag":[],"class_list":["post-1089","product","type-product","status-publish","has-post-thumbnail","hentry","product_cat-kissen"],"yoast_head":"<!-- This site is optimized with the Yoast SEO plugin v20.5 - https:\/\/yoast.com\/wordpress\/plugins\/seo\/ -->\n<title>Bio Soya - Best Dream<\/title>\n<meta name=\"description\" content=\"Das Kissen ist ein speziell hergestelltes 100% Naturprodukt, das nat\u00fcrliche Sojaextrakte erh\u00e4lt. Das seifenf\u00f6rmige Kopfkissen ist perfekt auf die anatomische Kopf- und Nackenform abgestimmt und erm\u00f6glicht so eine perfekte Schlafruhe.\" \/>\n<meta name=\"robots\" content=\"index, follow, max-snippet:-1, max-image-preview:large, max-video-preview:-1\" \/>\n<link rel=\"canonical\" href=\"https:\/\/mattressfactory.hu\/de\/termek\/bio-soya\/\" \/>\n<meta property=\"og:locale\" content=\"de_DE\" \/>\n<meta property=\"og:type\" content=\"article\" \/>\n<meta property=\"og:title\" content=\"Bio Soya - Best Dream\" \/>\n<meta property=\"og:description\" content=\"Das Kissen ist ein speziell hergestelltes 100% Naturprodukt, das nat\u00fcrliche Sojaextrakte erh\u00e4lt. Das seifenf\u00f6rmige Kopfkissen ist perfekt auf die anatomische Kopf- und Nackenform abgestimmt und erm\u00f6glicht so eine perfekte Schlafruhe.\" \/>\n<meta property=\"og:url\" content=\"https:\/\/mattressfactory.hu\/de\/termek\/bio-soya\/\" \/>\n<meta property=\"og:site_name\" content=\"Best Dream\" \/>\n<meta property=\"article:modified_time\" content=\"2022-07-06T11:13:34+00:00\" \/>\n<meta property=\"og:image\" content=\"https:\/\/mattressfactory.hu\/wp-content\/uploads\/2022\/05\/BIO-SOYA.png\" \/>\n\t<meta property=\"og:image:width\" content=\"1024\" \/>\n\t<meta property=\"og:image:height\" content=\"683\" \/>\n\t<meta property=\"og:image:type\" content=\"image\/png\" \/>\n<meta name=\"twitter:card\" content=\"summary_large_image\" \/>\n<meta name=\"twitter:label1\" content=\"Gesch\u00e4tzte Lesezeit\" \/>\n\t<meta name=\"twitter:data1\" content=\"1\u00a0Minute\" \/>\n<script type=\"application\/ld+json\" class=\"yoast-schema-graph\">{\"@context\":\"https:\/\/schema.org\",\"@graph\":[{\"@type\":\"WebPage\",\"@id\":\"https:\/\/mattressfactory.hu\/de\/termek\/bio-soya\/\",\"url\":\"https:\/\/mattressfactory.hu\/de\/termek\/bio-soya\/\",\"name\":\"Bio Soya - Best Dream\",\"isPartOf\":{\"@id\":\"https:\/\/mattressfactory.hu\/#website\"},\"datePublished\":\"2022-05-24T10:05:47+00:00\",\"dateModified\":\"2022-07-06T11:13:34+00:00\",\"description\":\"Das Kissen ist ein speziell hergestelltes 100% Naturprodukt, das nat\u00fcrliche Sojaextrakte erh\u00e4lt. Das seifenf\u00f6rmige Kopfkissen ist perfekt auf die anatomische Kopf- und Nackenform abgestimmt und erm\u00f6glicht so eine perfekte Schlafruhe.\",\"breadcrumb\":{\"@id\":\"https:\/\/mattressfactory.hu\/de\/termek\/bio-soya\/#breadcrumb\"},\"inLanguage\":\"de\",\"potentialAction\":[{\"@type\":\"ReadAction\",\"target\":[\"https:\/\/mattressfactory.hu\/de\/termek\/bio-soya\/\"]}]},{\"@type\":\"BreadcrumbList\",\"@id\":\"https:\/\/mattressfactory.hu\/de\/termek\/bio-soya\/#breadcrumb\",\"itemListElement\":[{\"@type\":\"ListItem\",\"position\":1,\"name\":\"\u00dczlet\",\"item\":\"https:\/\/mattressfactory.hu\/uzlet\/\"},{\"@type\":\"ListItem\",\"position\":2,\"name\":\"Bio Soya\"}]},{\"@type\":\"WebSite\",\"@id\":\"https:\/\/mattressfactory.hu\/#website\",\"url\":\"https:\/\/mattressfactory.hu\/\",\"name\":\"Best Dream\",\"description\":\"Matracok, p\u00e1rn\u00e1k a t\u00f6k\u00e9letes alv\u00e1s\u00e9rt\",\"potentialAction\":[{\"@type\":\"SearchAction\",\"target\":{\"@type\":\"EntryPoint\",\"urlTemplate\":\"https:\/\/mattressfactory.hu\/?s={search_term_string}\"},\"query-input\":\"required name=search_term_string\"}],\"inLanguage\":\"de\"}]}<\/script>\n<!-- \/ Yoast SEO plugin. -->","yoast_head_json":{"title":"Bio Soya - Best Dream","description":"Das Kissen ist ein speziell hergestelltes 100% Naturprodukt, das nat\u00fcrliche Sojaextrakte erh\u00e4lt. Das seifenf\u00f6rmige Kopfkissen ist perfekt auf die anatomische Kopf- und Nackenform abgestimmt und erm\u00f6glicht so eine perfekte Schlafruhe.","robots":{"index":"index","follow":"follow","max-snippet":"max-snippet:-1","max-image-preview":"max-image-preview:large","max-video-preview":"max-video-preview:-1"},"canonical":"https:\/\/mattressfactory.hu\/de\/termek\/bio-soya\/","og_locale":"de_DE","og_type":"article","og_title":"Bio Soya - Best Dream","og_description":"Das Kissen ist ein speziell hergestelltes 100% Naturprodukt, das nat\u00fcrliche Sojaextrakte erh\u00e4lt. Das seifenf\u00f6rmige Kopfkissen ist perfekt auf die anatomische Kopf- und Nackenform abgestimmt und erm\u00f6glicht so eine perfekte Schlafruhe.","og_url":"https:\/\/mattressfactory.hu\/de\/termek\/bio-soya\/","og_site_name":"Best Dream","article_modified_time":"2022-07-06T11:13:34+00:00","og_image":[{"width":1024,"height":683,"url":"https:\/\/mattressfactory.hu\/wp-content\/uploads\/2022\/05\/BIO-SOYA.png","type":"image\/png"}],"twitter_card":"summary_large_image","twitter_misc":{"Gesch\u00e4tzte Lesezeit":"1\u00a0Minute"},"schema":{"@context":"https:\/\/schema.org","@graph":[{"@type":"WebPage","@id":"https:\/\/mattressfactory.hu\/de\/termek\/bio-soya\/","url":"https:\/\/mattressfactory.hu\/de\/termek\/bio-soya\/","name":"Bio Soya - Best Dream","isPartOf":{"@id":"https:\/\/mattressfactory.hu\/#website"},"datePublished":"2022-05-24T10:05:47+00:00","dateModified":"2022-07-06T11:13:34+00:00","description":"Das Kissen ist ein speziell hergestelltes 100% Naturprodukt, das nat\u00fcrliche Sojaextrakte erh\u00e4lt. Das seifenf\u00f6rmige Kopfkissen ist perfekt auf die anatomische Kopf- und Nackenform abgestimmt und erm\u00f6glicht so eine perfekte Schlafruhe.","breadcrumb":{"@id":"https:\/\/mattressfactory.hu\/de\/termek\/bio-soya\/#breadcrumb"},"inLanguage":"de","potentialAction":[{"@type":"ReadAction","target":["https:\/\/mattressfactory.hu\/de\/termek\/bio-soya\/"]}]},{"@type":"BreadcrumbList","@id":"https:\/\/mattressfactory.hu\/de\/termek\/bio-soya\/#breadcrumb","itemListElement":[{"@type":"ListItem","position":1,"name":"\u00dczlet","item":"https:\/\/mattressfactory.hu\/uzlet\/"},{"@type":"ListItem","position":2,"name":"Bio Soya"}]},{"@type":"WebSite","@id":"https:\/\/mattressfactory.hu\/#website","url":"https:\/\/mattressfactory.hu\/","name":"Best Dream","description":"Matracok, p\u00e1rn\u00e1k a t\u00f6k\u00e9letes alv\u00e1s\u00e9rt","potentialAction":[{"@type":"SearchAction","target":{"@type":"EntryPoint","urlTemplate":"https:\/\/mattressfactory.hu\/?s={search_term_string}"},"query-input":"required name=search_term_string"}],"inLanguage":"de"}]}},"_links":{"self":[{"href":"https:\/\/mattressfactory.hu\/de\/wp-json\/wp\/v2\/product\/1089","targetHints":{"allow":["GET"]}}],"collection":[{"href":"https:\/\/mattressfactory.hu\/de\/wp-json\/wp\/v2\/product"}],"about":[{"href":"https:\/\/mattressfactory.hu\/de\/wp-json\/wp\/v2\/types\/product"}],"replies":[{"embeddable":true,"href":"https:\/\/mattressfactory.hu\/de\/wp-json\/wp\/v2\/comments?post=1089"}],"wp:featuredmedia":[{"embeddable":true,"href":"https:\/\/mattressfactory.hu\/de\/wp-json\/wp\/v2\/media\/457"}],"wp:attachment":[{"href":"https:\/\/mattressfactory.hu\/de\/wp-json\/wp\/v2\/media?parent=1089"}],"wp:term":[{"taxonomy":"product_cat","embeddable":true,"href":"https:\/\/mattressfactory.hu\/de\/wp-json\/wp\/v2\/product_cat?post=1089"},{"taxonomy":"product_tag","embeddable":true,"href":"https:\/\/mattressfactory.hu\/de\/wp-json\/wp\/v2\/product_tag?post=1089"}],"curies":[{"name":"wp","href":"https:\/\/api.w.org\/{rel}","templated":true}]}}