{"id":1084,"date":"2022-05-24T12:22:10","date_gmt":"2022-05-24T10:22:10","guid":{"rendered":"https:\/\/mattressfactory.hu\/termek\/gyapju-takaro\/"},"modified":"2022-07-05T16:16:25","modified_gmt":"2022-07-05T14:16:25","slug":"wolldecke","status":"publish","type":"product","link":"https:\/\/mattressfactory.hu\/de\/termek\/wolldecke\/","title":{"rendered":"Wolldecke"},"content":{"rendered":"<p>Australische Merino-Lammwolldecken sind weich und seidig im Griff und ihre optimale W\u00e4rmespeicherung wird durch die Faserdichte von 600 gr\/m\u00b2 gew\u00e4hrleistet. Sie werden bei der Verwendung der Decke nicht schwitzen, sodass Sie wirklich bequem schlafen. Die Wolldecken sind v\u00f6llig frei von Kunstfasern, weshalb unsere Produkte wirklich nat\u00fcrlich sind, sie passen sich Ihrem K\u00f6rper perfekt an und beseitigen so das unangenehme Brennen. Sie helfen, rheumatischen Beschwerden und Gelenkbeschwerden vorzubeugen.<\/p>\n<p>\u00dcber die vorteilhaften Eigenschaften von Wolle:<\/p>\n<ul>\n<li>es sichert und verbessert die Atmung unserer Haut<\/li>\n<li>wir schwitzen bei der Anwendung nicht, denn es verdunstet den anfallenden Schwei\u00df<\/li>\n<li>hautfreundlich<\/li>\n<li>es bietet maximalen Komfort im Winter und Sommer<\/li>\n<li>es wirkt temperaturausgleichend<\/li>\n<li>100 % nat\u00fcrliches Material<\/li>\n<li>es wird auch f\u00fcr Menschen mit Allergien und Asthma empfohlen<\/li>\n<li>sein Lanolingehalt sch\u00fctzt es vor Schmutz, sodass es seltener gewaschen werden muss als andere Textilien<\/li>\n<li>umweltfreundlich, 100 % biologisch abbaubar<\/li>\n<\/ul>\n","protected":false},"excerpt":{"rendered":"<ul>\n<li>100% Merino Wolle<\/li>\n<li>Allgemeine Garantie<\/li>\n<\/ul>\n","protected":false},"featured_media":473,"comment_status":"closed","ping_status":"closed","template":"","meta":{"inline_featured_image":false},"product_cat":[67],"product_tag":[],"class_list":["post-1084","product","type-product","status-publish","has-post-thumbnail","hentry","product_cat-produkte-aus-wolle"],"yoast_head":"<!-- This site is optimized with the Yoast SEO plugin v20.5 - https:\/\/yoast.com\/wordpress\/plugins\/seo\/ -->\n<title>Wolldecke - Best Dream<\/title>\n<meta name=\"description\" content=\"Australische Merino-Lammwolldecken sind weich und seidig im Griff und ihre optimale W\u00e4rmespeicherung wird durch die Faserdichte von 600 gr\/m\u00b2 gew\u00e4hrleistet.\" \/>\n<meta name=\"robots\" content=\"index, follow, max-snippet:-1, max-image-preview:large, max-video-preview:-1\" \/>\n<link rel=\"canonical\" href=\"https:\/\/mattressfactory.hu\/de\/termek\/wolldecke\/\" \/>\n<meta property=\"og:locale\" content=\"de_DE\" \/>\n<meta property=\"og:type\" content=\"article\" \/>\n<meta property=\"og:title\" content=\"Wolldecke - Best Dream\" \/>\n<meta property=\"og:description\" content=\"Australische Merino-Lammwolldecken sind weich und seidig im Griff und ihre optimale W\u00e4rmespeicherung wird durch die Faserdichte von 600 gr\/m\u00b2 gew\u00e4hrleistet.\" \/>\n<meta property=\"og:url\" content=\"https:\/\/mattressfactory.hu\/de\/termek\/wolldecke\/\" \/>\n<meta property=\"og:site_name\" content=\"Best Dream\" \/>\n<meta property=\"article:modified_time\" content=\"2022-07-05T14:16:25+00:00\" \/>\n<meta property=\"og:image\" content=\"https:\/\/mattressfactory.hu\/wp-content\/uploads\/2022\/05\/gyapju-takaro.png\" \/>\n\t<meta property=\"og:image:width\" content=\"300\" \/>\n\t<meta property=\"og:image:height\" content=\"218\" \/>\n\t<meta property=\"og:image:type\" content=\"image\/png\" \/>\n<meta name=\"twitter:card\" content=\"summary_large_image\" \/>\n<meta name=\"twitter:label1\" content=\"Gesch\u00e4tzte Lesezeit\" \/>\n\t<meta name=\"twitter:data1\" content=\"1\u00a0Minute\" \/>\n<script type=\"application\/ld+json\" class=\"yoast-schema-graph\">{\"@context\":\"https:\/\/schema.org\",\"@graph\":[{\"@type\":\"WebPage\",\"@id\":\"https:\/\/mattressfactory.hu\/de\/termek\/wolldecke\/\",\"url\":\"https:\/\/mattressfactory.hu\/de\/termek\/wolldecke\/\",\"name\":\"Wolldecke - Best Dream\",\"isPartOf\":{\"@id\":\"https:\/\/mattressfactory.hu\/#website\"},\"datePublished\":\"2022-05-24T10:22:10+00:00\",\"dateModified\":\"2022-07-05T14:16:25+00:00\",\"description\":\"Australische Merino-Lammwolldecken sind weich und seidig im Griff und ihre optimale W\u00e4rmespeicherung wird durch die Faserdichte von 600 gr\/m\u00b2 gew\u00e4hrleistet.\",\"breadcrumb\":{\"@id\":\"https:\/\/mattressfactory.hu\/de\/termek\/wolldecke\/#breadcrumb\"},\"inLanguage\":\"de\",\"potentialAction\":[{\"@type\":\"ReadAction\",\"target\":[\"https:\/\/mattressfactory.hu\/de\/termek\/wolldecke\/\"]}]},{\"@type\":\"BreadcrumbList\",\"@id\":\"https:\/\/mattressfactory.hu\/de\/termek\/wolldecke\/#breadcrumb\",\"itemListElement\":[{\"@type\":\"ListItem\",\"position\":1,\"name\":\"\u00dczlet\",\"item\":\"https:\/\/mattressfactory.hu\/uzlet\/\"},{\"@type\":\"ListItem\",\"position\":2,\"name\":\"Wolldecke\"}]},{\"@type\":\"WebSite\",\"@id\":\"https:\/\/mattressfactory.hu\/#website\",\"url\":\"https:\/\/mattressfactory.hu\/\",\"name\":\"Best Dream\",\"description\":\"Matracok, p\u00e1rn\u00e1k a t\u00f6k\u00e9letes alv\u00e1s\u00e9rt\",\"potentialAction\":[{\"@type\":\"SearchAction\",\"target\":{\"@type\":\"EntryPoint\",\"urlTemplate\":\"https:\/\/mattressfactory.hu\/?s={search_term_string}\"},\"query-input\":\"required name=search_term_string\"}],\"inLanguage\":\"de\"}]}<\/script>\n<!-- \/ Yoast SEO plugin. -->","yoast_head_json":{"title":"Wolldecke - Best Dream","description":"Australische Merino-Lammwolldecken sind weich und seidig im Griff und ihre optimale W\u00e4rmespeicherung wird durch die Faserdichte von 600 gr\/m\u00b2 gew\u00e4hrleistet.","robots":{"index":"index","follow":"follow","max-snippet":"max-snippet:-1","max-image-preview":"max-image-preview:large","max-video-preview":"max-video-preview:-1"},"canonical":"https:\/\/mattressfactory.hu\/de\/termek\/wolldecke\/","og_locale":"de_DE","og_type":"article","og_title":"Wolldecke - Best Dream","og_description":"Australische Merino-Lammwolldecken sind weich und seidig im Griff und ihre optimale W\u00e4rmespeicherung wird durch die Faserdichte von 600 gr\/m\u00b2 gew\u00e4hrleistet.","og_url":"https:\/\/mattressfactory.hu\/de\/termek\/wolldecke\/","og_site_name":"Best Dream","article_modified_time":"2022-07-05T14:16:25+00:00","og_image":[{"width":300,"height":218,"url":"https:\/\/mattressfactory.hu\/wp-content\/uploads\/2022\/05\/gyapju-takaro.png","type":"image\/png"}],"twitter_card":"summary_large_image","twitter_misc":{"Gesch\u00e4tzte Lesezeit":"1\u00a0Minute"},"schema":{"@context":"https:\/\/schema.org","@graph":[{"@type":"WebPage","@id":"https:\/\/mattressfactory.hu\/de\/termek\/wolldecke\/","url":"https:\/\/mattressfactory.hu\/de\/termek\/wolldecke\/","name":"Wolldecke - Best Dream","isPartOf":{"@id":"https:\/\/mattressfactory.hu\/#website"},"datePublished":"2022-05-24T10:22:10+00:00","dateModified":"2022-07-05T14:16:25+00:00","description":"Australische Merino-Lammwolldecken sind weich und seidig im Griff und ihre optimale W\u00e4rmespeicherung wird durch die Faserdichte von 600 gr\/m\u00b2 gew\u00e4hrleistet.","breadcrumb":{"@id":"https:\/\/mattressfactory.hu\/de\/termek\/wolldecke\/#breadcrumb"},"inLanguage":"de","potentialAction":[{"@type":"ReadAction","target":["https:\/\/mattressfactory.hu\/de\/termek\/wolldecke\/"]}]},{"@type":"BreadcrumbList","@id":"https:\/\/mattressfactory.hu\/de\/termek\/wolldecke\/#breadcrumb","itemListElement":[{"@type":"ListItem","position":1,"name":"\u00dczlet","item":"https:\/\/mattressfactory.hu\/uzlet\/"},{"@type":"ListItem","position":2,"name":"Wolldecke"}]},{"@type":"WebSite","@id":"https:\/\/mattressfactory.hu\/#website","url":"https:\/\/mattressfactory.hu\/","name":"Best Dream","description":"Matracok, p\u00e1rn\u00e1k a t\u00f6k\u00e9letes alv\u00e1s\u00e9rt","potentialAction":[{"@type":"SearchAction","target":{"@type":"EntryPoint","urlTemplate":"https:\/\/mattressfactory.hu\/?s={search_term_string}"},"query-input":"required name=search_term_string"}],"inLanguage":"de"}]}},"_links":{"self":[{"href":"https:\/\/mattressfactory.hu\/de\/wp-json\/wp\/v2\/product\/1084","targetHints":{"allow":["GET"]}}],"collection":[{"href":"https:\/\/mattressfactory.hu\/de\/wp-json\/wp\/v2\/product"}],"about":[{"href":"https:\/\/mattressfactory.hu\/de\/wp-json\/wp\/v2\/types\/product"}],"replies":[{"embeddable":true,"href":"https:\/\/mattressfactory.hu\/de\/wp-json\/wp\/v2\/comments?post=1084"}],"wp:featuredmedia":[{"embeddable":true,"href":"https:\/\/mattressfactory.hu\/de\/wp-json\/wp\/v2\/media\/473"}],"wp:attachment":[{"href":"https:\/\/mattressfactory.hu\/de\/wp-json\/wp\/v2\/media?parent=1084"}],"wp:term":[{"taxonomy":"product_cat","embeddable":true,"href":"https:\/\/mattressfactory.hu\/de\/wp-json\/wp\/v2\/product_cat?post=1084"},{"taxonomy":"product_tag","embeddable":true,"href":"https:\/\/mattressfactory.hu\/de\/wp-json\/wp\/v2\/product_tag?post=1084"}],"curies":[{"name":"wp","href":"https:\/\/api.w.org\/{rel}","templated":true}]}}