{"id":1279,"date":"2022-05-24T07:27:48","date_gmt":"2022-05-24T05:27:48","guid":{"rendered":"https:\/\/mattressfactory.hu\/minositesek\/"},"modified":"2022-08-25T14:23:15","modified_gmt":"2022-08-25T12:23:15","slug":"minositesek","status":"publish","type":"page","link":"https:\/\/mattressfactory.hu\/de\/minositesek\/","title":{"rendered":"Zertifizierungen"},"content":{"rendered":"<div id='av_section_1'  class='avia-section av-av_section-2dcb3d115e2e5af9a73072e0505910f8 main_color avia-section-default avia-no-border-styling  avia-builder-el-0  el_before_av_section  avia-builder-el-first  avia-bg-style-scroll container_wrap sidebar_right'  ><div class='container av-section-cont-open' ><main  role=\"main\" itemprop=\"mainContentOfPage\"  class='template-page content  av-content-small alpha units'><div class='post-entry post-entry-type-page post-entry-1279'><div class='entry-content-wrapper clearfix'>\n\n<style type=\"text\/css\" data-created_by=\"avia_inline_auto\" id=\"style-css-av-2q2ts-e00ebed8a03eab8305390e5f383524ba\">\n.flex_column.av-2q2ts-e00ebed8a03eab8305390e5f383524ba{\nbackground-color:#f8f8f8;\n}\n<\/style>\n<div class='flex_column av-2q2ts-e00ebed8a03eab8305390e5f383524ba av_one_full  avia-builder-el-1  el_before_av_one_fourth  avia-builder-el-first  first flex_column_div '   ><style type=\"text\/css\" data-created_by=\"avia_inline_auto\" id=\"style-css-av-l3ju3bjd-59eda86d2c36cc6492b2c4d306b1c03c\">\n#top .av-special-heading.av-l3ju3bjd-59eda86d2c36cc6492b2c4d306b1c03c{\npadding-bottom:10px;\ncolor:#8f1915;\n}\nbody .av-special-heading.av-l3ju3bjd-59eda86d2c36cc6492b2c4d306b1c03c .av-special-heading-tag .heading-char{\nfont-size:25px;\n}\n.av-special-heading.av-l3ju3bjd-59eda86d2c36cc6492b2c4d306b1c03c .special-heading-inner-border{\nborder-color:#8f1915;\n}\n.av-special-heading.av-l3ju3bjd-59eda86d2c36cc6492b2c4d306b1c03c .av-subheading{\nfont-size:15px;\n}\n<\/style>\n<div  class='av-special-heading av-l3ju3bjd-59eda86d2c36cc6492b2c4d306b1c03c av-special-heading-h1 custom-color-heading blockquote modern-quote modern-centered  avia-builder-el-2  avia-builder-el-no-sibling  hullam'><h1 class='av-special-heading-tag'  itemprop=\"headline\"  >Zertifizierungen<\/h1><div class=\"special-heading-border\"><div class=\"special-heading-inner-border\"><\/div><\/div><\/div><\/div><div class='flex_column av-av_one_fourth-a93934ecd89fbb8a9566d39e89cd3725 av_one_fourth  avia-builder-el-3  el_after_av_one_full  el_before_av_one_half  first flex_column_div column-top-margin'   ><\/div><div class='flex_column av-av_one_half-d06667205e6186ec8414c6eb7605d406 av_one_half  avia-builder-el-4  el_after_av_one_fourth  el_before_av_one_fourth  flex_column_div column-top-margin'   ><p>\n<style type=\"text\/css\" data-created_by=\"avia_inline_auto\" id=\"style-css-av-l5tmez0l-fde435c82ca2a1e1371dfc21902b4d9e\">\n#top .av-special-heading.av-l5tmez0l-fde435c82ca2a1e1371dfc21902b4d9e{\npadding-bottom:20px;\n}\nbody .av-special-heading.av-l5tmez0l-fde435c82ca2a1e1371dfc21902b4d9e .av-special-heading-tag .heading-char{\nfont-size:25px;\n}\n.av-special-heading.av-l5tmez0l-fde435c82ca2a1e1371dfc21902b4d9e .av-subheading{\nfont-size:15px;\n}\n<\/style>\n<div  class='av-special-heading av-l5tmez0l-fde435c82ca2a1e1371dfc21902b4d9e av-special-heading-h1 blockquote modern-quote modern-centered  avia-builder-el-5  el_before_av_image  avia-builder-el-first '><h1 class='av-special-heading-tag'  itemprop=\"headline\"  >Integriertes Umweltmanagement<\/h1><div class=\"special-heading-border\"><div class=\"special-heading-inner-border\"><\/div><\/div><\/div><br \/>\n\n<style type=\"text\/css\" data-created_by=\"avia_inline_auto\" id=\"style-css-av-l5tmeman-14846cd437f2b930f4e6d03939e5228e\">\n.avia-image-container.av-l5tmeman-14846cd437f2b930f4e6d03939e5228e .av-image-caption-overlay-center{\ncolor:#ffffff;\n}\n<\/style>\n<div  class='avia-image-container av-l5tmeman-14846cd437f2b930f4e6d03939e5228e av-styling- avia-align-center  avia-builder-el-6  el_after_av_heading  avia-builder-el-last '  itemprop=\"image\" itemscope=\"itemscope\" itemtype=\"https:\/\/schema.org\/ImageObject\" ><div class=\"avia-image-container-inner\"><div class=\"avia-image-overlay-wrap\"><a href=\"https:\/\/mattressfactory.hu\/wp-content\/uploads\/2022\/07\/TREND-PORT-Kft._KA-Tanusitvany-magyar_KIR1024_1.png\" data-srcset=\"https:\/\/mattressfactory.hu\/wp-content\/uploads\/2022\/07\/TREND-PORT-Kft._KA-Tanusitvany-magyar_KIR1024_1.png 724w, https:\/\/mattressfactory.hu\/wp-content\/uploads\/2022\/07\/TREND-PORT-Kft._KA-Tanusitvany-magyar_KIR1024_1-212x300.png 212w, https:\/\/mattressfactory.hu\/wp-content\/uploads\/2022\/07\/TREND-PORT-Kft._KA-Tanusitvany-magyar_KIR1024_1-498x705.png 498w, https:\/\/mattressfactory.hu\/wp-content\/uploads\/2022\/07\/TREND-PORT-Kft._KA-Tanusitvany-magyar_KIR1024_1-300x424.png 300w, https:\/\/mattressfactory.hu\/wp-content\/uploads\/2022\/07\/TREND-PORT-Kft._KA-Tanusitvany-magyar_KIR1024_1-600x849.png 600w\" data-sizes=\"(max-width: 724px) 100vw, 724px\" class='avia_image' ><img decoding=\"async\" class='wp-image-1212 avia-img-lazy-loading-not-1212 avia_image' src=\"https:\/\/mattressfactory.hu\/wp-content\/uploads\/2022\/07\/TREND-PORT-Kft._KA-Tanusitvany-magyar_KIR1024_1.png\" alt='' title='TREND-PORT Kft._KA - Tan\u00fas\u00edtv\u00e1ny magyar_KIR1024_1'  height=\"1024\" width=\"724\"  itemprop=\"thumbnailUrl\" srcset=\"https:\/\/mattressfactory.hu\/wp-content\/uploads\/2022\/07\/TREND-PORT-Kft._KA-Tanusitvany-magyar_KIR1024_1.png 724w, https:\/\/mattressfactory.hu\/wp-content\/uploads\/2022\/07\/TREND-PORT-Kft._KA-Tanusitvany-magyar_KIR1024_1-212x300.png 212w, https:\/\/mattressfactory.hu\/wp-content\/uploads\/2022\/07\/TREND-PORT-Kft._KA-Tanusitvany-magyar_KIR1024_1-498x705.png 498w, https:\/\/mattressfactory.hu\/wp-content\/uploads\/2022\/07\/TREND-PORT-Kft._KA-Tanusitvany-magyar_KIR1024_1-300x424.png 300w, https:\/\/mattressfactory.hu\/wp-content\/uploads\/2022\/07\/TREND-PORT-Kft._KA-Tanusitvany-magyar_KIR1024_1-600x849.png 600w\" sizes=\"(max-width: 724px) 100vw, 724px\" \/><\/a><\/div><\/div><\/div><\/p><\/div><div class='flex_column av-av_one_fourth-d06667205e6186ec8414c6eb7605d406 av_one_fourth  avia-builder-el-7  el_after_av_one_half  avia-builder-el-last  flex_column_div column-top-margin'   ><\/div>\n\n<\/div><\/div><\/main><!-- close content main element --><\/div><\/div><div id='av_section_2'  class='avia-section av-av_section-2dcb3d115e2e5af9a73072e0505910f8 main_color avia-section-default avia-no-border-styling  avia-builder-el-8  el_after_av_section  avia-builder-el-last  avia-bg-style-scroll container_wrap sidebar_right'  ><div class='container av-section-cont-open' ><div class='template-page content  av-content-small alpha units'><div class='post-entry post-entry-type-page post-entry-1279'><div class='entry-content-wrapper clearfix'>\n<div class='flex_column av-av_one_fourth-a93934ecd89fbb8a9566d39e89cd3725 av_one_fourth  avia-builder-el-9  el_before_av_one_half  avia-builder-el-first  first flex_column_div '   ><\/div><div class='flex_column av-av_one_half-d06667205e6186ec8414c6eb7605d406 av_one_half  avia-builder-el-10  el_after_av_one_fourth  el_before_av_one_fourth  flex_column_div '   ><p>\n<style type=\"text\/css\" data-created_by=\"avia_inline_auto\" id=\"style-css-av-l5tme8vq-1f678c2b35b860db3f93345b46659acf\">\n#top .av-special-heading.av-l5tme8vq-1f678c2b35b860db3f93345b46659acf{\npadding-bottom:20px;\n}\nbody .av-special-heading.av-l5tme8vq-1f678c2b35b860db3f93345b46659acf .av-special-heading-tag .heading-char{\nfont-size:25px;\n}\n.av-special-heading.av-l5tme8vq-1f678c2b35b860db3f93345b46659acf .av-subheading{\nfont-size:15px;\n}\n<\/style>\n<div  class='av-special-heading av-l5tme8vq-1f678c2b35b860db3f93345b46659acf av-special-heading-h1 blockquote elegant-quote elegant-centered  avia-builder-el-11  el_before_av_image  avia-builder-el-first '><h1 class='av-special-heading-tag'  itemprop=\"headline\"  ><span class=\"heading-wrap\">Integriertes Qualit\u00e4tsmanagement<\/span><\/h1><div class=\"special-heading-border\"><div class=\"special-heading-inner-border\"><\/div><\/div><\/div><br \/>\n\n<style type=\"text\/css\" data-created_by=\"avia_inline_auto\" id=\"style-css-av-l5tmdoh5-7937ce6f8a5df0d9e55bc58df3c54daa\">\n.avia-image-container.av-l5tmdoh5-7937ce6f8a5df0d9e55bc58df3c54daa .av-image-caption-overlay-center{\ncolor:#ffffff;\n}\n<\/style>\n<div  class='avia-image-container av-l5tmdoh5-7937ce6f8a5df0d9e55bc58df3c54daa av-styling- avia-align-center  avia-builder-el-12  el_after_av_heading  avia-builder-el-last '  itemprop=\"image\" itemscope=\"itemscope\" itemtype=\"https:\/\/schema.org\/ImageObject\" ><div class=\"avia-image-container-inner\"><div class=\"avia-image-overlay-wrap\"><a href=\"https:\/\/mattressfactory.hu\/wp-content\/uploads\/2022\/07\/TREND-PORT-Kft._KA-Tanusitvany-magyar_MIR.png\" data-srcset=\"https:\/\/mattressfactory.hu\/wp-content\/uploads\/2022\/07\/TREND-PORT-Kft._KA-Tanusitvany-magyar_MIR.png 595w, https:\/\/mattressfactory.hu\/wp-content\/uploads\/2022\/07\/TREND-PORT-Kft._KA-Tanusitvany-magyar_MIR-212x300.png 212w, https:\/\/mattressfactory.hu\/wp-content\/uploads\/2022\/07\/TREND-PORT-Kft._KA-Tanusitvany-magyar_MIR-498x705.png 498w, https:\/\/mattressfactory.hu\/wp-content\/uploads\/2022\/07\/TREND-PORT-Kft._KA-Tanusitvany-magyar_MIR-300x425.png 300w\" data-sizes=\"(max-width: 595px) 100vw, 595px\" class='avia_image' ><img decoding=\"async\" class='wp-image-1215 avia-img-lazy-loading-not-1215 avia_image' src=\"https:\/\/mattressfactory.hu\/wp-content\/uploads\/2022\/07\/TREND-PORT-Kft._KA-Tanusitvany-magyar_MIR.png\" alt='' title='TREND-PORT Kft._KA - Tan\u00fas\u00edtv\u00e1ny magyar_MIR'  height=\"842\" width=\"595\"  itemprop=\"thumbnailUrl\" srcset=\"https:\/\/mattressfactory.hu\/wp-content\/uploads\/2022\/07\/TREND-PORT-Kft._KA-Tanusitvany-magyar_MIR.png 595w, https:\/\/mattressfactory.hu\/wp-content\/uploads\/2022\/07\/TREND-PORT-Kft._KA-Tanusitvany-magyar_MIR-212x300.png 212w, https:\/\/mattressfactory.hu\/wp-content\/uploads\/2022\/07\/TREND-PORT-Kft._KA-Tanusitvany-magyar_MIR-498x705.png 498w, https:\/\/mattressfactory.hu\/wp-content\/uploads\/2022\/07\/TREND-PORT-Kft._KA-Tanusitvany-magyar_MIR-300x425.png 300w\" sizes=\"(max-width: 595px) 100vw, 595px\" \/><\/a><\/div><\/div><\/div><\/p><\/div><div class='flex_column av-av_one_fourth-d06667205e6186ec8414c6eb7605d406 av_one_fourth  avia-builder-el-13  el_after_av_one_half  avia-builder-el-last  flex_column_div '   ><\/div>\n<\/div><\/div><\/div><!-- close content main div --><\/div><\/div><div id='after_section_2'  class='main_color av_default_container_wrap container_wrap sidebar_right'  ><div class='container av-section-cont-open' ><div class='template-page content  av-content-small alpha units'><div class='post-entry post-entry-type-page post-entry-1279'><div class='entry-content-wrapper clearfix'>\n","protected":false},"excerpt":{"rendered":"","protected":false},"author":1,"featured_media":0,"parent":0,"menu_order":0,"comment_status":"closed","ping_status":"closed","template":"","meta":{"inline_featured_image":false,"footnotes":""},"class_list":["post-1279","page","type-page","status-publish","hentry"],"yoast_head":"<!-- This site is optimized with the Yoast SEO plugin v20.5 - https:\/\/yoast.com\/wordpress\/plugins\/seo\/ -->\n<title>Zertifizierungen - Best Dream<\/title>\n<meta name=\"robots\" content=\"index, follow, max-snippet:-1, max-image-preview:large, max-video-preview:-1\" \/>\n<link rel=\"canonical\" href=\"https:\/\/mattressfactory.hu\/de\/minositesek\/\" \/>\n<meta property=\"og:locale\" content=\"de_DE\" \/>\n<meta property=\"og:type\" content=\"article\" \/>\n<meta property=\"og:title\" content=\"Zertifizierungen - Best Dream\" \/>\n<meta property=\"og:url\" content=\"https:\/\/mattressfactory.hu\/de\/minositesek\/\" \/>\n<meta property=\"og:site_name\" content=\"Best Dream\" \/>\n<meta property=\"article:modified_time\" content=\"2022-08-25T12:23:15+00:00\" \/>\n<meta name=\"twitter:card\" content=\"summary_large_image\" \/>\n<meta name=\"twitter:label1\" content=\"Gesch\u00e4tzte Lesezeit\" \/>\n\t<meta name=\"twitter:data1\" content=\"5\u00a0Minuten\" \/>\n<script type=\"application\/ld+json\" class=\"yoast-schema-graph\">{\"@context\":\"https:\/\/schema.org\",\"@graph\":[{\"@type\":\"WebPage\",\"@id\":\"https:\/\/mattressfactory.hu\/de\/minositesek\/\",\"url\":\"https:\/\/mattressfactory.hu\/de\/minositesek\/\",\"name\":\"Zertifizierungen - Best Dream\",\"isPartOf\":{\"@id\":\"https:\/\/mattressfactory.hu\/#website\"},\"datePublished\":\"2022-05-24T05:27:48+00:00\",\"dateModified\":\"2022-08-25T12:23:15+00:00\",\"inLanguage\":\"de\",\"potentialAction\":[{\"@type\":\"ReadAction\",\"target\":[\"https:\/\/mattressfactory.hu\/de\/minositesek\/\"]}]},{\"@type\":\"WebSite\",\"@id\":\"https:\/\/mattressfactory.hu\/#website\",\"url\":\"https:\/\/mattressfactory.hu\/\",\"name\":\"Best Dream\",\"description\":\"Matracok, p\u00e1rn\u00e1k a t\u00f6k\u00e9letes alv\u00e1s\u00e9rt\",\"potentialAction\":[{\"@type\":\"SearchAction\",\"target\":{\"@type\":\"EntryPoint\",\"urlTemplate\":\"https:\/\/mattressfactory.hu\/?s={search_term_string}\"},\"query-input\":\"required name=search_term_string\"}],\"inLanguage\":\"de\"}]}<\/script>\n<!-- \/ Yoast SEO plugin. -->","yoast_head_json":{"title":"Zertifizierungen - Best Dream","robots":{"index":"index","follow":"follow","max-snippet":"max-snippet:-1","max-image-preview":"max-image-preview:large","max-video-preview":"max-video-preview:-1"},"canonical":"https:\/\/mattressfactory.hu\/de\/minositesek\/","og_locale":"de_DE","og_type":"article","og_title":"Zertifizierungen - Best Dream","og_url":"https:\/\/mattressfactory.hu\/de\/minositesek\/","og_site_name":"Best Dream","article_modified_time":"2022-08-25T12:23:15+00:00","twitter_card":"summary_large_image","twitter_misc":{"Gesch\u00e4tzte Lesezeit":"5\u00a0Minuten"},"schema":{"@context":"https:\/\/schema.org","@graph":[{"@type":"WebPage","@id":"https:\/\/mattressfactory.hu\/de\/minositesek\/","url":"https:\/\/mattressfactory.hu\/de\/minositesek\/","name":"Zertifizierungen - Best Dream","isPartOf":{"@id":"https:\/\/mattressfactory.hu\/#website"},"datePublished":"2022-05-24T05:27:48+00:00","dateModified":"2022-08-25T12:23:15+00:00","inLanguage":"de","potentialAction":[{"@type":"ReadAction","target":["https:\/\/mattressfactory.hu\/de\/minositesek\/"]}]},{"@type":"WebSite","@id":"https:\/\/mattressfactory.hu\/#website","url":"https:\/\/mattressfactory.hu\/","name":"Best Dream","description":"Matracok, p\u00e1rn\u00e1k a t\u00f6k\u00e9letes alv\u00e1s\u00e9rt","potentialAction":[{"@type":"SearchAction","target":{"@type":"EntryPoint","urlTemplate":"https:\/\/mattressfactory.hu\/?s={search_term_string}"},"query-input":"required name=search_term_string"}],"inLanguage":"de"}]}},"_links":{"self":[{"href":"https:\/\/mattressfactory.hu\/de\/wp-json\/wp\/v2\/pages\/1279","targetHints":{"allow":["GET"]}}],"collection":[{"href":"https:\/\/mattressfactory.hu\/de\/wp-json\/wp\/v2\/pages"}],"about":[{"href":"https:\/\/mattressfactory.hu\/de\/wp-json\/wp\/v2\/types\/page"}],"author":[{"embeddable":true,"href":"https:\/\/mattressfactory.hu\/de\/wp-json\/wp\/v2\/users\/1"}],"replies":[{"embeddable":true,"href":"https:\/\/mattressfactory.hu\/de\/wp-json\/wp\/v2\/comments?post=1279"}],"version-history":[{"count":6,"href":"https:\/\/mattressfactory.hu\/de\/wp-json\/wp\/v2\/pages\/1279\/revisions"}],"predecessor-version":[{"id":1467,"href":"https:\/\/mattressfactory.hu\/de\/wp-json\/wp\/v2\/pages\/1279\/revisions\/1467"}],"wp:attachment":[{"href":"https:\/\/mattressfactory.hu\/de\/wp-json\/wp\/v2\/media?parent=1279"}],"curies":[{"name":"wp","href":"https:\/\/api.w.org\/{rel}","templated":true}]}}