{"id":1068,"date":"2022-05-24T07:32:04","date_gmt":"2022-05-24T05:32:04","guid":{"rendered":"https:\/\/mattressfactory.hu\/contact\/"},"modified":"2022-09-07T14:31:28","modified_gmt":"2022-09-07T12:31:28","slug":"kontakt","status":"publish","type":"page","link":"https:\/\/mattressfactory.hu\/de\/kontakt\/","title":{"rendered":"Kontakt Seite"},"content":{"rendered":"<div id='av_section_1'  class='avia-section av-2h6x7-878d3247c005ae7d5273042e949a049d main_color avia-section-default avia-no-border-styling  avia-builder-el-0  el_before_av_contact  avia-builder-el-first  avia-bg-style-scroll container_wrap sidebar_right'  ><div class='container av-section-cont-open' ><main  role=\"main\" itemprop=\"mainContentOfPage\"  class='template-page content  av-content-small alpha units'><div class='post-entry post-entry-type-page post-entry-1068'><div class='entry-content-wrapper clearfix'>\n<div class='flex_column av-2986z-5e2b35c4a52d4609c82b92769ff95fda av_one_full  avia-builder-el-1  el_before_av_one_fifth  avia-builder-el-first  first flex_column_div '   ><style type=\"text\/css\" data-created_by=\"avia_inline_auto\" id=\"style-css-av-l3ju6gjb-d9af179686e16a1f6567728877fee3ef\">\n#top .av-special-heading.av-l3ju6gjb-d9af179686e16a1f6567728877fee3ef{\npadding-bottom:10px;\n}\nbody .av-special-heading.av-l3ju6gjb-d9af179686e16a1f6567728877fee3ef .av-special-heading-tag .heading-char{\nfont-size:25px;\n}\n.av-special-heading.av-l3ju6gjb-d9af179686e16a1f6567728877fee3ef .av-subheading{\nfont-size:15px;\n}\n<\/style>\n<div  class='av-special-heading av-l3ju6gjb-d9af179686e16a1f6567728877fee3ef av-special-heading-h1 blockquote modern-quote modern-centered  avia-builder-el-2  avia-builder-el-no-sibling  hullam'><h1 class='av-special-heading-tag'  itemprop=\"headline\"  >Kontakt<\/h1><div class=\"special-heading-border\"><div class=\"special-heading-inner-border\"><\/div><\/div><\/div><\/div><div class='flex_column av-av_one_fifth-a93934ecd89fbb8a9566d39e89cd3725 av_one_fifth  avia-builder-el-3  el_after_av_one_full  el_before_av_three_fifth  first flex_column_div column-top-margin'   ><\/div><div class='flex_column av-av_three_fifth-d06667205e6186ec8414c6eb7605d406 av_three_fifth  avia-builder-el-4  el_after_av_one_fifth  el_before_av_one_fifth  flex_column_div column-top-margin'   ><p>\n<style type=\"text\/css\" data-created_by=\"avia_inline_auto\" id=\"style-css-av-l6xl694u-0e8142bec7ed379bf467f24822ca93ef\">\n.avia-image-container.av-l6xl694u-0e8142bec7ed379bf467f24822ca93ef .av-image-caption-overlay-center{\ncolor:#ffffff;\n}\n<\/style>\n<div  class='avia-image-container av-l6xl694u-0e8142bec7ed379bf467f24822ca93ef av-styling- avia-align-center  avia-builder-el-5  el_before_av_icon_box  avia-builder-el-first '  itemprop=\"image\" itemscope=\"itemscope\" itemtype=\"https:\/\/schema.org\/ImageObject\" ><div class=\"avia-image-container-inner\"><div class=\"avia-image-overlay-wrap\"><img decoding=\"async\" class='wp-image-1353 avia-img-lazy-loading-not-1353 avia_image' src=\"https:\/\/mattressfactory.hu\/wp-content\/uploads\/2022\/08\/IMG-8555_retus_3_02-1030x525.jpg\" alt='' title='IMG-8555_retus_3_02'  height=\"525\" width=\"1030\"  itemprop=\"thumbnailUrl\" srcset=\"https:\/\/mattressfactory.hu\/wp-content\/uploads\/2022\/08\/IMG-8555_retus_3_02-1030x525.jpg 1030w, https:\/\/mattressfactory.hu\/wp-content\/uploads\/2022\/08\/IMG-8555_retus_3_02-300x153.jpg 300w, https:\/\/mattressfactory.hu\/wp-content\/uploads\/2022\/08\/IMG-8555_retus_3_02-768x392.jpg 768w, https:\/\/mattressfactory.hu\/wp-content\/uploads\/2022\/08\/IMG-8555_retus_3_02-1536x784.jpg 1536w, https:\/\/mattressfactory.hu\/wp-content\/uploads\/2022\/08\/IMG-8555_retus_3_02-2048x1045.jpg 2048w, https:\/\/mattressfactory.hu\/wp-content\/uploads\/2022\/08\/IMG-8555_retus_3_02-1500x765.jpg 1500w, https:\/\/mattressfactory.hu\/wp-content\/uploads\/2022\/08\/IMG-8555_retus_3_02-705x360.jpg 705w, https:\/\/mattressfactory.hu\/wp-content\/uploads\/2022\/08\/IMG-8555_retus_3_02-450x230.jpg 450w, https:\/\/mattressfactory.hu\/wp-content\/uploads\/2022\/08\/IMG-8555_retus_3_02-600x306.jpg 600w\" sizes=\"(max-width: 1030px) 100vw, 1030px\" \/><\/div><\/div><\/div><br \/>\n<article  class='iconbox iconbox_top av-l6xl50s8-85e8bd52016e4ac9cac0b716bd814d2d  avia-builder-el-6  el_after_av_image  avia-builder-el-last  main_color'  itemscope=\"itemscope\" itemtype=\"https:\/\/schema.org\/CreativeWork\" ><div class=\"iconbox_content\"><header class=\"entry-content-header\"><div class=\"iconbox_icon heading-color\" aria-hidden='true' data-av_icon='\ue842' data-av_iconfont='entypo-fontello'><\/div><h3 class='iconbox_content_title '  itemprop=\"headline\" >Adresse<\/h3><\/header><div class='iconbox_content_container '  itemprop=\"text\" ><p>Csererdei \u00fat 5. Veszpr\u00e9m &#8211; 8200, Ungarn<\/p>\n<\/div><\/div><footer class=\"entry-footer\"><\/footer><\/article><\/p><\/div><div class='flex_column av-av_one_fifth-d06667205e6186ec8414c6eb7605d406 av_one_fifth  avia-builder-el-7  el_after_av_three_fifth  el_before_av_one_half  flex_column_div column-top-margin'   ><\/div><div class='flex_column av-1q1zr-09f7dbc31f5b95c13402bf8b21298dbb av_one_half  avia-builder-el-8  el_after_av_one_fifth  el_before_av_one_half  first flex_column_div column-top-margin'   ><article  class='iconbox iconbox_top av-l3ju7xfv-391e075a2e3766ccaecaaf752aa09395  avia-builder-el-9  avia-builder-el-no-sibling  main_color'  itemscope=\"itemscope\" itemtype=\"https:\/\/schema.org\/CreativeWork\" ><div class=\"iconbox_content\"><header class=\"entry-content-header\"><div class=\"iconbox_icon heading-color\" aria-hidden='true' data-av_icon='\ue805' data-av_iconfont='entypo-fontello'><\/div><h3 class='iconbox_content_title '  itemprop=\"headline\" >E-mail<\/h3><\/header><div class='iconbox_content_container '  itemprop=\"text\" ><p><a href=\"mailto:info@bestdream.hu\">info@bestdream.hu<\/a><\/p>\n<\/div><\/div><footer class=\"entry-footer\"><\/footer><\/article><\/div><div class='flex_column av-15xgf-e063b15aeef7b6663ca8a05e481ce5ba av_one_half  avia-builder-el-10  el_after_av_one_half  el_before_av_one_full  flex_column_div column-top-margin'   ><article  class='iconbox iconbox_top av-l3ju8s4w-6bf26c4ea229b40ae66976a2cdbecd95  avia-builder-el-11  avia-builder-el-no-sibling  main_color'  itemscope=\"itemscope\" itemtype=\"https:\/\/schema.org\/CreativeWork\" ><div class=\"iconbox_content\"><header class=\"entry-content-header\"><div class=\"iconbox_icon heading-color\" aria-hidden='true' data-av_icon='\ue854' data-av_iconfont='entypo-fontello'><\/div><h3 class='iconbox_content_title '  itemprop=\"headline\" >Telefon<\/h3><\/header><div class='iconbox_content_container '  itemprop=\"text\" ><p>+36203303195<\/p>\n<\/div><\/div><footer class=\"entry-footer\"><\/footer><\/article><\/div>\n<style type=\"text\/css\" data-created_by=\"avia_inline_auto\" id=\"style-css-av-l6xl8cuc-6842fec16024e3e4c208d5d84b1689a6\">\n.flex_column.av-l6xl8cuc-6842fec16024e3e4c208d5d84b1689a6{\npadding:10px 0 0 0;\n}\n<\/style>\n<div class='flex_column av-l6xl8cuc-6842fec16024e3e4c208d5d84b1689a6 av_one_full  avia-builder-el-12  el_after_av_one_half  avia-builder-el-last  first flex_column_div column-top-margin'   ><style type=\"text\/css\" data-created_by=\"avia_inline_auto\" id=\"style-css-av-l6xcv22s-a023aeb09bc69c43566c7fa1f27cc664\">\n#top .av-special-heading.av-l6xcv22s-a023aeb09bc69c43566c7fa1f27cc664{\npadding-bottom:10px;\n}\nbody .av-special-heading.av-l6xcv22s-a023aeb09bc69c43566c7fa1f27cc664 .av-special-heading-tag .heading-char{\nfont-size:25px;\n}\n.av-special-heading.av-l6xcv22s-a023aeb09bc69c43566c7fa1f27cc664 .av-subheading{\nfont-size:15px;\n}\n<\/style>\n<div  class='av-special-heading av-l6xcv22s-a023aeb09bc69c43566c7fa1f27cc664 av-special-heading-h3 blockquote modern-quote modern-centered  avia-builder-el-13  avia-builder-el-no-sibling '><h3 class='av-special-heading-tag'  itemprop=\"headline\"  >Gerne erstellen wir Ihnen ein individuelles Angebot. Bitte erg\u00e4nzen Sie die Angaben im Formular!<\/h3><div class=\"special-heading-border\"><div class=\"special-heading-inner-border\"><\/div><\/div><\/div><\/div>\n<\/div><\/div><\/main><!-- close content main element --><\/div><\/div><div id='after_section_1'  class='main_color av_default_container_wrap container_wrap sidebar_right'  ><div class='container av-section-cont-open' ><div class='template-page content  av-content-small alpha units'><div class='post-entry post-entry-type-page post-entry-1068'><div class='entry-content-wrapper clearfix'>\n<form action=\"https:\/\/mattressfactory.hu\/de\/kontakt\/\" method=\"post\"  class=\"avia_ajax_form av-form-labels-visible   avia-builder-el-14  el_after_av_section  avia-builder-el-no-sibling   \" data-avia-form-id=\"1\" data-avia-redirect='https:\/\/mattressfactory.hu\/de\/vielen-dank\/' ><fieldset><p class='  first_form  form_element form_fullwidth' id='element_avia_1_1'><label for=\"avia_1_1\">Name\/Firma <abbr class=\"required\" title=\"ben\u00f6tigt\">*<\/abbr><\/label> <input name=\"avia_1_1\" class=\"text_input is_empty\" type=\"text\" id=\"avia_1_1\" value=\"\" \/><\/p><p class='  first_form  form_element form_fullwidth' id='element_avia_2_1'><label for=\"avia_2_1\">E-Mail <abbr class=\"required\" title=\"ben\u00f6tigt\">*<\/abbr><\/label> <input name=\"avia_2_1\" class=\"text_input is_email\" type=\"text\" id=\"avia_2_1\" value=\"\" \/><\/p><p class='  first_form  form_element form_fullwidth' id='element_avia_3_1'><label for=\"avia_3_1\">Thema <abbr class=\"required\" title=\"ben\u00f6tigt\">*<\/abbr><\/label> <input name=\"avia_3_1\" class=\"text_input is_empty\" type=\"text\" id=\"avia_3_1\" value=\"\" \/><\/p><p class='  first_form  form_element form_fullwidth' id='element_avia_4_1'><label for=\"avia_4_1\" class=\"textare_label hidden textare_label_avia_4_1\">Nachricht <abbr class=\"required\" title=\"ben\u00f6tigt\">*<\/abbr><\/label><textarea  name=\"avia_4_1\" class=\"text_area is_empty\" cols=\"40\" rows=\"7\" id=\"avia_4_1\" ><\/textarea><\/p><p class=\"hidden\"><input type=\"text\" name=\"avia_5_1\" class=\"hidden \" id=\"avia_5_1\" value=\"\" \/><\/p><p class='   form_element form_fullwidth' id='element_avia_6_1'><span class='value_verifier_label'>4 + 3 = ?<\/span><input name=\"avia_6_1_verifier\" type=\"hidden\" id=\"avia_6_1_verifier\" value=\"773737421\"\/><label for=\"avia_6_1\">Bitte l\u00f6se die Gleichung. Diese Ma\u00dfnahme dient der Abwehr von Spam <abbr class=\"required\" title=\"ben\u00f6tigt\">*<\/abbr><\/label><input name=\"avia_6_1\" class=\"text_input captcha\" type=\"text\" id=\"avia_6_1\" value=\"\"\/><\/p><p class=\"form_element \"><input type=\"hidden\" value=\"1\" name=\"avia_generated_form1\" \/><input type=\"submit\" value=\"Senden\" class=\"button\"  data-sending-label=\"Sende\"\/><\/p><\/fieldset><\/form><div id=\"ajaxresponse_1\" class=\"ajaxresponse ajaxresponse_1 hidden\"><\/div>\n","protected":false},"excerpt":{"rendered":"","protected":false},"author":1,"featured_media":0,"parent":0,"menu_order":0,"comment_status":"closed","ping_status":"closed","template":"","meta":{"inline_featured_image":false,"footnotes":""},"class_list":["post-1068","page","type-page","status-publish","hentry"],"yoast_head":"<!-- This site is optimized with the Yoast SEO plugin v20.5 - https:\/\/yoast.com\/wordpress\/plugins\/seo\/ -->\n<title>Kontakt Seite - Best Dream<\/title>\n<meta name=\"description\" content=\"Kontaktieren Sie uns unter einem unserer nachstehenden Kontakte. Senden Sie uns eine E-Mail, wenn Sie Fragen haben.\" \/>\n<meta name=\"robots\" content=\"index, follow, max-snippet:-1, max-image-preview:large, max-video-preview:-1\" \/>\n<link rel=\"canonical\" href=\"https:\/\/mattressfactory.hu\/de\/kontakt\/\" \/>\n<meta property=\"og:locale\" content=\"de_DE\" \/>\n<meta property=\"og:type\" content=\"article\" \/>\n<meta property=\"og:title\" content=\"Kontakt Seite - Best Dream\" \/>\n<meta property=\"og:description\" content=\"Kontaktieren Sie uns unter einem unserer nachstehenden Kontakte. Senden Sie uns eine E-Mail, wenn Sie Fragen haben.\" \/>\n<meta property=\"og:url\" content=\"https:\/\/mattressfactory.hu\/de\/kontakt\/\" \/>\n<meta property=\"og:site_name\" content=\"Best Dream\" \/>\n<meta property=\"article:modified_time\" content=\"2022-09-07T12:31:28+00:00\" \/>\n<meta name=\"twitter:card\" content=\"summary_large_image\" \/>\n<meta name=\"twitter:label1\" content=\"Gesch\u00e4tzte Lesezeit\" \/>\n\t<meta name=\"twitter:data1\" content=\"5\u00a0Minuten\" \/>\n<script type=\"application\/ld+json\" class=\"yoast-schema-graph\">{\"@context\":\"https:\/\/schema.org\",\"@graph\":[{\"@type\":\"WebPage\",\"@id\":\"https:\/\/mattressfactory.hu\/de\/kontakt\/\",\"url\":\"https:\/\/mattressfactory.hu\/de\/kontakt\/\",\"name\":\"Kontakt Seite - Best Dream\",\"isPartOf\":{\"@id\":\"https:\/\/mattressfactory.hu\/#website\"},\"datePublished\":\"2022-05-24T05:32:04+00:00\",\"dateModified\":\"2022-09-07T12:31:28+00:00\",\"description\":\"Kontaktieren Sie uns unter einem unserer nachstehenden Kontakte. Senden Sie uns eine E-Mail, wenn Sie Fragen haben.\",\"inLanguage\":\"de\",\"potentialAction\":[{\"@type\":\"ReadAction\",\"target\":[\"https:\/\/mattressfactory.hu\/de\/kontakt\/\"]}]},{\"@type\":\"WebSite\",\"@id\":\"https:\/\/mattressfactory.hu\/#website\",\"url\":\"https:\/\/mattressfactory.hu\/\",\"name\":\"Best Dream\",\"description\":\"Matracok, p\u00e1rn\u00e1k a t\u00f6k\u00e9letes alv\u00e1s\u00e9rt\",\"potentialAction\":[{\"@type\":\"SearchAction\",\"target\":{\"@type\":\"EntryPoint\",\"urlTemplate\":\"https:\/\/mattressfactory.hu\/?s={search_term_string}\"},\"query-input\":\"required name=search_term_string\"}],\"inLanguage\":\"de\"}]}<\/script>\n<!-- \/ Yoast SEO plugin. -->","yoast_head_json":{"title":"Kontakt Seite - Best Dream","description":"Kontaktieren Sie uns unter einem unserer nachstehenden Kontakte. Senden Sie uns eine E-Mail, wenn Sie Fragen haben.","robots":{"index":"index","follow":"follow","max-snippet":"max-snippet:-1","max-image-preview":"max-image-preview:large","max-video-preview":"max-video-preview:-1"},"canonical":"https:\/\/mattressfactory.hu\/de\/kontakt\/","og_locale":"de_DE","og_type":"article","og_title":"Kontakt Seite - Best Dream","og_description":"Kontaktieren Sie uns unter einem unserer nachstehenden Kontakte. Senden Sie uns eine E-Mail, wenn Sie Fragen haben.","og_url":"https:\/\/mattressfactory.hu\/de\/kontakt\/","og_site_name":"Best Dream","article_modified_time":"2022-09-07T12:31:28+00:00","twitter_card":"summary_large_image","twitter_misc":{"Gesch\u00e4tzte Lesezeit":"5\u00a0Minuten"},"schema":{"@context":"https:\/\/schema.org","@graph":[{"@type":"WebPage","@id":"https:\/\/mattressfactory.hu\/de\/kontakt\/","url":"https:\/\/mattressfactory.hu\/de\/kontakt\/","name":"Kontakt Seite - Best Dream","isPartOf":{"@id":"https:\/\/mattressfactory.hu\/#website"},"datePublished":"2022-05-24T05:32:04+00:00","dateModified":"2022-09-07T12:31:28+00:00","description":"Kontaktieren Sie uns unter einem unserer nachstehenden Kontakte. Senden Sie uns eine E-Mail, wenn Sie Fragen haben.","inLanguage":"de","potentialAction":[{"@type":"ReadAction","target":["https:\/\/mattressfactory.hu\/de\/kontakt\/"]}]},{"@type":"WebSite","@id":"https:\/\/mattressfactory.hu\/#website","url":"https:\/\/mattressfactory.hu\/","name":"Best Dream","description":"Matracok, p\u00e1rn\u00e1k a t\u00f6k\u00e9letes alv\u00e1s\u00e9rt","potentialAction":[{"@type":"SearchAction","target":{"@type":"EntryPoint","urlTemplate":"https:\/\/mattressfactory.hu\/?s={search_term_string}"},"query-input":"required name=search_term_string"}],"inLanguage":"de"}]}},"_links":{"self":[{"href":"https:\/\/mattressfactory.hu\/de\/wp-json\/wp\/v2\/pages\/1068","targetHints":{"allow":["GET"]}}],"collection":[{"href":"https:\/\/mattressfactory.hu\/de\/wp-json\/wp\/v2\/pages"}],"about":[{"href":"https:\/\/mattressfactory.hu\/de\/wp-json\/wp\/v2\/types\/page"}],"author":[{"embeddable":true,"href":"https:\/\/mattressfactory.hu\/de\/wp-json\/wp\/v2\/users\/1"}],"replies":[{"embeddable":true,"href":"https:\/\/mattressfactory.hu\/de\/wp-json\/wp\/v2\/comments?post=1068"}],"version-history":[{"count":20,"href":"https:\/\/mattressfactory.hu\/de\/wp-json\/wp\/v2\/pages\/1068\/revisions"}],"predecessor-version":[{"id":1555,"href":"https:\/\/mattressfactory.hu\/de\/wp-json\/wp\/v2\/pages\/1068\/revisions\/1555"}],"wp:attachment":[{"href":"https:\/\/mattressfactory.hu\/de\/wp-json\/wp\/v2\/media?parent=1068"}],"curies":[{"name":"wp","href":"https:\/\/api.w.org\/{rel}","templated":true}]}}